{"id":7,"date":"2016-11-25T15:52:11","date_gmt":"2016-11-25T15:52:11","guid":{"rendered":"https:\/\/careleaverpp.org\/?page_id=7"},"modified":"2019-06-10T13:06:09","modified_gmt":"2019-06-10T12:06:09","slug":"home","status":"publish","type":"page","link":"https:\/\/careleaverpp.org\/tr\/","title":{"rendered":"Ev"},"content":{"rendered":"<div data-vc-full-width=\"false\" data-vc-full-width-init=\"false\" class=\"vc_row wpb_row vc_row-fluid vc_custom_1560168363302 vc_row-has-fill vc_row-o-content-bottom vc_row-flex\"><div class=\"text-center wpb_column column_container col-sm-12\"><div class=\"vc_column-inner\"><div class=\"wpb_wrapper\">\n\t\t\t<section class=\"cover cover-11 height-80 imagebg parallax\" data-overlay=\"4\">\n\t\t\t\t<div class=\"background-image-holder background--bottom\">\n\t\t\t\t\t<img loading=\"lazy\" decoding=\"async\" width=\"1920\" height=\"1280\" src=\"https:\/\/careleaverpp.org\/wp-content\/uploads\/2016\/11\/care-leavers-information.jpeg\" class=\"attachment-full size-full\" alt=\"\" srcset=\"https:\/\/careleaverpp.org\/wp-content\/uploads\/2016\/11\/care-leavers-information.jpeg 1920w, https:\/\/careleaverpp.org\/wp-content\/uploads\/2016\/11\/care-leavers-information-300x200.jpeg 300w, https:\/\/careleaverpp.org\/wp-content\/uploads\/2016\/11\/care-leavers-information-768x512.jpeg 768w, https:\/\/careleaverpp.org\/wp-content\/uploads\/2016\/11\/care-leavers-information-1024x683.jpeg 1024w\" sizes=\"auto, (max-width: 1920px) 100vw, 1920px\" \/>\n\t\t\t\t<\/div>\n\t\t\t\t<div class=\"container pos-vertical-center\">\n\t\t\t\t\t<div class=\"row\">\n\t\t\t\t\t\t<div class=\"col-sm-10 col-sm-offset-1\">\n\t\t\t\t\t\t\t\n\t<div class=\"wpb_text_column wpb_content_element\" >\n\t\t<div class=\"wpb_wrapper\">\n\t\t\t<h1 style=\"text-align: center;\"><span style=\"font-family: montserrat;\">B\u00fcy\u00fcmek,<\/span> <em>\u0130lerlemek<\/em><\/h1>\n<p class=\"lead\" style=\"text-align: center;\">Bak\u0131m ve bak\u0131mdan ayr\u0131lan yerel \u00e7ocuklar i\u00e7in 16 ya\u015f sonras\u0131 e\u011fitim ve \u00f6\u011fretim deneyimini iyile\u015ftirmeye kendini adam\u0131\u015f Kent ve Medway&#039;deki kurulu\u015flar\u0131n bir ortakl\u0131\u011f\u0131y\u0131z.<\/p>\n\n\t\t<\/div>\n\t<\/div>\n<div class=\"vc_empty_space\"   style=\"height: 52px\"><span class=\"vc_empty_space_inner\"><\/span><\/div>\n\t\t\t\t\t\t<\/div>\n\t\t\t\t\t<\/div><!--end row-->\n\t\t\t\t<\/div><!--end container-->\n\t\t\t<\/section>\n\t\t<\/div><\/div><\/div><\/div><section class=\"vc_row wpb_row vc_row-fluid vc_custom_1484320222572\"><div class=\"container\"><div class=\"row\"><div class=\"wpb_column column_container col-sm-2\"><div class=\"vc_column-inner\"><div class=\"wpb_wrapper\"><\/div><\/div><\/div><div class=\"wpb_column column_container col-sm-8\"><div class=\"vc_column-inner\"><div class=\"wpb_wrapper\">\n\t<div class=\"wpb_text_column wpb_content_element\" >\n\t\t<div class=\"wpb_wrapper\">\n\t\t\t<h3 style=\"text-align: center;\">Bak\u0131mdan Ayr\u0131lan \u0130lerleme Ortakl\u0131\u011f\u0131<\/h3>\n<p class=\"lead\" style=\"text-align: center;\">Kolektif \u00e7abam\u0131z, Kent ve Medway&#039;deki bak\u0131m deneyimi olan gen\u00e7 insanlar i\u00e7in 16 ya\u015f sonras\u0131 e\u011fitim ve \u00f6\u011fretimin \u00f6n\u00fcndeki engelleri daha iyi anlamak ve ortadan kald\u0131rmakt\u0131r.<\/p>\n\n\t\t<\/div>\n\t<\/div>\n<\/div><\/div><\/div><div class=\"wpb_column column_container col-sm-2\"><div class=\"vc_column-inner\"><div class=\"wpb_wrapper\"><\/div><\/div><\/div><\/div><\/div><\/section><section class=\"vc_row wpb_row vc_row-fluid hp-box vc_custom_1484566963468\"><div class=\"container\"><div class=\"row\"><div class=\"wpb_column column_container col-sm-4 col-has-fill\"><div class=\"vc_column-inner vc_custom_1484318222439\"><div class=\"wpb_wrapper\">\n\t<div  class=\"wpb_single_image wpb_content_element vc_align_left\">\n\t\t\n\t\t<figure class=\"wpb_wrapper vc_figure\">\n\t\t\t<a href=\"https:\/\/careleaverpp.org\/tr\/resources\/\" target=\"_self\" class=\"vc_single_image-wrapper   vc_box_border_grey\"><img loading=\"lazy\" decoding=\"async\" class=\"vc_single_image-img\" src=\"https:\/\/careleaverpp.org\/wp-content\/uploads\/2016\/11\/1-53946-360x240.jpg\" width=\"360\" height=\"240\" alt=\"Annual budget meeting\" title=\"CLPP Hakk\u0131nda\" \/><\/a>\n\t\t<\/figure>\n\t<\/div>\n\n\t<div class=\"wpb_text_column wpb_content_element  vc_custom_1486655922072\" >\n\t\t<div class=\"wpb_wrapper\">\n\t\t\t<h2 style=\"text-align: center;\">Hakk\u0131m\u0131zda<\/h2>\n<p class=\"p1\">Kent ve Medway&#039;deki \u00fcniversiteler, kolejler, yerel makamlar ve di\u011fer kurulu\u015flar\u0131n ortakl\u0131\u011f\u0131y\u0131z. Bizi ve i\u015fimizi \u00f6\u011frenin.<\/p>\n<p class=\"p1\" style=\"text-align: center;\"><a class=\"btn btn--lg btn--primary mb--1\" title=\"bak\u0131mdan ayr\u0131lan ilerleme ortakl\u0131\u011f\u0131 - CLPP\" href=\"https:\/\/careleaverpp.org\/tr\/about-us\/\">Daha fazlas\u0131n\u0131 bul<\/a><\/p>\n\n\t\t<\/div>\n\t<\/div>\n<\/div><\/div><\/div><div class=\"wpb_column column_container col-sm-4 col-has-fill\"><div class=\"vc_column-inner vc_custom_1484317640504\"><div class=\"wpb_wrapper\">\n\t<div  class=\"wpb_single_image wpb_content_element vc_align_left\">\n\t\t\n\t\t<figure class=\"wpb_wrapper vc_figure\">\n\t\t\t<a href=\"https:\/\/careleaverpp.org\/tr\/resources\/\" target=\"_self\" class=\"vc_single_image-wrapper   vc_box_border_grey\"><img loading=\"lazy\" decoding=\"async\" class=\"vc_single_image-img\" src=\"https:\/\/careleaverpp.org\/wp-content\/uploads\/2016\/11\/Lady-on-laptop-cropped-360x240.jpg\" width=\"360\" height=\"240\" alt=\"Lady on a bench using a latptop\" title=\"Diz\u00fcst\u00fc bilgisayardaki bayan\" \/><\/a>\n\t\t<\/figure>\n\t<\/div>\n\n\t<div class=\"wpb_text_column wpb_content_element  vc_custom_1484318090196\" >\n\t\t<div class=\"wpb_wrapper\">\n\t\t\t<h2 style=\"text-align: center;\">Kaynaklar<\/h2>\n<p>\u0130\u015finizde size destek olacak yararl\u0131 belgeler, videolar ve di\u011fer web sitelerine ba\u011flant\u0131lar i\u00e7in Kaynaklar b\u00f6l\u00fcm\u00fcm\u00fcz\u00fc ziyaret edin.<\/p>\n<p class=\"p1\" style=\"text-align: center;\"><a class=\"btn btn--lg btn--primary mb--1\" title=\"bak\u0131mdan ayr\u0131lan ilerleme ortakl\u0131k kaynaklar\u0131\" href=\"https:\/\/careleaverpp.org\/tr\/resources\/\">Kaynaklar\u0131 G\u00f6r\u00fcnt\u00fcle<\/a><\/p>\n\n\t\t<\/div>\n\t<\/div>\n<\/div><\/div><\/div><div class=\"wpb_column column_container col-sm-4 col-has-fill\"><div class=\"vc_column-inner vc_custom_1484318230422\"><div class=\"wpb_wrapper\">\n\t<div  class=\"wpb_single_image wpb_content_element vc_align_left\">\n\t\t\n\t\t<figure class=\"wpb_wrapper vc_figure\">\n\t\t\t<a href=\"https:\/\/careleaverpp.org\/tr\/resources\/\" target=\"_self\" class=\"vc_single_image-wrapper   vc_box_border_grey\"><img loading=\"lazy\" decoding=\"async\" class=\"vc_single_image-img\" src=\"https:\/\/careleaverpp.org\/wp-content\/uploads\/2016\/11\/Girl-on-laptop-cropped-360x240.jpg\" width=\"360\" height=\"240\" alt=\"Girl on laptop cropped\" title=\"Diz\u00fcst\u00fc bilgisayardaki k\u0131z k\u0131rp\u0131lm\u0131\u015f\" \/><\/a>\n\t\t<\/figure>\n\t<\/div>\n\n\t<div class=\"wpb_text_column wpb_content_element  vc_custom_1484318761128\" >\n\t\t<div class=\"wpb_wrapper\">\n\t\t\t<h2 style=\"text-align: center;\">Bak\u0131mdan Ayr\u0131lanlar<\/h2>\n<p>Bak\u0131mdan ayr\u0131lan biri misiniz ve yard\u0131ma m\u0131 ihtiyac\u0131n\u0131z var veya mevcut destek hakk\u0131nda daha fazla bilgi edinmek mi istiyorsunuz? Daha fazla bilgi i\u00e7in sayfam\u0131z\u0131 ziyaret edin.<\/p>\n<p class=\"p1\" style=\"text-align: center;\"><a class=\"btn btn--lg btn--primary mb--1\" title=\"bak\u0131mdan ayr\u0131lan ilerleme ortakl\u0131k kaynaklar\u0131\" href=\"https:\/\/careleaverpp.org\/tr\/information-for-care-leavers\/\">Daha fazlas\u0131n\u0131 bul<\/a><\/p>\n\n\t\t<\/div>\n\t<\/div>\n<\/div><\/div><\/div><\/div><\/div><\/section><section class=\"vc_row wpb_row vc_row-fluid vc_custom_1484566810162\"><div class=\"container\"><div class=\"row\"><div class=\"wpb_column column_container col-sm-4\"><div class=\"vc_column-inner\"><div class=\"wpb_wrapper\">\n\t<div class=\"wpb_text_column wpb_content_element\" >\n\t\t<div class=\"wpb_wrapper\">\n\t\t\t<h3 class=\"hp-box\">Bak\u0131m\u0131n \u00d6tesinde Bir Hayat \u0130n\u015fa Etmeye Yard\u0131mc\u0131 Olmak<\/h3>\n<p>Bak\u0131mdan Ayr\u0131lanlar\u0131n di\u011fer gen\u00e7lerle ayn\u0131 f\u0131rsatlara sahip olmalar\u0131n\u0131, hayallerini planlamalar\u0131na, ger\u00e7ekle\u015ftirmelerine ve ger\u00e7ekle\u015ftirmelerine yard\u0131mc\u0131 olacak destek ve rehberli\u011fe sahip olmalar\u0131n\u0131 istiyoruz. Bak\u0131mdan ayr\u0131lanlara e\u011fitim ve temel becerilerini geli\u015ftirmek i\u00e7in daha iyi f\u0131rsatlar sunarak kendileri i\u00e7in daha iyi ya\u015famlar kurmalar\u0131na yard\u0131mc\u0131 olmay\u0131 hedefliyoruz.<\/p>\n<p>Bak\u0131mdan Ayr\u0131lanlar \u0130lerleme Ortakl\u0131\u011f\u0131, bak\u0131mdan ayr\u0131lanlar\u0131n hayatlar\u0131n\u0131n \u00e7ok \u00f6nemli bir d\u00f6neminde ihtiya\u00e7 duyduklar\u0131 deste\u011fi koordine etmeye \u00e7al\u0131\u015f\u0131r. Daha fazlas\u0131n\u0131 \u00f6\u011frenmek ister misiniz?<\/p>\n<p><a class=\"btn btn-sm\" href=\"https:\/\/careleaverpp.org\/tr\/contact\/\">bug\u00fcn bize ula\u015f\u0131n<\/a><\/p>\n\n\t\t<\/div>\n\t<\/div>\n<\/div><\/div><\/div><div class=\"wpb_column column_container col-sm-8\"><div class=\"vc_column-inner\"><div class=\"wpb_wrapper\">\n\t<div  class=\"wpb_single_image wpb_content_element vc_align_left\">\n\t\t\n\t\t<figure class=\"wpb_wrapper vc_figure\">\n\t\t\t<div class=\"vc_single_image-wrapper   vc_box_border_grey\"><img loading=\"lazy\" decoding=\"async\" width=\"1500\" height=\"1000\" src=\"https:\/\/careleaverpp.org\/wp-content\/uploads\/2016\/11\/Boy-looking-out-at-university.jpg\" class=\"vc_single_image-img attachment-full\" alt=\"Boy looking out at university\" srcset=\"https:\/\/careleaverpp.org\/wp-content\/uploads\/2016\/11\/Boy-looking-out-at-university.jpg 1500w, https:\/\/careleaverpp.org\/wp-content\/uploads\/2016\/11\/Boy-looking-out-at-university-200x133.jpg 200w, https:\/\/careleaverpp.org\/wp-content\/uploads\/2016\/11\/Boy-looking-out-at-university-300x200.jpg 300w, https:\/\/careleaverpp.org\/wp-content\/uploads\/2016\/11\/Boy-looking-out-at-university-768x512.jpg 768w, https:\/\/careleaverpp.org\/wp-content\/uploads\/2016\/11\/Boy-looking-out-at-university-1024x683.jpg 1024w\" sizes=\"auto, (max-width: 1500px) 100vw, 1500px\" \/><\/div>\n\t\t<\/figure>\n\t<\/div>\n<\/div><\/div><\/div><\/div><\/div><\/section><section class=\"vc_row wpb_row vc_row-fluid vc_custom_1484323020513 vc_row-has-fill\"><div class=\"container\"><div class=\"row\"><div class=\"wpb_column column_container col-sm-12\"><div class=\"vc_column-inner\"><div class=\"wpb_wrapper\"><h2 style=\"color: #f49430;text-align: left;font-family:Montserrat;font-weight:400;font-style:normal\" class=\"vc_custom_heading\" >Son Haberler<\/h2><div class=\"vc_separator wpb_content_element vc_separator_align_center vc_sep_width_100 vc_sep_pos_align_center vc_separator_no_text vc_sep_color_grey\" ><span class=\"vc_sep_holder vc_sep_holder_l\"><span  class=\"vc_sep_line\"><\/span><\/span><span class=\"vc_sep_holder vc_sep_holder_r\"><span  class=\"vc_sep_line\"><\/span><\/span>\n<\/div>\n<div class=\"vc_grid-container-wrapper vc_clearfix\">\n\t<div class=\"vc_grid-container vc_clearfix wpb_content_element vc_masonry_grid\" data-initial-loading-animation=\"none\" data-vc-grid-settings=\"{&quot;page_id&quot;:7,&quot;style&quot;:&quot;all-masonry&quot;,&quot;action&quot;:&quot;vc_get_vc_grid_data&quot;,&quot;shortcode_id&quot;:&quot;1560168189116-058eb189-44d1-2&quot;,&quot;tag&quot;:&quot;vc_masonry_grid&quot;}\" data-vc-request=\"https:\/\/careleaverpp.org\/wp-admin\/admin-ajax.php\" data-vc-post-id=\"7\" data-vc-public-nonce=\"27801fb260\">\n\t\t\n\t<\/div>\n<\/div><\/div><\/div><\/div><\/div><\/div><\/section><section class=\"vc_row wpb_row vc_row-fluid vc_custom_1484323368889 vc_row-has-fill\"><div class=\"container\"><div class=\"row\"><div class=\"wpb_column column_container col-sm-8\"><div class=\"vc_column-inner\"><div class=\"wpb_wrapper\">\n\t<div  class=\"wpb_single_image wpb_content_element vc_align_left\">\n\t\t\n\t\t<figure class=\"wpb_wrapper vc_figure\">\n\t\t\t<div class=\"vc_single_image-wrapper   vc_box_border_grey\"><img loading=\"lazy\" decoding=\"async\" width=\"1024\" height=\"682\" src=\"https:\/\/careleaverpp.org\/wp-content\/uploads\/2016\/06\/clpp-conference-2016-1024x682.jpg\" class=\"vc_single_image-img attachment-large\" alt=\"CLPP Conference 2016\" srcset=\"https:\/\/careleaverpp.org\/wp-content\/uploads\/2016\/06\/clpp-conference-2016-1024x682.jpg 1024w, https:\/\/careleaverpp.org\/wp-content\/uploads\/2016\/06\/clpp-conference-2016-300x200.jpg 300w, https:\/\/careleaverpp.org\/wp-content\/uploads\/2016\/06\/clpp-conference-2016-768x512.jpg 768w, https:\/\/careleaverpp.org\/wp-content\/uploads\/2016\/06\/clpp-conference-2016.jpg 1280w\" sizes=\"auto, (max-width: 1024px) 100vw, 1024px\" \/><\/div>\n\t\t<\/figure>\n\t<\/div>\n<\/div><\/div><\/div><div class=\"wpb_column column_container col-sm-4\"><div class=\"vc_column-inner\"><div class=\"wpb_wrapper\">\n\t<div class=\"wpb_text_column wpb_content_element\" >\n\t\t<div class=\"wpb_wrapper\">\n\t\t\t<h2 class=\"hp-box\">Olaylar<\/h2>\n<p>Y\u00fcksek \u00f6\u011fretim kurumlar\u0131 ve di\u011fer kurulu\u015flar i\u00e7in i\u015fbirli\u011fini, e\u011fitimi ve deste\u011fi kolayla\u015ft\u0131rmak i\u00e7in etkinlikler ve konferanslar d\u00fczenliyoruz.<\/p>\n<p><a class=\"btn btn-sm\" href=\"https:\/\/careleaverpp.org\/tr\/events\/\">T\u00fcm Etkinlikleri G\u00f6r\u00fcnt\u00fcle<\/a><\/p>\n<p><a href=\"https:\/\/careleaverpp.org\/tr\/partners\/\">Bizim ortaklar\u0131m\u0131z<\/a> Bak\u0131mdan ayr\u0131lanlar i\u00e7in e\u011fitim deste\u011fini, i\u015f becerilerini ve daha fazlas\u0131n\u0131 te\u015fvik etmek i\u00e7in at\u00f6lye \u00e7al\u0131\u015fmalar\u0131, Cumartesi kul\u00fcpleri ve a\u00e7\u0131k g\u00fcnler gibi etkinlikler d\u00fczenleyin.<\/p>\n<p><a class=\"btn btn-sm\" href=\"https:\/\/careleaverpp.org\/tr\/partners\/\">\u0130\u015f Ortaklar\u0131m\u0131z\u0131 G\u00f6r\u00fcnt\u00fcleyin<\/a><\/p>\n<h4><\/h4>\n\n\t\t<\/div>\n\t<\/div>\n<\/div><\/div><\/div><\/div><\/div><\/section>","protected":false},"excerpt":{"rendered":"B\u00fcy\u00fcyor, \u0130lerliyoruz Biz, Kent ve Medway&#039;de bulunan ve bak\u0131ma muhta\u00e7 yerel \u00e7ocuklar\u0131n ve bak\u0131mdan ayr\u0131lanlar\u0131n 16 ya\u015f sonras\u0131 e\u011fitim ve \u00f6\u011fretim deneyimlerini iyile\u015ftirmeye kararl\u0131 bir kurulu\u015f ortakl\u0131\u011f\u0131y\u0131z. Bak\u0131mdan Ayr\u0131lanlar \u0130lerleme Ortakl\u0131\u011f\u0131 Ortak \u00e7abam\u0131z, bak\u0131m konusunda deneyimli gen\u00e7lerin 16 ya\u015f sonras\u0131 e\u011fitim ve \u00f6\u011fretiminin \u00f6n\u00fcndeki engelleri daha iyi anlamak ve ortadan kald\u0131rmakt\u0131r [...]","protected":false},"author":2,"featured_media":0,"parent":0,"menu_order":3,"comment_status":"closed","ping_status":"closed","template":"","meta":{"_acf_changed":false,"footnotes":""},"class_list":["post-7","page","type-page","status-publish","hentry"],"acf":[],"_links":{"self":[{"href":"https:\/\/careleaverpp.org\/tr\/wp-json\/wp\/v2\/pages\/7","targetHints":{"allow":["GET"]}}],"collection":[{"href":"https:\/\/careleaverpp.org\/tr\/wp-json\/wp\/v2\/pages"}],"about":[{"href":"https:\/\/careleaverpp.org\/tr\/wp-json\/wp\/v2\/types\/page"}],"author":[{"embeddable":true,"href":"https:\/\/careleaverpp.org\/tr\/wp-json\/wp\/v2\/users\/2"}],"replies":[{"embeddable":true,"href":"https:\/\/careleaverpp.org\/tr\/wp-json\/wp\/v2\/comments?post=7"}],"version-history":[{"count":0,"href":"https:\/\/careleaverpp.org\/tr\/wp-json\/wp\/v2\/pages\/7\/revisions"}],"wp:attachment":[{"href":"https:\/\/careleaverpp.org\/tr\/wp-json\/wp\/v2\/media?parent=7"}],"curies":[{"name":"wp","href":"https:\/\/api.w.org\/{rel}","templated":true}]}}