{"id":694,"date":"2017-01-13T14:38:57","date_gmt":"2017-01-13T14:38:57","guid":{"rendered":"https:\/\/careleaverpp.org\/?page_id=694"},"modified":"2019-06-14T12:02:05","modified_gmt":"2019-06-14T11:02:05","slug":"information-for-care-leavers","status":"publish","type":"page","link":"https:\/\/careleaverpp.org\/tr\/information-for-care-leavers\/","title":{"rendered":"Bak\u0131mdan Ayr\u0131lanlar i\u00e7in Bilgi"},"content":{"rendered":"<section class=\"vc_row wpb_row vc_row-fluid\"><div class=\"container\"><div class=\"row\"><div class=\"wpb_column column_container col-sm-12\"><div class=\"vc_column-inner\"><div class=\"wpb_wrapper\"><h1 style=\"font-size: 4em;color: #676666;line-height: 1.015;text-align: center;font-family:Roboto;font-weight:400;font-style:normal\" class=\"vc_custom_heading\" >Bak\u0131mdan Ayr\u0131lanlar i\u00e7in Bilgi<\/h1><div class=\"vc_separator wpb_content_element vc_separator_align_center vc_sep_width_100 vc_sep_pos_align_center vc_separator_no_text vc_sep_color_grey\" ><span class=\"vc_sep_holder vc_sep_holder_l\"><span  class=\"vc_sep_line\"><\/span><\/span><span class=\"vc_sep_holder vc_sep_holder_r\"><span  class=\"vc_sep_line\"><\/span><\/span>\n<\/div><div class=\"vc_row wpb_row vc_inner vc_row-fluid\"><div class=\"wpb_column column_container col-sm-8\"><div class=\"vc_column-inner\"><div class=\"wpb_wrapper\">\n\t<div class=\"wpb_text_column wpb_content_element\" >\n\t\t<div class=\"wpb_wrapper\">\n\t\t\t<p><img loading=\"lazy\" decoding=\"async\" class=\"alignright wp-image-696\" src=\"https:\/\/careleaverpp.org\/wp-content\/uploads\/2016\/11\/care-leavers-information-1024x683.jpeg\" width=\"400\" height=\"267\" srcset=\"https:\/\/careleaverpp.org\/wp-content\/uploads\/2016\/11\/care-leavers-information-1024x683.jpeg 1024w, https:\/\/careleaverpp.org\/wp-content\/uploads\/2016\/11\/care-leavers-information-300x200.jpeg 300w, https:\/\/careleaverpp.org\/wp-content\/uploads\/2016\/11\/care-leavers-information-768x512.jpeg 768w, https:\/\/careleaverpp.org\/wp-content\/uploads\/2016\/11\/care-leavers-information.jpeg 1920w\" sizes=\"auto, (max-width: 400px) 100vw, 400px\" \/><\/p>\n<p>Bak\u0131mda olma deneyiminiz var m\u0131? Okuldan koleje, \u00fcniversiteye ya da bir e\u011fitim program\u0131na ge\u00e7erken hangi destek ve tavsiyelerin sunulabilece\u011fini merak ediyor musunuz?<\/p>\n<p>Yard\u0131m edebilecek biriyle ileti\u015fime ge\u00e7mek isterseniz, l\u00fctfen Nina ile ileti\u015fime ge\u00e7in. <a href=\"https:\/\/careleaverpp.org\/tr\/contact\/\">ileti\u015fim sayfas\u0131<\/a>.<\/p>\n<p>bizim <a href=\"https:\/\/careleaverpp.org\/tr\/partners\/\">ortak sayfalar <\/a>Bak\u0131mdan ayr\u0131lanlar i\u00e7in neler sunduklar\u0131n\u0131 g\u00f6rmek i\u00e7in Kent ve Medway&#039;deki kurumlara bakabilirsiniz.<\/p>\n<p>Ayr\u0131ca, sayfam\u0131zdaki baz\u0131 kaynaklar\u0131 faydal\u0131 bulabilirsiniz. <a href=\"https:\/\/careleaverpp.org\/tr\/resources\/\">kaynaklar sayfas\u0131<\/a>.<\/p>\n<p><strong>Size yard\u0131mc\u0131 olabilecek di\u011fer baz\u0131 siteler a\u015fa\u011f\u0131dad\u0131r:<\/strong><\/p>\n<p><strong>Sanal Okul Kent (VSK) \u2013 <\/strong><em>VSK<\/em> bak\u0131mdaki \u00e7ocuklar ve bak\u0131mdan ayr\u0131lan gen\u00e7lere y\u00f6nelik e\u011fitim hizmetlerini koordine etmek i\u00e7in okullarda, kolejlerde ve di\u011fer kurumlarda ve destek hizmetlerinde g\u00f6revli personelle birlikte \u00e7al\u0131\u015f\u0131r. Ne yapt\u0131klar\u0131 ve sizi nas\u0131l destekleyebilecekleri hakk\u0131nda daha fazla bilgi edinmek i\u00e7in web sitelerini ziyaret edin veya sitelerindeki ileti\u015fim formunu kullanarak onlarla ileti\u015fime ge\u00e7in \u2013 <a href=\"http:\/\/www.virtualschool.lea.kent.sch.uk\/\" target=\"_blank\" rel=\"noopener noreferrer\">Sanal Okul Kenti<\/a>.<\/p>\n<p><strong>Haline gelmek - <\/strong><em>Haline gelmek<\/em> bak\u0131m alt\u0131ndaki ve bak\u0131mdan ayr\u0131lan \u00e7ocuklar i\u00e7in ulusal bir yard\u0131m kurulu\u015fudur. Web sitelerinde, hangi yard\u0131m ve deste\u011fin mevcut oldu\u011fu hakk\u0131nda bir\u00e7ok bilgi bulacaks\u0131n\u0131z - <a href=\"http:\/\/www.becomecharity.org.uk\/\" target=\"_blank\" rel=\"noopener noreferrer\">hay\u0131r kurumu ol<\/a> \u2013 veya \u00fccretsiz telefon 0800 023 2033 numaral\u0131 telefondan arkada\u015f\u00e7a dan\u0131\u015fma hatt\u0131ndan onlarla ileti\u015fime ge\u00e7in \/ <a href=\"mailto:advice@becomecharity.org.uk\" target=\"_blank\" rel=\"noopener noreferrer\">tavsiye@becomecharity.org.uk<\/a><\/p>\n<p><strong>itmek<\/strong> <strong>&#8211;<\/strong> <em>itmek <\/em>taraf\u0131ndan i\u015fletilen bir web sitesidir. <em>Haline gelmek <\/em>hay\u0131r kurumu. Kolej ve \u00fcniversitede bak\u0131mdan ayr\u0131lanlar i\u00e7in hangi deste\u011fin mevcut oldu\u011fu hakk\u0131nda bilgi sa\u011flar. Sitede, ba\u015fvuru, finansman ve bar\u0131nma ile ilgili yard\u0131m hakk\u0131nda genel bilgilerin yan\u0131 s\u0131ra, bak\u0131mdan ayr\u0131lanlara hangi yard\u0131m ve deste\u011fi sunduklar\u0131n\u0131 \u00f6\u011frenmek i\u00e7in kolejleri ve \u00fcniversiteleri tek tek aramak i\u00e7in bir tesis bulacaks\u0131n\u0131z. <a href=\"http:\/\/propel.org.uk\/UK\/\" target=\"_blank\" rel=\"noopener noreferrer\"><span style=\"color: #0066cc;\">itmek<\/span><\/a>.<\/p>\n<p><strong>Bak\u0131mdan Ayr\u0131lanlar\u0131n E\u011fitimi i\u00e7in Ulusal A\u011f (NNECL)<\/strong>\u00a0<strong>&#8211; <\/strong><em>NNECL<\/em> bak\u0131mdan ayr\u0131lanlar, bak\u0131m alt\u0131ndaki \u00e7ocuklar ve onlar\u0131 destekleyenler i\u00e7in y\u00fcksek \u00f6\u011frenim faaliyetleri ve kaynaklar\u0131 hakk\u0131nda bilgi sa\u011flayan ulusal bir kurulu\u015ftur \u2013 <a href=\"http:\/\/nnecl.org\/\" target=\"_blank\" rel=\"noopener noreferrer\"><span style=\"color: #0066cc;\">NNECL<\/span><\/a>.<\/p>\n\n\t\t<\/div>\n\t<\/div>\n<\/div><\/div><\/div><div class=\"wpb_column column_container col-sm-4\"><div class=\"vc_column-inner\"><div class=\"wpb_wrapper\"><div  class=\"wpb_widgetised_column wpb_content_element\">\n\t\t<div class=\"wpb_wrapper\">\n\t\t\t\n\t\t\t<div class=\"widget widget_text sidebar__widget\"><h6>Son Haberler<\/h6><ul id=\"category-posts-5-internal\" class=\"category-posts-internal\">\n<li class='cat-post-item'><div><a class=\"cat-post-title\" href=\"https:\/\/careleaverpp.org\/tr\/vskat-education-psychologist-and-education-provision-in-partnership-with-vsk\/\" rel=\"bookmark\">VSKAT E\u011fitim Psikolo\u011fu ve E\u011fitim Sa\u011flama (VSK ile ortakl\u0131k halinde)<\/a><\/div><div><a class=\"cat-post-thumbnail cat-post-none\" href=\"https:\/\/careleaverpp.org\/tr\/vskat-education-psychologist-and-education-provision-in-partnership-with-vsk\/\" title=\"VSKAT E\u011fitim Psikolo\u011fu ve E\u011fitim Sa\u011flama (VSK ile ortakl\u0131k halinde)\"><span class=\"cat-post-crop cat-post-format cat-post-format-standard\"><img loading=\"lazy\" decoding=\"async\" width=\"200\" height=\"200\" src=\"https:\/\/careleaverpp.org\/wp-content\/uploads\/2018\/07\/Virtual-School-Kent-logo.jpg\" class=\"attachment- size- wp-post-image\" alt=\"\" data-cat-posts-width=\"200\" data-cat-posts-height=\"200\" srcset=\"https:\/\/careleaverpp.org\/wp-content\/uploads\/2018\/07\/Virtual-School-Kent-logo.jpg 750w, https:\/\/careleaverpp.org\/wp-content\/uploads\/2018\/07\/Virtual-School-Kent-logo-200x133.jpg 200w, https:\/\/careleaverpp.org\/wp-content\/uploads\/2018\/07\/Virtual-School-Kent-logo-300x200.jpg 300w\" sizes=\"auto, (max-width: 200px) 100vw, 200px\" \/><\/span><\/a><\/div><\/li><li class='cat-post-item'><div><a class=\"cat-post-title\" href=\"https:\/\/careleaverpp.org\/tr\/the-dwps-commitment-to-care-leavers\/\" rel=\"bookmark\">DWP&#039;nin Bak\u0131mdan Ayr\u0131lanlara Y\u00f6nelik Taahh\u00fcd\u00fc<\/a><\/div><div><a class=\"cat-post-thumbnail cat-post-none\" href=\"https:\/\/careleaverpp.org\/tr\/the-dwps-commitment-to-care-leavers\/\" title=\"DWP&#039;nin Bak\u0131mdan Ayr\u0131lanlara Y\u00f6nelik Taahh\u00fcd\u00fc\"><span class=\"cat-post-crop cat-post-format cat-post-format-standard\"><img loading=\"lazy\" decoding=\"async\" width=\"200\" height=\"200\" src=\"https:\/\/careleaverpp.org\/wp-content\/uploads\/2024\/12\/jobcentreplus.jpg\" class=\"attachment- size- wp-post-image\" alt=\"\" data-cat-posts-width=\"200\" data-cat-posts-height=\"200\" srcset=\"https:\/\/careleaverpp.org\/wp-content\/uploads\/2024\/12\/jobcentreplus.jpg 1134w, https:\/\/careleaverpp.org\/wp-content\/uploads\/2024\/12\/jobcentreplus-300x211.jpg 300w, https:\/\/careleaverpp.org\/wp-content\/uploads\/2024\/12\/jobcentreplus-1024x721.jpg 1024w, https:\/\/careleaverpp.org\/wp-content\/uploads\/2024\/12\/jobcentreplus-200x141.jpg 200w, https:\/\/careleaverpp.org\/wp-content\/uploads\/2024\/12\/jobcentreplus-768x541.jpg 768w, https:\/\/careleaverpp.org\/wp-content\/uploads\/2024\/12\/jobcentreplus-18x12.jpg 18w\" sizes=\"auto, (max-width: 200px) 100vw, 200px\" \/><\/span><\/a><\/div><\/li><li class='cat-post-item'><div><a class=\"cat-post-title\" href=\"https:\/\/careleaverpp.org\/tr\/social-enterprise-kent-seks-elevate-programme\/\" rel=\"bookmark\">Sosyal Giri\u015fimcilik Kent (SEK)&#039;in Elevate Program\u0131<\/a><\/div><div><a class=\"cat-post-thumbnail cat-post-none\" href=\"https:\/\/careleaverpp.org\/tr\/social-enterprise-kent-seks-elevate-programme\/\" title=\"Sosyal Giri\u015fimcilik Kent (SEK)&#039;in Elevate Program\u0131\"><span class=\"cat-post-crop cat-post-format cat-post-format-standard\"><img loading=\"lazy\" decoding=\"async\" width=\"200\" height=\"200\" src=\"https:\/\/careleaverpp.org\/wp-content\/uploads\/2024\/12\/Elevate-Success.jpg\" class=\"attachment- size- wp-post-image\" alt=\"\" data-cat-posts-width=\"200\" data-cat-posts-height=\"200\" srcset=\"https:\/\/careleaverpp.org\/wp-content\/uploads\/2024\/12\/Elevate-Success.jpg 800w, https:\/\/careleaverpp.org\/wp-content\/uploads\/2024\/12\/Elevate-Success-300x167.jpg 300w, https:\/\/careleaverpp.org\/wp-content\/uploads\/2024\/12\/Elevate-Success-200x111.jpg 200w, https:\/\/careleaverpp.org\/wp-content\/uploads\/2024\/12\/Elevate-Success-768x427.jpg 768w, https:\/\/careleaverpp.org\/wp-content\/uploads\/2024\/12\/Elevate-Success-18x10.jpg 18w\" sizes=\"auto, (max-width: 200px) 100vw, 200px\" \/><\/span><\/a><\/div><\/li><li class='cat-post-item'><div><a class=\"cat-post-title\" href=\"https:\/\/careleaverpp.org\/tr\/ty-lockes-lived-experience\/\" rel=\"bookmark\">Ty Locke&#039;un Ya\u015fanm\u0131\u015f Deneyimi<\/a><\/div><div><a class=\"cat-post-thumbnail cat-post-none\" href=\"https:\/\/careleaverpp.org\/tr\/ty-lockes-lived-experience\/\" title=\"Ty Locke&#039;un Ya\u015fanm\u0131\u015f Deneyimi\"><span class=\"cat-post-crop cat-post-format cat-post-format-video\"><img loading=\"lazy\" decoding=\"async\" width=\"200\" height=\"200\" src=\"https:\/\/careleaverpp.org\/wp-content\/uploads\/2024\/12\/Screenshot-2024-12-04-at-12.06.18.png\" class=\"attachment- size- wp-post-image\" alt=\"\" data-cat-posts-width=\"200\" data-cat-posts-height=\"200\" srcset=\"https:\/\/careleaverpp.org\/wp-content\/uploads\/2024\/12\/Screenshot-2024-12-04-at-12.06.18.png 2694w, https:\/\/careleaverpp.org\/wp-content\/uploads\/2024\/12\/Screenshot-2024-12-04-at-12.06.18-300x214.png 300w, https:\/\/careleaverpp.org\/wp-content\/uploads\/2024\/12\/Screenshot-2024-12-04-at-12.06.18-1024x732.png 1024w, https:\/\/careleaverpp.org\/wp-content\/uploads\/2024\/12\/Screenshot-2024-12-04-at-12.06.18-200x143.png 200w, https:\/\/careleaverpp.org\/wp-content\/uploads\/2024\/12\/Screenshot-2024-12-04-at-12.06.18-768x549.png 768w, https:\/\/careleaverpp.org\/wp-content\/uploads\/2024\/12\/Screenshot-2024-12-04-at-12.06.18-1536x1098.png 1536w, https:\/\/careleaverpp.org\/wp-content\/uploads\/2024\/12\/Screenshot-2024-12-04-at-12.06.18-2048x1464.png 2048w, https:\/\/careleaverpp.org\/wp-content\/uploads\/2024\/12\/Screenshot-2024-12-04-at-12.06.18-18x12.png 18w\" sizes=\"auto, (max-width: 200px) 100vw, 200px\" \/><\/span><\/a><\/div><\/li><\/ul>\n<\/div><div class=\"widget widget_text sidebar__widget\"><h6>Yakla\u015fan Etkinlikler<\/h6><ul id=\"category-posts-4-internal\" class=\"category-posts-internal\">\n<li class='cat-post-item'><div><a class=\"cat-post-title\" href=\"https:\/\/careleaverpp.org\/tr\/uca-live-online-webinars\/\" rel=\"bookmark\">UCA Canl\u0131 \u2013 \u00c7evrimi\u00e7i Web Seminerleri<\/a><\/div><div><a class=\"cat-post-thumbnail cat-post-none\" href=\"https:\/\/careleaverpp.org\/tr\/uca-live-online-webinars\/\" title=\"UCA Canl\u0131 \u2013 \u00c7evrimi\u00e7i Web Seminerleri\"><span class=\"cat-post-crop cat-post-format cat-post-format-standard\"><img loading=\"lazy\" decoding=\"async\" width=\"200\" height=\"200\" src=\"https:\/\/careleaverpp.org\/wp-content\/uploads\/2025\/01\/Screenshot-2025-01-22-at-10.21.07.png\" class=\"attachment- size- wp-post-image\" alt=\"\" data-cat-posts-width=\"200\" data-cat-posts-height=\"200\" srcset=\"https:\/\/careleaverpp.org\/wp-content\/uploads\/2025\/01\/Screenshot-2025-01-22-at-10.21.07.png 414w, https:\/\/careleaverpp.org\/wp-content\/uploads\/2025\/01\/Screenshot-2025-01-22-at-10.21.07-300x147.png 300w, https:\/\/careleaverpp.org\/wp-content\/uploads\/2025\/01\/Screenshot-2025-01-22-at-10.21.07-200x98.png 200w, https:\/\/careleaverpp.org\/wp-content\/uploads\/2025\/01\/Screenshot-2025-01-22-at-10.21.07-18x9.png 18w\" sizes=\"auto, (max-width: 200px) 100vw, 200px\" \/><\/span><\/a><\/div><\/li><li class='cat-post-item'><div><a class=\"cat-post-title\" href=\"https:\/\/careleaverpp.org\/tr\/ask-the-students-at-the-university-for-the-creative-arts\/\" rel=\"bookmark\">Yarat\u0131c\u0131 Sanatlar \u00dcniversitesi&#039;ndeki \u00f6\u011frencilere sorun<\/a><\/div><div><a class=\"cat-post-thumbnail cat-post-none\" href=\"https:\/\/careleaverpp.org\/tr\/ask-the-students-at-the-university-for-the-creative-arts\/\" title=\"Yarat\u0131c\u0131 Sanatlar \u00dcniversitesi&#039;ndeki \u00f6\u011frencilere sorun\"><span class=\"cat-post-crop cat-post-format cat-post-format-standard\"><img loading=\"lazy\" decoding=\"async\" width=\"200\" height=\"200\" src=\"https:\/\/careleaverpp.org\/wp-content\/uploads\/2025\/01\/Screenshot-2025-01-22-at-10.17.34.png\" class=\"attachment- size- wp-post-image\" alt=\"\" data-cat-posts-width=\"200\" data-cat-posts-height=\"200\" srcset=\"https:\/\/careleaverpp.org\/wp-content\/uploads\/2025\/01\/Screenshot-2025-01-22-at-10.17.34.png 543w, https:\/\/careleaverpp.org\/wp-content\/uploads\/2025\/01\/Screenshot-2025-01-22-at-10.17.34-300x166.png 300w, https:\/\/careleaverpp.org\/wp-content\/uploads\/2025\/01\/Screenshot-2025-01-22-at-10.17.34-200x110.png 200w, https:\/\/careleaverpp.org\/wp-content\/uploads\/2025\/01\/Screenshot-2025-01-22-at-10.17.34-18x10.png 18w\" sizes=\"auto, (max-width: 200px) 100vw, 200px\" \/><\/span><\/a><\/div><\/li><li class='cat-post-item'><div><a class=\"cat-post-title\" href=\"https:\/\/careleaverpp.org\/tr\/campus-tours-at-the-university-for-the-creative-arts\/\" rel=\"bookmark\">Yarat\u0131c\u0131 Sanatlar \u00dcniversitesi Kamp\u00fcs Turlar\u0131<\/a><\/div><div><a class=\"cat-post-thumbnail cat-post-none\" href=\"https:\/\/careleaverpp.org\/tr\/campus-tours-at-the-university-for-the-creative-arts\/\" title=\"Yarat\u0131c\u0131 Sanatlar \u00dcniversitesi Kamp\u00fcs Turlar\u0131\"><span class=\"cat-post-crop cat-post-format cat-post-format-standard\"><img loading=\"lazy\" decoding=\"async\" width=\"200\" height=\"200\" src=\"https:\/\/careleaverpp.org\/wp-content\/uploads\/2025\/01\/Screenshot-2025-01-22-at-10.14.03.png\" class=\"attachment- size- wp-post-image\" alt=\"\" data-cat-posts-width=\"200\" data-cat-posts-height=\"200\" srcset=\"https:\/\/careleaverpp.org\/wp-content\/uploads\/2025\/01\/Screenshot-2025-01-22-at-10.14.03.png 402w, https:\/\/careleaverpp.org\/wp-content\/uploads\/2025\/01\/Screenshot-2025-01-22-at-10.14.03-300x203.png 300w, https:\/\/careleaverpp.org\/wp-content\/uploads\/2025\/01\/Screenshot-2025-01-22-at-10.14.03-200x135.png 200w, https:\/\/careleaverpp.org\/wp-content\/uploads\/2025\/01\/Screenshot-2025-01-22-at-10.14.03-18x12.png 18w\" sizes=\"auto, (max-width: 200px) 100vw, 200px\" \/><\/span><\/a><\/div><\/li><li class='cat-post-item'><div><a class=\"cat-post-title\" href=\"https:\/\/careleaverpp.org\/tr\/undergraduate-open-days-at-the-university-for-the-creative-arts\/\" rel=\"bookmark\">Yarat\u0131c\u0131 Sanatlar \u00dcniversitesi&#039;nde Lisans A\u00e7\u0131k G\u00fcnleri<\/a><\/div><div><a class=\"cat-post-thumbnail cat-post-none\" href=\"https:\/\/careleaverpp.org\/tr\/undergraduate-open-days-at-the-university-for-the-creative-arts\/\" title=\"Yarat\u0131c\u0131 Sanatlar \u00dcniversitesi&#039;nde Lisans A\u00e7\u0131k G\u00fcnleri\"><span class=\"cat-post-crop cat-post-format cat-post-format-standard\"><img loading=\"lazy\" decoding=\"async\" width=\"200\" height=\"200\" src=\"https:\/\/careleaverpp.org\/wp-content\/uploads\/2025\/01\/Screenshot-2025-01-22-at-10.11.18.png\" class=\"attachment- size- wp-post-image\" alt=\"\" data-cat-posts-width=\"200\" data-cat-posts-height=\"200\" srcset=\"https:\/\/careleaverpp.org\/wp-content\/uploads\/2025\/01\/Screenshot-2025-01-22-at-10.11.18.png 461w, https:\/\/careleaverpp.org\/wp-content\/uploads\/2025\/01\/Screenshot-2025-01-22-at-10.11.18-300x170.png 300w, https:\/\/careleaverpp.org\/wp-content\/uploads\/2025\/01\/Screenshot-2025-01-22-at-10.11.18-200x113.png 200w, https:\/\/careleaverpp.org\/wp-content\/uploads\/2025\/01\/Screenshot-2025-01-22-at-10.11.18-18x10.png 18w\" sizes=\"auto, (max-width: 200px) 100vw, 200px\" \/><\/span><\/a><\/div><\/li><\/ul>\n<\/div><div class=\"widget widget_text sidebar__widget\"><h6>Tweetlerimiz<\/h6><div class=\"twitter-feed\"><div class=\"tweets-feed\" data-amount=\"2\" data-widget-id=\"\" data-user-name=\"CareLeaverPP\"><\/div><\/div><\/div>\n\t\t<\/div>\n\t<\/div>\n<\/div><\/div><\/div><\/div><\/div><\/div><\/div><\/div><\/div><\/section>","protected":false},"excerpt":{"rendered":"UCA&#039;n\u0131n A\u00e7\u0131k G\u00fcnleri, kamp\u00fcslerini ke\u015ffetme, akademisyenleri ve \u00f6\u011frenci el\u00e7ileriyle tan\u0131\u015fma, ders konu\u015fmalar\u0131na kat\u0131lma ve sorular\u0131n\u0131za yan\u0131t alma f\u0131rsat\u0131n\u0131n yan\u0131 s\u0131ra konaklama, \u00fccretler ve fonlama hakk\u0131nda yararl\u0131 bilgiler edinme f\u0131rsat\u0131 sunar. Bir sonraki A\u00e7\u0131k G\u00fcnleri 26 Nisan 2025 Cumartesi g\u00fcn\u00fc olacak ve 09:30-15:00 saatleri aras\u0131nda ger\u00e7ekle\u015fecek ve son kamp\u00fcs [...]","protected":false},"author":2,"featured_media":0,"parent":0,"menu_order":0,"comment_status":"closed","ping_status":"closed","template":"","meta":{"_acf_changed":false,"footnotes":""},"class_list":["post-694","page","type-page","status-publish","hentry"],"acf":[],"_links":{"self":[{"href":"https:\/\/careleaverpp.org\/tr\/wp-json\/wp\/v2\/pages\/694","targetHints":{"allow":["GET"]}}],"collection":[{"href":"https:\/\/careleaverpp.org\/tr\/wp-json\/wp\/v2\/pages"}],"about":[{"href":"https:\/\/careleaverpp.org\/tr\/wp-json\/wp\/v2\/types\/page"}],"author":[{"embeddable":true,"href":"https:\/\/careleaverpp.org\/tr\/wp-json\/wp\/v2\/users\/2"}],"replies":[{"embeddable":true,"href":"https:\/\/careleaverpp.org\/tr\/wp-json\/wp\/v2\/comments?post=694"}],"version-history":[{"count":0,"href":"https:\/\/careleaverpp.org\/tr\/wp-json\/wp\/v2\/pages\/694\/revisions"}],"wp:attachment":[{"href":"https:\/\/careleaverpp.org\/tr\/wp-json\/wp\/v2\/media?parent=694"}],"curies":[{"name":"wp","href":"https:\/\/api.w.org\/{rel}","templated":true}]}}