{"id":5,"date":"2016-11-25T15:42:39","date_gmt":"2016-11-25T15:42:39","guid":{"rendered":"https:\/\/careleaverpp.org\/?page_id=5"},"modified":"2023-11-08T16:28:13","modified_gmt":"2023-11-08T16:28:13","slug":"about-us","status":"publish","type":"page","link":"https:\/\/careleaverpp.org\/tr\/about-us\/","title":{"rendered":"Hakk\u0131m\u0131zda"},"content":{"rendered":"<section class=\"vc_row wpb_row vc_row-fluid\"><div class=\"container\"><div class=\"row\"><div class=\"wpb_column column_container col-sm-12\"><div class=\"vc_column-inner\"><div class=\"wpb_wrapper\"><h1 style=\"font-size: 4em;color: #676666;line-height: 1.015;text-align: center;font-family:Roboto;font-weight:400;font-style:normal\" class=\"vc_custom_heading\" >Hakk\u0131m\u0131zda<\/h1><div class=\"vc_separator wpb_content_element vc_separator_align_center vc_sep_width_100 vc_sep_pos_align_center vc_separator_no_text vc_sep_color_grey\" ><span class=\"vc_sep_holder vc_sep_holder_l\"><span  class=\"vc_sep_line\"><\/span><\/span><span class=\"vc_sep_holder vc_sep_holder_r\"><span  class=\"vc_sep_line\"><\/span><\/span>\n<\/div><div class=\"vc_row wpb_row vc_inner vc_row-fluid\"><div class=\"wpb_column column_container col-sm-9\"><div class=\"vc_column-inner\"><div class=\"wpb_wrapper\">\n\t<div class=\"wpb_text_column wpb_content_element\" >\n\t\t<div class=\"wpb_wrapper\">\n\t\t\t<p><img loading=\"lazy\" decoding=\"async\" class=\"alignright wp-image-698\" src=\"https:\/\/careleaverpp.org\/wp-content\/uploads\/2016\/11\/1-53946-1024x683.jpg\" width=\"400\" height=\"267\" srcset=\"https:\/\/careleaverpp.org\/wp-content\/uploads\/2016\/11\/1-53946-1024x683.jpg 1024w, https:\/\/careleaverpp.org\/wp-content\/uploads\/2016\/11\/1-53946-300x200.jpg 300w, https:\/\/careleaverpp.org\/wp-content\/uploads\/2016\/11\/1-53946-768x512.jpg 768w, https:\/\/careleaverpp.org\/wp-content\/uploads\/2016\/11\/1-53946.jpg 1500w\" sizes=\"auto, (max-width: 400px) 100vw, 400px\" \/><\/p>\n<p>Bak\u0131mdan Ayr\u0131lan \u0130lerleme Ortakl\u0131\u011f\u0131 (CLPP), Kent ve Medway&#039;de birlikte \u00e7al\u0131\u015ft\u0131\u011f\u0131m\u0131z gen\u00e7lere hizmet etme konusunda \u00fcyelerimizin yarar\u0131na mevcuttur. Bak\u0131m ve bak\u0131mdan ayr\u0131lan yerel \u00e7ocuklar i\u00e7in 16 ya\u015f sonras\u0131 e\u011fitim ve \u00f6\u011fretimin \u00f6n\u00fcndeki engelleri daha iyi anlamak ve ortadan kald\u0131rmak i\u00e7in ortak bir giri\u015fimiz.<\/p>\n<p>T\u00fcm \u00fcyelerimiz, \u00fczerinde anla\u015fmaya var\u0131lan G\u00f6rev Tan\u0131mlar\u0131 ve y\u0131ll\u0131k olarak g\u00f6zden ge\u00e7irilen hedefler do\u011frultusunda \u00e7al\u0131\u015f\u0131r ve her seferinde \u00fc\u00e7 y\u0131ll\u0131k bir s\u00f6zle\u015fme imzalar. Her \u00fcye kurumdan bir temsilciden olu\u015fan bir y\u00f6nlendirme grubu taraf\u0131ndan y\u00f6netiliyoruz.<\/p>\n<p>Her y\u0131l yerel bak\u0131mdan ayr\u0131lan n\u00fcfusumuzun profiline ve e\u011fitim sonu\u00e7lar\u0131na bakan ve ulusal veri setleriyle kar\u015f\u0131la\u015ft\u0131rmalar yapan bir veri raporu haz\u0131rl\u0131yoruz. Bu raporu ortak \u00e7al\u0131\u015fmalar\u0131m\u0131z\u0131 bilgilendirmek i\u00e7in kullan\u0131yoruz.<\/p>\n<p>Hedeflerimizi ilerletmek i\u00e7in ba\u015fkalar\u0131yla \u00e7al\u0131\u015fma f\u0131rsatlar\u0131n\u0131 tart\u0131\u015fmaktan her zaman mutlu oluruz, \u00f6rne\u011fin:<\/p>\n<ul>\n<li>Di\u011fer ilgili gruplarda temsil<\/li>\n<li>\u00c7al\u0131\u015fmalar\u0131m\u0131z\u0131 etkinliklerde sunmak<\/li>\n<li>Finansman i\u00e7in ortak teklifler<\/li>\n<li>lobicilik<\/li>\n<li>Ara\u015ft\u0131rmaya kat\u0131lma<\/li>\n<li>A\u011flar\u0131m\u0131z ve sosyal medya kanallar\u0131m\u0131z arac\u0131l\u0131\u011f\u0131yla bilgi payla\u015fmak ve yaymak<\/li>\n<li>Konferanslar ve etkinlikler<\/li>\n<\/ul>\n<p>CLPP, Ortakl\u0131k Sorumlumuz Luke Daniels taraf\u0131ndan koordine edilmektedir ve Ba\u015fkanl\u0131\u011f\u0131n\u0131 Canterbury College Ba\u015fkan\u0131 Lucy McLeod yapmaktad\u0131r. Bizimle \u00e7al\u0131\u015fma fikriniz varsa veya ileti\u015fime ge\u00e7mek istiyorsan\u0131z, <a href=\"https:\/\/careleaverpp.org\/tr\/contact\/\">bize Ula\u015f\u0131n<\/a> Bug\u00fcn.<\/p>\n\n\t\t<\/div>\n\t<\/div>\n<\/div><\/div><\/div><div class=\"wpb_column column_container col-sm-3\"><div class=\"vc_column-inner\"><div class=\"wpb_wrapper\"><div  class=\"wpb_widgetised_column wpb_content_element\">\n\t\t<div class=\"wpb_wrapper\">\n\t\t\t\n\t\t\t<div class=\"widget widget_text sidebar__widget\"><h6>Son Haberler<\/h6><ul id=\"category-posts-5-internal\" class=\"category-posts-internal\">\n<li class='cat-post-item'><div><a class=\"cat-post-title\" href=\"https:\/\/careleaverpp.org\/tr\/vskat-education-psychologist-and-education-provision-in-partnership-with-vsk\/\" rel=\"bookmark\">VSKAT E\u011fitim Psikolo\u011fu ve E\u011fitim Sa\u011flama (VSK ile ortakl\u0131k halinde)<\/a><\/div><div><a class=\"cat-post-thumbnail cat-post-none\" href=\"https:\/\/careleaverpp.org\/tr\/vskat-education-psychologist-and-education-provision-in-partnership-with-vsk\/\" title=\"VSKAT E\u011fitim Psikolo\u011fu ve E\u011fitim Sa\u011flama (VSK ile ortakl\u0131k halinde)\"><span class=\"cat-post-crop cat-post-format cat-post-format-standard\"><img loading=\"lazy\" decoding=\"async\" width=\"200\" height=\"200\" src=\"https:\/\/careleaverpp.org\/wp-content\/uploads\/2018\/07\/Virtual-School-Kent-logo.jpg\" class=\"attachment- size- wp-post-image\" alt=\"\" data-cat-posts-width=\"200\" data-cat-posts-height=\"200\" srcset=\"https:\/\/careleaverpp.org\/wp-content\/uploads\/2018\/07\/Virtual-School-Kent-logo.jpg 750w, https:\/\/careleaverpp.org\/wp-content\/uploads\/2018\/07\/Virtual-School-Kent-logo-200x133.jpg 200w, https:\/\/careleaverpp.org\/wp-content\/uploads\/2018\/07\/Virtual-School-Kent-logo-300x200.jpg 300w\" sizes=\"auto, (max-width: 200px) 100vw, 200px\" \/><\/span><\/a><\/div><\/li><li class='cat-post-item'><div><a class=\"cat-post-title\" href=\"https:\/\/careleaverpp.org\/tr\/the-dwps-commitment-to-care-leavers\/\" rel=\"bookmark\">DWP&#039;nin Bak\u0131mdan Ayr\u0131lanlara Y\u00f6nelik Taahh\u00fcd\u00fc<\/a><\/div><div><a class=\"cat-post-thumbnail cat-post-none\" href=\"https:\/\/careleaverpp.org\/tr\/the-dwps-commitment-to-care-leavers\/\" title=\"DWP&#039;nin Bak\u0131mdan Ayr\u0131lanlara Y\u00f6nelik Taahh\u00fcd\u00fc\"><span class=\"cat-post-crop cat-post-format cat-post-format-standard\"><img loading=\"lazy\" decoding=\"async\" width=\"200\" height=\"200\" src=\"https:\/\/careleaverpp.org\/wp-content\/uploads\/2024\/12\/jobcentreplus.jpg\" class=\"attachment- size- wp-post-image\" alt=\"\" data-cat-posts-width=\"200\" data-cat-posts-height=\"200\" srcset=\"https:\/\/careleaverpp.org\/wp-content\/uploads\/2024\/12\/jobcentreplus.jpg 1134w, https:\/\/careleaverpp.org\/wp-content\/uploads\/2024\/12\/jobcentreplus-300x211.jpg 300w, https:\/\/careleaverpp.org\/wp-content\/uploads\/2024\/12\/jobcentreplus-1024x721.jpg 1024w, https:\/\/careleaverpp.org\/wp-content\/uploads\/2024\/12\/jobcentreplus-200x141.jpg 200w, https:\/\/careleaverpp.org\/wp-content\/uploads\/2024\/12\/jobcentreplus-768x541.jpg 768w, https:\/\/careleaverpp.org\/wp-content\/uploads\/2024\/12\/jobcentreplus-18x12.jpg 18w\" sizes=\"auto, (max-width: 200px) 100vw, 200px\" \/><\/span><\/a><\/div><\/li><li class='cat-post-item'><div><a class=\"cat-post-title\" href=\"https:\/\/careleaverpp.org\/tr\/social-enterprise-kent-seks-elevate-programme\/\" rel=\"bookmark\">Sosyal Giri\u015fimcilik Kent (SEK)&#039;in Elevate Program\u0131<\/a><\/div><div><a class=\"cat-post-thumbnail cat-post-none\" href=\"https:\/\/careleaverpp.org\/tr\/social-enterprise-kent-seks-elevate-programme\/\" title=\"Sosyal Giri\u015fimcilik Kent (SEK)&#039;in Elevate Program\u0131\"><span class=\"cat-post-crop cat-post-format cat-post-format-standard\"><img loading=\"lazy\" decoding=\"async\" width=\"200\" height=\"200\" src=\"https:\/\/careleaverpp.org\/wp-content\/uploads\/2024\/12\/Elevate-Success.jpg\" class=\"attachment- size- wp-post-image\" alt=\"\" data-cat-posts-width=\"200\" data-cat-posts-height=\"200\" srcset=\"https:\/\/careleaverpp.org\/wp-content\/uploads\/2024\/12\/Elevate-Success.jpg 800w, https:\/\/careleaverpp.org\/wp-content\/uploads\/2024\/12\/Elevate-Success-300x167.jpg 300w, https:\/\/careleaverpp.org\/wp-content\/uploads\/2024\/12\/Elevate-Success-200x111.jpg 200w, https:\/\/careleaverpp.org\/wp-content\/uploads\/2024\/12\/Elevate-Success-768x427.jpg 768w, https:\/\/careleaverpp.org\/wp-content\/uploads\/2024\/12\/Elevate-Success-18x10.jpg 18w\" sizes=\"auto, (max-width: 200px) 100vw, 200px\" \/><\/span><\/a><\/div><\/li><li class='cat-post-item'><div><a class=\"cat-post-title\" href=\"https:\/\/careleaverpp.org\/tr\/ty-lockes-lived-experience\/\" rel=\"bookmark\">Ty Locke&#039;un Ya\u015fanm\u0131\u015f Deneyimi<\/a><\/div><div><a class=\"cat-post-thumbnail cat-post-none\" href=\"https:\/\/careleaverpp.org\/tr\/ty-lockes-lived-experience\/\" title=\"Ty Locke&#039;un Ya\u015fanm\u0131\u015f Deneyimi\"><span class=\"cat-post-crop cat-post-format cat-post-format-video\"><img loading=\"lazy\" decoding=\"async\" width=\"200\" height=\"200\" src=\"https:\/\/careleaverpp.org\/wp-content\/uploads\/2024\/12\/Screenshot-2024-12-04-at-12.06.18.png\" class=\"attachment- size- wp-post-image\" alt=\"\" data-cat-posts-width=\"200\" data-cat-posts-height=\"200\" srcset=\"https:\/\/careleaverpp.org\/wp-content\/uploads\/2024\/12\/Screenshot-2024-12-04-at-12.06.18.png 2694w, https:\/\/careleaverpp.org\/wp-content\/uploads\/2024\/12\/Screenshot-2024-12-04-at-12.06.18-300x214.png 300w, https:\/\/careleaverpp.org\/wp-content\/uploads\/2024\/12\/Screenshot-2024-12-04-at-12.06.18-1024x732.png 1024w, https:\/\/careleaverpp.org\/wp-content\/uploads\/2024\/12\/Screenshot-2024-12-04-at-12.06.18-200x143.png 200w, https:\/\/careleaverpp.org\/wp-content\/uploads\/2024\/12\/Screenshot-2024-12-04-at-12.06.18-768x549.png 768w, https:\/\/careleaverpp.org\/wp-content\/uploads\/2024\/12\/Screenshot-2024-12-04-at-12.06.18-1536x1098.png 1536w, https:\/\/careleaverpp.org\/wp-content\/uploads\/2024\/12\/Screenshot-2024-12-04-at-12.06.18-2048x1464.png 2048w, https:\/\/careleaverpp.org\/wp-content\/uploads\/2024\/12\/Screenshot-2024-12-04-at-12.06.18-18x12.png 18w\" sizes=\"auto, (max-width: 200px) 100vw, 200px\" \/><\/span><\/a><\/div><\/li><\/ul>\n<\/div><div class=\"widget widget_text sidebar__widget\"><h6>Yakla\u015fan Etkinlikler<\/h6><ul id=\"category-posts-4-internal\" class=\"category-posts-internal\">\n<li class='cat-post-item'><div><a class=\"cat-post-title\" href=\"https:\/\/careleaverpp.org\/tr\/uca-live-online-webinars\/\" rel=\"bookmark\">UCA Canl\u0131 \u2013 \u00c7evrimi\u00e7i Web Seminerleri<\/a><\/div><div><a class=\"cat-post-thumbnail cat-post-none\" href=\"https:\/\/careleaverpp.org\/tr\/uca-live-online-webinars\/\" title=\"UCA Canl\u0131 \u2013 \u00c7evrimi\u00e7i Web Seminerleri\"><span class=\"cat-post-crop cat-post-format cat-post-format-standard\"><img loading=\"lazy\" decoding=\"async\" width=\"200\" height=\"200\" src=\"https:\/\/careleaverpp.org\/wp-content\/uploads\/2025\/01\/Screenshot-2025-01-22-at-10.21.07.png\" class=\"attachment- size- wp-post-image\" alt=\"\" data-cat-posts-width=\"200\" data-cat-posts-height=\"200\" srcset=\"https:\/\/careleaverpp.org\/wp-content\/uploads\/2025\/01\/Screenshot-2025-01-22-at-10.21.07.png 414w, https:\/\/careleaverpp.org\/wp-content\/uploads\/2025\/01\/Screenshot-2025-01-22-at-10.21.07-300x147.png 300w, https:\/\/careleaverpp.org\/wp-content\/uploads\/2025\/01\/Screenshot-2025-01-22-at-10.21.07-200x98.png 200w, https:\/\/careleaverpp.org\/wp-content\/uploads\/2025\/01\/Screenshot-2025-01-22-at-10.21.07-18x9.png 18w\" sizes=\"auto, (max-width: 200px) 100vw, 200px\" \/><\/span><\/a><\/div><\/li><li class='cat-post-item'><div><a class=\"cat-post-title\" href=\"https:\/\/careleaverpp.org\/tr\/ask-the-students-at-the-university-for-the-creative-arts\/\" rel=\"bookmark\">Yarat\u0131c\u0131 Sanatlar \u00dcniversitesi&#039;ndeki \u00f6\u011frencilere sorun<\/a><\/div><div><a class=\"cat-post-thumbnail cat-post-none\" href=\"https:\/\/careleaverpp.org\/tr\/ask-the-students-at-the-university-for-the-creative-arts\/\" title=\"Yarat\u0131c\u0131 Sanatlar \u00dcniversitesi&#039;ndeki \u00f6\u011frencilere sorun\"><span class=\"cat-post-crop cat-post-format cat-post-format-standard\"><img loading=\"lazy\" decoding=\"async\" width=\"200\" height=\"200\" src=\"https:\/\/careleaverpp.org\/wp-content\/uploads\/2025\/01\/Screenshot-2025-01-22-at-10.17.34.png\" class=\"attachment- size- wp-post-image\" alt=\"\" data-cat-posts-width=\"200\" data-cat-posts-height=\"200\" srcset=\"https:\/\/careleaverpp.org\/wp-content\/uploads\/2025\/01\/Screenshot-2025-01-22-at-10.17.34.png 543w, https:\/\/careleaverpp.org\/wp-content\/uploads\/2025\/01\/Screenshot-2025-01-22-at-10.17.34-300x166.png 300w, https:\/\/careleaverpp.org\/wp-content\/uploads\/2025\/01\/Screenshot-2025-01-22-at-10.17.34-200x110.png 200w, https:\/\/careleaverpp.org\/wp-content\/uploads\/2025\/01\/Screenshot-2025-01-22-at-10.17.34-18x10.png 18w\" sizes=\"auto, (max-width: 200px) 100vw, 200px\" \/><\/span><\/a><\/div><\/li><li class='cat-post-item'><div><a class=\"cat-post-title\" href=\"https:\/\/careleaverpp.org\/tr\/campus-tours-at-the-university-for-the-creative-arts\/\" rel=\"bookmark\">Yarat\u0131c\u0131 Sanatlar \u00dcniversitesi Kamp\u00fcs Turlar\u0131<\/a><\/div><div><a class=\"cat-post-thumbnail cat-post-none\" href=\"https:\/\/careleaverpp.org\/tr\/campus-tours-at-the-university-for-the-creative-arts\/\" title=\"Yarat\u0131c\u0131 Sanatlar \u00dcniversitesi Kamp\u00fcs Turlar\u0131\"><span class=\"cat-post-crop cat-post-format cat-post-format-standard\"><img loading=\"lazy\" decoding=\"async\" width=\"200\" height=\"200\" src=\"https:\/\/careleaverpp.org\/wp-content\/uploads\/2025\/01\/Screenshot-2025-01-22-at-10.14.03.png\" class=\"attachment- size- wp-post-image\" alt=\"\" data-cat-posts-width=\"200\" data-cat-posts-height=\"200\" srcset=\"https:\/\/careleaverpp.org\/wp-content\/uploads\/2025\/01\/Screenshot-2025-01-22-at-10.14.03.png 402w, https:\/\/careleaverpp.org\/wp-content\/uploads\/2025\/01\/Screenshot-2025-01-22-at-10.14.03-300x203.png 300w, https:\/\/careleaverpp.org\/wp-content\/uploads\/2025\/01\/Screenshot-2025-01-22-at-10.14.03-200x135.png 200w, https:\/\/careleaverpp.org\/wp-content\/uploads\/2025\/01\/Screenshot-2025-01-22-at-10.14.03-18x12.png 18w\" sizes=\"auto, (max-width: 200px) 100vw, 200px\" \/><\/span><\/a><\/div><\/li><li class='cat-post-item'><div><a class=\"cat-post-title\" href=\"https:\/\/careleaverpp.org\/tr\/undergraduate-open-days-at-the-university-for-the-creative-arts\/\" rel=\"bookmark\">Yarat\u0131c\u0131 Sanatlar \u00dcniversitesi&#039;nde Lisans A\u00e7\u0131k G\u00fcnleri<\/a><\/div><div><a class=\"cat-post-thumbnail cat-post-none\" href=\"https:\/\/careleaverpp.org\/tr\/undergraduate-open-days-at-the-university-for-the-creative-arts\/\" title=\"Yarat\u0131c\u0131 Sanatlar \u00dcniversitesi&#039;nde Lisans A\u00e7\u0131k G\u00fcnleri\"><span class=\"cat-post-crop cat-post-format cat-post-format-standard\"><img loading=\"lazy\" decoding=\"async\" width=\"200\" height=\"200\" src=\"https:\/\/careleaverpp.org\/wp-content\/uploads\/2025\/01\/Screenshot-2025-01-22-at-10.11.18.png\" class=\"attachment- size- wp-post-image\" alt=\"\" data-cat-posts-width=\"200\" data-cat-posts-height=\"200\" srcset=\"https:\/\/careleaverpp.org\/wp-content\/uploads\/2025\/01\/Screenshot-2025-01-22-at-10.11.18.png 461w, https:\/\/careleaverpp.org\/wp-content\/uploads\/2025\/01\/Screenshot-2025-01-22-at-10.11.18-300x170.png 300w, https:\/\/careleaverpp.org\/wp-content\/uploads\/2025\/01\/Screenshot-2025-01-22-at-10.11.18-200x113.png 200w, https:\/\/careleaverpp.org\/wp-content\/uploads\/2025\/01\/Screenshot-2025-01-22-at-10.11.18-18x10.png 18w\" sizes=\"auto, (max-width: 200px) 100vw, 200px\" \/><\/span><\/a><\/div><\/li><\/ul>\n<\/div><div class=\"widget widget_text sidebar__widget\"><h6>Tweetlerimiz<\/h6><div class=\"twitter-feed\"><div class=\"tweets-feed\" data-amount=\"2\" data-widget-id=\"\" data-user-name=\"CareLeaverPP\"><\/div><\/div><\/div>\n\t\t<\/div>\n\t<\/div>\n<\/div><\/div><\/div><\/div><div class=\"vc_row wpb_row vc_inner vc_row-fluid\"><div class=\"wpb_column column_container col-sm-4\"><div class=\"vc_column-inner\"><div class=\"wpb_wrapper\">\n\t\t\t<div class=\"feature feature-1 standard\">\n\t\t\t\t<i class=\"icon--pillar icon-Download\"><\/i>\n\t\t\t\t<h5>Hakk\u0131m\u0131zda Daha Fazlas\u0131n\u0131 Okuyun<\/h5>\n\t\t\t\t<p>CLPP, i\u015f tan\u0131m\u0131m\u0131z veya 2017-19 plan\u0131m\u0131za ili\u015fkin genel bak\u0131\u015f\u0131 a\u015fa\u011f\u0131dan indirin:<\/p>\n<ul>\n<li><a href=\"https:\/\/careleaverpp.org\/wp-content\/uploads\/2019\/01\/CLPP-Overview.pdf\" target=\"_blank\" rel=\"noopener noreferrer\">CLPP&#039;ye Genel Bak\u0131\u015f<\/a><a href=\"https:\/\/careleaverpp.org\/wp-content\/uploads\/2016\/11\/CLPP-Outcome-Measures-2016-17.pdf\" target=\"_blank\" rel=\"noopener noreferrer\">\u00a0<\/a><\/li>\n<li><a href=\"https:\/\/careleaverpp.org\/wp-content\/uploads\/2019\/01\/CLPP-ToR-2018-19.doc\" target=\"_blank\" rel=\"noopener noreferrer\">CLPP \u0130\u015f Tan\u0131m\u0131 2018-19<\/a><\/li>\n<li><a href=\"https:\/\/careleaverpp.org\/wp-content\/uploads\/2019\/01\/Plan-and-Objectives-2017-19.pdf\" target=\"_blank\" rel=\"noopener noreferrer\">Plan ve Hedefler 2017-19<\/a><\/li>\n<\/ul>\n<p>\n\n\t\t\t<\/div>\n\t\t<\/div><\/div><\/div><div class=\"wpb_column column_container col-sm-4\"><div class=\"vc_column-inner\"><div class=\"wpb_wrapper\">\n\t\t\t<div class=\"feature feature-1 standard\">\n\t\t\t\t<i class=\"icon--pillar icon-Address-Book\"><\/i>\n\t\t\t\t<h5>Bizim ortaklar\u0131m\u0131z<\/h5>\n\t\t\t\t<p>Bak\u0131mdan ayr\u0131lanlar\u0131n ilerlemesinde ortaklar\u0131m\u0131z \u00e7ok \u00f6nemlidir. Ortaklar\u0131m\u0131z\u0131n kim oldu\u011funu, ne yapt\u0131klar\u0131n\u0131 ve onlarla nas\u0131l ileti\u015fim kuraca\u011f\u0131n\u0131z\u0131 \u00f6\u011frenin;<\/p>\n<p><a href=\"https:\/\/careleaverpp.org\/tr\/partners\/\">\u0130\u015f Ortaklar\u0131m\u0131z\u0131 G\u00f6r\u00fcnt\u00fcleyin<\/a><\/p>\n\n\t\t\t<\/div>\n\t\t<\/div><\/div><\/div><div class=\"wpb_column column_container col-sm-4\"><div class=\"vc_column-inner\"><div class=\"wpb_wrapper\">\n\t\t\t<div class=\"feature feature-1 standard\">\n\t\t\t\t<i class=\"icon--pillar icon-Aerobics\"><\/i>\n\t\t\t\t<h5>Bak\u0131mdan Ayr\u0131lan m\u0131s\u0131n\u0131z?<\/h5>\n\t\t\t\t<p>Yak\u0131nda bak\u0131mdan ayr\u0131lacaksan\u0131z ve daha fazla bilgi edinmek istiyorsan\u0131z, l\u00fctfen Bak\u0131mdan Ayr\u0131lanlar b\u00f6l\u00fcm\u00fcm\u00fcz\u00fc ziyaret edin:<\/p>\n<p><a href=\"https:\/\/careleaverpp.org\/tr\/information-for-care-leavers\/\">Bak\u0131mdan Ayr\u0131lanlar i\u00e7in Bilgi<\/a><\/p>\n\n\t\t\t<\/div>\n\t\t<\/div><\/div><\/div><\/div><\/div><\/div><\/div><\/div><\/div><\/section>","protected":false},"excerpt":{"rendered":"UCA&#039;n\u0131n A\u00e7\u0131k G\u00fcnleri, kamp\u00fcslerini ke\u015ffetme, akademisyenleri ve \u00f6\u011frenci el\u00e7ileriyle tan\u0131\u015fma, ders konu\u015fmalar\u0131na kat\u0131lma ve sorular\u0131n\u0131za yan\u0131t alma f\u0131rsat\u0131n\u0131n yan\u0131 s\u0131ra konaklama, \u00fccretler ve fonlama hakk\u0131nda yararl\u0131 bilgiler edinme f\u0131rsat\u0131 sunar. Bir sonraki A\u00e7\u0131k G\u00fcnleri 26 Nisan 2025 Cumartesi g\u00fcn\u00fc olacak ve 09:30-15:00 saatleri aras\u0131nda ger\u00e7ekle\u015fecek ve son kamp\u00fcs [...]","protected":false},"author":2,"featured_media":0,"parent":0,"menu_order":1,"comment_status":"closed","ping_status":"closed","template":"","meta":{"_acf_changed":false,"footnotes":""},"class_list":["post-5","page","type-page","status-publish","hentry"],"acf":[],"_links":{"self":[{"href":"https:\/\/careleaverpp.org\/tr\/wp-json\/wp\/v2\/pages\/5","targetHints":{"allow":["GET"]}}],"collection":[{"href":"https:\/\/careleaverpp.org\/tr\/wp-json\/wp\/v2\/pages"}],"about":[{"href":"https:\/\/careleaverpp.org\/tr\/wp-json\/wp\/v2\/types\/page"}],"author":[{"embeddable":true,"href":"https:\/\/careleaverpp.org\/tr\/wp-json\/wp\/v2\/users\/2"}],"replies":[{"embeddable":true,"href":"https:\/\/careleaverpp.org\/tr\/wp-json\/wp\/v2\/comments?post=5"}],"version-history":[{"count":2,"href":"https:\/\/careleaverpp.org\/tr\/wp-json\/wp\/v2\/pages\/5\/revisions"}],"predecessor-version":[{"id":2448,"href":"https:\/\/careleaverpp.org\/tr\/wp-json\/wp\/v2\/pages\/5\/revisions\/2448"}],"wp:attachment":[{"href":"https:\/\/careleaverpp.org\/tr\/wp-json\/wp\/v2\/media?parent=5"}],"curies":[{"name":"wp","href":"https:\/\/api.w.org\/{rel}","templated":true}]}}