{"id":7,"date":"2016-11-25T15:52:11","date_gmt":"2016-11-25T15:52:11","guid":{"rendered":"https:\/\/careleaverpp.org\/?page_id=7"},"modified":"2019-06-10T13:06:09","modified_gmt":"2019-06-10T12:06:09","slug":"home","status":"publish","type":"page","link":"https:\/\/careleaverpp.org\/sq\/","title":{"rendered":"Sht\u00ebpi"},"content":{"rendered":"<div data-vc-full-width=\"false\" data-vc-full-width-init=\"false\" class=\"vc_row wpb_row vc_row-fluid vc_custom_1560168363302 vc_row-has-fill vc_row-o-content-bottom vc_row-flex\"><div class=\"text-center wpb_column column_container col-sm-12\"><div class=\"vc_column-inner\"><div class=\"wpb_wrapper\">\n\t\t\t<section class=\"cover cover-11 height-80 imagebg parallax\" data-overlay=\"4\">\n\t\t\t\t<div class=\"background-image-holder background--bottom\">\n\t\t\t\t\t<img loading=\"lazy\" decoding=\"async\" width=\"1920\" height=\"1280\" src=\"https:\/\/careleaverpp.org\/wp-content\/uploads\/2016\/11\/care-leavers-information.jpeg\" class=\"attachment-full size-full\" alt=\"\" srcset=\"https:\/\/careleaverpp.org\/wp-content\/uploads\/2016\/11\/care-leavers-information.jpeg 1920w, https:\/\/careleaverpp.org\/wp-content\/uploads\/2016\/11\/care-leavers-information-300x200.jpeg 300w, https:\/\/careleaverpp.org\/wp-content\/uploads\/2016\/11\/care-leavers-information-768x512.jpeg 768w, https:\/\/careleaverpp.org\/wp-content\/uploads\/2016\/11\/care-leavers-information-1024x683.jpeg 1024w\" sizes=\"auto, (max-width: 1920px) 100vw, 1920px\" \/>\n\t\t\t\t<\/div>\n\t\t\t\t<div class=\"container pos-vertical-center\">\n\t\t\t\t\t<div class=\"row\">\n\t\t\t\t\t\t<div class=\"col-sm-10 col-sm-offset-1\">\n\t\t\t\t\t\t\t\n\t<div class=\"wpb_text_column wpb_content_element\" >\n\t\t<div class=\"wpb_wrapper\">\n\t\t\t<h1 style=\"text-align: center;\"><span style=\"font-family: montserrat;\">Duke u rritur,<\/span> <em>Duke ecur perpara<\/em><\/h1>\n<p class=\"lead\" style=\"text-align: center;\">Ne jemi nj\u00eb partneritet i organizatave n\u00eb Kent dhe Medway, t\u00eb p\u00ebrkushtuara p\u00ebr t\u00eb p\u00ebrmir\u00ebsuar p\u00ebrvoj\u00ebn e arsimit dhe trajnimit pas 16-\u00ebs p\u00ebr f\u00ebmij\u00ebt vendas n\u00eb p\u00ebrkujdesje dhe q\u00eb largohen nga kujdesi.<\/p>\n\n\t\t<\/div>\n\t<\/div>\n<div class=\"vc_empty_space\"   style=\"height: 52px\"><span class=\"vc_empty_space_inner\"><\/span><\/div>\n\t\t\t\t\t\t<\/div>\n\t\t\t\t\t<\/div><!--end row-->\n\t\t\t\t<\/div><!--end container-->\n\t\t\t<\/section>\n\t\t<\/div><\/div><\/div><\/div><section class=\"vc_row wpb_row vc_row-fluid vc_custom_1484320222572\"><div class=\"container\"><div class=\"row\"><div class=\"wpb_column column_container col-sm-2\"><div class=\"vc_column-inner\"><div class=\"wpb_wrapper\"><\/div><\/div><\/div><div class=\"wpb_column column_container col-sm-8\"><div class=\"vc_column-inner\"><div class=\"wpb_wrapper\">\n\t<div class=\"wpb_text_column wpb_content_element\" >\n\t\t<div class=\"wpb_wrapper\">\n\t\t\t<h3 style=\"text-align: center;\">Partneriteti i Progresionit t\u00eb Leave t\u00eb Kujdesit<\/h3>\n<p class=\"lead\" style=\"text-align: center;\">P\u00ebrpjekja jon\u00eb kolektive \u00ebsht\u00eb t\u00eb kuptojm\u00eb m\u00eb mir\u00eb dhe t\u00eb heqim pengesat p\u00ebr arsimin dhe trajnimin pas 16-vje\u00e7arit p\u00ebr t\u00eb rinjt\u00eb me p\u00ebrvoj\u00eb n\u00eb kujdes n\u00eb Kent dhe Medway.<\/p>\n\n\t\t<\/div>\n\t<\/div>\n<\/div><\/div><\/div><div class=\"wpb_column column_container col-sm-2\"><div class=\"vc_column-inner\"><div class=\"wpb_wrapper\"><\/div><\/div><\/div><\/div><\/div><\/section><section class=\"vc_row wpb_row vc_row-fluid hp-box vc_custom_1484566963468\"><div class=\"container\"><div class=\"row\"><div class=\"wpb_column column_container col-sm-4 col-has-fill\"><div class=\"vc_column-inner vc_custom_1484318222439\"><div class=\"wpb_wrapper\">\n\t<div  class=\"wpb_single_image wpb_content_element vc_align_left\">\n\t\t\n\t\t<figure class=\"wpb_wrapper vc_figure\">\n\t\t\t<a href=\"https:\/\/careleaverpp.org\/sq\/resources\/\" target=\"_self\" class=\"vc_single_image-wrapper   vc_box_border_grey\"><img loading=\"lazy\" decoding=\"async\" class=\"vc_single_image-img\" src=\"https:\/\/careleaverpp.org\/wp-content\/uploads\/2016\/11\/1-53946-360x240.jpg\" width=\"360\" height=\"240\" alt=\"Annual budget meeting\" title=\"Rreth CLPP\" \/><\/a>\n\t\t<\/figure>\n\t<\/div>\n\n\t<div class=\"wpb_text_column wpb_content_element  vc_custom_1486655922072\" >\n\t\t<div class=\"wpb_wrapper\">\n\t\t\t<h2 style=\"text-align: center;\">Rreth Nesh<\/h2>\n<p class=\"p1\">Ne jemi nj\u00eb partneritet i universiteteve, kolegjeve, autoriteteve lokale dhe organizatave t\u00eb tjera n\u00eb Kent dhe Medway. M\u00ebsoni p\u00ebr ne dhe pun\u00ebn ton\u00eb.<\/p>\n<p class=\"p1\" style=\"text-align: center;\"><a class=\"btn btn--lg btn--primary mb--1\" title=\"Partneriteti p\u00ebr p\u00ebrparimin e larguesve t\u00eb kujdesit - CLPP\" href=\"https:\/\/careleaverpp.org\/sq\/about-us\/\">Zbulo me shume<\/a><\/p>\n\n\t\t<\/div>\n\t<\/div>\n<\/div><\/div><\/div><div class=\"wpb_column column_container col-sm-4 col-has-fill\"><div class=\"vc_column-inner vc_custom_1484317640504\"><div class=\"wpb_wrapper\">\n\t<div  class=\"wpb_single_image wpb_content_element vc_align_left\">\n\t\t\n\t\t<figure class=\"wpb_wrapper vc_figure\">\n\t\t\t<a href=\"https:\/\/careleaverpp.org\/sq\/resources\/\" target=\"_self\" class=\"vc_single_image-wrapper   vc_box_border_grey\"><img loading=\"lazy\" decoding=\"async\" class=\"vc_single_image-img\" src=\"https:\/\/careleaverpp.org\/wp-content\/uploads\/2016\/11\/Lady-on-laptop-cropped-360x240.jpg\" width=\"360\" height=\"240\" alt=\"Lady on a bench using a latptop\" title=\"Zonja n\u00eb laptop\" \/><\/a>\n\t\t<\/figure>\n\t<\/div>\n\n\t<div class=\"wpb_text_column wpb_content_element  vc_custom_1484318090196\" >\n\t\t<div class=\"wpb_wrapper\">\n\t\t\t<h2 style=\"text-align: center;\">Burimet<\/h2>\n<p>Vizitoni seksionin ton\u00eb t\u00eb Burimeve p\u00ebr dokumente, video dhe lidhje t\u00eb dobishme p\u00ebr faqet e tjera t\u00eb internetit p\u00ebr t&#039;ju mb\u00ebshtetur n\u00eb pun\u00ebn tuaj.<\/p>\n<p class=\"p1\" style=\"text-align: center;\"><a class=\"btn btn--lg btn--primary mb--1\" title=\"Burimet e partneritetit t\u00eb p\u00ebrparimit t\u00eb larguesve t\u00eb kujdesit\" href=\"https:\/\/careleaverpp.org\/sq\/resources\/\">Shiko Burimet<\/a><\/p>\n\n\t\t<\/div>\n\t<\/div>\n<\/div><\/div><\/div><div class=\"wpb_column column_container col-sm-4 col-has-fill\"><div class=\"vc_column-inner vc_custom_1484318230422\"><div class=\"wpb_wrapper\">\n\t<div  class=\"wpb_single_image wpb_content_element vc_align_left\">\n\t\t\n\t\t<figure class=\"wpb_wrapper vc_figure\">\n\t\t\t<a href=\"https:\/\/careleaverpp.org\/sq\/resources\/\" target=\"_self\" class=\"vc_single_image-wrapper   vc_box_border_grey\"><img loading=\"lazy\" decoding=\"async\" class=\"vc_single_image-img\" src=\"https:\/\/careleaverpp.org\/wp-content\/uploads\/2016\/11\/Girl-on-laptop-cropped-360x240.jpg\" width=\"360\" height=\"240\" alt=\"Girl on laptop cropped\" title=\"Vajza n\u00eb laptop t\u00eb prer\u00eb\" \/><\/a>\n\t\t<\/figure>\n\t<\/div>\n\n\t<div class=\"wpb_text_column wpb_content_element  vc_custom_1484318761128\" >\n\t\t<div class=\"wpb_wrapper\">\n\t\t\t<h2 style=\"text-align: center;\">Larguesit e kujdesit<\/h2>\n<p>A jeni larguar nga kujdesi dhe keni nevoj\u00eb p\u00ebr ndihm\u00eb apo d\u00ebshironi t\u00eb m\u00ebsoni m\u00eb shum\u00eb rreth mb\u00ebshtetjes q\u00eb \u00ebsht\u00eb n\u00eb dispozicion? Vizitoni faqen ton\u00eb p\u00ebr m\u00eb shum\u00eb informacion.<\/p>\n<p class=\"p1\" style=\"text-align: center;\"><a class=\"btn btn--lg btn--primary mb--1\" title=\"Burimet e partneritetit t\u00eb p\u00ebrparimit t\u00eb larguesve t\u00eb kujdesit\" href=\"https:\/\/careleaverpp.org\/sq\/information-for-care-leavers\/\">Zbulo me shume<\/a><\/p>\n\n\t\t<\/div>\n\t<\/div>\n<\/div><\/div><\/div><\/div><\/div><\/section><section class=\"vc_row wpb_row vc_row-fluid vc_custom_1484566810162\"><div class=\"container\"><div class=\"row\"><div class=\"wpb_column column_container col-sm-4\"><div class=\"vc_column-inner\"><div class=\"wpb_wrapper\">\n\t<div class=\"wpb_text_column wpb_content_element\" >\n\t\t<div class=\"wpb_wrapper\">\n\t\t\t<h3 class=\"hp-box\">Ndihma p\u00ebr t\u00eb nd\u00ebrtuar nj\u00eb jet\u00eb p\u00ebrtej kujdesit<\/h3>\n<p>Ne duam q\u00eb Care Leavers t\u00eb ken\u00eb t\u00eb nj\u00ebjtat mund\u00ebsi si t\u00eb rinjt\u00eb e tjer\u00eb, t\u00eb ken\u00eb mb\u00ebshtetjen dhe udh\u00ebzimin p\u00ebr t&#039;i ndihmuar ata t\u00eb planifikojn\u00eb, t\u00eb arrijn\u00eb dhe t\u00eb realizojn\u00eb \u00ebndrrat e tyre. Ne synojm\u00eb t&#039;u japim atyre q\u00eb braktisin kujdesin mund\u00ebsi m\u00eb t\u00eb mira p\u00ebr arsimim dhe p\u00ebrmir\u00ebsimin e aft\u00ebsive t\u00eb tyre kryesore, duke i ndihmuar ata t\u00eb nd\u00ebrtojn\u00eb jet\u00eb m\u00eb t\u00eb mir\u00eb p\u00ebr veten e tyre.<\/p>\n<p>Partneriteti i Progresionit t\u00eb Leave t\u00eb Kujdesit p\u00ebrpiqet t\u00eb koordinoj\u00eb mb\u00ebshtetjen p\u00ebr t\u00eb cil\u00ebn kan\u00eb nevoj\u00eb t\u00eb larguarit nga kujdesi n\u00eb nj\u00eb moment shum\u00eb vendimtar n\u00eb jet\u00ebn e tyre. D\u00ebshironi t\u00eb m\u00ebsoni m\u00eb shum\u00eb?<\/p>\n<p><a class=\"btn btn-sm\" href=\"https:\/\/careleaverpp.org\/sq\/contact\/\">Na kontaktoni sot<\/a><\/p>\n\n\t\t<\/div>\n\t<\/div>\n<\/div><\/div><\/div><div class=\"wpb_column column_container col-sm-8\"><div class=\"vc_column-inner\"><div class=\"wpb_wrapper\">\n\t<div  class=\"wpb_single_image wpb_content_element vc_align_left\">\n\t\t\n\t\t<figure class=\"wpb_wrapper vc_figure\">\n\t\t\t<div class=\"vc_single_image-wrapper   vc_box_border_grey\"><img loading=\"lazy\" decoding=\"async\" width=\"1500\" height=\"1000\" src=\"https:\/\/careleaverpp.org\/wp-content\/uploads\/2016\/11\/Boy-looking-out-at-university.jpg\" class=\"vc_single_image-img attachment-full\" alt=\"Boy looking out at university\" srcset=\"https:\/\/careleaverpp.org\/wp-content\/uploads\/2016\/11\/Boy-looking-out-at-university.jpg 1500w, https:\/\/careleaverpp.org\/wp-content\/uploads\/2016\/11\/Boy-looking-out-at-university-200x133.jpg 200w, https:\/\/careleaverpp.org\/wp-content\/uploads\/2016\/11\/Boy-looking-out-at-university-300x200.jpg 300w, https:\/\/careleaverpp.org\/wp-content\/uploads\/2016\/11\/Boy-looking-out-at-university-768x512.jpg 768w, https:\/\/careleaverpp.org\/wp-content\/uploads\/2016\/11\/Boy-looking-out-at-university-1024x683.jpg 1024w\" sizes=\"auto, (max-width: 1500px) 100vw, 1500px\" \/><\/div>\n\t\t<\/figure>\n\t<\/div>\n<\/div><\/div><\/div><\/div><\/div><\/section><section class=\"vc_row wpb_row vc_row-fluid vc_custom_1484323020513 vc_row-has-fill\"><div class=\"container\"><div class=\"row\"><div class=\"wpb_column column_container col-sm-12\"><div class=\"vc_column-inner\"><div class=\"wpb_wrapper\"><h2 style=\"color: #f49430;text-align: left;font-family:Montserrat;font-weight:400;font-style:normal\" class=\"vc_custom_heading\" >Lajmet e fundit<\/h2><div class=\"vc_separator wpb_content_element vc_separator_align_center vc_sep_width_100 vc_sep_pos_align_center vc_separator_no_text vc_sep_color_grey\" ><span class=\"vc_sep_holder vc_sep_holder_l\"><span  class=\"vc_sep_line\"><\/span><\/span><span class=\"vc_sep_holder vc_sep_holder_r\"><span  class=\"vc_sep_line\"><\/span><\/span>\n<\/div>\n<div class=\"vc_grid-container-wrapper vc_clearfix\">\n\t<div class=\"vc_grid-container vc_clearfix wpb_content_element vc_masonry_grid\" data-initial-loading-animation=\"none\" data-vc-grid-settings=\"{&quot;page_id&quot;:7,&quot;style&quot;:&quot;all-masonry&quot;,&quot;action&quot;:&quot;vc_get_vc_grid_data&quot;,&quot;shortcode_id&quot;:&quot;1560168189116-058eb189-44d1-2&quot;,&quot;tag&quot;:&quot;vc_masonry_grid&quot;}\" data-vc-request=\"https:\/\/careleaverpp.org\/wp-admin\/admin-ajax.php\" data-vc-post-id=\"7\" data-vc-public-nonce=\"00d6d85595\">\n\t\t\n\t<\/div>\n<\/div><\/div><\/div><\/div><\/div><\/div><\/section><section class=\"vc_row wpb_row vc_row-fluid vc_custom_1484323368889 vc_row-has-fill\"><div class=\"container\"><div class=\"row\"><div class=\"wpb_column column_container col-sm-8\"><div class=\"vc_column-inner\"><div class=\"wpb_wrapper\">\n\t<div  class=\"wpb_single_image wpb_content_element vc_align_left\">\n\t\t\n\t\t<figure class=\"wpb_wrapper vc_figure\">\n\t\t\t<div class=\"vc_single_image-wrapper   vc_box_border_grey\"><img loading=\"lazy\" decoding=\"async\" width=\"1024\" height=\"682\" src=\"https:\/\/careleaverpp.org\/wp-content\/uploads\/2016\/06\/clpp-conference-2016-1024x682.jpg\" class=\"vc_single_image-img attachment-large\" alt=\"CLPP Conference 2016\" srcset=\"https:\/\/careleaverpp.org\/wp-content\/uploads\/2016\/06\/clpp-conference-2016-1024x682.jpg 1024w, https:\/\/careleaverpp.org\/wp-content\/uploads\/2016\/06\/clpp-conference-2016-300x200.jpg 300w, https:\/\/careleaverpp.org\/wp-content\/uploads\/2016\/06\/clpp-conference-2016-768x512.jpg 768w, https:\/\/careleaverpp.org\/wp-content\/uploads\/2016\/06\/clpp-conference-2016.jpg 1280w\" sizes=\"auto, (max-width: 1024px) 100vw, 1024px\" \/><\/div>\n\t\t<\/figure>\n\t<\/div>\n<\/div><\/div><\/div><div class=\"wpb_column column_container col-sm-4\"><div class=\"vc_column-inner\"><div class=\"wpb_wrapper\">\n\t<div class=\"wpb_text_column wpb_content_element\" >\n\t\t<div class=\"wpb_wrapper\">\n\t\t\t<h2 class=\"hp-box\">Ngjarjet<\/h2>\n<p>Ne mbajm\u00eb ngjarje dhe konferenca p\u00ebr t\u00eb leht\u00ebsuar bashk\u00ebpunimin, trajnimin dhe mb\u00ebshtetjen p\u00ebr institucionet e arsimit t\u00eb lart\u00eb dhe organizata t\u00eb tjera.<\/p>\n<p><a class=\"btn btn-sm\" href=\"https:\/\/careleaverpp.org\/sq\/events\/\">Shiko t\u00eb gjitha ngjarjet<\/a><\/p>\n<p><a href=\"https:\/\/careleaverpp.org\/sq\/partners\/\">Partner\u00ebt tan\u00eb<\/a> organizoni ngjarje p\u00ebr ata q\u00eb largohen nga kujdesi, si pun\u00ebtori, klube t\u00eb s\u00eb shtun\u00ebs dhe dit\u00eb t\u00eb hapura p\u00ebr t\u00eb promovuar mb\u00ebshtetjen arsimore, aft\u00ebsit\u00eb e pun\u00ebs dhe m\u00eb shum\u00eb.<\/p>\n<p><a class=\"btn btn-sm\" href=\"https:\/\/careleaverpp.org\/sq\/partners\/\">Shikoni partner\u00ebt tan\u00eb<\/a><\/p>\n<h4><\/h4>\n\n\t\t<\/div>\n\t<\/div>\n<\/div><\/div><\/div><\/div><\/div><\/section>","protected":false},"excerpt":{"rendered":"T\u00eb rritemi, t\u00eb ecim p\u00ebrpara Ne jemi nj\u00eb partneritet i organizatave n\u00eb Kent dhe Medway, t\u00eb p\u00ebrkushtuara p\u00ebr t\u00eb p\u00ebrmir\u00ebsuar p\u00ebrvoj\u00ebn e arsimit dhe trajnimit pas 16-\u00ebs p\u00ebr f\u00ebmij\u00ebt vendas n\u00eb kujdesin dhe ata q\u00eb largohen nga kujdesi. Partneriteti p\u00ebr p\u00ebrparimin e larguar nga kujdesi P\u00ebrpjekja jon\u00eb kolektive \u00ebsht\u00eb t\u00eb kuptojm\u00eb m\u00eb mir\u00eb dhe t\u00eb heqim barrierat p\u00ebr arsimimin dhe trajnimin pas 16 vjet\u00ebsh p\u00ebr t\u00eb rinjt\u00eb me p\u00ebrvoj\u00eb n\u00eb kujdes [...]","protected":false},"author":2,"featured_media":0,"parent":0,"menu_order":3,"comment_status":"closed","ping_status":"closed","template":"","meta":{"_acf_changed":false,"footnotes":""},"class_list":["post-7","page","type-page","status-publish","hentry"],"acf":[],"_links":{"self":[{"href":"https:\/\/careleaverpp.org\/sq\/wp-json\/wp\/v2\/pages\/7","targetHints":{"allow":["GET"]}}],"collection":[{"href":"https:\/\/careleaverpp.org\/sq\/wp-json\/wp\/v2\/pages"}],"about":[{"href":"https:\/\/careleaverpp.org\/sq\/wp-json\/wp\/v2\/types\/page"}],"author":[{"embeddable":true,"href":"https:\/\/careleaverpp.org\/sq\/wp-json\/wp\/v2\/users\/2"}],"replies":[{"embeddable":true,"href":"https:\/\/careleaverpp.org\/sq\/wp-json\/wp\/v2\/comments?post=7"}],"version-history":[{"count":0,"href":"https:\/\/careleaverpp.org\/sq\/wp-json\/wp\/v2\/pages\/7\/revisions"}],"wp:attachment":[{"href":"https:\/\/careleaverpp.org\/sq\/wp-json\/wp\/v2\/media?parent=7"}],"curies":[{"name":"wp","href":"https:\/\/api.w.org\/{rel}","templated":true}]}}