{"id":694,"date":"2017-01-13T14:38:57","date_gmt":"2017-01-13T14:38:57","guid":{"rendered":"https:\/\/careleaverpp.org\/?page_id=694"},"modified":"2019-06-14T12:02:05","modified_gmt":"2019-06-14T11:02:05","slug":"information-for-care-leavers","status":"publish","type":"page","link":"https:\/\/careleaverpp.org\/sq\/information-for-care-leavers\/","title":{"rendered":"Informacion p\u00ebr t\u00eb larguarit nga kujdesi"},"content":{"rendered":"<section class=\"vc_row wpb_row vc_row-fluid\"><div class=\"container\"><div class=\"row\"><div class=\"wpb_column column_container col-sm-12\"><div class=\"vc_column-inner\"><div class=\"wpb_wrapper\"><h1 style=\"font-size: 4em;color: #676666;line-height: 1.015;text-align: center;font-family:Roboto;font-weight:400;font-style:normal\" class=\"vc_custom_heading\" >Informacion p\u00ebr t\u00eb larguarit nga kujdesi<\/h1><div class=\"vc_separator wpb_content_element vc_separator_align_center vc_sep_width_100 vc_sep_pos_align_center vc_separator_no_text vc_sep_color_grey\" ><span class=\"vc_sep_holder vc_sep_holder_l\"><span  class=\"vc_sep_line\"><\/span><\/span><span class=\"vc_sep_holder vc_sep_holder_r\"><span  class=\"vc_sep_line\"><\/span><\/span>\n<\/div><div class=\"vc_row wpb_row vc_inner vc_row-fluid\"><div class=\"wpb_column column_container col-sm-8\"><div class=\"vc_column-inner\"><div class=\"wpb_wrapper\">\n\t<div class=\"wpb_text_column wpb_content_element\" >\n\t\t<div class=\"wpb_wrapper\">\n\t\t\t<p><img loading=\"lazy\" decoding=\"async\" class=\"alignright wp-image-696\" src=\"https:\/\/careleaverpp.org\/wp-content\/uploads\/2016\/11\/care-leavers-information-1024x683.jpeg\" width=\"400\" height=\"267\" srcset=\"https:\/\/careleaverpp.org\/wp-content\/uploads\/2016\/11\/care-leavers-information-1024x683.jpeg 1024w, https:\/\/careleaverpp.org\/wp-content\/uploads\/2016\/11\/care-leavers-information-300x200.jpeg 300w, https:\/\/careleaverpp.org\/wp-content\/uploads\/2016\/11\/care-leavers-information-768x512.jpeg 768w, https:\/\/careleaverpp.org\/wp-content\/uploads\/2016\/11\/care-leavers-information.jpeg 1920w\" sizes=\"auto, (max-width: 400px) 100vw, 400px\" \/><\/p>\n<p>Keni p\u00ebrvoj\u00eb n\u00eb kujdesin? A po pyesni veten se \u00e7far\u00eb mb\u00ebshtetjeje dhe k\u00ebshillash mund t\u00eb keni n\u00eb dispozicion nd\u00ebrsa k\u00ebrkoni t\u00eb kaloni nga shkolla n\u00eb kolegj, universitet, ose n\u00eb nj\u00eb program trajnimi?<\/p>\n<p>N\u00ebse d\u00ebshironi t\u00eb vini n\u00eb kontakt me dik\u00eb q\u00eb mund t\u00eb jet\u00eb n\u00eb gjendje t\u00eb ndihmoj\u00eb, ju lutemi kontaktoni Nina duke p\u00ebrdorur faqen ton\u00eb <a href=\"https:\/\/careleaverpp.org\/sq\/contact\/\">faqja e kontaktit<\/a>.<\/p>\n<p>N\u00eb ton\u00ebn <a href=\"https:\/\/careleaverpp.org\/sq\/partners\/\">faqet e partner\u00ebve <\/a>ju mund t\u00eb k\u00ebrkoni n\u00eb institucionet individuale n\u00eb Kent dhe Medway p\u00ebr t\u00eb par\u00eb se \u00e7far\u00eb kan\u00eb p\u00ebr t\u00eb ofruar p\u00ebr ata q\u00eb largohen nga kujdesi.<\/p>\n<p>Ju gjithashtu mund t\u00eb gjeni disa nga burimet t\u00eb dobishme n\u00eb faqen ton\u00eb <a href=\"https:\/\/careleaverpp.org\/sq\/resources\/\">faqja e burimeve<\/a>.<\/p>\n<p><strong>M\u00eb posht\u00eb jan\u00eb disa sajte t\u00eb tjera q\u00eb mund t\u00eb jen\u00eb t\u00eb dobishme p\u00ebr ju:<\/strong><\/p>\n<p><strong>Shkolla Virtuale Kent (VSK) \u2013 <\/strong><em>VSK<\/em> punoni me stafin n\u00eb shkolla, kolegje dhe institucione t\u00eb tjera dhe sh\u00ebrbime mb\u00ebshtet\u00ebse, p\u00ebr t\u00eb koordinuar sh\u00ebrbimet arsimore p\u00ebr f\u00ebmij\u00ebt n\u00eb kujdes dhe t\u00eb rinjt\u00eb q\u00eb braktisin kujdesin. Vizitoni uebsajtin e tyre p\u00ebr t\u00eb m\u00ebsuar m\u00eb shum\u00eb rreth asaj q\u00eb b\u00ebjn\u00eb ata dhe se si mund t&#039;ju mb\u00ebshtesin, ose kontaktoni ata duke p\u00ebrdorur formularin e kontaktit n\u00eb faqen e tyre - <a href=\"http:\/\/www.virtualschool.lea.kent.sch.uk\/\" target=\"_blank\" rel=\"noopener noreferrer\">Shkolla Virtuale Kent<\/a>.<\/p>\n<p><strong>B\u00ebhu - <\/strong><em>B\u00ebhuni<\/em> \u00ebsht\u00eb nj\u00eb shoqat\u00eb bamir\u00ebsie komb\u00ebtare p\u00ebr f\u00ebmij\u00ebt n\u00eb p\u00ebrkujdesje dhe braktis\u00ebs. N\u00eb faqen e tyre t\u00eb internetit do t\u00eb gjeni shum\u00eb informacione se \u00e7far\u00eb ndihme dhe mb\u00ebshtetje \u00ebsht\u00eb n\u00eb dispozicion \u2013 <a href=\"http:\/\/www.becomecharity.org.uk\/\" target=\"_blank\" rel=\"noopener noreferrer\">B\u00ebhuni bamir\u00ebse<\/a> \u2013 ose kontaktoni ata n\u00eb linj\u00ebn e tyre miq\u00ebsore t\u00eb k\u00ebshillimit falas 0800 023 2033 \/ <a href=\"mailto:advice@becomecharity.org.uk\" target=\"_blank\" rel=\"noopener noreferrer\">k\u00ebshilla@becomecharity.org.uk<\/a><\/p>\n<p><strong>L\u00ebviz<\/strong> <strong>&#8211;<\/strong> <em>L\u00ebviz <\/em>\u00ebsht\u00eb nj\u00eb faqe interneti e cila drejtohet nga <em>B\u00ebhuni <\/em>bamir\u00ebsi. Ai ofron informacion rreth asaj se \u00e7far\u00eb mb\u00ebshtetje \u00ebsht\u00eb e disponueshme p\u00ebr ata q\u00eb braktisin kujdesin n\u00eb kolegj dhe universitet. N\u00eb faqen e internetit do t\u00eb gjeni informacione t\u00eb p\u00ebrgjithshme rreth ndihm\u00ebs me aplikimin, financimin dhe akomodimin, si dhe nj\u00eb leht\u00ebsi p\u00ebr t\u00eb k\u00ebrkuar kolegje dhe universitete individuale p\u00ebr t\u00eb gjetur se \u00e7far\u00eb ndihme dhe mb\u00ebshtetje ofrojn\u00eb p\u00ebr t\u00eb braktisurit e kujdesit \u2013 <a href=\"http:\/\/propel.org.uk\/UK\/\" target=\"_blank\" rel=\"noopener noreferrer\"><span style=\"color: #0066cc;\">L\u00ebviz<\/span><\/a>.<\/p>\n<p><strong>Rrjeti Komb\u00ebtar p\u00ebr Edukimin e Larguesve t\u00eb Kujdesit (NNECL)<\/strong>\u00a0<strong>&#8211; <\/strong><em>NNECL<\/em> \u00ebsht\u00eb nj\u00eb organizat\u00eb komb\u00ebtare e cila ofron informacion n\u00eb lidhje me aktivitetet dhe burimet e arsimit t\u00eb lart\u00eb p\u00ebr ata q\u00eb largohen nga kujdesi, f\u00ebmij\u00ebt n\u00eb p\u00ebrkujdesje dhe ata q\u00eb i mb\u00ebshtesin ata \u2013 <a href=\"http:\/\/nnecl.org\/\" target=\"_blank\" rel=\"noopener noreferrer\"><span style=\"color: #0066cc;\">NNECL<\/span><\/a>.<\/p>\n\n\t\t<\/div>\n\t<\/div>\n<\/div><\/div><\/div><div class=\"wpb_column column_container col-sm-4\"><div class=\"vc_column-inner\"><div class=\"wpb_wrapper\"><div  class=\"wpb_widgetised_column wpb_content_element\">\n\t\t<div class=\"wpb_wrapper\">\n\t\t\t\n\t\t\t<div class=\"widget widget_text sidebar__widget\"><h6>Lajmet e fundit<\/h6><ul id=\"category-posts-5-internal\" class=\"category-posts-internal\">\n<li class='cat-post-item'><div><a class=\"cat-post-title\" href=\"https:\/\/careleaverpp.org\/sq\/vskat-education-psychologist-and-education-provision-in-partnership-with-vsk\/\" rel=\"bookmark\">Psikologu i Arsimit VSKAT dhe Ofrimi i Arsimit (n\u00eb partneritet me VSK)<\/a><\/div><div><a class=\"cat-post-thumbnail cat-post-none\" href=\"https:\/\/careleaverpp.org\/sq\/vskat-education-psychologist-and-education-provision-in-partnership-with-vsk\/\" title=\"Psikologu i Arsimit VSKAT dhe Ofrimi i Arsimit (n\u00eb partneritet me VSK)\"><span class=\"cat-post-crop cat-post-format cat-post-format-standard\"><img loading=\"lazy\" decoding=\"async\" width=\"200\" height=\"200\" src=\"https:\/\/careleaverpp.org\/wp-content\/uploads\/2018\/07\/Virtual-School-Kent-logo.jpg\" class=\"attachment- size- wp-post-image\" alt=\"\" data-cat-posts-width=\"200\" data-cat-posts-height=\"200\" srcset=\"https:\/\/careleaverpp.org\/wp-content\/uploads\/2018\/07\/Virtual-School-Kent-logo.jpg 750w, https:\/\/careleaverpp.org\/wp-content\/uploads\/2018\/07\/Virtual-School-Kent-logo-200x133.jpg 200w, https:\/\/careleaverpp.org\/wp-content\/uploads\/2018\/07\/Virtual-School-Kent-logo-300x200.jpg 300w\" sizes=\"auto, (max-width: 200px) 100vw, 200px\" \/><\/span><\/a><\/div><\/li><li class='cat-post-item'><div><a class=\"cat-post-title\" href=\"https:\/\/careleaverpp.org\/sq\/the-dwps-commitment-to-care-leavers\/\" rel=\"bookmark\">Angazhimi i DWP ndaj larguesve t\u00eb kujdesit<\/a><\/div><div><a class=\"cat-post-thumbnail cat-post-none\" href=\"https:\/\/careleaverpp.org\/sq\/the-dwps-commitment-to-care-leavers\/\" title=\"Angazhimi i DWP-s\u00eb p\u00ebr t\u00eb larguarit nga kujdesi\"><span class=\"cat-post-crop cat-post-format cat-post-format-standard\"><img loading=\"lazy\" decoding=\"async\" width=\"200\" height=\"200\" src=\"https:\/\/careleaverpp.org\/wp-content\/uploads\/2024\/12\/jobcentreplus.jpg\" class=\"attachment- size- wp-post-image\" alt=\"\" data-cat-posts-width=\"200\" data-cat-posts-height=\"200\" srcset=\"https:\/\/careleaverpp.org\/wp-content\/uploads\/2024\/12\/jobcentreplus.jpg 1134w, https:\/\/careleaverpp.org\/wp-content\/uploads\/2024\/12\/jobcentreplus-300x211.jpg 300w, https:\/\/careleaverpp.org\/wp-content\/uploads\/2024\/12\/jobcentreplus-1024x721.jpg 1024w, https:\/\/careleaverpp.org\/wp-content\/uploads\/2024\/12\/jobcentreplus-200x141.jpg 200w, https:\/\/careleaverpp.org\/wp-content\/uploads\/2024\/12\/jobcentreplus-768x541.jpg 768w, https:\/\/careleaverpp.org\/wp-content\/uploads\/2024\/12\/jobcentreplus-18x12.jpg 18w\" sizes=\"auto, (max-width: 200px) 100vw, 200px\" \/><\/span><\/a><\/div><\/li><li class='cat-post-item'><div><a class=\"cat-post-title\" href=\"https:\/\/careleaverpp.org\/sq\/social-enterprise-kent-seks-elevate-programme\/\" rel=\"bookmark\">Programi Elevate i Nd\u00ebrmarrjeve Sociale Kent (SEK).<\/a><\/div><div><a class=\"cat-post-thumbnail cat-post-none\" href=\"https:\/\/careleaverpp.org\/sq\/social-enterprise-kent-seks-elevate-programme\/\" title=\"Programi Elevate i Nd\u00ebrmarrjes Sociale Kent (SEK).\"><span class=\"cat-post-crop cat-post-format cat-post-format-standard\"><img loading=\"lazy\" decoding=\"async\" width=\"200\" height=\"200\" src=\"https:\/\/careleaverpp.org\/wp-content\/uploads\/2024\/12\/Elevate-Success.jpg\" class=\"attachment- size- wp-post-image\" alt=\"\" data-cat-posts-width=\"200\" data-cat-posts-height=\"200\" srcset=\"https:\/\/careleaverpp.org\/wp-content\/uploads\/2024\/12\/Elevate-Success.jpg 800w, https:\/\/careleaverpp.org\/wp-content\/uploads\/2024\/12\/Elevate-Success-300x167.jpg 300w, https:\/\/careleaverpp.org\/wp-content\/uploads\/2024\/12\/Elevate-Success-200x111.jpg 200w, https:\/\/careleaverpp.org\/wp-content\/uploads\/2024\/12\/Elevate-Success-768x427.jpg 768w, https:\/\/careleaverpp.org\/wp-content\/uploads\/2024\/12\/Elevate-Success-18x10.jpg 18w\" sizes=\"auto, (max-width: 200px) 100vw, 200px\" \/><\/span><\/a><\/div><\/li><li class='cat-post-item'><div><a class=\"cat-post-title\" href=\"https:\/\/careleaverpp.org\/sq\/ty-lockes-lived-experience\/\" rel=\"bookmark\">P\u00ebrvoja e jetuar e Ty Locke<\/a><\/div><div><a class=\"cat-post-thumbnail cat-post-none\" href=\"https:\/\/careleaverpp.org\/sq\/ty-lockes-lived-experience\/\" title=\"P\u00ebrvoja e jetuar e Ty Locke\"><span class=\"cat-post-crop cat-post-format cat-post-format-video\"><img loading=\"lazy\" decoding=\"async\" width=\"200\" height=\"200\" src=\"https:\/\/careleaverpp.org\/wp-content\/uploads\/2024\/12\/Screenshot-2024-12-04-at-12.06.18.png\" class=\"attachment- size- wp-post-image\" alt=\"\" data-cat-posts-width=\"200\" data-cat-posts-height=\"200\" srcset=\"https:\/\/careleaverpp.org\/wp-content\/uploads\/2024\/12\/Screenshot-2024-12-04-at-12.06.18.png 2694w, https:\/\/careleaverpp.org\/wp-content\/uploads\/2024\/12\/Screenshot-2024-12-04-at-12.06.18-300x214.png 300w, https:\/\/careleaverpp.org\/wp-content\/uploads\/2024\/12\/Screenshot-2024-12-04-at-12.06.18-1024x732.png 1024w, https:\/\/careleaverpp.org\/wp-content\/uploads\/2024\/12\/Screenshot-2024-12-04-at-12.06.18-200x143.png 200w, https:\/\/careleaverpp.org\/wp-content\/uploads\/2024\/12\/Screenshot-2024-12-04-at-12.06.18-768x549.png 768w, https:\/\/careleaverpp.org\/wp-content\/uploads\/2024\/12\/Screenshot-2024-12-04-at-12.06.18-1536x1098.png 1536w, https:\/\/careleaverpp.org\/wp-content\/uploads\/2024\/12\/Screenshot-2024-12-04-at-12.06.18-2048x1464.png 2048w, https:\/\/careleaverpp.org\/wp-content\/uploads\/2024\/12\/Screenshot-2024-12-04-at-12.06.18-18x12.png 18w\" sizes=\"auto, (max-width: 200px) 100vw, 200px\" \/><\/span><\/a><\/div><\/li><\/ul>\n<\/div><div class=\"widget widget_text sidebar__widget\"><h6>Ngjarje t\u00eb ardhshme<\/h6><ul id=\"category-posts-4-internal\" class=\"category-posts-internal\">\n<li class='cat-post-item'><div><a class=\"cat-post-title\" href=\"https:\/\/careleaverpp.org\/sq\/uca-live-online-webinars\/\" rel=\"bookmark\">UCA Live \u2013 Webinare n\u00eb internet<\/a><\/div><div><a class=\"cat-post-thumbnail cat-post-none\" href=\"https:\/\/careleaverpp.org\/sq\/uca-live-online-webinars\/\" title=\"UCA Live \u2013 Webinare n\u00eb internet\"><span class=\"cat-post-crop cat-post-format cat-post-format-standard\"><img loading=\"lazy\" decoding=\"async\" width=\"200\" height=\"200\" src=\"https:\/\/careleaverpp.org\/wp-content\/uploads\/2025\/01\/Screenshot-2025-01-22-at-10.21.07.png\" class=\"attachment- size- wp-post-image\" alt=\"\" data-cat-posts-width=\"200\" data-cat-posts-height=\"200\" srcset=\"https:\/\/careleaverpp.org\/wp-content\/uploads\/2025\/01\/Screenshot-2025-01-22-at-10.21.07.png 414w, https:\/\/careleaverpp.org\/wp-content\/uploads\/2025\/01\/Screenshot-2025-01-22-at-10.21.07-300x147.png 300w, https:\/\/careleaverpp.org\/wp-content\/uploads\/2025\/01\/Screenshot-2025-01-22-at-10.21.07-200x98.png 200w, https:\/\/careleaverpp.org\/wp-content\/uploads\/2025\/01\/Screenshot-2025-01-22-at-10.21.07-18x9.png 18w\" sizes=\"auto, (max-width: 200px) 100vw, 200px\" \/><\/span><\/a><\/div><\/li><li class='cat-post-item'><div><a class=\"cat-post-title\" href=\"https:\/\/careleaverpp.org\/sq\/ask-the-students-at-the-university-for-the-creative-arts\/\" rel=\"bookmark\">Pyetni student\u00ebt n\u00eb Universitetin p\u00ebr Artet Kreative<\/a><\/div><div><a class=\"cat-post-thumbnail cat-post-none\" href=\"https:\/\/careleaverpp.org\/sq\/ask-the-students-at-the-university-for-the-creative-arts\/\" title=\"Pyetni student\u00ebt n\u00eb Universitetin p\u00ebr Artet Kreative\"><span class=\"cat-post-crop cat-post-format cat-post-format-standard\"><img loading=\"lazy\" decoding=\"async\" width=\"200\" height=\"200\" src=\"https:\/\/careleaverpp.org\/wp-content\/uploads\/2025\/01\/Screenshot-2025-01-22-at-10.17.34.png\" class=\"attachment- size- wp-post-image\" alt=\"\" data-cat-posts-width=\"200\" data-cat-posts-height=\"200\" srcset=\"https:\/\/careleaverpp.org\/wp-content\/uploads\/2025\/01\/Screenshot-2025-01-22-at-10.17.34.png 543w, https:\/\/careleaverpp.org\/wp-content\/uploads\/2025\/01\/Screenshot-2025-01-22-at-10.17.34-300x166.png 300w, https:\/\/careleaverpp.org\/wp-content\/uploads\/2025\/01\/Screenshot-2025-01-22-at-10.17.34-200x110.png 200w, https:\/\/careleaverpp.org\/wp-content\/uploads\/2025\/01\/Screenshot-2025-01-22-at-10.17.34-18x10.png 18w\" sizes=\"auto, (max-width: 200px) 100vw, 200px\" \/><\/span><\/a><\/div><\/li><li class='cat-post-item'><div><a class=\"cat-post-title\" href=\"https:\/\/careleaverpp.org\/sq\/campus-tours-at-the-university-for-the-creative-arts\/\" rel=\"bookmark\">Udh\u00ebtime n\u00eb kampus n\u00eb Universitetin p\u00ebr Artet Kreative<\/a><\/div><div><a class=\"cat-post-thumbnail cat-post-none\" href=\"https:\/\/careleaverpp.org\/sq\/campus-tours-at-the-university-for-the-creative-arts\/\" title=\"Udh\u00ebtime n\u00eb kampus n\u00eb Universitetin p\u00ebr Artet Kreative\"><span class=\"cat-post-crop cat-post-format cat-post-format-standard\"><img loading=\"lazy\" decoding=\"async\" width=\"200\" height=\"200\" src=\"https:\/\/careleaverpp.org\/wp-content\/uploads\/2025\/01\/Screenshot-2025-01-22-at-10.14.03.png\" class=\"attachment- size- wp-post-image\" alt=\"\" data-cat-posts-width=\"200\" data-cat-posts-height=\"200\" srcset=\"https:\/\/careleaverpp.org\/wp-content\/uploads\/2025\/01\/Screenshot-2025-01-22-at-10.14.03.png 402w, https:\/\/careleaverpp.org\/wp-content\/uploads\/2025\/01\/Screenshot-2025-01-22-at-10.14.03-300x203.png 300w, https:\/\/careleaverpp.org\/wp-content\/uploads\/2025\/01\/Screenshot-2025-01-22-at-10.14.03-200x135.png 200w, https:\/\/careleaverpp.org\/wp-content\/uploads\/2025\/01\/Screenshot-2025-01-22-at-10.14.03-18x12.png 18w\" sizes=\"auto, (max-width: 200px) 100vw, 200px\" \/><\/span><\/a><\/div><\/li><li class='cat-post-item'><div><a class=\"cat-post-title\" href=\"https:\/\/careleaverpp.org\/sq\/undergraduate-open-days-at-the-university-for-the-creative-arts\/\" rel=\"bookmark\">Dit\u00ebt e Hapura universitare n\u00eb Universitetin p\u00ebr Artet Kreative<\/a><\/div><div><a class=\"cat-post-thumbnail cat-post-none\" href=\"https:\/\/careleaverpp.org\/sq\/undergraduate-open-days-at-the-university-for-the-creative-arts\/\" title=\"Dit\u00ebt e Hapura universitare n\u00eb Universitetin p\u00ebr Artet Kreative\"><span class=\"cat-post-crop cat-post-format cat-post-format-standard\"><img loading=\"lazy\" decoding=\"async\" width=\"200\" height=\"200\" src=\"https:\/\/careleaverpp.org\/wp-content\/uploads\/2025\/01\/Screenshot-2025-01-22-at-10.11.18.png\" class=\"attachment- size- wp-post-image\" alt=\"\" data-cat-posts-width=\"200\" data-cat-posts-height=\"200\" srcset=\"https:\/\/careleaverpp.org\/wp-content\/uploads\/2025\/01\/Screenshot-2025-01-22-at-10.11.18.png 461w, https:\/\/careleaverpp.org\/wp-content\/uploads\/2025\/01\/Screenshot-2025-01-22-at-10.11.18-300x170.png 300w, https:\/\/careleaverpp.org\/wp-content\/uploads\/2025\/01\/Screenshot-2025-01-22-at-10.11.18-200x113.png 200w, https:\/\/careleaverpp.org\/wp-content\/uploads\/2025\/01\/Screenshot-2025-01-22-at-10.11.18-18x10.png 18w\" sizes=\"auto, (max-width: 200px) 100vw, 200px\" \/><\/span><\/a><\/div><\/li><\/ul>\n<\/div><div class=\"widget widget_text sidebar__widget\"><h6>Tweetet tona<\/h6><div class=\"twitter-feed\"><div class=\"tweets-feed\" data-amount=\"2\" data-widget-id=\"\" data-user-name=\"CareLeaverPP\"><\/div><\/div><\/div>\n\t\t<\/div>\n\t<\/div>\n<\/div><\/div><\/div><\/div><\/div><\/div><\/div><\/div><\/div><\/section>","protected":false},"excerpt":{"rendered":"Dit\u00ebt e Hapura t\u00eb UCA-s ju japin mund\u00ebsin\u00eb t\u00eb eksploroni kampuset e tyre, t\u00eb takoheni me akademik\u00ebt dhe ambasador\u00ebt e tyre studentor\u00eb, t\u00eb merrni pjes\u00eb n\u00eb bisedimet e kursit dhe t\u00eb merrni p\u00ebrgjigje p\u00ebr pyetjet tuaja, si dhe t\u00eb gjeni informacione t\u00eb dobishme rreth akomodimit, tarifave dhe financimit. Dita e tyre e ardhshme e hapur \u00ebsht\u00eb t\u00eb shtun\u00ebn m\u00eb 26 prill 2025 dhe zgjat nga ora 9:30-15:00, me kampusin e fundit [...]","protected":false},"author":2,"featured_media":0,"parent":0,"menu_order":0,"comment_status":"closed","ping_status":"closed","template":"","meta":{"_acf_changed":false,"footnotes":""},"class_list":["post-694","page","type-page","status-publish","hentry"],"acf":[],"_links":{"self":[{"href":"https:\/\/careleaverpp.org\/sq\/wp-json\/wp\/v2\/pages\/694","targetHints":{"allow":["GET"]}}],"collection":[{"href":"https:\/\/careleaverpp.org\/sq\/wp-json\/wp\/v2\/pages"}],"about":[{"href":"https:\/\/careleaverpp.org\/sq\/wp-json\/wp\/v2\/types\/page"}],"author":[{"embeddable":true,"href":"https:\/\/careleaverpp.org\/sq\/wp-json\/wp\/v2\/users\/2"}],"replies":[{"embeddable":true,"href":"https:\/\/careleaverpp.org\/sq\/wp-json\/wp\/v2\/comments?post=694"}],"version-history":[{"count":0,"href":"https:\/\/careleaverpp.org\/sq\/wp-json\/wp\/v2\/pages\/694\/revisions"}],"wp:attachment":[{"href":"https:\/\/careleaverpp.org\/sq\/wp-json\/wp\/v2\/media?parent=694"}],"curies":[{"name":"wp","href":"https:\/\/api.w.org\/{rel}","templated":true}]}}