{"id":5,"date":"2016-11-25T15:42:39","date_gmt":"2016-11-25T15:42:39","guid":{"rendered":"https:\/\/careleaverpp.org\/?page_id=5"},"modified":"2023-11-08T16:28:13","modified_gmt":"2023-11-08T16:28:13","slug":"about-us","status":"publish","type":"page","link":"https:\/\/careleaverpp.org\/sq\/about-us\/","title":{"rendered":"Rreth Nesh"},"content":{"rendered":"<section class=\"vc_row wpb_row vc_row-fluid\"><div class=\"container\"><div class=\"row\"><div class=\"wpb_column column_container col-sm-12\"><div class=\"vc_column-inner\"><div class=\"wpb_wrapper\"><h1 style=\"font-size: 4em;color: #676666;line-height: 1.015;text-align: center;font-family:Roboto;font-weight:400;font-style:normal\" class=\"vc_custom_heading\" >Rreth Nesh<\/h1><div class=\"vc_separator wpb_content_element vc_separator_align_center vc_sep_width_100 vc_sep_pos_align_center vc_separator_no_text vc_sep_color_grey\" ><span class=\"vc_sep_holder vc_sep_holder_l\"><span  class=\"vc_sep_line\"><\/span><\/span><span class=\"vc_sep_holder vc_sep_holder_r\"><span  class=\"vc_sep_line\"><\/span><\/span>\n<\/div><div class=\"vc_row wpb_row vc_inner vc_row-fluid\"><div class=\"wpb_column column_container col-sm-9\"><div class=\"vc_column-inner\"><div class=\"wpb_wrapper\">\n\t<div class=\"wpb_text_column wpb_content_element\" >\n\t\t<div class=\"wpb_wrapper\">\n\t\t\t<p><img loading=\"lazy\" decoding=\"async\" class=\"alignright wp-image-698\" src=\"https:\/\/careleaverpp.org\/wp-content\/uploads\/2016\/11\/1-53946-1024x683.jpg\" width=\"400\" height=\"267\" srcset=\"https:\/\/careleaverpp.org\/wp-content\/uploads\/2016\/11\/1-53946-1024x683.jpg 1024w, https:\/\/careleaverpp.org\/wp-content\/uploads\/2016\/11\/1-53946-300x200.jpg 300w, https:\/\/careleaverpp.org\/wp-content\/uploads\/2016\/11\/1-53946-768x512.jpg 768w, https:\/\/careleaverpp.org\/wp-content\/uploads\/2016\/11\/1-53946.jpg 1500w\" sizes=\"auto, (max-width: 400px) 100vw, 400px\" \/><\/p>\n<p>Partneriteti i Progresionit t\u00eb Largimit t\u00eb Kujdesit (CLPP) ekziston p\u00ebr t\u00eb mir\u00ebn e an\u00ebtar\u00ebve tan\u00eb n\u00eb sh\u00ebrbim t\u00eb t\u00eb rinjve me t\u00eb cil\u00ebt punojm\u00eb n\u00eb Kent dhe Medway. Ne jemi nj\u00eb p\u00ebrpjekje kolektive p\u00ebr t\u00eb kuptuar m\u00eb mir\u00eb dhe p\u00ebr t\u00eb hequr barrierat p\u00ebr arsimin dhe trajnimin pas 16-\u00ebs p\u00ebr f\u00ebmij\u00ebt vendas n\u00eb p\u00ebrkujdesje dhe braktisje t\u00eb kujdesit.<\/p>\n<p>T\u00eb gjith\u00eb an\u00ebtar\u00ebt tan\u00eb punojn\u00eb p\u00ebr termat e referenc\u00ebs dhe objektivat e dakorduara q\u00eb rishikohen \u00e7do vit dhe n\u00ebnshkruajn\u00eb nj\u00eb marr\u00ebveshje e cila zgjat tre vjet n\u00eb t\u00eb nj\u00ebjt\u00ebn koh\u00eb. Ne drejtohemi nga nj\u00eb grup drejtues i p\u00ebrb\u00ebr\u00eb nga nj\u00eb p\u00ebrfaq\u00ebsues nga \u00e7do institucion an\u00ebtar.<\/p>\n<p>\u00c7do vit ne porosisim nj\u00eb raport t\u00eb dh\u00ebnash i cili shikon profilin dhe rezultatet arsimore t\u00eb popullat\u00ebs son\u00eb lokale t\u00eb larguar nga kujdesi dhe b\u00ebn krahasime me grupet komb\u00ebtare t\u00eb t\u00eb dh\u00ebnave. Ne e p\u00ebrdorim k\u00ebt\u00eb raport p\u00ebr t\u00eb informuar pun\u00ebn ton\u00eb bashk\u00ebpunuese.<\/p>\n<p>Ne jemi gjithmon\u00eb t\u00eb lumtur t\u00eb diskutojm\u00eb mund\u00ebsit\u00eb p\u00ebr t\u00eb punuar me t\u00eb tjer\u00ebt p\u00ebr t\u00eb \u00e7uar p\u00ebrpara q\u00ebllimet tona, p\u00ebr shembull:<\/p>\n<ul>\n<li>P\u00ebrfaq\u00ebsimi n\u00eb grupe t\u00eb tjera p\u00ebrkat\u00ebse<\/li>\n<li>Prezantimi i pun\u00ebs son\u00eb n\u00eb evente<\/li>\n<li>Ofertat bashk\u00ebpunuese p\u00ebr financim<\/li>\n<li>Lobimi<\/li>\n<li>Pjes\u00ebmarrja n\u00eb k\u00ebrkime<\/li>\n<li>Ndarja dhe shp\u00ebrndarja e informacionit p\u00ebrmes rrjeteve tona dhe kanaleve t\u00eb mediave sociale<\/li>\n<li>Konferenca dhe ngjarje<\/li>\n<\/ul>\n<p>CLPP koordinohet nga Zyrtari yn\u00eb i Partneritetit, Luke Daniels, dhe kryesohet nga Lucy McLeod, Drejtore e Kolegjit Canterbury. N\u00ebse keni nj\u00eb ide p\u00ebr t\u00eb punuar me ne, ose d\u00ebshironi t\u00eb kontaktoni, <a href=\"https:\/\/careleaverpp.org\/sq\/contact\/\">na kontaktoni<\/a> sot.<\/p>\n\n\t\t<\/div>\n\t<\/div>\n<\/div><\/div><\/div><div class=\"wpb_column column_container col-sm-3\"><div class=\"vc_column-inner\"><div class=\"wpb_wrapper\"><div  class=\"wpb_widgetised_column wpb_content_element\">\n\t\t<div class=\"wpb_wrapper\">\n\t\t\t\n\t\t\t<div class=\"widget widget_text sidebar__widget\"><h6>Lajmet e fundit<\/h6><ul id=\"category-posts-5-internal\" class=\"category-posts-internal\">\n<li class='cat-post-item'><div><a class=\"cat-post-title\" href=\"https:\/\/careleaverpp.org\/sq\/vskat-education-psychologist-and-education-provision-in-partnership-with-vsk\/\" rel=\"bookmark\">Psikologu i Arsimit VSKAT dhe Ofrimi i Arsimit (n\u00eb partneritet me VSK)<\/a><\/div><div><a class=\"cat-post-thumbnail cat-post-none\" href=\"https:\/\/careleaverpp.org\/sq\/vskat-education-psychologist-and-education-provision-in-partnership-with-vsk\/\" title=\"Psikologu i Arsimit VSKAT dhe Ofrimi i Arsimit (n\u00eb partneritet me VSK)\"><span class=\"cat-post-crop cat-post-format cat-post-format-standard\"><img loading=\"lazy\" decoding=\"async\" width=\"200\" height=\"200\" src=\"https:\/\/careleaverpp.org\/wp-content\/uploads\/2018\/07\/Virtual-School-Kent-logo.jpg\" class=\"attachment- size- wp-post-image\" alt=\"\" data-cat-posts-width=\"200\" data-cat-posts-height=\"200\" srcset=\"https:\/\/careleaverpp.org\/wp-content\/uploads\/2018\/07\/Virtual-School-Kent-logo.jpg 750w, https:\/\/careleaverpp.org\/wp-content\/uploads\/2018\/07\/Virtual-School-Kent-logo-200x133.jpg 200w, https:\/\/careleaverpp.org\/wp-content\/uploads\/2018\/07\/Virtual-School-Kent-logo-300x200.jpg 300w\" sizes=\"auto, (max-width: 200px) 100vw, 200px\" \/><\/span><\/a><\/div><\/li><li class='cat-post-item'><div><a class=\"cat-post-title\" href=\"https:\/\/careleaverpp.org\/sq\/the-dwps-commitment-to-care-leavers\/\" rel=\"bookmark\">Angazhimi i DWP ndaj larguesve t\u00eb kujdesit<\/a><\/div><div><a class=\"cat-post-thumbnail cat-post-none\" href=\"https:\/\/careleaverpp.org\/sq\/the-dwps-commitment-to-care-leavers\/\" title=\"Angazhimi i DWP-s\u00eb p\u00ebr t\u00eb larguarit nga kujdesi\"><span class=\"cat-post-crop cat-post-format cat-post-format-standard\"><img loading=\"lazy\" decoding=\"async\" width=\"200\" height=\"200\" src=\"https:\/\/careleaverpp.org\/wp-content\/uploads\/2024\/12\/jobcentreplus.jpg\" class=\"attachment- size- wp-post-image\" alt=\"\" data-cat-posts-width=\"200\" data-cat-posts-height=\"200\" srcset=\"https:\/\/careleaverpp.org\/wp-content\/uploads\/2024\/12\/jobcentreplus.jpg 1134w, https:\/\/careleaverpp.org\/wp-content\/uploads\/2024\/12\/jobcentreplus-300x211.jpg 300w, https:\/\/careleaverpp.org\/wp-content\/uploads\/2024\/12\/jobcentreplus-1024x721.jpg 1024w, https:\/\/careleaverpp.org\/wp-content\/uploads\/2024\/12\/jobcentreplus-200x141.jpg 200w, https:\/\/careleaverpp.org\/wp-content\/uploads\/2024\/12\/jobcentreplus-768x541.jpg 768w, https:\/\/careleaverpp.org\/wp-content\/uploads\/2024\/12\/jobcentreplus-18x12.jpg 18w\" sizes=\"auto, (max-width: 200px) 100vw, 200px\" \/><\/span><\/a><\/div><\/li><li class='cat-post-item'><div><a class=\"cat-post-title\" href=\"https:\/\/careleaverpp.org\/sq\/social-enterprise-kent-seks-elevate-programme\/\" rel=\"bookmark\">Programi Elevate i Nd\u00ebrmarrjeve Sociale Kent (SEK).<\/a><\/div><div><a class=\"cat-post-thumbnail cat-post-none\" href=\"https:\/\/careleaverpp.org\/sq\/social-enterprise-kent-seks-elevate-programme\/\" title=\"Programi Elevate i Nd\u00ebrmarrjes Sociale Kent (SEK).\"><span class=\"cat-post-crop cat-post-format cat-post-format-standard\"><img loading=\"lazy\" decoding=\"async\" width=\"200\" height=\"200\" src=\"https:\/\/careleaverpp.org\/wp-content\/uploads\/2024\/12\/Elevate-Success.jpg\" class=\"attachment- size- wp-post-image\" alt=\"\" data-cat-posts-width=\"200\" data-cat-posts-height=\"200\" srcset=\"https:\/\/careleaverpp.org\/wp-content\/uploads\/2024\/12\/Elevate-Success.jpg 800w, https:\/\/careleaverpp.org\/wp-content\/uploads\/2024\/12\/Elevate-Success-300x167.jpg 300w, https:\/\/careleaverpp.org\/wp-content\/uploads\/2024\/12\/Elevate-Success-200x111.jpg 200w, https:\/\/careleaverpp.org\/wp-content\/uploads\/2024\/12\/Elevate-Success-768x427.jpg 768w, https:\/\/careleaverpp.org\/wp-content\/uploads\/2024\/12\/Elevate-Success-18x10.jpg 18w\" sizes=\"auto, (max-width: 200px) 100vw, 200px\" \/><\/span><\/a><\/div><\/li><li class='cat-post-item'><div><a class=\"cat-post-title\" href=\"https:\/\/careleaverpp.org\/sq\/ty-lockes-lived-experience\/\" rel=\"bookmark\">P\u00ebrvoja e jetuar e Ty Locke<\/a><\/div><div><a class=\"cat-post-thumbnail cat-post-none\" href=\"https:\/\/careleaverpp.org\/sq\/ty-lockes-lived-experience\/\" title=\"P\u00ebrvoja e jetuar e Ty Locke\"><span class=\"cat-post-crop cat-post-format cat-post-format-video\"><img loading=\"lazy\" decoding=\"async\" width=\"200\" height=\"200\" src=\"https:\/\/careleaverpp.org\/wp-content\/uploads\/2024\/12\/Screenshot-2024-12-04-at-12.06.18.png\" class=\"attachment- size- wp-post-image\" alt=\"\" data-cat-posts-width=\"200\" data-cat-posts-height=\"200\" srcset=\"https:\/\/careleaverpp.org\/wp-content\/uploads\/2024\/12\/Screenshot-2024-12-04-at-12.06.18.png 2694w, https:\/\/careleaverpp.org\/wp-content\/uploads\/2024\/12\/Screenshot-2024-12-04-at-12.06.18-300x214.png 300w, https:\/\/careleaverpp.org\/wp-content\/uploads\/2024\/12\/Screenshot-2024-12-04-at-12.06.18-1024x732.png 1024w, https:\/\/careleaverpp.org\/wp-content\/uploads\/2024\/12\/Screenshot-2024-12-04-at-12.06.18-200x143.png 200w, https:\/\/careleaverpp.org\/wp-content\/uploads\/2024\/12\/Screenshot-2024-12-04-at-12.06.18-768x549.png 768w, https:\/\/careleaverpp.org\/wp-content\/uploads\/2024\/12\/Screenshot-2024-12-04-at-12.06.18-1536x1098.png 1536w, https:\/\/careleaverpp.org\/wp-content\/uploads\/2024\/12\/Screenshot-2024-12-04-at-12.06.18-2048x1464.png 2048w, https:\/\/careleaverpp.org\/wp-content\/uploads\/2024\/12\/Screenshot-2024-12-04-at-12.06.18-18x12.png 18w\" sizes=\"auto, (max-width: 200px) 100vw, 200px\" \/><\/span><\/a><\/div><\/li><\/ul>\n<\/div><div class=\"widget widget_text sidebar__widget\"><h6>Ngjarje t\u00eb ardhshme<\/h6><ul id=\"category-posts-4-internal\" class=\"category-posts-internal\">\n<li class='cat-post-item'><div><a class=\"cat-post-title\" href=\"https:\/\/careleaverpp.org\/sq\/uca-live-online-webinars\/\" rel=\"bookmark\">UCA Live \u2013 Webinare n\u00eb internet<\/a><\/div><div><a class=\"cat-post-thumbnail cat-post-none\" href=\"https:\/\/careleaverpp.org\/sq\/uca-live-online-webinars\/\" title=\"UCA Live \u2013 Webinare n\u00eb internet\"><span class=\"cat-post-crop cat-post-format cat-post-format-standard\"><img loading=\"lazy\" decoding=\"async\" width=\"200\" height=\"200\" src=\"https:\/\/careleaverpp.org\/wp-content\/uploads\/2025\/01\/Screenshot-2025-01-22-at-10.21.07.png\" class=\"attachment- size- wp-post-image\" alt=\"\" data-cat-posts-width=\"200\" data-cat-posts-height=\"200\" srcset=\"https:\/\/careleaverpp.org\/wp-content\/uploads\/2025\/01\/Screenshot-2025-01-22-at-10.21.07.png 414w, https:\/\/careleaverpp.org\/wp-content\/uploads\/2025\/01\/Screenshot-2025-01-22-at-10.21.07-300x147.png 300w, https:\/\/careleaverpp.org\/wp-content\/uploads\/2025\/01\/Screenshot-2025-01-22-at-10.21.07-200x98.png 200w, https:\/\/careleaverpp.org\/wp-content\/uploads\/2025\/01\/Screenshot-2025-01-22-at-10.21.07-18x9.png 18w\" sizes=\"auto, (max-width: 200px) 100vw, 200px\" \/><\/span><\/a><\/div><\/li><li class='cat-post-item'><div><a class=\"cat-post-title\" href=\"https:\/\/careleaverpp.org\/sq\/ask-the-students-at-the-university-for-the-creative-arts\/\" rel=\"bookmark\">Pyetni student\u00ebt n\u00eb Universitetin p\u00ebr Artet Kreative<\/a><\/div><div><a class=\"cat-post-thumbnail cat-post-none\" href=\"https:\/\/careleaverpp.org\/sq\/ask-the-students-at-the-university-for-the-creative-arts\/\" title=\"Pyetni student\u00ebt n\u00eb Universitetin p\u00ebr Artet Kreative\"><span class=\"cat-post-crop cat-post-format cat-post-format-standard\"><img loading=\"lazy\" decoding=\"async\" width=\"200\" height=\"200\" src=\"https:\/\/careleaverpp.org\/wp-content\/uploads\/2025\/01\/Screenshot-2025-01-22-at-10.17.34.png\" class=\"attachment- size- wp-post-image\" alt=\"\" data-cat-posts-width=\"200\" data-cat-posts-height=\"200\" srcset=\"https:\/\/careleaverpp.org\/wp-content\/uploads\/2025\/01\/Screenshot-2025-01-22-at-10.17.34.png 543w, https:\/\/careleaverpp.org\/wp-content\/uploads\/2025\/01\/Screenshot-2025-01-22-at-10.17.34-300x166.png 300w, https:\/\/careleaverpp.org\/wp-content\/uploads\/2025\/01\/Screenshot-2025-01-22-at-10.17.34-200x110.png 200w, https:\/\/careleaverpp.org\/wp-content\/uploads\/2025\/01\/Screenshot-2025-01-22-at-10.17.34-18x10.png 18w\" sizes=\"auto, (max-width: 200px) 100vw, 200px\" \/><\/span><\/a><\/div><\/li><li class='cat-post-item'><div><a class=\"cat-post-title\" href=\"https:\/\/careleaverpp.org\/sq\/campus-tours-at-the-university-for-the-creative-arts\/\" rel=\"bookmark\">Udh\u00ebtime n\u00eb kampus n\u00eb Universitetin p\u00ebr Artet Kreative<\/a><\/div><div><a class=\"cat-post-thumbnail cat-post-none\" href=\"https:\/\/careleaverpp.org\/sq\/campus-tours-at-the-university-for-the-creative-arts\/\" title=\"Udh\u00ebtime n\u00eb kampus n\u00eb Universitetin p\u00ebr Artet Kreative\"><span class=\"cat-post-crop cat-post-format cat-post-format-standard\"><img loading=\"lazy\" decoding=\"async\" width=\"200\" height=\"200\" src=\"https:\/\/careleaverpp.org\/wp-content\/uploads\/2025\/01\/Screenshot-2025-01-22-at-10.14.03.png\" class=\"attachment- size- wp-post-image\" alt=\"\" data-cat-posts-width=\"200\" data-cat-posts-height=\"200\" srcset=\"https:\/\/careleaverpp.org\/wp-content\/uploads\/2025\/01\/Screenshot-2025-01-22-at-10.14.03.png 402w, https:\/\/careleaverpp.org\/wp-content\/uploads\/2025\/01\/Screenshot-2025-01-22-at-10.14.03-300x203.png 300w, https:\/\/careleaverpp.org\/wp-content\/uploads\/2025\/01\/Screenshot-2025-01-22-at-10.14.03-200x135.png 200w, https:\/\/careleaverpp.org\/wp-content\/uploads\/2025\/01\/Screenshot-2025-01-22-at-10.14.03-18x12.png 18w\" sizes=\"auto, (max-width: 200px) 100vw, 200px\" \/><\/span><\/a><\/div><\/li><li class='cat-post-item'><div><a class=\"cat-post-title\" href=\"https:\/\/careleaverpp.org\/sq\/undergraduate-open-days-at-the-university-for-the-creative-arts\/\" rel=\"bookmark\">Dit\u00ebt e Hapura universitare n\u00eb Universitetin p\u00ebr Artet Kreative<\/a><\/div><div><a class=\"cat-post-thumbnail cat-post-none\" href=\"https:\/\/careleaverpp.org\/sq\/undergraduate-open-days-at-the-university-for-the-creative-arts\/\" title=\"Dit\u00ebt e Hapura universitare n\u00eb Universitetin p\u00ebr Artet Kreative\"><span class=\"cat-post-crop cat-post-format cat-post-format-standard\"><img loading=\"lazy\" decoding=\"async\" width=\"200\" height=\"200\" src=\"https:\/\/careleaverpp.org\/wp-content\/uploads\/2025\/01\/Screenshot-2025-01-22-at-10.11.18.png\" class=\"attachment- size- wp-post-image\" alt=\"\" data-cat-posts-width=\"200\" data-cat-posts-height=\"200\" srcset=\"https:\/\/careleaverpp.org\/wp-content\/uploads\/2025\/01\/Screenshot-2025-01-22-at-10.11.18.png 461w, https:\/\/careleaverpp.org\/wp-content\/uploads\/2025\/01\/Screenshot-2025-01-22-at-10.11.18-300x170.png 300w, https:\/\/careleaverpp.org\/wp-content\/uploads\/2025\/01\/Screenshot-2025-01-22-at-10.11.18-200x113.png 200w, https:\/\/careleaverpp.org\/wp-content\/uploads\/2025\/01\/Screenshot-2025-01-22-at-10.11.18-18x10.png 18w\" sizes=\"auto, (max-width: 200px) 100vw, 200px\" \/><\/span><\/a><\/div><\/li><\/ul>\n<\/div><div class=\"widget widget_text sidebar__widget\"><h6>Tweetet tona<\/h6><div class=\"twitter-feed\"><div class=\"tweets-feed\" data-amount=\"2\" data-widget-id=\"\" data-user-name=\"CareLeaverPP\"><\/div><\/div><\/div>\n\t\t<\/div>\n\t<\/div>\n<\/div><\/div><\/div><\/div><div class=\"vc_row wpb_row vc_inner vc_row-fluid\"><div class=\"wpb_column column_container col-sm-4\"><div class=\"vc_column-inner\"><div class=\"wpb_wrapper\">\n\t\t\t<div class=\"feature feature-1 standard\">\n\t\t\t\t<i class=\"icon--pillar icon-Download\"><\/i>\n\t\t\t\t<h5>Lexo m\u00eb shum\u00eb Rreth Nesh<\/h5>\n\t\t\t\t<p>Shkarkoni nj\u00eb p\u00ebrmbledhje t\u00eb CLPP, Kushtet tona t\u00eb referenc\u00ebs ose planin ton\u00eb 2017-19 m\u00eb posht\u00eb:<\/p>\n<ul>\n<li><a href=\"https:\/\/careleaverpp.org\/wp-content\/uploads\/2019\/01\/CLPP-Overview.pdf\" target=\"_blank\" rel=\"noopener noreferrer\">P\u00ebrmbledhje e CLPP<\/a><a href=\"https:\/\/careleaverpp.org\/wp-content\/uploads\/2016\/11\/CLPP-Outcome-Measures-2016-17.pdf\" target=\"_blank\" rel=\"noopener noreferrer\">\u00a0<\/a><\/li>\n<li><a href=\"https:\/\/careleaverpp.org\/wp-content\/uploads\/2019\/01\/CLPP-ToR-2018-19.doc\" target=\"_blank\" rel=\"noopener noreferrer\">CLPP ToR 2018-19<\/a><\/li>\n<li><a href=\"https:\/\/careleaverpp.org\/wp-content\/uploads\/2019\/01\/Plan-and-Objectives-2017-19.pdf\" target=\"_blank\" rel=\"noopener noreferrer\">Plani dhe Objektivat 2017-19<\/a><\/li>\n<\/ul>\n<p>\n\n\t\t\t<\/div>\n\t\t<\/div><\/div><\/div><div class=\"wpb_column column_container col-sm-4\"><div class=\"vc_column-inner\"><div class=\"wpb_wrapper\">\n\t\t\t<div class=\"feature feature-1 standard\">\n\t\t\t\t<i class=\"icon--pillar icon-Address-Book\"><\/i>\n\t\t\t\t<h5>Partner\u00ebt tan\u00eb<\/h5>\n\t\t\t\t<p>Partner\u00ebt tan\u00eb jan\u00eb thelb\u00ebsor\u00eb n\u00eb p\u00ebrparimin e personave q\u00eb braktisin kujdesin. Zbuloni se cil\u00ebt jan\u00eb partner\u00ebt tan\u00eb, \u00e7far\u00eb b\u00ebjn\u00eb ata dhe si t&#039;i kontaktoni ata;<\/p>\n<p><a href=\"https:\/\/careleaverpp.org\/sq\/partners\/\">Shikoni partner\u00ebt tan\u00eb<\/a><\/p>\n\n\t\t\t<\/div>\n\t\t<\/div><\/div><\/div><div class=\"wpb_column column_container col-sm-4\"><div class=\"vc_column-inner\"><div class=\"wpb_wrapper\">\n\t\t\t<div class=\"feature feature-1 standard\">\n\t\t\t\t<i class=\"icon--pillar icon-Aerobics\"><\/i>\n\t\t\t\t<h5>A jeni largues i kujdesit?<\/h5>\n\t\t\t\t<p>N\u00ebse largoheni s\u00eb shpejti nga kujdesi dhe d\u00ebshironi t\u00eb m\u00ebsoni m\u00eb shum\u00eb informacion, ju lutemi vizitoni seksionin ton\u00eb t\u00eb l\u00ebnies s\u00eb kujdesit:<\/p>\n<p><a href=\"https:\/\/careleaverpp.org\/sq\/information-for-care-leavers\/\">Informacion p\u00ebr t\u00eb larguarit nga kujdesi<\/a><\/p>\n\n\t\t\t<\/div>\n\t\t<\/div><\/div><\/div><\/div><\/div><\/div><\/div><\/div><\/div><\/section>","protected":false},"excerpt":{"rendered":"Dit\u00ebt e Hapura t\u00eb UCA-s ju japin mund\u00ebsin\u00eb t\u00eb eksploroni kampuset e tyre, t\u00eb takoheni me akademik\u00ebt dhe ambasador\u00ebt e tyre studentor\u00eb, t\u00eb merrni pjes\u00eb n\u00eb bisedimet e kursit dhe t\u00eb merrni p\u00ebrgjigje p\u00ebr pyetjet tuaja, si dhe t\u00eb gjeni informacione t\u00eb dobishme rreth akomodimit, tarifave dhe financimit. Dita e tyre e ardhshme e hapur \u00ebsht\u00eb t\u00eb shtun\u00ebn m\u00eb 26 prill 2025 dhe zgjat nga ora 9:30-15:00, me kampusin e fundit [...]","protected":false},"author":2,"featured_media":0,"parent":0,"menu_order":1,"comment_status":"closed","ping_status":"closed","template":"","meta":{"_acf_changed":false,"footnotes":""},"class_list":["post-5","page","type-page","status-publish","hentry"],"acf":[],"_links":{"self":[{"href":"https:\/\/careleaverpp.org\/sq\/wp-json\/wp\/v2\/pages\/5","targetHints":{"allow":["GET"]}}],"collection":[{"href":"https:\/\/careleaverpp.org\/sq\/wp-json\/wp\/v2\/pages"}],"about":[{"href":"https:\/\/careleaverpp.org\/sq\/wp-json\/wp\/v2\/types\/page"}],"author":[{"embeddable":true,"href":"https:\/\/careleaverpp.org\/sq\/wp-json\/wp\/v2\/users\/2"}],"replies":[{"embeddable":true,"href":"https:\/\/careleaverpp.org\/sq\/wp-json\/wp\/v2\/comments?post=5"}],"version-history":[{"count":2,"href":"https:\/\/careleaverpp.org\/sq\/wp-json\/wp\/v2\/pages\/5\/revisions"}],"predecessor-version":[{"id":2448,"href":"https:\/\/careleaverpp.org\/sq\/wp-json\/wp\/v2\/pages\/5\/revisions\/2448"}],"wp:attachment":[{"href":"https:\/\/careleaverpp.org\/sq\/wp-json\/wp\/v2\/media?parent=5"}],"curies":[{"name":"wp","href":"https:\/\/api.w.org\/{rel}","templated":true}]}}