{"id":694,"date":"2017-01-13T14:38:57","date_gmt":"2017-01-13T14:38:57","guid":{"rendered":"https:\/\/careleaverpp.org\/?page_id=694"},"modified":"2019-06-14T12:02:05","modified_gmt":"2019-06-14T11:02:05","slug":"information-for-care-leavers","status":"publish","type":"page","link":"https:\/\/careleaverpp.org\/sk\/information-for-care-leavers\/","title":{"rendered":"Inform\u00e1cie pre absolventov starostlivosti"},"content":{"rendered":"<section class=\"vc_row wpb_row vc_row-fluid\"><div class=\"container\"><div class=\"row\"><div class=\"wpb_column column_container col-sm-12\"><div class=\"vc_column-inner\"><div class=\"wpb_wrapper\"><h1 style=\"font-size: 4em;color: #676666;line-height: 1.015;text-align: center;font-family:Roboto;font-weight:400;font-style:normal\" class=\"vc_custom_heading\" >Inform\u00e1cie pre absolventov starostlivosti<\/h1><div class=\"vc_separator wpb_content_element vc_separator_align_center vc_sep_width_100 vc_sep_pos_align_center vc_separator_no_text vc_sep_color_grey\" ><span class=\"vc_sep_holder vc_sep_holder_l\"><span  class=\"vc_sep_line\"><\/span><\/span><span class=\"vc_sep_holder vc_sep_holder_r\"><span  class=\"vc_sep_line\"><\/span><\/span>\n<\/div><div class=\"vc_row wpb_row vc_inner vc_row-fluid\"><div class=\"wpb_column column_container col-sm-8\"><div class=\"vc_column-inner\"><div class=\"wpb_wrapper\">\n\t<div class=\"wpb_text_column wpb_content_element\" >\n\t\t<div class=\"wpb_wrapper\">\n\t\t\t<p><img loading=\"lazy\" decoding=\"async\" class=\"alignright wp-image-696\" src=\"https:\/\/careleaverpp.org\/wp-content\/uploads\/2016\/11\/care-leavers-information-1024x683.jpeg\" width=\"400\" height=\"267\" srcset=\"https:\/\/careleaverpp.org\/wp-content\/uploads\/2016\/11\/care-leavers-information-1024x683.jpeg 1024w, https:\/\/careleaverpp.org\/wp-content\/uploads\/2016\/11\/care-leavers-information-300x200.jpeg 300w, https:\/\/careleaverpp.org\/wp-content\/uploads\/2016\/11\/care-leavers-information-768x512.jpeg 768w, https:\/\/careleaverpp.org\/wp-content\/uploads\/2016\/11\/care-leavers-information.jpeg 1920w\" sizes=\"auto, (max-width: 400px) 100vw, 400px\" \/><\/p>\n<p>M\u00e1te sk\u00fasenos\u0165 s opatrovan\u00edm? Zauj\u00edma v\u00e1s, ak\u00e1 podpora a rady by v\u00e1m mohli by\u0165 k dispoz\u00edcii, ke\u010f sa chyst\u00e1te prejs\u0165 zo \u0161koly na vysok\u00fa \u0161kolu, univerzitu alebo do \u0161koliaceho programu?<\/p>\n<p>Ak by ste chceli by\u0165 v kontakte s niek\u00fdm, kto by v\u00e1m mohol pom\u00f4c\u0165, kontaktujte Ninu pomocou n\u00e1\u0161ho <a href=\"https:\/\/careleaverpp.org\/sk\/contact\/\">kontaktn\u00e1 str\u00e1nka<\/a>.<\/p>\n<p>Na na\u0161om <a href=\"https:\/\/careleaverpp.org\/sk\/partners\/\">partnersk\u00e9 str\u00e1nky <\/a>m\u00f4\u017eete si vyh\u013eada\u0165 jednotliv\u00e9 in\u0161tit\u00facie v Kente a Medway, aby ste videli, \u010do pon\u00fakaj\u00fa osob\u00e1m, ktor\u00e9 op\u00fa\u0161\u0165aj\u00fa starostlivos\u0165.<\/p>\n<p>Niektor\u00e9 zdroje v\u00e1m m\u00f4\u017eu pom\u00f4c\u0165 aj na na\u0161ej str\u00e1nke <a href=\"https:\/\/careleaverpp.org\/sk\/resources\/\">str\u00e1nka zdrojov<\/a>.<\/p>\n<p><strong>Ni\u017e\u0161ie s\u00fa uveden\u00e9 niektor\u00e9 \u010fal\u0161ie str\u00e1nky, ktor\u00e9 by v\u00e1m mohli pom\u00f4c\u0165:<\/strong><\/p>\n<p><strong>Virtu\u00e1lna \u0161kola Kent (VSK) \u2013 <\/strong><em>VSK<\/em> spolupracova\u0165 so zamestnancami \u0161k\u00f4l, vysok\u00fdch \u0161k\u00f4l a in\u00fdch in\u0161tit\u00faci\u00ed a podporn\u00fdch slu\u017eieb s cie\u013eom koordinova\u0165 vzdel\u00e1vacie slu\u017eby pre deti v opatrovate\u013eskej starostlivosti a pre mlad\u00fdch \u013eud\u00ed, ktor\u00ed odch\u00e1dzaj\u00fa zo starostlivosti. Nav\u0161t\u00edvte ich webov\u00fa str\u00e1nku a zistite viac o tom, \u010do robia a ako v\u00e1s m\u00f4\u017eu podpori\u0165, alebo ich kontaktujte pomocou kontaktn\u00e9ho formul\u00e1ra na ich str\u00e1nke \u2013 <a href=\"http:\/\/www.virtualschool.lea.kent.sch.uk\/\" target=\"_blank\" rel=\"noopener noreferrer\">Virtu\u00e1lna \u0161kola v Kente<\/a>.<\/p>\n<p><strong>Sta\u0165 sa - <\/strong><em>Sta\u0165 sa<\/em> je n\u00e1rodn\u00e1 charita pre deti v opatere a op\u00fa\u0161\u0165aj\u00facich deti. Na ich webovej str\u00e1nke n\u00e1jdete mno\u017estvo inform\u00e1ci\u00ed o dostupnej pomoci a podpore \u2013 <a href=\"http:\/\/www.becomecharity.org.uk\/\" target=\"_blank\" rel=\"noopener noreferrer\">Sta\u0148te sa dobro\u010dinnos\u0165ou<\/a> \u2013 alebo ich kontaktujte na ich priate\u013eskej poradenskej linke Bezplatn\u00fd telef\u00f3n 0800 023 2033 \/ <a href=\"mailto:advice@becomecharity.org.uk\" target=\"_blank\" rel=\"noopener noreferrer\">aid@becomecharity.org.uk<\/a><\/p>\n<p><strong>Poh\u00e1\u0148a\u0165<\/strong> <strong>&#8211;<\/strong> <em>Poh\u00e1\u0148a\u0165 <\/em>je webov\u00e1 str\u00e1nka, ktor\u00fa prev\u00e1dzkuje spolo\u010dnos\u0165 <em>Sta\u0165 sa <\/em>dobro\u010dinnos\u0165. Poskytuje inform\u00e1cie o tom, ak\u00e1 podpora je k dispoz\u00edcii pre absolventov starostlivosti na vysokej \u0161kole a univerzite. Na str\u00e1nke n\u00e1jdete v\u0161eobecn\u00e9 inform\u00e1cie o pomoci pri pod\u00e1van\u00ed \u017eiadost\u00ed, financovan\u00ed a ubytovan\u00ed, ako aj o n\u00e1stroji na vyh\u013ead\u00e1vanie jednotliv\u00fdch vysok\u00fdch \u0161k\u00f4l a univerz\u00edt, aby ste zistili, ak\u00fa pomoc a podporu pon\u00fakaj\u00fa absolventom starostlivosti \u2013 <a href=\"http:\/\/propel.org.uk\/UK\/\" target=\"_blank\" rel=\"noopener noreferrer\"><span style=\"color: #0066cc;\">Poh\u00e1\u0148a\u0165<\/span><\/a>.<\/p>\n<p><strong>N\u00e1rodn\u00e1 sie\u0165 pre vzdel\u00e1vanie opatrovate\u013eov (NNECL)<\/strong>\u00a0<strong>&#8211; <\/strong><em>NNECL<\/em> je n\u00e1rodnou organiz\u00e1ciou, ktor\u00e1 poskytuje inform\u00e1cie o vysoko\u0161kolsk\u00fdch aktivit\u00e1ch a zdrojoch pre opusten\u00e9 deti, deti v opatere a t\u00fdch, ktor\u00ed ich podporuj\u00fa \u2013 <a href=\"http:\/\/nnecl.org\/\" target=\"_blank\" rel=\"noopener noreferrer\"><span style=\"color: #0066cc;\">NNECL<\/span><\/a>.<\/p>\n\n\t\t<\/div>\n\t<\/div>\n<\/div><\/div><\/div><div class=\"wpb_column column_container col-sm-4\"><div class=\"vc_column-inner\"><div class=\"wpb_wrapper\"><div  class=\"wpb_widgetised_column wpb_content_element\">\n\t\t<div class=\"wpb_wrapper\">\n\t\t\t\n\t\t\t<div class=\"widget widget_text sidebar__widget\"><h6>Najnov\u0161ie spr\u00e1vy<\/h6><ul id=\"category-posts-5-internal\" class=\"category-posts-internal\">\n<li class='cat-post-item'><div><a class=\"cat-post-title\" href=\"https:\/\/careleaverpp.org\/sk\/vskat-education-psychologist-and-education-provision-in-partnership-with-vsk\/\" rel=\"bookmark\">Vzdel\u00e1vac\u00ed psychol\u00f3g VSKAT a poskytovanie vzdel\u00e1vania (v spolupr\u00e1ci s VSK)<\/a><\/div><div><a class=\"cat-post-thumbnail cat-post-none\" href=\"https:\/\/careleaverpp.org\/sk\/vskat-education-psychologist-and-education-provision-in-partnership-with-vsk\/\" title=\"Vzdel\u00e1vac\u00ed psychol\u00f3g VSKAT a poskytovanie vzdel\u00e1vania (v spolupr\u00e1ci s VSK)\"><span class=\"cat-post-crop cat-post-format cat-post-format-standard\"><img loading=\"lazy\" decoding=\"async\" width=\"200\" height=\"200\" src=\"https:\/\/careleaverpp.org\/wp-content\/uploads\/2018\/07\/Virtual-School-Kent-logo.jpg\" class=\"attachment- size- wp-post-image\" alt=\"\" data-cat-posts-width=\"200\" data-cat-posts-height=\"200\" srcset=\"https:\/\/careleaverpp.org\/wp-content\/uploads\/2018\/07\/Virtual-School-Kent-logo.jpg 750w, https:\/\/careleaverpp.org\/wp-content\/uploads\/2018\/07\/Virtual-School-Kent-logo-200x133.jpg 200w, https:\/\/careleaverpp.org\/wp-content\/uploads\/2018\/07\/Virtual-School-Kent-logo-300x200.jpg 300w\" sizes=\"auto, (max-width: 200px) 100vw, 200px\" \/><\/span><\/a><\/div><\/li><li class='cat-post-item'><div><a class=\"cat-post-title\" href=\"https:\/\/careleaverpp.org\/sk\/the-dwps-commitment-to-care-leavers\/\" rel=\"bookmark\">Z\u00e1v\u00e4zok DWP k starostlivosti o absolventov<\/a><\/div><div><a class=\"cat-post-thumbnail cat-post-none\" href=\"https:\/\/careleaverpp.org\/sk\/the-dwps-commitment-to-care-leavers\/\" title=\"Z\u00e1v\u00e4zok DWP k starostlivosti o absolventov\"><span class=\"cat-post-crop cat-post-format cat-post-format-standard\"><img loading=\"lazy\" decoding=\"async\" width=\"200\" height=\"200\" src=\"https:\/\/careleaverpp.org\/wp-content\/uploads\/2024\/12\/jobcentreplus.jpg\" class=\"attachment- size- wp-post-image\" alt=\"\" data-cat-posts-width=\"200\" data-cat-posts-height=\"200\" srcset=\"https:\/\/careleaverpp.org\/wp-content\/uploads\/2024\/12\/jobcentreplus.jpg 1134w, https:\/\/careleaverpp.org\/wp-content\/uploads\/2024\/12\/jobcentreplus-300x211.jpg 300w, https:\/\/careleaverpp.org\/wp-content\/uploads\/2024\/12\/jobcentreplus-1024x721.jpg 1024w, https:\/\/careleaverpp.org\/wp-content\/uploads\/2024\/12\/jobcentreplus-200x141.jpg 200w, https:\/\/careleaverpp.org\/wp-content\/uploads\/2024\/12\/jobcentreplus-768x541.jpg 768w, https:\/\/careleaverpp.org\/wp-content\/uploads\/2024\/12\/jobcentreplus-18x12.jpg 18w\" sizes=\"auto, (max-width: 200px) 100vw, 200px\" \/><\/span><\/a><\/div><\/li><li class='cat-post-item'><div><a class=\"cat-post-title\" href=\"https:\/\/careleaverpp.org\/sk\/social-enterprise-kent-seks-elevate-programme\/\" rel=\"bookmark\">Program Elevate Social Enterprise Kent (SEK).<\/a><\/div><div><a class=\"cat-post-thumbnail cat-post-none\" href=\"https:\/\/careleaverpp.org\/sk\/social-enterprise-kent-seks-elevate-programme\/\" title=\"Program Elevate Social Enterprise Kent (SEK).\"><span class=\"cat-post-crop cat-post-format cat-post-format-standard\"><img loading=\"lazy\" decoding=\"async\" width=\"200\" height=\"200\" src=\"https:\/\/careleaverpp.org\/wp-content\/uploads\/2024\/12\/Elevate-Success.jpg\" class=\"attachment- size- wp-post-image\" alt=\"\" data-cat-posts-width=\"200\" data-cat-posts-height=\"200\" srcset=\"https:\/\/careleaverpp.org\/wp-content\/uploads\/2024\/12\/Elevate-Success.jpg 800w, https:\/\/careleaverpp.org\/wp-content\/uploads\/2024\/12\/Elevate-Success-300x167.jpg 300w, https:\/\/careleaverpp.org\/wp-content\/uploads\/2024\/12\/Elevate-Success-200x111.jpg 200w, https:\/\/careleaverpp.org\/wp-content\/uploads\/2024\/12\/Elevate-Success-768x427.jpg 768w, https:\/\/careleaverpp.org\/wp-content\/uploads\/2024\/12\/Elevate-Success-18x10.jpg 18w\" sizes=\"auto, (max-width: 200px) 100vw, 200px\" \/><\/span><\/a><\/div><\/li><li class='cat-post-item'><div><a class=\"cat-post-title\" href=\"https:\/\/careleaverpp.org\/sk\/ty-lockes-lived-experience\/\" rel=\"bookmark\">Pre\u017eit\u00e1 sk\u00fasenos\u0165 Ty Locka<\/a><\/div><div><a class=\"cat-post-thumbnail cat-post-none\" href=\"https:\/\/careleaverpp.org\/sk\/ty-lockes-lived-experience\/\" title=\"Pre\u017eit\u00e1 sk\u00fasenos\u0165 Ty Locka\"><span class=\"cat-post-crop cat-post-format cat-post-format-video\"><img loading=\"lazy\" decoding=\"async\" width=\"200\" height=\"200\" src=\"https:\/\/careleaverpp.org\/wp-content\/uploads\/2024\/12\/Screenshot-2024-12-04-at-12.06.18.png\" class=\"attachment- size- wp-post-image\" alt=\"\" data-cat-posts-width=\"200\" data-cat-posts-height=\"200\" srcset=\"https:\/\/careleaverpp.org\/wp-content\/uploads\/2024\/12\/Screenshot-2024-12-04-at-12.06.18.png 2694w, https:\/\/careleaverpp.org\/wp-content\/uploads\/2024\/12\/Screenshot-2024-12-04-at-12.06.18-300x214.png 300w, https:\/\/careleaverpp.org\/wp-content\/uploads\/2024\/12\/Screenshot-2024-12-04-at-12.06.18-1024x732.png 1024w, https:\/\/careleaverpp.org\/wp-content\/uploads\/2024\/12\/Screenshot-2024-12-04-at-12.06.18-200x143.png 200w, https:\/\/careleaverpp.org\/wp-content\/uploads\/2024\/12\/Screenshot-2024-12-04-at-12.06.18-768x549.png 768w, https:\/\/careleaverpp.org\/wp-content\/uploads\/2024\/12\/Screenshot-2024-12-04-at-12.06.18-1536x1098.png 1536w, https:\/\/careleaverpp.org\/wp-content\/uploads\/2024\/12\/Screenshot-2024-12-04-at-12.06.18-2048x1464.png 2048w, https:\/\/careleaverpp.org\/wp-content\/uploads\/2024\/12\/Screenshot-2024-12-04-at-12.06.18-18x12.png 18w\" sizes=\"auto, (max-width: 200px) 100vw, 200px\" \/><\/span><\/a><\/div><\/li><\/ul>\n<\/div><div class=\"widget widget_text sidebar__widget\"><h6>Pripravovan\u00e9 akcie<\/h6><ul id=\"category-posts-4-internal\" class=\"category-posts-internal\">\n<li class='cat-post-item'><div><a class=\"cat-post-title\" href=\"https:\/\/careleaverpp.org\/sk\/uca-live-online-webinars\/\" rel=\"bookmark\">UCA Live \u2013 Online webin\u00e1re<\/a><\/div><div><a class=\"cat-post-thumbnail cat-post-none\" href=\"https:\/\/careleaverpp.org\/sk\/uca-live-online-webinars\/\" title=\"UCA Live \u2013 Online webin\u00e1re\"><span class=\"cat-post-crop cat-post-format cat-post-format-standard\"><img loading=\"lazy\" decoding=\"async\" width=\"200\" height=\"200\" src=\"https:\/\/careleaverpp.org\/wp-content\/uploads\/2025\/01\/Screenshot-2025-01-22-at-10.21.07.png\" class=\"attachment- size- wp-post-image\" alt=\"\" data-cat-posts-width=\"200\" data-cat-posts-height=\"200\" srcset=\"https:\/\/careleaverpp.org\/wp-content\/uploads\/2025\/01\/Screenshot-2025-01-22-at-10.21.07.png 414w, https:\/\/careleaverpp.org\/wp-content\/uploads\/2025\/01\/Screenshot-2025-01-22-at-10.21.07-300x147.png 300w, https:\/\/careleaverpp.org\/wp-content\/uploads\/2025\/01\/Screenshot-2025-01-22-at-10.21.07-200x98.png 200w, https:\/\/careleaverpp.org\/wp-content\/uploads\/2025\/01\/Screenshot-2025-01-22-at-10.21.07-18x9.png 18w\" sizes=\"auto, (max-width: 200px) 100vw, 200px\" \/><\/span><\/a><\/div><\/li><li class='cat-post-item'><div><a class=\"cat-post-title\" href=\"https:\/\/careleaverpp.org\/sk\/ask-the-students-at-the-university-for-the-creative-arts\/\" rel=\"bookmark\">Op\u00fdtajte sa \u0161tudentov na Univerzite v\u00fdtvarn\u00fdch umen\u00ed<\/a><\/div><div><a class=\"cat-post-thumbnail cat-post-none\" href=\"https:\/\/careleaverpp.org\/sk\/ask-the-students-at-the-university-for-the-creative-arts\/\" title=\"Op\u00fdtajte sa \u0161tudentov na Univerzite v\u00fdtvarn\u00fdch umen\u00ed\"><span class=\"cat-post-crop cat-post-format cat-post-format-standard\"><img loading=\"lazy\" decoding=\"async\" width=\"200\" height=\"200\" src=\"https:\/\/careleaverpp.org\/wp-content\/uploads\/2025\/01\/Screenshot-2025-01-22-at-10.17.34.png\" class=\"attachment- size- wp-post-image\" alt=\"\" data-cat-posts-width=\"200\" data-cat-posts-height=\"200\" srcset=\"https:\/\/careleaverpp.org\/wp-content\/uploads\/2025\/01\/Screenshot-2025-01-22-at-10.17.34.png 543w, https:\/\/careleaverpp.org\/wp-content\/uploads\/2025\/01\/Screenshot-2025-01-22-at-10.17.34-300x166.png 300w, https:\/\/careleaverpp.org\/wp-content\/uploads\/2025\/01\/Screenshot-2025-01-22-at-10.17.34-200x110.png 200w, https:\/\/careleaverpp.org\/wp-content\/uploads\/2025\/01\/Screenshot-2025-01-22-at-10.17.34-18x10.png 18w\" sizes=\"auto, (max-width: 200px) 100vw, 200px\" \/><\/span><\/a><\/div><\/li><li class='cat-post-item'><div><a class=\"cat-post-title\" href=\"https:\/\/careleaverpp.org\/sk\/campus-tours-at-the-university-for-the-creative-arts\/\" rel=\"bookmark\">Campus Tours na Univerzite pre v\u00fdtvarn\u00e9 umenie<\/a><\/div><div><a class=\"cat-post-thumbnail cat-post-none\" href=\"https:\/\/careleaverpp.org\/sk\/campus-tours-at-the-university-for-the-creative-arts\/\" title=\"Campus Tours na Univerzite pre v\u00fdtvarn\u00e9 umenie\"><span class=\"cat-post-crop cat-post-format cat-post-format-standard\"><img loading=\"lazy\" decoding=\"async\" width=\"200\" height=\"200\" src=\"https:\/\/careleaverpp.org\/wp-content\/uploads\/2025\/01\/Screenshot-2025-01-22-at-10.14.03.png\" class=\"attachment- size- wp-post-image\" alt=\"\" data-cat-posts-width=\"200\" data-cat-posts-height=\"200\" srcset=\"https:\/\/careleaverpp.org\/wp-content\/uploads\/2025\/01\/Screenshot-2025-01-22-at-10.14.03.png 402w, https:\/\/careleaverpp.org\/wp-content\/uploads\/2025\/01\/Screenshot-2025-01-22-at-10.14.03-300x203.png 300w, https:\/\/careleaverpp.org\/wp-content\/uploads\/2025\/01\/Screenshot-2025-01-22-at-10.14.03-200x135.png 200w, https:\/\/careleaverpp.org\/wp-content\/uploads\/2025\/01\/Screenshot-2025-01-22-at-10.14.03-18x12.png 18w\" sizes=\"auto, (max-width: 200px) 100vw, 200px\" \/><\/span><\/a><\/div><\/li><li class='cat-post-item'><div><a class=\"cat-post-title\" href=\"https:\/\/careleaverpp.org\/sk\/undergraduate-open-days-at-the-university-for-the-creative-arts\/\" rel=\"bookmark\">Bakal\u00e1rske dni otvoren\u00fdch dver\u00ed na Vysokej \u0161kole v\u00fdtvarn\u00fdch umen\u00ed<\/a><\/div><div><a class=\"cat-post-thumbnail cat-post-none\" href=\"https:\/\/careleaverpp.org\/sk\/undergraduate-open-days-at-the-university-for-the-creative-arts\/\" title=\"Bakal\u00e1rske dni otvoren\u00fdch dver\u00ed na Vysokej \u0161kole v\u00fdtvarn\u00fdch umen\u00ed\"><span class=\"cat-post-crop cat-post-format cat-post-format-standard\"><img loading=\"lazy\" decoding=\"async\" width=\"200\" height=\"200\" src=\"https:\/\/careleaverpp.org\/wp-content\/uploads\/2025\/01\/Screenshot-2025-01-22-at-10.11.18.png\" class=\"attachment- size- wp-post-image\" alt=\"\" data-cat-posts-width=\"200\" data-cat-posts-height=\"200\" srcset=\"https:\/\/careleaverpp.org\/wp-content\/uploads\/2025\/01\/Screenshot-2025-01-22-at-10.11.18.png 461w, https:\/\/careleaverpp.org\/wp-content\/uploads\/2025\/01\/Screenshot-2025-01-22-at-10.11.18-300x170.png 300w, https:\/\/careleaverpp.org\/wp-content\/uploads\/2025\/01\/Screenshot-2025-01-22-at-10.11.18-200x113.png 200w, https:\/\/careleaverpp.org\/wp-content\/uploads\/2025\/01\/Screenshot-2025-01-22-at-10.11.18-18x10.png 18w\" sizes=\"auto, (max-width: 200px) 100vw, 200px\" \/><\/span><\/a><\/div><\/li><\/ul>\n<\/div><div class=\"widget widget_text sidebar__widget\"><h6>Na\u0161e tweety<\/h6><div class=\"twitter-feed\"><div class=\"tweets-feed\" data-amount=\"2\" data-widget-id=\"\" data-user-name=\"CareLeaverPP\"><\/div><\/div><\/div>\n\t\t<\/div>\n\t<\/div>\n<\/div><\/div><\/div><\/div><\/div><\/div><\/div><\/div><\/div><\/section>","protected":false},"excerpt":{"rendered":"Dni otvoren\u00fdch dver\u00ed UCA v\u00e1m d\u00e1vaj\u00fa pr\u00edle\u017eitos\u0165 presk\u00fama\u0165 ich are\u00e1ly, stretn\u00fa\u0165 sa s ich akademikmi a \u0161tudentsk\u00fdmi ve\u013evyslancami, z\u00fa\u010dastni\u0165 sa predn\u00e1\u0161ok a z\u00edska\u0165 odpovede na va\u0161e ot\u00e1zky, ako aj zisti\u0165 u\u017eito\u010dn\u00e9 inform\u00e1cie o ubytovan\u00ed, poplatkoch a financovan\u00ed. Ich \u010fal\u0161\u00ed De\u0148 otvoren\u00fdch dver\u00ed je v sobotu 26. apr\u00edla 2025 a trv\u00e1 od 9:30 do 15:00, pri\u010dom posledn\u00fd kampus [...]","protected":false},"author":2,"featured_media":0,"parent":0,"menu_order":0,"comment_status":"closed","ping_status":"closed","template":"","meta":{"_acf_changed":false,"footnotes":""},"class_list":["post-694","page","type-page","status-publish","hentry"],"acf":[],"_links":{"self":[{"href":"https:\/\/careleaverpp.org\/sk\/wp-json\/wp\/v2\/pages\/694","targetHints":{"allow":["GET"]}}],"collection":[{"href":"https:\/\/careleaverpp.org\/sk\/wp-json\/wp\/v2\/pages"}],"about":[{"href":"https:\/\/careleaverpp.org\/sk\/wp-json\/wp\/v2\/types\/page"}],"author":[{"embeddable":true,"href":"https:\/\/careleaverpp.org\/sk\/wp-json\/wp\/v2\/users\/2"}],"replies":[{"embeddable":true,"href":"https:\/\/careleaverpp.org\/sk\/wp-json\/wp\/v2\/comments?post=694"}],"version-history":[{"count":0,"href":"https:\/\/careleaverpp.org\/sk\/wp-json\/wp\/v2\/pages\/694\/revisions"}],"wp:attachment":[{"href":"https:\/\/careleaverpp.org\/sk\/wp-json\/wp\/v2\/media?parent=694"}],"curies":[{"name":"wp","href":"https:\/\/api.w.org\/{rel}","templated":true}]}}