{"id":7,"date":"2016-11-25T15:52:11","date_gmt":"2016-11-25T15:52:11","guid":{"rendered":"https:\/\/careleaverpp.org\/?page_id=7"},"modified":"2019-06-10T13:06:09","modified_gmt":"2019-06-10T12:06:09","slug":"home","status":"publish","type":"page","link":"https:\/\/careleaverpp.org\/ro\/","title":{"rendered":"Acas\u0103"},"content":{"rendered":"<div data-vc-full-width=\"false\" data-vc-full-width-init=\"false\" class=\"vc_row wpb_row vc_row-fluid vc_custom_1560168363302 vc_row-has-fill vc_row-o-content-bottom vc_row-flex\"><div class=\"text-center wpb_column column_container col-sm-12\"><div class=\"vc_column-inner\"><div class=\"wpb_wrapper\">\n\t\t\t<section class=\"cover cover-11 height-80 imagebg parallax\" data-overlay=\"4\">\n\t\t\t\t<div class=\"background-image-holder background--bottom\">\n\t\t\t\t\t<img loading=\"lazy\" decoding=\"async\" width=\"1920\" height=\"1280\" src=\"https:\/\/careleaverpp.org\/wp-content\/uploads\/2016\/11\/care-leavers-information.jpeg\" class=\"attachment-full size-full\" alt=\"\" srcset=\"https:\/\/careleaverpp.org\/wp-content\/uploads\/2016\/11\/care-leavers-information.jpeg 1920w, https:\/\/careleaverpp.org\/wp-content\/uploads\/2016\/11\/care-leavers-information-300x200.jpeg 300w, https:\/\/careleaverpp.org\/wp-content\/uploads\/2016\/11\/care-leavers-information-768x512.jpeg 768w, https:\/\/careleaverpp.org\/wp-content\/uploads\/2016\/11\/care-leavers-information-1024x683.jpeg 1024w\" sizes=\"auto, (max-width: 1920px) 100vw, 1920px\" \/>\n\t\t\t\t<\/div>\n\t\t\t\t<div class=\"container pos-vertical-center\">\n\t\t\t\t\t<div class=\"row\">\n\t\t\t\t\t\t<div class=\"col-sm-10 col-sm-offset-1\">\n\t\t\t\t\t\t\t\n\t<div class=\"wpb_text_column wpb_content_element\" >\n\t\t<div class=\"wpb_wrapper\">\n\t\t\t<h1 style=\"text-align: center;\"><span style=\"font-family: montserrat;\">Cre\u0219tere,<\/span> <em>A merge inainte<\/em><\/h1>\n<p class=\"lead\" style=\"text-align: center;\">Suntem un parteneriat de organiza\u021bii din Kent \u0219i Medway, angaja\u021bi s\u0103 \u00eembun\u0103t\u0103\u021beasc\u0103 experien\u021ba de educa\u021bie \u0219i formare post-16 pentru copiii locali afla\u021bi \u00een \u00eengrijire \u0219i care p\u0103r\u0103sesc \u00eengrijirea.<\/p>\n\n\t\t<\/div>\n\t<\/div>\n<div class=\"vc_empty_space\"   style=\"height: 52px\"><span class=\"vc_empty_space_inner\"><\/span><\/div>\n\t\t\t\t\t\t<\/div>\n\t\t\t\t\t<\/div><!--end row-->\n\t\t\t\t<\/div><!--end container-->\n\t\t\t<\/section>\n\t\t<\/div><\/div><\/div><\/div><section class=\"vc_row wpb_row vc_row-fluid vc_custom_1484320222572\"><div class=\"container\"><div class=\"row\"><div class=\"wpb_column column_container col-sm-2\"><div class=\"vc_column-inner\"><div class=\"wpb_wrapper\"><\/div><\/div><\/div><div class=\"wpb_column column_container col-sm-8\"><div class=\"vc_column-inner\"><div class=\"wpb_wrapper\">\n\t<div class=\"wpb_text_column wpb_content_element\" >\n\t\t<div class=\"wpb_wrapper\">\n\t\t\t<h3 style=\"text-align: center;\">Parteneriat pentru progresul persoanelor care p\u0103r\u0103sesc \u00eengrijirea<\/h3>\n<p class=\"lead\" style=\"text-align: center;\">Efortul nostru colectiv este de a \u00een\u021belege mai bine \u0219i de a elimina barierele din calea educa\u021biei \u0219i form\u0103rii post-16 pentru tinerii cu experien\u021b\u0103 \u00een \u00eengrijire din Kent \u0219i Medway.<\/p>\n\n\t\t<\/div>\n\t<\/div>\n<\/div><\/div><\/div><div class=\"wpb_column column_container col-sm-2\"><div class=\"vc_column-inner\"><div class=\"wpb_wrapper\"><\/div><\/div><\/div><\/div><\/div><\/section><section class=\"vc_row wpb_row vc_row-fluid hp-box vc_custom_1484566963468\"><div class=\"container\"><div class=\"row\"><div class=\"wpb_column column_container col-sm-4 col-has-fill\"><div class=\"vc_column-inner vc_custom_1484318222439\"><div class=\"wpb_wrapper\">\n\t<div  class=\"wpb_single_image wpb_content_element vc_align_left\">\n\t\t\n\t\t<figure class=\"wpb_wrapper vc_figure\">\n\t\t\t<a href=\"https:\/\/careleaverpp.org\/ro\/resources\/\" target=\"_self\" class=\"vc_single_image-wrapper   vc_box_border_grey\"><img loading=\"lazy\" decoding=\"async\" class=\"vc_single_image-img\" src=\"https:\/\/careleaverpp.org\/wp-content\/uploads\/2016\/11\/1-53946-360x240.jpg\" width=\"360\" height=\"240\" alt=\"Annual budget meeting\" title=\"Despre CLPP\" \/><\/a>\n\t\t<\/figure>\n\t<\/div>\n\n\t<div class=\"wpb_text_column wpb_content_element  vc_custom_1486655922072\" >\n\t\t<div class=\"wpb_wrapper\">\n\t\t\t<h2 style=\"text-align: center;\">Despre noi<\/h2>\n<p class=\"p1\">Suntem un parteneriat de universit\u0103\u021bi, colegii, autorit\u0103\u021bi locale \u0219i alte organiza\u021bii din Kent \u0219i Medway. Afla\u021bi despre noi \u0219i despre munca noastr\u0103.<\/p>\n<p class=\"p1\" style=\"text-align: center;\"><a class=\"btn btn--lg btn--primary mb--1\" title=\"Parteneriat pentru progresul persoanelor care au p\u0103r\u0103sit \u00eengrijirea - CLPP\" href=\"https:\/\/careleaverpp.org\/ro\/about-us\/\">Afl\u0103 mai multe<\/a><\/p>\n\n\t\t<\/div>\n\t<\/div>\n<\/div><\/div><\/div><div class=\"wpb_column column_container col-sm-4 col-has-fill\"><div class=\"vc_column-inner vc_custom_1484317640504\"><div class=\"wpb_wrapper\">\n\t<div  class=\"wpb_single_image wpb_content_element vc_align_left\">\n\t\t\n\t\t<figure class=\"wpb_wrapper vc_figure\">\n\t\t\t<a href=\"https:\/\/careleaverpp.org\/ro\/resources\/\" target=\"_self\" class=\"vc_single_image-wrapper   vc_box_border_grey\"><img loading=\"lazy\" decoding=\"async\" class=\"vc_single_image-img\" src=\"https:\/\/careleaverpp.org\/wp-content\/uploads\/2016\/11\/Lady-on-laptop-cropped-360x240.jpg\" width=\"360\" height=\"240\" alt=\"Lady on a bench using a latptop\" title=\"Doamn\u0103 pe laptop\" \/><\/a>\n\t\t<\/figure>\n\t<\/div>\n\n\t<div class=\"wpb_text_column wpb_content_element  vc_custom_1484318090196\" >\n\t\t<div class=\"wpb_wrapper\">\n\t\t\t<h2 style=\"text-align: center;\">Resurse<\/h2>\n<p>Vizita\u021bi sec\u021biunea noastr\u0103 Resurse pentru documente utile, videoclipuri \u0219i link-uri c\u0103tre alte site-uri web care s\u0103 v\u0103 sprijine \u00een munca dvs.<\/p>\n<p class=\"p1\" style=\"text-align: center;\"><a class=\"btn btn--lg btn--primary mb--1\" title=\"resurse de parteneriat pentru progresul persoanelor care p\u0103r\u0103sesc \u00eengrijirea\" href=\"https:\/\/careleaverpp.org\/ro\/resources\/\">Vizualiza\u021bi resurse<\/a><\/p>\n\n\t\t<\/div>\n\t<\/div>\n<\/div><\/div><\/div><div class=\"wpb_column column_container col-sm-4 col-has-fill\"><div class=\"vc_column-inner vc_custom_1484318230422\"><div class=\"wpb_wrapper\">\n\t<div  class=\"wpb_single_image wpb_content_element vc_align_left\">\n\t\t\n\t\t<figure class=\"wpb_wrapper vc_figure\">\n\t\t\t<a href=\"https:\/\/careleaverpp.org\/ro\/resources\/\" target=\"_self\" class=\"vc_single_image-wrapper   vc_box_border_grey\"><img loading=\"lazy\" decoding=\"async\" class=\"vc_single_image-img\" src=\"https:\/\/careleaverpp.org\/wp-content\/uploads\/2016\/11\/Girl-on-laptop-cropped-360x240.jpg\" width=\"360\" height=\"240\" alt=\"Girl on laptop cropped\" title=\"Fat\u0103 pe laptop t\u0103iat\u0103\" \/><\/a>\n\t\t<\/figure>\n\t<\/div>\n\n\t<div class=\"wpb_text_column wpb_content_element  vc_custom_1484318761128\" >\n\t\t<div class=\"wpb_wrapper\">\n\t\t\t<h2 style=\"text-align: center;\">Care Leavers<\/h2>\n<p>Sunte\u021bi o persoan\u0103 care p\u0103r\u0103se\u0219te \u00eengrijirea \u0219i ave\u021bi nevoie de ajutor sau dori\u021bi s\u0103 afla\u021bi mai multe despre sprijinul disponibil? Vizita\u021bi pagina noastr\u0103 pentru mai multe informa\u021bii.<\/p>\n<p class=\"p1\" style=\"text-align: center;\"><a class=\"btn btn--lg btn--primary mb--1\" title=\"resurse de parteneriat pentru progresul persoanelor care p\u0103r\u0103sesc \u00eengrijirea\" href=\"https:\/\/careleaverpp.org\/ro\/information-for-care-leavers\/\">Afl\u0103 mai multe<\/a><\/p>\n\n\t\t<\/div>\n\t<\/div>\n<\/div><\/div><\/div><\/div><\/div><\/section><section class=\"vc_row wpb_row vc_row-fluid vc_custom_1484566810162\"><div class=\"container\"><div class=\"row\"><div class=\"wpb_column column_container col-sm-4\"><div class=\"vc_column-inner\"><div class=\"wpb_wrapper\">\n\t<div class=\"wpb_text_column wpb_content_element\" >\n\t\t<div class=\"wpb_wrapper\">\n\t\t\t<h3 class=\"hp-box\">Ajut\u00e2nd la construirea unei vie\u021bi dincolo de \u00eengrijire<\/h3>\n<p>Ne dorim ca cei care p\u0103r\u0103sesc \u00eengrijirea s\u0103 aib\u0103 acelea\u0219i oportunit\u0103\u021bi ca \u0219i al\u021bi tineri, s\u0103 aib\u0103 sprijinul \u0219i \u00eendrumarea pentru a-i ajuta s\u0103-\u0219i planifice, s\u0103 ating\u0103 \u0219i s\u0103-\u0219i realizeze visele. Ne propunem s\u0103 oferim celor care p\u0103r\u0103sesc \u00eengrijirea medical\u0103 oportunit\u0103\u021bi mai bune de educa\u021bie \u0219i de \u00eembun\u0103t\u0103\u021bire a abilit\u0103\u021bilor cheie, ajut\u00e2ndu-i s\u0103-\u0219i construiasc\u0103 o via\u021b\u0103 mai bun\u0103 pentru ei \u00een\u0219i\u0219i.<\/p>\n<p>Parteneriatul Care Leaver Progression se str\u0103duie\u0219te s\u0103 coordoneze sprijinul de care au nevoie persoanele care p\u0103r\u0103sesc \u00eengrijirea \u00eentr-un moment crucial al vie\u021bii lor. Dori\u021bi s\u0103 afla\u021bi mai multe?<\/p>\n<p><a class=\"btn btn-sm\" href=\"https:\/\/careleaverpp.org\/ro\/contact\/\">Contacta\u021bi-ne ast\u0103zi<\/a><\/p>\n\n\t\t<\/div>\n\t<\/div>\n<\/div><\/div><\/div><div class=\"wpb_column column_container col-sm-8\"><div class=\"vc_column-inner\"><div class=\"wpb_wrapper\">\n\t<div  class=\"wpb_single_image wpb_content_element vc_align_left\">\n\t\t\n\t\t<figure class=\"wpb_wrapper vc_figure\">\n\t\t\t<div class=\"vc_single_image-wrapper   vc_box_border_grey\"><img loading=\"lazy\" decoding=\"async\" width=\"1500\" height=\"1000\" src=\"https:\/\/careleaverpp.org\/wp-content\/uploads\/2016\/11\/Boy-looking-out-at-university.jpg\" class=\"vc_single_image-img attachment-full\" alt=\"Boy looking out at university\" srcset=\"https:\/\/careleaverpp.org\/wp-content\/uploads\/2016\/11\/Boy-looking-out-at-university.jpg 1500w, https:\/\/careleaverpp.org\/wp-content\/uploads\/2016\/11\/Boy-looking-out-at-university-200x133.jpg 200w, https:\/\/careleaverpp.org\/wp-content\/uploads\/2016\/11\/Boy-looking-out-at-university-300x200.jpg 300w, https:\/\/careleaverpp.org\/wp-content\/uploads\/2016\/11\/Boy-looking-out-at-university-768x512.jpg 768w, https:\/\/careleaverpp.org\/wp-content\/uploads\/2016\/11\/Boy-looking-out-at-university-1024x683.jpg 1024w\" sizes=\"auto, (max-width: 1500px) 100vw, 1500px\" \/><\/div>\n\t\t<\/figure>\n\t<\/div>\n<\/div><\/div><\/div><\/div><\/div><\/section><section class=\"vc_row wpb_row vc_row-fluid vc_custom_1484323020513 vc_row-has-fill\"><div class=\"container\"><div class=\"row\"><div class=\"wpb_column column_container col-sm-12\"><div class=\"vc_column-inner\"><div class=\"wpb_wrapper\"><h2 style=\"color: #f49430;text-align: left;font-family:Montserrat;font-weight:400;font-style:normal\" class=\"vc_custom_heading\" >Cele mai recente \u0219tiri<\/h2><div class=\"vc_separator wpb_content_element vc_separator_align_center vc_sep_width_100 vc_sep_pos_align_center vc_separator_no_text vc_sep_color_grey\" ><span class=\"vc_sep_holder vc_sep_holder_l\"><span  class=\"vc_sep_line\"><\/span><\/span><span class=\"vc_sep_holder vc_sep_holder_r\"><span  class=\"vc_sep_line\"><\/span><\/span>\n<\/div>\n<div class=\"vc_grid-container-wrapper vc_clearfix\">\n\t<div class=\"vc_grid-container vc_clearfix wpb_content_element vc_masonry_grid\" data-initial-loading-animation=\"none\" data-vc-grid-settings=\"{&quot;page_id&quot;:7,&quot;style&quot;:&quot;all-masonry&quot;,&quot;action&quot;:&quot;vc_get_vc_grid_data&quot;,&quot;shortcode_id&quot;:&quot;1560168189116-058eb189-44d1-2&quot;,&quot;tag&quot;:&quot;vc_masonry_grid&quot;}\" data-vc-request=\"https:\/\/careleaverpp.org\/wp-admin\/admin-ajax.php\" data-vc-post-id=\"7\" data-vc-public-nonce=\"00d6d85595\">\n\t\t\n\t<\/div>\n<\/div><\/div><\/div><\/div><\/div><\/div><\/section><section class=\"vc_row wpb_row vc_row-fluid vc_custom_1484323368889 vc_row-has-fill\"><div class=\"container\"><div class=\"row\"><div class=\"wpb_column column_container col-sm-8\"><div class=\"vc_column-inner\"><div class=\"wpb_wrapper\">\n\t<div  class=\"wpb_single_image wpb_content_element vc_align_left\">\n\t\t\n\t\t<figure class=\"wpb_wrapper vc_figure\">\n\t\t\t<div class=\"vc_single_image-wrapper   vc_box_border_grey\"><img loading=\"lazy\" decoding=\"async\" width=\"1024\" height=\"682\" src=\"https:\/\/careleaverpp.org\/wp-content\/uploads\/2016\/06\/clpp-conference-2016-1024x682.jpg\" class=\"vc_single_image-img attachment-large\" alt=\"CLPP Conference 2016\" srcset=\"https:\/\/careleaverpp.org\/wp-content\/uploads\/2016\/06\/clpp-conference-2016-1024x682.jpg 1024w, https:\/\/careleaverpp.org\/wp-content\/uploads\/2016\/06\/clpp-conference-2016-300x200.jpg 300w, https:\/\/careleaverpp.org\/wp-content\/uploads\/2016\/06\/clpp-conference-2016-768x512.jpg 768w, https:\/\/careleaverpp.org\/wp-content\/uploads\/2016\/06\/clpp-conference-2016.jpg 1280w\" sizes=\"auto, (max-width: 1024px) 100vw, 1024px\" \/><\/div>\n\t\t<\/figure>\n\t<\/div>\n<\/div><\/div><\/div><div class=\"wpb_column column_container col-sm-4\"><div class=\"vc_column-inner\"><div class=\"wpb_wrapper\">\n\t<div class=\"wpb_text_column wpb_content_element\" >\n\t\t<div class=\"wpb_wrapper\">\n\t\t\t<h2 class=\"hp-box\">Evenimente<\/h2>\n<p>Organiz\u0103m evenimente \u0219i conferin\u021be pentru a facilita colaborarea, formarea \u0219i sprijinul pentru institu\u021biile de \u00eenv\u0103\u021b\u0103m\u00e2nt superior \u0219i alte organiza\u021bii.<\/p>\n<p><a class=\"btn btn-sm\" href=\"https:\/\/careleaverpp.org\/ro\/events\/\">Vezi toate evenimentele<\/a><\/p>\n<p><a href=\"https:\/\/careleaverpp.org\/ro\/partners\/\">Partenerii no\u0219tri<\/a> organiza\u021bi evenimente pentru cei care p\u0103r\u0103sesc \u00eengrijirea, cum ar fi ateliere, cluburi de s\u00e2mb\u0103t\u0103 \u0219i zile por\u021bi deschise pentru a promova sprijinul educa\u021bional, abilit\u0103\u021bile de munc\u0103 \u0219i multe altele.<\/p>\n<p><a class=\"btn btn-sm\" href=\"https:\/\/careleaverpp.org\/ro\/partners\/\">Vezi partenerii no\u0219tri<\/a><\/p>\n<h4><\/h4>\n\n\t\t<\/div>\n\t<\/div>\n<\/div><\/div><\/div><\/div><\/div><\/section>","protected":false},"excerpt":{"rendered":"Cre\u0219terea, mi\u0219carea \u00eenainte Suntem un parteneriat de organiza\u021bii din Kent \u0219i Medway, angaja\u021bi s\u0103 \u00eembun\u0103t\u0103\u021beasc\u0103 experien\u021ba de educa\u021bie \u0219i formare post-16 pentru copiii locali afla\u021bi \u00een \u00eengrijire \u0219i care p\u0103r\u0103sesc \u00eengrijirea. Parteneriat pentru progresul persoanelor care p\u0103r\u0103sesc \u00eengrijirea Efortul nostru colectiv este de a \u00een\u021belege mai bine \u0219i de a elimina barierele din calea educa\u021biei \u0219i form\u0103rii post-16 pentru tinerii cu experien\u021b\u0103 \u00een \u00eengrijire [...]","protected":false},"author":2,"featured_media":0,"parent":0,"menu_order":3,"comment_status":"closed","ping_status":"closed","template":"","meta":{"_acf_changed":false,"footnotes":""},"class_list":["post-7","page","type-page","status-publish","hentry"],"acf":[],"_links":{"self":[{"href":"https:\/\/careleaverpp.org\/ro\/wp-json\/wp\/v2\/pages\/7","targetHints":{"allow":["GET"]}}],"collection":[{"href":"https:\/\/careleaverpp.org\/ro\/wp-json\/wp\/v2\/pages"}],"about":[{"href":"https:\/\/careleaverpp.org\/ro\/wp-json\/wp\/v2\/types\/page"}],"author":[{"embeddable":true,"href":"https:\/\/careleaverpp.org\/ro\/wp-json\/wp\/v2\/users\/2"}],"replies":[{"embeddable":true,"href":"https:\/\/careleaverpp.org\/ro\/wp-json\/wp\/v2\/comments?post=7"}],"version-history":[{"count":0,"href":"https:\/\/careleaverpp.org\/ro\/wp-json\/wp\/v2\/pages\/7\/revisions"}],"wp:attachment":[{"href":"https:\/\/careleaverpp.org\/ro\/wp-json\/wp\/v2\/media?parent=7"}],"curies":[{"name":"wp","href":"https:\/\/api.w.org\/{rel}","templated":true}]}}