{"id":694,"date":"2017-01-13T14:38:57","date_gmt":"2017-01-13T14:38:57","guid":{"rendered":"https:\/\/careleaverpp.org\/?page_id=694"},"modified":"2019-06-14T12:02:05","modified_gmt":"2019-06-14T11:02:05","slug":"information-for-care-leavers","status":"publish","type":"page","link":"https:\/\/careleaverpp.org\/ro\/information-for-care-leavers\/","title":{"rendered":"Informa\u021bii pentru persoanele care p\u0103r\u0103sesc \u00eengrijirea"},"content":{"rendered":"<section class=\"vc_row wpb_row vc_row-fluid\"><div class=\"container\"><div class=\"row\"><div class=\"wpb_column column_container col-sm-12\"><div class=\"vc_column-inner\"><div class=\"wpb_wrapper\"><h1 style=\"font-size: 4em;color: #676666;line-height: 1.015;text-align: center;font-family:Roboto;font-weight:400;font-style:normal\" class=\"vc_custom_heading\" >Informa\u021bii pentru persoanele care p\u0103r\u0103sesc \u00eengrijirea<\/h1><div class=\"vc_separator wpb_content_element vc_separator_align_center vc_sep_width_100 vc_sep_pos_align_center vc_separator_no_text vc_sep_color_grey\" ><span class=\"vc_sep_holder vc_sep_holder_l\"><span  class=\"vc_sep_line\"><\/span><\/span><span class=\"vc_sep_holder vc_sep_holder_r\"><span  class=\"vc_sep_line\"><\/span><\/span>\n<\/div><div class=\"vc_row wpb_row vc_inner vc_row-fluid\"><div class=\"wpb_column column_container col-sm-8\"><div class=\"vc_column-inner\"><div class=\"wpb_wrapper\">\n\t<div class=\"wpb_text_column wpb_content_element\" >\n\t\t<div class=\"wpb_wrapper\">\n\t\t\t<p><img loading=\"lazy\" decoding=\"async\" class=\"alignright wp-image-696\" src=\"https:\/\/careleaverpp.org\/wp-content\/uploads\/2016\/11\/care-leavers-information-1024x683.jpeg\" width=\"400\" height=\"267\" srcset=\"https:\/\/careleaverpp.org\/wp-content\/uploads\/2016\/11\/care-leavers-information-1024x683.jpeg 1024w, https:\/\/careleaverpp.org\/wp-content\/uploads\/2016\/11\/care-leavers-information-300x200.jpeg 300w, https:\/\/careleaverpp.org\/wp-content\/uploads\/2016\/11\/care-leavers-information-768x512.jpeg 768w, https:\/\/careleaverpp.org\/wp-content\/uploads\/2016\/11\/care-leavers-information.jpeg 1920w\" sizes=\"auto, (max-width: 400px) 100vw, 400px\" \/><\/p>\n<p>Ai experien\u021b\u0103 de a fi \u00een \u00eengrijire? V\u0103 \u00eentreba\u021bi ce sprijin \u0219i sfaturi v\u0103 pot fi disponibile atunci c\u00e2nd dori\u021bi s\u0103 trece\u021bi de la \u0219coal\u0103 la facultate, sau universitate sau la un program de formare?<\/p>\n<p>Dac\u0103 dori\u021bi s\u0103 fi\u021bi pus \u00een leg\u0103tur\u0103 cu cineva care ar putea s\u0103 v\u0103 ajute, v\u0103 rug\u0103m s\u0103 o contacta\u021bi pe Nina folosind serviciul nostru <a href=\"https:\/\/careleaverpp.org\/ro\/contact\/\">pagina de contact<\/a>.<\/p>\n<p>Pe noastre <a href=\"https:\/\/careleaverpp.org\/ro\/partners\/\">paginile partenere <\/a>pute\u021bi c\u0103uta institu\u021biile individuale din Kent \u0219i Medway pentru a vedea ce au de oferit pentru cei care p\u0103r\u0103sesc \u00eengrijirea.<\/p>\n<p>De asemenea, pute\u021bi g\u0103si unele dintre resurse utile pe site-ul nostru <a href=\"https:\/\/careleaverpp.org\/ro\/resources\/\">pagina de resurse<\/a>.<\/p>\n<p><strong>Mai jos sunt c\u00e2teva alte site-uri care v-ar putea fi de ajutor:<\/strong><\/p>\n<p><strong>\u0218coala Virtual\u0103 Kent (VSK) \u2013 <\/strong><em>VSK<\/em> colaboreaz\u0103 cu personalul din \u0219coli, colegii \u0219i alte institu\u021bii \u0219i servicii de sprijin, pentru a coordona serviciile educa\u021bionale pentru copiii afla\u021bi \u00een \u00eengrijire \u0219i tinerii care p\u0103r\u0103sesc \u00eengrijirea. Vizita\u021bi site-ul lor pentru a afla mai multe despre ceea ce fac \u0219i cum v\u0103 pot sprijini sau contacta\u021bi-i folosind formularul de contact de pe site-ul lor - <a href=\"http:\/\/www.virtualschool.lea.kent.sch.uk\/\" target=\"_blank\" rel=\"noopener noreferrer\">\u0218coala Virtual\u0103 Kent<\/a>.<\/p>\n<p><strong>Devino - <\/strong><em>Deveni<\/em> este o organiza\u021bie caritabil\u0103 na\u021bional\u0103 pentru copiii afla\u021bi \u00een \u00eengrijire \u0219i p\u0103r\u0103si\u021bi. Pe site-ul lor ve\u021bi g\u0103si o mul\u021bime de informa\u021bii despre ce ajutor \u0219i suport sunt disponibile - <a href=\"http:\/\/www.becomecharity.org.uk\/\" target=\"_blank\" rel=\"noopener noreferrer\">Deveni\u021bi Caritate<\/a> \u2013 sau contacta\u021bi-i la linia lor prietenoas\u0103 de consiliere Freephone 0800 023 2033 \/ <a href=\"mailto:advice@becomecharity.org.uk\" target=\"_blank\" rel=\"noopener noreferrer\">advice@becomecharity.org.uk<\/a><\/p>\n<p><strong>Propulsa<\/strong> <strong>&#8211;<\/strong> <em>Propulsa <\/em>este un site web condus de <em>Deveni <\/em>caritate. Acesta ofer\u0103 informa\u021bii despre ce sprijin este disponibil pentru cei care p\u0103r\u0103sesc \u00eengrijirea la colegiu \u0219i universitate. Pe site ve\u021bi g\u0103si informa\u021bii generale despre ajutor pentru aplicare, finan\u021bare \u0219i cazare, precum \u0219i o facilitate pentru a c\u0103uta colegii \u0219i universit\u0103\u021bi individuale pentru a afla ce ajutor \u0219i sprijin ofer\u0103 persoanelor care p\u0103r\u0103sesc \u00eengrijirea - <a href=\"http:\/\/propel.org.uk\/UK\/\" target=\"_blank\" rel=\"noopener noreferrer\"><span style=\"color: #0066cc;\">Propulsa<\/span><\/a>.<\/p>\n<p><strong>Re\u021beaua Na\u021bional\u0103 pentru Educa\u021bia Persanilor de \u00cengrijire (NNECL)<\/strong>\u00a0<strong>&#8211; <\/strong><em>NNECL<\/em> este o organiza\u021bie na\u021bional\u0103 care ofer\u0103 informa\u021bii despre activit\u0103\u021bile \u0219i resursele din \u00eenv\u0103\u021b\u0103m\u00e2ntul superior pentru persoanele care p\u0103r\u0103sesc \u00eengrijirea, copiii afla\u021bi \u00een \u00eengrijire \u0219i cei care \u00eei sus\u021bin \u2013 <a href=\"http:\/\/nnecl.org\/\" target=\"_blank\" rel=\"noopener noreferrer\"><span style=\"color: #0066cc;\">NNECL<\/span><\/a>.<\/p>\n\n\t\t<\/div>\n\t<\/div>\n<\/div><\/div><\/div><div class=\"wpb_column column_container col-sm-4\"><div class=\"vc_column-inner\"><div class=\"wpb_wrapper\"><div  class=\"wpb_widgetised_column wpb_content_element\">\n\t\t<div class=\"wpb_wrapper\">\n\t\t\t\n\t\t\t<div class=\"widget widget_text sidebar__widget\"><h6>Cele mai recente \u0219tiri<\/h6><ul id=\"category-posts-5-internal\" class=\"category-posts-internal\">\n<li class='cat-post-item'><div><a class=\"cat-post-title\" href=\"https:\/\/careleaverpp.org\/ro\/vskat-education-psychologist-and-education-provision-in-partnership-with-vsk\/\" rel=\"bookmark\">Psiholog educa\u021bional VSKAT \u0219i furnizare de educa\u021bie (\u00een parteneriat cu VSK)<\/a><\/div><div><a class=\"cat-post-thumbnail cat-post-none\" href=\"https:\/\/careleaverpp.org\/ro\/vskat-education-psychologist-and-education-provision-in-partnership-with-vsk\/\" title=\"Psiholog educa\u021bional VSKAT \u0219i furnizare de educa\u021bie (\u00een parteneriat cu VSK)\"><span class=\"cat-post-crop cat-post-format cat-post-format-standard\"><img loading=\"lazy\" decoding=\"async\" width=\"200\" height=\"200\" src=\"https:\/\/careleaverpp.org\/wp-content\/uploads\/2018\/07\/Virtual-School-Kent-logo.jpg\" class=\"attachment- size- wp-post-image\" alt=\"\" data-cat-posts-width=\"200\" data-cat-posts-height=\"200\" srcset=\"https:\/\/careleaverpp.org\/wp-content\/uploads\/2018\/07\/Virtual-School-Kent-logo.jpg 750w, https:\/\/careleaverpp.org\/wp-content\/uploads\/2018\/07\/Virtual-School-Kent-logo-200x133.jpg 200w, https:\/\/careleaverpp.org\/wp-content\/uploads\/2018\/07\/Virtual-School-Kent-logo-300x200.jpg 300w\" sizes=\"auto, (max-width: 200px) 100vw, 200px\" \/><\/span><\/a><\/div><\/li><li class='cat-post-item'><div><a class=\"cat-post-title\" href=\"https:\/\/careleaverpp.org\/ro\/the-dwps-commitment-to-care-leavers\/\" rel=\"bookmark\">Angajamentul DWP fa\u021b\u0103 de persoanele care p\u0103r\u0103sesc \u00eengrijirea<\/a><\/div><div><a class=\"cat-post-thumbnail cat-post-none\" href=\"https:\/\/careleaverpp.org\/ro\/the-dwps-commitment-to-care-leavers\/\" title=\"Angajamentul DWP fa\u021b\u0103 de persoanele care p\u0103r\u0103sesc \u00eengrijirea\"><span class=\"cat-post-crop cat-post-format cat-post-format-standard\"><img loading=\"lazy\" decoding=\"async\" width=\"200\" height=\"200\" src=\"https:\/\/careleaverpp.org\/wp-content\/uploads\/2024\/12\/jobcentreplus.jpg\" class=\"attachment- size- wp-post-image\" alt=\"\" data-cat-posts-width=\"200\" data-cat-posts-height=\"200\" srcset=\"https:\/\/careleaverpp.org\/wp-content\/uploads\/2024\/12\/jobcentreplus.jpg 1134w, https:\/\/careleaverpp.org\/wp-content\/uploads\/2024\/12\/jobcentreplus-300x211.jpg 300w, https:\/\/careleaverpp.org\/wp-content\/uploads\/2024\/12\/jobcentreplus-1024x721.jpg 1024w, https:\/\/careleaverpp.org\/wp-content\/uploads\/2024\/12\/jobcentreplus-200x141.jpg 200w, https:\/\/careleaverpp.org\/wp-content\/uploads\/2024\/12\/jobcentreplus-768x541.jpg 768w, https:\/\/careleaverpp.org\/wp-content\/uploads\/2024\/12\/jobcentreplus-18x12.jpg 18w\" sizes=\"auto, (max-width: 200px) 100vw, 200px\" \/><\/span><\/a><\/div><\/li><li class='cat-post-item'><div><a class=\"cat-post-title\" href=\"https:\/\/careleaverpp.org\/ro\/social-enterprise-kent-seks-elevate-programme\/\" rel=\"bookmark\">Programul Elevate al \u00centreprinderii Sociale Kent (SEK).<\/a><\/div><div><a class=\"cat-post-thumbnail cat-post-none\" href=\"https:\/\/careleaverpp.org\/ro\/social-enterprise-kent-seks-elevate-programme\/\" title=\"Programul Elevate al \u00centreprinderii Sociale Kent (SEK).\"><span class=\"cat-post-crop cat-post-format cat-post-format-standard\"><img loading=\"lazy\" decoding=\"async\" width=\"200\" height=\"200\" src=\"https:\/\/careleaverpp.org\/wp-content\/uploads\/2024\/12\/Elevate-Success.jpg\" class=\"attachment- size- wp-post-image\" alt=\"\" data-cat-posts-width=\"200\" data-cat-posts-height=\"200\" srcset=\"https:\/\/careleaverpp.org\/wp-content\/uploads\/2024\/12\/Elevate-Success.jpg 800w, https:\/\/careleaverpp.org\/wp-content\/uploads\/2024\/12\/Elevate-Success-300x167.jpg 300w, https:\/\/careleaverpp.org\/wp-content\/uploads\/2024\/12\/Elevate-Success-200x111.jpg 200w, https:\/\/careleaverpp.org\/wp-content\/uploads\/2024\/12\/Elevate-Success-768x427.jpg 768w, https:\/\/careleaverpp.org\/wp-content\/uploads\/2024\/12\/Elevate-Success-18x10.jpg 18w\" sizes=\"auto, (max-width: 200px) 100vw, 200px\" \/><\/span><\/a><\/div><\/li><li class='cat-post-item'><div><a class=\"cat-post-title\" href=\"https:\/\/careleaverpp.org\/ro\/ty-lockes-lived-experience\/\" rel=\"bookmark\">Experien\u021ba tr\u0103it\u0103 a lui Ty Locke<\/a><\/div><div><a class=\"cat-post-thumbnail cat-post-none\" href=\"https:\/\/careleaverpp.org\/ro\/ty-lockes-lived-experience\/\" title=\"Experien\u021ba tr\u0103it\u0103 a lui Ty Locke\"><span class=\"cat-post-crop cat-post-format cat-post-format-video\"><img loading=\"lazy\" decoding=\"async\" width=\"200\" height=\"200\" src=\"https:\/\/careleaverpp.org\/wp-content\/uploads\/2024\/12\/Screenshot-2024-12-04-at-12.06.18.png\" class=\"attachment- size- wp-post-image\" alt=\"\" data-cat-posts-width=\"200\" data-cat-posts-height=\"200\" srcset=\"https:\/\/careleaverpp.org\/wp-content\/uploads\/2024\/12\/Screenshot-2024-12-04-at-12.06.18.png 2694w, https:\/\/careleaverpp.org\/wp-content\/uploads\/2024\/12\/Screenshot-2024-12-04-at-12.06.18-300x214.png 300w, https:\/\/careleaverpp.org\/wp-content\/uploads\/2024\/12\/Screenshot-2024-12-04-at-12.06.18-1024x732.png 1024w, https:\/\/careleaverpp.org\/wp-content\/uploads\/2024\/12\/Screenshot-2024-12-04-at-12.06.18-200x143.png 200w, https:\/\/careleaverpp.org\/wp-content\/uploads\/2024\/12\/Screenshot-2024-12-04-at-12.06.18-768x549.png 768w, https:\/\/careleaverpp.org\/wp-content\/uploads\/2024\/12\/Screenshot-2024-12-04-at-12.06.18-1536x1098.png 1536w, https:\/\/careleaverpp.org\/wp-content\/uploads\/2024\/12\/Screenshot-2024-12-04-at-12.06.18-2048x1464.png 2048w, https:\/\/careleaverpp.org\/wp-content\/uploads\/2024\/12\/Screenshot-2024-12-04-at-12.06.18-18x12.png 18w\" sizes=\"auto, (max-width: 200px) 100vw, 200px\" \/><\/span><\/a><\/div><\/li><\/ul>\n<\/div><div class=\"widget widget_text sidebar__widget\"><h6>evenimente viitoare<\/h6><ul id=\"category-posts-4-internal\" class=\"category-posts-internal\">\n<li class='cat-post-item'><div><a class=\"cat-post-title\" href=\"https:\/\/careleaverpp.org\/ro\/uca-live-online-webinars\/\" rel=\"bookmark\">UCA Live \u2013 Webinarii online<\/a><\/div><div><a class=\"cat-post-thumbnail cat-post-none\" href=\"https:\/\/careleaverpp.org\/ro\/uca-live-online-webinars\/\" title=\"UCA Live \u2013 Webinarii online\"><span class=\"cat-post-crop cat-post-format cat-post-format-standard\"><img loading=\"lazy\" decoding=\"async\" width=\"200\" height=\"200\" src=\"https:\/\/careleaverpp.org\/wp-content\/uploads\/2025\/01\/Screenshot-2025-01-22-at-10.21.07.png\" class=\"attachment- size- wp-post-image\" alt=\"\" data-cat-posts-width=\"200\" data-cat-posts-height=\"200\" srcset=\"https:\/\/careleaverpp.org\/wp-content\/uploads\/2025\/01\/Screenshot-2025-01-22-at-10.21.07.png 414w, https:\/\/careleaverpp.org\/wp-content\/uploads\/2025\/01\/Screenshot-2025-01-22-at-10.21.07-300x147.png 300w, https:\/\/careleaverpp.org\/wp-content\/uploads\/2025\/01\/Screenshot-2025-01-22-at-10.21.07-200x98.png 200w, https:\/\/careleaverpp.org\/wp-content\/uploads\/2025\/01\/Screenshot-2025-01-22-at-10.21.07-18x9.png 18w\" sizes=\"auto, (max-width: 200px) 100vw, 200px\" \/><\/span><\/a><\/div><\/li><li class='cat-post-item'><div><a class=\"cat-post-title\" href=\"https:\/\/careleaverpp.org\/ro\/ask-the-students-at-the-university-for-the-creative-arts\/\" rel=\"bookmark\">\u00centreba\u021bi studen\u021bii de la Universitatea pentru Arte Creative<\/a><\/div><div><a class=\"cat-post-thumbnail cat-post-none\" href=\"https:\/\/careleaverpp.org\/ro\/ask-the-students-at-the-university-for-the-creative-arts\/\" title=\"\u00centreba\u021bi studen\u021bii de la Universitatea pentru Arte Creative\"><span class=\"cat-post-crop cat-post-format cat-post-format-standard\"><img loading=\"lazy\" decoding=\"async\" width=\"200\" height=\"200\" src=\"https:\/\/careleaverpp.org\/wp-content\/uploads\/2025\/01\/Screenshot-2025-01-22-at-10.17.34.png\" class=\"attachment- size- wp-post-image\" alt=\"\" data-cat-posts-width=\"200\" data-cat-posts-height=\"200\" srcset=\"https:\/\/careleaverpp.org\/wp-content\/uploads\/2025\/01\/Screenshot-2025-01-22-at-10.17.34.png 543w, https:\/\/careleaverpp.org\/wp-content\/uploads\/2025\/01\/Screenshot-2025-01-22-at-10.17.34-300x166.png 300w, https:\/\/careleaverpp.org\/wp-content\/uploads\/2025\/01\/Screenshot-2025-01-22-at-10.17.34-200x110.png 200w, https:\/\/careleaverpp.org\/wp-content\/uploads\/2025\/01\/Screenshot-2025-01-22-at-10.17.34-18x10.png 18w\" sizes=\"auto, (max-width: 200px) 100vw, 200px\" \/><\/span><\/a><\/div><\/li><li class='cat-post-item'><div><a class=\"cat-post-title\" href=\"https:\/\/careleaverpp.org\/ro\/campus-tours-at-the-university-for-the-creative-arts\/\" rel=\"bookmark\">Tururi de campus la Universitatea de Arte Creative<\/a><\/div><div><a class=\"cat-post-thumbnail cat-post-none\" href=\"https:\/\/careleaverpp.org\/ro\/campus-tours-at-the-university-for-the-creative-arts\/\" title=\"Tururi de campus la Universitatea de Arte Creative\"><span class=\"cat-post-crop cat-post-format cat-post-format-standard\"><img loading=\"lazy\" decoding=\"async\" width=\"200\" height=\"200\" src=\"https:\/\/careleaverpp.org\/wp-content\/uploads\/2025\/01\/Screenshot-2025-01-22-at-10.14.03.png\" class=\"attachment- size- wp-post-image\" alt=\"\" data-cat-posts-width=\"200\" data-cat-posts-height=\"200\" srcset=\"https:\/\/careleaverpp.org\/wp-content\/uploads\/2025\/01\/Screenshot-2025-01-22-at-10.14.03.png 402w, https:\/\/careleaverpp.org\/wp-content\/uploads\/2025\/01\/Screenshot-2025-01-22-at-10.14.03-300x203.png 300w, https:\/\/careleaverpp.org\/wp-content\/uploads\/2025\/01\/Screenshot-2025-01-22-at-10.14.03-200x135.png 200w, https:\/\/careleaverpp.org\/wp-content\/uploads\/2025\/01\/Screenshot-2025-01-22-at-10.14.03-18x12.png 18w\" sizes=\"auto, (max-width: 200px) 100vw, 200px\" \/><\/span><\/a><\/div><\/li><li class='cat-post-item'><div><a class=\"cat-post-title\" href=\"https:\/\/careleaverpp.org\/ro\/undergraduate-open-days-at-the-university-for-the-creative-arts\/\" rel=\"bookmark\">Zilele por\u021bilor deschise pentru licen\u021b\u0103 la Universitatea de Arte Creative<\/a><\/div><div><a class=\"cat-post-thumbnail cat-post-none\" href=\"https:\/\/careleaverpp.org\/ro\/undergraduate-open-days-at-the-university-for-the-creative-arts\/\" title=\"Zilele por\u021bilor deschise pentru licen\u021b\u0103 la Universitatea de Arte Creative\"><span class=\"cat-post-crop cat-post-format cat-post-format-standard\"><img loading=\"lazy\" decoding=\"async\" width=\"200\" height=\"200\" src=\"https:\/\/careleaverpp.org\/wp-content\/uploads\/2025\/01\/Screenshot-2025-01-22-at-10.11.18.png\" class=\"attachment- size- wp-post-image\" alt=\"\" data-cat-posts-width=\"200\" data-cat-posts-height=\"200\" srcset=\"https:\/\/careleaverpp.org\/wp-content\/uploads\/2025\/01\/Screenshot-2025-01-22-at-10.11.18.png 461w, https:\/\/careleaverpp.org\/wp-content\/uploads\/2025\/01\/Screenshot-2025-01-22-at-10.11.18-300x170.png 300w, https:\/\/careleaverpp.org\/wp-content\/uploads\/2025\/01\/Screenshot-2025-01-22-at-10.11.18-200x113.png 200w, https:\/\/careleaverpp.org\/wp-content\/uploads\/2025\/01\/Screenshot-2025-01-22-at-10.11.18-18x10.png 18w\" sizes=\"auto, (max-width: 200px) 100vw, 200px\" \/><\/span><\/a><\/div><\/li><\/ul>\n<\/div><div class=\"widget widget_text sidebar__widget\"><h6>Tweeturile noastre<\/h6><div class=\"twitter-feed\"><div class=\"tweets-feed\" data-amount=\"2\" data-widget-id=\"\" data-user-name=\"CareLeaverPP\"><\/div><\/div><\/div>\n\t\t<\/div>\n\t<\/div>\n<\/div><\/div><\/div><\/div><\/div><\/div><\/div><\/div><\/div><\/section>","protected":false},"excerpt":{"rendered":"Zilele por\u021bilor deschise ale UCA v\u0103 ofer\u0103 posibilitatea de a explora campusurile lor, de a v\u0103 \u00eent\u00e2lni cu academicieni \u0219i ambasadorii studen\u021bilor, de a participa la discu\u021bii de curs \u0219i de a primi r\u0103spunsuri la \u00eentreb\u0103rile dvs., precum \u0219i de a afla informa\u021bii utile despre cazare, taxe \u0219i finan\u021bare. Urm\u0103toarea lor zi a por\u021bilor deschise este s\u00e2mb\u0103t\u0103, 26 aprilie 2025 \u0219i se desf\u0103\u0219oar\u0103 \u00eentre orele 9:30 \u0219i 15:00, ultimul campus [...]","protected":false},"author":2,"featured_media":0,"parent":0,"menu_order":0,"comment_status":"closed","ping_status":"closed","template":"","meta":{"_acf_changed":false,"footnotes":""},"class_list":["post-694","page","type-page","status-publish","hentry"],"acf":[],"_links":{"self":[{"href":"https:\/\/careleaverpp.org\/ro\/wp-json\/wp\/v2\/pages\/694","targetHints":{"allow":["GET"]}}],"collection":[{"href":"https:\/\/careleaverpp.org\/ro\/wp-json\/wp\/v2\/pages"}],"about":[{"href":"https:\/\/careleaverpp.org\/ro\/wp-json\/wp\/v2\/types\/page"}],"author":[{"embeddable":true,"href":"https:\/\/careleaverpp.org\/ro\/wp-json\/wp\/v2\/users\/2"}],"replies":[{"embeddable":true,"href":"https:\/\/careleaverpp.org\/ro\/wp-json\/wp\/v2\/comments?post=694"}],"version-history":[{"count":0,"href":"https:\/\/careleaverpp.org\/ro\/wp-json\/wp\/v2\/pages\/694\/revisions"}],"wp:attachment":[{"href":"https:\/\/careleaverpp.org\/ro\/wp-json\/wp\/v2\/media?parent=694"}],"curies":[{"name":"wp","href":"https:\/\/api.w.org\/{rel}","templated":true}]}}