{"id":694,"date":"2017-01-13T14:38:57","date_gmt":"2017-01-13T14:38:57","guid":{"rendered":"https:\/\/careleaverpp.org\/?page_id=694"},"modified":"2019-06-14T12:02:05","modified_gmt":"2019-06-14T11:02:05","slug":"information-for-care-leavers","status":"publish","type":"page","link":"https:\/\/careleaverpp.org\/pl\/information-for-care-leavers\/","title":{"rendered":"Informacje dla os\u00f3b opuszczaj\u0105cych opiek\u0119"},"content":{"rendered":"<section class=\"vc_row wpb_row vc_row-fluid\"><div class=\"container\"><div class=\"row\"><div class=\"wpb_column column_container col-sm-12\"><div class=\"vc_column-inner\"><div class=\"wpb_wrapper\"><h1 style=\"font-size: 4em;color: #676666;line-height: 1.015;text-align: center;font-family:Roboto;font-weight:400;font-style:normal\" class=\"vc_custom_heading\" >Informacje dla os\u00f3b opuszczaj\u0105cych opiek\u0119<\/h1><div class=\"vc_separator wpb_content_element vc_separator_align_center vc_sep_width_100 vc_sep_pos_align_center vc_separator_no_text vc_sep_color_grey\" ><span class=\"vc_sep_holder vc_sep_holder_l\"><span  class=\"vc_sep_line\"><\/span><\/span><span class=\"vc_sep_holder vc_sep_holder_r\"><span  class=\"vc_sep_line\"><\/span><\/span>\n<\/div><div class=\"vc_row wpb_row vc_inner vc_row-fluid\"><div class=\"wpb_column column_container col-sm-8\"><div class=\"vc_column-inner\"><div class=\"wpb_wrapper\">\n\t<div class=\"wpb_text_column wpb_content_element\" >\n\t\t<div class=\"wpb_wrapper\">\n\t\t\t<p><img loading=\"lazy\" decoding=\"async\" class=\"alignright wp-image-696\" src=\"https:\/\/careleaverpp.org\/wp-content\/uploads\/2016\/11\/care-leavers-information-1024x683.jpeg\" width=\"400\" height=\"267\" srcset=\"https:\/\/careleaverpp.org\/wp-content\/uploads\/2016\/11\/care-leavers-information-1024x683.jpeg 1024w, https:\/\/careleaverpp.org\/wp-content\/uploads\/2016\/11\/care-leavers-information-300x200.jpeg 300w, https:\/\/careleaverpp.org\/wp-content\/uploads\/2016\/11\/care-leavers-information-768x512.jpeg 768w, https:\/\/careleaverpp.org\/wp-content\/uploads\/2016\/11\/care-leavers-information.jpeg 1920w\" sizes=\"auto, (max-width: 400px) 100vw, 400px\" \/><\/p>\n<p>Czy masz do\u015bwiadczenie w opiece? Czy zastanawiasz si\u0119, jakie wsparcie i porady mog\u0105 by\u0107 dost\u0119pne, gdy chcesz przej\u015b\u0107 ze szko\u0142y na studia, uniwersytet lub wzi\u0105\u0107 udzia\u0142 w programie szkoleniowym?<\/p>\n<p>Je\u015bli chcesz skontaktowa\u0107 si\u0119 z kim\u015b, kto mo\u017ce pom\u00f3c, skontaktuj si\u0119 z Nin\u0105 za pomoc\u0105 naszego <a href=\"https:\/\/careleaverpp.org\/pl\/contact\/\">strona kontaktowa<\/a>.<\/p>\n<p>Na naszym <a href=\"https:\/\/careleaverpp.org\/pl\/partners\/\">strony partnerskie <\/a>mo\u017cesz wyszuka\u0107 poszczeg\u00f3lne instytucje w Kent i Medway, aby zobaczy\u0107, co maj\u0105 do zaoferowania osobom opuszczaj\u0105cym opiek\u0119.<\/p>\n<p>Mo\u017cesz tak\u017ce znale\u017a\u0107 niekt\u00f3re z pomocnych zasob\u00f3w na naszej stronie <a href=\"https:\/\/careleaverpp.org\/pl\/resources\/\">strona zasob\u00f3w<\/a>.<\/p>\n<p><strong>Poni\u017cej znajduje si\u0119 kilka innych witryn, kt\u00f3re mog\u0105 Ci si\u0119 przyda\u0107:<\/strong><\/p>\n<p><strong>Wirtualna Szko\u0142a Kent (VSK) \u2013 <\/strong><em>VSK<\/em> wsp\u00f3\u0142pracowa\u0107 z personelem szk\u00f3\u0142, uczelni i innych instytucji oraz s\u0142u\u017cb pomocniczych w celu koordynowania us\u0142ug edukacyjnych dla dzieci obj\u0119tych opiek\u0105 i m\u0142odych os\u00f3b opuszczaj\u0105cych opiek\u0119. Odwied\u017a ich stron\u0119 internetow\u0105, aby dowiedzie\u0107 si\u0119 wi\u0119cej o tym, co robi\u0105 i jak mog\u0105 Ci pom\u00f3c, lub skontaktuj si\u0119 z nimi za pomoc\u0105 formularza kontaktowego na ich stronie \u2013 <a href=\"http:\/\/www.virtualschool.lea.kent.sch.uk\/\" target=\"_blank\" rel=\"noopener noreferrer\">Wirtualna szko\u0142a Kent<\/a>.<\/p>\n<p><strong>Sta\u0107 si\u0119 - <\/strong><em>Sta\u0107 si\u0119<\/em> jest og\u00f3lnokrajow\u0105 organizacj\u0105 charytatywn\u0105 na rzecz dzieci obj\u0119tych opiek\u0105 i os\u00f3b, kt\u00f3re j\u0105 opu\u015bci\u0142y. Na ich stronie znajdziesz mn\u00f3stwo informacji o tym, jaka pomoc i wsparcie jest dost\u0119pne \u2013 <a href=\"http:\/\/www.becomecharity.org.uk\/\" target=\"_blank\" rel=\"noopener noreferrer\">Zosta\u0144 Mi\u0142osierdziem<\/a> \u2013 lub skontaktuj si\u0119 z nimi pod ich przyjazn\u0105 infolini\u0105 Bezp\u0142atna infolinia 0800 023 2033 \/ <a href=\"mailto:advice@becomecharity.org.uk\" target=\"_blank\" rel=\"noopener noreferrer\">porady@becomecharity.org.uk<\/a><\/p>\n<p><strong>Nap\u0119dza\u0107<\/strong> <strong>&#8211;<\/strong> <em>Nap\u0119dza\u0107 <\/em>to strona internetowa prowadzona przez <em>Sta\u0107 si\u0119 <\/em>organizacja po\u017cytku publicznego. Zawiera informacje o tym, jakie wsparcie jest dost\u0119pne dla os\u00f3b, kt\u00f3re opu\u015bci\u0142y opiek\u0119 w college&#039;u i na uniwersytecie. Na stronie znajdziesz og\u00f3lne informacje na temat pomocy przy sk\u0142adaniu wniosk\u00f3w, sfinansowaniu i zakwaterowaniu, a tak\u017ce mo\u017cliwo\u015b\u0107 wyszukiwania poszczeg\u00f3lnych szk\u00f3\u0142 i uniwersytet\u00f3w, aby dowiedzie\u0107 si\u0119, jak\u0105 pomoc i wsparcie oferuj\u0105 osobom opuszczaj\u0105cym opiek\u0119 \u2013 <a href=\"http:\/\/propel.org.uk\/UK\/\" target=\"_blank\" rel=\"noopener noreferrer\"><span style=\"color: #0066cc;\">Nap\u0119dza\u0107<\/span><\/a>.<\/p>\n<p><strong>Krajowa Sie\u0107 Edukacji Os\u00f3b Porzucaj\u0105cych Opiek\u0119 (NNECL)<\/strong>\u00a0<strong>&#8211; <\/strong><em>NNECL<\/em> jest og\u00f3lnopolsk\u0105 organizacj\u0105, kt\u00f3ra udziela informacji o dzia\u0142aniach i zasobach szkolnictwa wy\u017cszego dla os\u00f3b opuszczaj\u0105cych opiek\u0119, dzieci pozostaj\u0105cych pod opiek\u0105 oraz tych, kt\u00f3rzy je wspieraj\u0105 \u2013 <a href=\"http:\/\/nnecl.org\/\" target=\"_blank\" rel=\"noopener noreferrer\"><span style=\"color: #0066cc;\">NNECL<\/span><\/a>.<\/p>\n\n\t\t<\/div>\n\t<\/div>\n<\/div><\/div><\/div><div class=\"wpb_column column_container col-sm-4\"><div class=\"vc_column-inner\"><div class=\"wpb_wrapper\"><div  class=\"wpb_widgetised_column wpb_content_element\">\n\t\t<div class=\"wpb_wrapper\">\n\t\t\t\n\t\t\t<div class=\"widget widget_text sidebar__widget\"><h6>Najnowsze wiadomo\u015bci<\/h6><ul id=\"category-posts-5-internal\" class=\"category-posts-internal\">\n<li class='cat-post-item'><div><a class=\"cat-post-title\" href=\"https:\/\/careleaverpp.org\/pl\/vskat-education-psychologist-and-education-provision-in-partnership-with-vsk\/\" rel=\"bookmark\">Psycholog edukacyjny VSKAT i \u015bwiadczenie us\u0142ug edukacyjnych (we wsp\u00f3\u0142pracy z VSK)<\/a><\/div><div><a class=\"cat-post-thumbnail cat-post-none\" href=\"https:\/\/careleaverpp.org\/pl\/vskat-education-psychologist-and-education-provision-in-partnership-with-vsk\/\" title=\"Psycholog edukacyjny VSKAT i \u015bwiadczenie us\u0142ug edukacyjnych (we wsp\u00f3\u0142pracy z VSK)\"><span class=\"cat-post-crop cat-post-format cat-post-format-standard\"><img loading=\"lazy\" decoding=\"async\" width=\"200\" height=\"200\" src=\"https:\/\/careleaverpp.org\/wp-content\/uploads\/2018\/07\/Virtual-School-Kent-logo.jpg\" class=\"attachment- size- wp-post-image\" alt=\"\" data-cat-posts-width=\"200\" data-cat-posts-height=\"200\" srcset=\"https:\/\/careleaverpp.org\/wp-content\/uploads\/2018\/07\/Virtual-School-Kent-logo.jpg 750w, https:\/\/careleaverpp.org\/wp-content\/uploads\/2018\/07\/Virtual-School-Kent-logo-200x133.jpg 200w, https:\/\/careleaverpp.org\/wp-content\/uploads\/2018\/07\/Virtual-School-Kent-logo-300x200.jpg 300w\" sizes=\"auto, (max-width: 200px) 100vw, 200px\" \/><\/span><\/a><\/div><\/li><li class='cat-post-item'><div><a class=\"cat-post-title\" href=\"https:\/\/careleaverpp.org\/pl\/the-dwps-commitment-to-care-leavers\/\" rel=\"bookmark\">Zaanga\u017cowanie DWP w opiek\u0119 nad osobami opuszczaj\u0105cymi plac\u00f3wki opieku\u0144cze<\/a><\/div><div><a class=\"cat-post-thumbnail cat-post-none\" href=\"https:\/\/careleaverpp.org\/pl\/the-dwps-commitment-to-care-leavers\/\" title=\"Zaanga\u017cowanie DWP w opiek\u0119 nad osobami opuszczaj\u0105cymi plac\u00f3wki opieku\u0144cze\"><span class=\"cat-post-crop cat-post-format cat-post-format-standard\"><img loading=\"lazy\" decoding=\"async\" width=\"200\" height=\"200\" src=\"https:\/\/careleaverpp.org\/wp-content\/uploads\/2024\/12\/jobcentreplus.jpg\" class=\"attachment- size- wp-post-image\" alt=\"\" data-cat-posts-width=\"200\" data-cat-posts-height=\"200\" srcset=\"https:\/\/careleaverpp.org\/wp-content\/uploads\/2024\/12\/jobcentreplus.jpg 1134w, https:\/\/careleaverpp.org\/wp-content\/uploads\/2024\/12\/jobcentreplus-300x211.jpg 300w, https:\/\/careleaverpp.org\/wp-content\/uploads\/2024\/12\/jobcentreplus-1024x721.jpg 1024w, https:\/\/careleaverpp.org\/wp-content\/uploads\/2024\/12\/jobcentreplus-200x141.jpg 200w, https:\/\/careleaverpp.org\/wp-content\/uploads\/2024\/12\/jobcentreplus-768x541.jpg 768w, https:\/\/careleaverpp.org\/wp-content\/uploads\/2024\/12\/jobcentreplus-18x12.jpg 18w\" sizes=\"auto, (max-width: 200px) 100vw, 200px\" \/><\/span><\/a><\/div><\/li><li class='cat-post-item'><div><a class=\"cat-post-title\" href=\"https:\/\/careleaverpp.org\/pl\/social-enterprise-kent-seks-elevate-programme\/\" rel=\"bookmark\">Program Elevate organizacji Social Enterprise Kent (SEK)<\/a><\/div><div><a class=\"cat-post-thumbnail cat-post-none\" href=\"https:\/\/careleaverpp.org\/pl\/social-enterprise-kent-seks-elevate-programme\/\" title=\"Program Elevate organizacji Social Enterprise Kent (SEK)\"><span class=\"cat-post-crop cat-post-format cat-post-format-standard\"><img loading=\"lazy\" decoding=\"async\" width=\"200\" height=\"200\" src=\"https:\/\/careleaverpp.org\/wp-content\/uploads\/2024\/12\/Elevate-Success.jpg\" class=\"attachment- size- wp-post-image\" alt=\"\" data-cat-posts-width=\"200\" data-cat-posts-height=\"200\" srcset=\"https:\/\/careleaverpp.org\/wp-content\/uploads\/2024\/12\/Elevate-Success.jpg 800w, https:\/\/careleaverpp.org\/wp-content\/uploads\/2024\/12\/Elevate-Success-300x167.jpg 300w, https:\/\/careleaverpp.org\/wp-content\/uploads\/2024\/12\/Elevate-Success-200x111.jpg 200w, https:\/\/careleaverpp.org\/wp-content\/uploads\/2024\/12\/Elevate-Success-768x427.jpg 768w, https:\/\/careleaverpp.org\/wp-content\/uploads\/2024\/12\/Elevate-Success-18x10.jpg 18w\" sizes=\"auto, (max-width: 200px) 100vw, 200px\" \/><\/span><\/a><\/div><\/li><li class='cat-post-item'><div><a class=\"cat-post-title\" href=\"https:\/\/careleaverpp.org\/pl\/ty-lockes-lived-experience\/\" rel=\"bookmark\">Prze\u017cyte do\u015bwiadczenia Ty&#039;a Locke&#039;a<\/a><\/div><div><a class=\"cat-post-thumbnail cat-post-none\" href=\"https:\/\/careleaverpp.org\/pl\/ty-lockes-lived-experience\/\" title=\"Prze\u017cyte do\u015bwiadczenia Ty&#039;a Locke&#039;a\"><span class=\"cat-post-crop cat-post-format cat-post-format-video\"><img loading=\"lazy\" decoding=\"async\" width=\"200\" height=\"200\" src=\"https:\/\/careleaverpp.org\/wp-content\/uploads\/2024\/12\/Screenshot-2024-12-04-at-12.06.18.png\" class=\"attachment- size- wp-post-image\" alt=\"\" data-cat-posts-width=\"200\" data-cat-posts-height=\"200\" srcset=\"https:\/\/careleaverpp.org\/wp-content\/uploads\/2024\/12\/Screenshot-2024-12-04-at-12.06.18.png 2694w, https:\/\/careleaverpp.org\/wp-content\/uploads\/2024\/12\/Screenshot-2024-12-04-at-12.06.18-300x214.png 300w, https:\/\/careleaverpp.org\/wp-content\/uploads\/2024\/12\/Screenshot-2024-12-04-at-12.06.18-1024x732.png 1024w, https:\/\/careleaverpp.org\/wp-content\/uploads\/2024\/12\/Screenshot-2024-12-04-at-12.06.18-200x143.png 200w, https:\/\/careleaverpp.org\/wp-content\/uploads\/2024\/12\/Screenshot-2024-12-04-at-12.06.18-768x549.png 768w, https:\/\/careleaverpp.org\/wp-content\/uploads\/2024\/12\/Screenshot-2024-12-04-at-12.06.18-1536x1098.png 1536w, https:\/\/careleaverpp.org\/wp-content\/uploads\/2024\/12\/Screenshot-2024-12-04-at-12.06.18-2048x1464.png 2048w, https:\/\/careleaverpp.org\/wp-content\/uploads\/2024\/12\/Screenshot-2024-12-04-at-12.06.18-18x12.png 18w\" sizes=\"auto, (max-width: 200px) 100vw, 200px\" \/><\/span><\/a><\/div><\/li><\/ul>\n<\/div><div class=\"widget widget_text sidebar__widget\"><h6>nadchodz\u0105ce wydarzenia<\/h6><ul id=\"category-posts-4-internal\" class=\"category-posts-internal\">\n<li class='cat-post-item'><div><a class=\"cat-post-title\" href=\"https:\/\/careleaverpp.org\/pl\/uca-live-online-webinars\/\" rel=\"bookmark\">UCA Live \u2013 Webinaria online<\/a><\/div><div><a class=\"cat-post-thumbnail cat-post-none\" href=\"https:\/\/careleaverpp.org\/pl\/uca-live-online-webinars\/\" title=\"UCA Live \u2013 Webinaria online\"><span class=\"cat-post-crop cat-post-format cat-post-format-standard\"><img loading=\"lazy\" decoding=\"async\" width=\"200\" height=\"200\" src=\"https:\/\/careleaverpp.org\/wp-content\/uploads\/2025\/01\/Screenshot-2025-01-22-at-10.21.07.png\" class=\"attachment- size- wp-post-image\" alt=\"\" data-cat-posts-width=\"200\" data-cat-posts-height=\"200\" srcset=\"https:\/\/careleaverpp.org\/wp-content\/uploads\/2025\/01\/Screenshot-2025-01-22-at-10.21.07.png 414w, https:\/\/careleaverpp.org\/wp-content\/uploads\/2025\/01\/Screenshot-2025-01-22-at-10.21.07-300x147.png 300w, https:\/\/careleaverpp.org\/wp-content\/uploads\/2025\/01\/Screenshot-2025-01-22-at-10.21.07-200x98.png 200w, https:\/\/careleaverpp.org\/wp-content\/uploads\/2025\/01\/Screenshot-2025-01-22-at-10.21.07-18x9.png 18w\" sizes=\"auto, (max-width: 200px) 100vw, 200px\" \/><\/span><\/a><\/div><\/li><li class='cat-post-item'><div><a class=\"cat-post-title\" href=\"https:\/\/careleaverpp.org\/pl\/ask-the-students-at-the-university-for-the-creative-arts\/\" rel=\"bookmark\">Zapytaj student\u00f3w Uniwersytetu o sztuk\u0119 kreatywn\u0105<\/a><\/div><div><a class=\"cat-post-thumbnail cat-post-none\" href=\"https:\/\/careleaverpp.org\/pl\/ask-the-students-at-the-university-for-the-creative-arts\/\" title=\"Zapytaj student\u00f3w Uniwersytetu o sztuk\u0119 kreatywn\u0105\"><span class=\"cat-post-crop cat-post-format cat-post-format-standard\"><img loading=\"lazy\" decoding=\"async\" width=\"200\" height=\"200\" src=\"https:\/\/careleaverpp.org\/wp-content\/uploads\/2025\/01\/Screenshot-2025-01-22-at-10.17.34.png\" class=\"attachment- size- wp-post-image\" alt=\"\" data-cat-posts-width=\"200\" data-cat-posts-height=\"200\" srcset=\"https:\/\/careleaverpp.org\/wp-content\/uploads\/2025\/01\/Screenshot-2025-01-22-at-10.17.34.png 543w, https:\/\/careleaverpp.org\/wp-content\/uploads\/2025\/01\/Screenshot-2025-01-22-at-10.17.34-300x166.png 300w, https:\/\/careleaverpp.org\/wp-content\/uploads\/2025\/01\/Screenshot-2025-01-22-at-10.17.34-200x110.png 200w, https:\/\/careleaverpp.org\/wp-content\/uploads\/2025\/01\/Screenshot-2025-01-22-at-10.17.34-18x10.png 18w\" sizes=\"auto, (max-width: 200px) 100vw, 200px\" \/><\/span><\/a><\/div><\/li><li class='cat-post-item'><div><a class=\"cat-post-title\" href=\"https:\/\/careleaverpp.org\/pl\/campus-tours-at-the-university-for-the-creative-arts\/\" rel=\"bookmark\">Zwiedzanie kampusu Uniwersytetu Sztuk Kreatywnych<\/a><\/div><div><a class=\"cat-post-thumbnail cat-post-none\" href=\"https:\/\/careleaverpp.org\/pl\/campus-tours-at-the-university-for-the-creative-arts\/\" title=\"Zwiedzanie kampusu Uniwersytetu Sztuk Kreatywnych\"><span class=\"cat-post-crop cat-post-format cat-post-format-standard\"><img loading=\"lazy\" decoding=\"async\" width=\"200\" height=\"200\" src=\"https:\/\/careleaverpp.org\/wp-content\/uploads\/2025\/01\/Screenshot-2025-01-22-at-10.14.03.png\" class=\"attachment- size- wp-post-image\" alt=\"\" data-cat-posts-width=\"200\" data-cat-posts-height=\"200\" srcset=\"https:\/\/careleaverpp.org\/wp-content\/uploads\/2025\/01\/Screenshot-2025-01-22-at-10.14.03.png 402w, https:\/\/careleaverpp.org\/wp-content\/uploads\/2025\/01\/Screenshot-2025-01-22-at-10.14.03-300x203.png 300w, https:\/\/careleaverpp.org\/wp-content\/uploads\/2025\/01\/Screenshot-2025-01-22-at-10.14.03-200x135.png 200w, https:\/\/careleaverpp.org\/wp-content\/uploads\/2025\/01\/Screenshot-2025-01-22-at-10.14.03-18x12.png 18w\" sizes=\"auto, (max-width: 200px) 100vw, 200px\" \/><\/span><\/a><\/div><\/li><li class='cat-post-item'><div><a class=\"cat-post-title\" href=\"https:\/\/careleaverpp.org\/pl\/undergraduate-open-days-at-the-university-for-the-creative-arts\/\" rel=\"bookmark\">Dni Otwarte dla Student\u00f3w na Uniwersytecie Sztuk Kreatywnych<\/a><\/div><div><a class=\"cat-post-thumbnail cat-post-none\" href=\"https:\/\/careleaverpp.org\/pl\/undergraduate-open-days-at-the-university-for-the-creative-arts\/\" title=\"Dni Otwarte dla Student\u00f3w na Uniwersytecie Sztuk Kreatywnych\"><span class=\"cat-post-crop cat-post-format cat-post-format-standard\"><img loading=\"lazy\" decoding=\"async\" width=\"200\" height=\"200\" src=\"https:\/\/careleaverpp.org\/wp-content\/uploads\/2025\/01\/Screenshot-2025-01-22-at-10.11.18.png\" class=\"attachment- size- wp-post-image\" alt=\"\" data-cat-posts-width=\"200\" data-cat-posts-height=\"200\" srcset=\"https:\/\/careleaverpp.org\/wp-content\/uploads\/2025\/01\/Screenshot-2025-01-22-at-10.11.18.png 461w, https:\/\/careleaverpp.org\/wp-content\/uploads\/2025\/01\/Screenshot-2025-01-22-at-10.11.18-300x170.png 300w, https:\/\/careleaverpp.org\/wp-content\/uploads\/2025\/01\/Screenshot-2025-01-22-at-10.11.18-200x113.png 200w, https:\/\/careleaverpp.org\/wp-content\/uploads\/2025\/01\/Screenshot-2025-01-22-at-10.11.18-18x10.png 18w\" sizes=\"auto, (max-width: 200px) 100vw, 200px\" \/><\/span><\/a><\/div><\/li><\/ul>\n<\/div><div class=\"widget widget_text sidebar__widget\"><h6>Nasze tweety<\/h6><div class=\"twitter-feed\"><div class=\"tweets-feed\" data-amount=\"2\" data-widget-id=\"\" data-user-name=\"CareLeaverPP\"><\/div><\/div><\/div>\n\t\t<\/div>\n\t<\/div>\n<\/div><\/div><\/div><\/div><\/div><\/div><\/div><\/div><\/div><\/section>","protected":false},"excerpt":{"rendered":"Dni Otwarte UCA daj\u0105 mo\u017cliwo\u015b\u0107 zwiedzania kampus\u00f3w, spotkania si\u0119 z wyk\u0142adowcami i ambasadorami studenckimi, uczestnictwa w wyk\u0142adach i uzyskania odpowiedzi na pytania, a tak\u017ce uzyskania przydatnych informacji na temat zakwaterowania, op\u0142at i finansowania. Kolejny Dzie\u0144 Otwarty odb\u0119dzie si\u0119 w sobot\u0119 26 kwietnia 2025 r. w godzinach 9:30\u201315:00, a ostatni dzie\u0144 kampusu [...]","protected":false},"author":2,"featured_media":0,"parent":0,"menu_order":0,"comment_status":"closed","ping_status":"closed","template":"","meta":{"_acf_changed":false,"footnotes":""},"class_list":["post-694","page","type-page","status-publish","hentry"],"acf":[],"_links":{"self":[{"href":"https:\/\/careleaverpp.org\/pl\/wp-json\/wp\/v2\/pages\/694","targetHints":{"allow":["GET"]}}],"collection":[{"href":"https:\/\/careleaverpp.org\/pl\/wp-json\/wp\/v2\/pages"}],"about":[{"href":"https:\/\/careleaverpp.org\/pl\/wp-json\/wp\/v2\/types\/page"}],"author":[{"embeddable":true,"href":"https:\/\/careleaverpp.org\/pl\/wp-json\/wp\/v2\/users\/2"}],"replies":[{"embeddable":true,"href":"https:\/\/careleaverpp.org\/pl\/wp-json\/wp\/v2\/comments?post=694"}],"version-history":[{"count":0,"href":"https:\/\/careleaverpp.org\/pl\/wp-json\/wp\/v2\/pages\/694\/revisions"}],"wp:attachment":[{"href":"https:\/\/careleaverpp.org\/pl\/wp-json\/wp\/v2\/media?parent=694"}],"curies":[{"name":"wp","href":"https:\/\/api.w.org\/{rel}","templated":true}]}}