{"id":5,"date":"2016-11-25T15:42:39","date_gmt":"2016-11-25T15:42:39","guid":{"rendered":"https:\/\/careleaverpp.org\/?page_id=5"},"modified":"2023-11-08T16:28:13","modified_gmt":"2023-11-08T16:28:13","slug":"about-us","status":"publish","type":"page","link":"https:\/\/careleaverpp.org\/pl\/about-us\/","title":{"rendered":"O nas"},"content":{"rendered":"<section class=\"vc_row wpb_row vc_row-fluid\"><div class=\"container\"><div class=\"row\"><div class=\"wpb_column column_container col-sm-12\"><div class=\"vc_column-inner\"><div class=\"wpb_wrapper\"><h1 style=\"font-size: 4em;color: #676666;line-height: 1.015;text-align: center;font-family:Roboto;font-weight:400;font-style:normal\" class=\"vc_custom_heading\" >O nas<\/h1><div class=\"vc_separator wpb_content_element vc_separator_align_center vc_sep_width_100 vc_sep_pos_align_center vc_separator_no_text vc_sep_color_grey\" ><span class=\"vc_sep_holder vc_sep_holder_l\"><span  class=\"vc_sep_line\"><\/span><\/span><span class=\"vc_sep_holder vc_sep_holder_r\"><span  class=\"vc_sep_line\"><\/span><\/span>\n<\/div><div class=\"vc_row wpb_row vc_inner vc_row-fluid\"><div class=\"wpb_column column_container col-sm-9\"><div class=\"vc_column-inner\"><div class=\"wpb_wrapper\">\n\t<div class=\"wpb_text_column wpb_content_element\" >\n\t\t<div class=\"wpb_wrapper\">\n\t\t\t<p><img loading=\"lazy\" decoding=\"async\" class=\"alignright wp-image-698\" src=\"https:\/\/careleaverpp.org\/wp-content\/uploads\/2016\/11\/1-53946-1024x683.jpg\" width=\"400\" height=\"267\" srcset=\"https:\/\/careleaverpp.org\/wp-content\/uploads\/2016\/11\/1-53946-1024x683.jpg 1024w, https:\/\/careleaverpp.org\/wp-content\/uploads\/2016\/11\/1-53946-300x200.jpg 300w, https:\/\/careleaverpp.org\/wp-content\/uploads\/2016\/11\/1-53946-768x512.jpg 768w, https:\/\/careleaverpp.org\/wp-content\/uploads\/2016\/11\/1-53946.jpg 1500w\" sizes=\"auto, (max-width: 400px) 100vw, 400px\" \/><\/p>\n<p>Care Leaver Progression Partnership (CLPP) istnieje z korzy\u015bci\u0105 dla naszych cz\u0142onk\u00f3w, s\u0142u\u017c\u0105c m\u0142odym ludziom, z kt\u00f3rymi pracujemy w Kent i Medway. Jeste\u015bmy zbiorowym przedsi\u0119wzi\u0119ciem maj\u0105cym na celu lepsze zrozumienie i usuni\u0119cie barier w edukacji i szkoleniu dzieci po 16 roku \u017cycia dla miejscowych dzieci obj\u0119tych opiek\u0105 i os\u00f3b, kt\u00f3re j\u0105 opu\u015bci\u0142y.<\/p>\n<p>Wszyscy nasi cz\u0142onkowie pracuj\u0105 zgodnie z uzgodnionym zakresem zada\u0144 i celami, kt\u00f3re s\u0105 poddawane corocznemu przegl\u0105dowi, oraz podpisuj\u0105 umow\u0119, kt\u00f3ra obowi\u0105zuje ka\u017cdorazowo przez trzy lata. Jeste\u015bmy zarz\u0105dzani przez grup\u0119 steruj\u0105c\u0105 sk\u0142adaj\u0105c\u0105 si\u0119 z przedstawicieli ka\u017cdej instytucji cz\u0142onkowskiej.<\/p>\n<p>Ka\u017cdego roku zlecamy sporz\u0105dzenie raportu z danymi, kt\u00f3ry analizuje profil i wyniki edukacyjne naszej lokalnej populacji os\u00f3b opuszczaj\u0105cych opiek\u0119 i dokonuje por\u00f3wna\u0144 z krajowymi zbiorami danych. Korzystamy z tego raportu, aby informowa\u0107 o naszej wsp\u00f3\u0142pracy.<\/p>\n<p>Zawsze ch\u0119tnie omawiamy mo\u017cliwo\u015bci wsp\u00f3\u0142pracy z innymi, aby realizowa\u0107 nasze cele, na przyk\u0142ad:<\/p>\n<ul>\n<li>Reprezentacja w innych odpowiednich grupach<\/li>\n<li>Prezentacja naszej pracy na imprezach<\/li>\n<li>Wsp\u00f3lne oferty finansowania<\/li>\n<li>Wywieranie nacisku<\/li>\n<li>Uczestnictwo w badaniach<\/li>\n<li>Udost\u0119pnianie i rozpowszechnianie informacji za po\u015brednictwem naszych sieci i kana\u0142\u00f3w medi\u00f3w spo\u0142eczno\u015bciowych<\/li>\n<li>Konferencje i wydarzenia<\/li>\n<\/ul>\n<p>Koordynatorem programu CLPP jest nasz specjalista ds. partnerstwa, Luke Daniels, a przewodniczy mu Lucy McLeod, dyrektor Canterbury College. Je\u015bli masz pomys\u0142 na wsp\u00f3\u0142prac\u0119 z nami lub chcesz si\u0119 z nami skontaktowa\u0107, <a href=\"https:\/\/careleaverpp.org\/pl\/contact\/\">Skontaktuj si\u0119 z nami<\/a> Dzisiaj.<\/p>\n\n\t\t<\/div>\n\t<\/div>\n<\/div><\/div><\/div><div class=\"wpb_column column_container col-sm-3\"><div class=\"vc_column-inner\"><div class=\"wpb_wrapper\"><div  class=\"wpb_widgetised_column wpb_content_element\">\n\t\t<div class=\"wpb_wrapper\">\n\t\t\t\n\t\t\t<div class=\"widget widget_text sidebar__widget\"><h6>Najnowsze wiadomo\u015bci<\/h6><ul id=\"category-posts-5-internal\" class=\"category-posts-internal\">\n<li class='cat-post-item'><div><a class=\"cat-post-title\" href=\"https:\/\/careleaverpp.org\/pl\/vskat-education-psychologist-and-education-provision-in-partnership-with-vsk\/\" rel=\"bookmark\">Psycholog edukacyjny VSKAT i \u015bwiadczenie us\u0142ug edukacyjnych (we wsp\u00f3\u0142pracy z VSK)<\/a><\/div><div><a class=\"cat-post-thumbnail cat-post-none\" href=\"https:\/\/careleaverpp.org\/pl\/vskat-education-psychologist-and-education-provision-in-partnership-with-vsk\/\" title=\"Psycholog edukacyjny VSKAT i \u015bwiadczenie us\u0142ug edukacyjnych (we wsp\u00f3\u0142pracy z VSK)\"><span class=\"cat-post-crop cat-post-format cat-post-format-standard\"><img loading=\"lazy\" decoding=\"async\" width=\"200\" height=\"200\" src=\"https:\/\/careleaverpp.org\/wp-content\/uploads\/2018\/07\/Virtual-School-Kent-logo.jpg\" class=\"attachment- size- wp-post-image\" alt=\"\" data-cat-posts-width=\"200\" data-cat-posts-height=\"200\" srcset=\"https:\/\/careleaverpp.org\/wp-content\/uploads\/2018\/07\/Virtual-School-Kent-logo.jpg 750w, https:\/\/careleaverpp.org\/wp-content\/uploads\/2018\/07\/Virtual-School-Kent-logo-200x133.jpg 200w, https:\/\/careleaverpp.org\/wp-content\/uploads\/2018\/07\/Virtual-School-Kent-logo-300x200.jpg 300w\" sizes=\"auto, (max-width: 200px) 100vw, 200px\" \/><\/span><\/a><\/div><\/li><li class='cat-post-item'><div><a class=\"cat-post-title\" href=\"https:\/\/careleaverpp.org\/pl\/the-dwps-commitment-to-care-leavers\/\" rel=\"bookmark\">Zaanga\u017cowanie DWP w opiek\u0119 nad osobami opuszczaj\u0105cymi plac\u00f3wki opieku\u0144cze<\/a><\/div><div><a class=\"cat-post-thumbnail cat-post-none\" href=\"https:\/\/careleaverpp.org\/pl\/the-dwps-commitment-to-care-leavers\/\" title=\"Zaanga\u017cowanie DWP w opiek\u0119 nad osobami opuszczaj\u0105cymi plac\u00f3wki opieku\u0144cze\"><span class=\"cat-post-crop cat-post-format cat-post-format-standard\"><img loading=\"lazy\" decoding=\"async\" width=\"200\" height=\"200\" src=\"https:\/\/careleaverpp.org\/wp-content\/uploads\/2024\/12\/jobcentreplus.jpg\" class=\"attachment- size- wp-post-image\" alt=\"\" data-cat-posts-width=\"200\" data-cat-posts-height=\"200\" srcset=\"https:\/\/careleaverpp.org\/wp-content\/uploads\/2024\/12\/jobcentreplus.jpg 1134w, https:\/\/careleaverpp.org\/wp-content\/uploads\/2024\/12\/jobcentreplus-300x211.jpg 300w, https:\/\/careleaverpp.org\/wp-content\/uploads\/2024\/12\/jobcentreplus-1024x721.jpg 1024w, https:\/\/careleaverpp.org\/wp-content\/uploads\/2024\/12\/jobcentreplus-200x141.jpg 200w, https:\/\/careleaverpp.org\/wp-content\/uploads\/2024\/12\/jobcentreplus-768x541.jpg 768w, https:\/\/careleaverpp.org\/wp-content\/uploads\/2024\/12\/jobcentreplus-18x12.jpg 18w\" sizes=\"auto, (max-width: 200px) 100vw, 200px\" \/><\/span><\/a><\/div><\/li><li class='cat-post-item'><div><a class=\"cat-post-title\" href=\"https:\/\/careleaverpp.org\/pl\/social-enterprise-kent-seks-elevate-programme\/\" rel=\"bookmark\">Program Elevate organizacji Social Enterprise Kent (SEK)<\/a><\/div><div><a class=\"cat-post-thumbnail cat-post-none\" href=\"https:\/\/careleaverpp.org\/pl\/social-enterprise-kent-seks-elevate-programme\/\" title=\"Program Elevate organizacji Social Enterprise Kent (SEK)\"><span class=\"cat-post-crop cat-post-format cat-post-format-standard\"><img loading=\"lazy\" decoding=\"async\" width=\"200\" height=\"200\" src=\"https:\/\/careleaverpp.org\/wp-content\/uploads\/2024\/12\/Elevate-Success.jpg\" class=\"attachment- size- wp-post-image\" alt=\"\" data-cat-posts-width=\"200\" data-cat-posts-height=\"200\" srcset=\"https:\/\/careleaverpp.org\/wp-content\/uploads\/2024\/12\/Elevate-Success.jpg 800w, https:\/\/careleaverpp.org\/wp-content\/uploads\/2024\/12\/Elevate-Success-300x167.jpg 300w, https:\/\/careleaverpp.org\/wp-content\/uploads\/2024\/12\/Elevate-Success-200x111.jpg 200w, https:\/\/careleaverpp.org\/wp-content\/uploads\/2024\/12\/Elevate-Success-768x427.jpg 768w, https:\/\/careleaverpp.org\/wp-content\/uploads\/2024\/12\/Elevate-Success-18x10.jpg 18w\" sizes=\"auto, (max-width: 200px) 100vw, 200px\" \/><\/span><\/a><\/div><\/li><li class='cat-post-item'><div><a class=\"cat-post-title\" href=\"https:\/\/careleaverpp.org\/pl\/ty-lockes-lived-experience\/\" rel=\"bookmark\">Prze\u017cyte do\u015bwiadczenia Ty&#039;a Locke&#039;a<\/a><\/div><div><a class=\"cat-post-thumbnail cat-post-none\" href=\"https:\/\/careleaverpp.org\/pl\/ty-lockes-lived-experience\/\" title=\"Prze\u017cyte do\u015bwiadczenia Ty&#039;a Locke&#039;a\"><span class=\"cat-post-crop cat-post-format cat-post-format-video\"><img loading=\"lazy\" decoding=\"async\" width=\"200\" height=\"200\" src=\"https:\/\/careleaverpp.org\/wp-content\/uploads\/2024\/12\/Screenshot-2024-12-04-at-12.06.18.png\" class=\"attachment- size- wp-post-image\" alt=\"\" data-cat-posts-width=\"200\" data-cat-posts-height=\"200\" srcset=\"https:\/\/careleaverpp.org\/wp-content\/uploads\/2024\/12\/Screenshot-2024-12-04-at-12.06.18.png 2694w, https:\/\/careleaverpp.org\/wp-content\/uploads\/2024\/12\/Screenshot-2024-12-04-at-12.06.18-300x214.png 300w, https:\/\/careleaverpp.org\/wp-content\/uploads\/2024\/12\/Screenshot-2024-12-04-at-12.06.18-1024x732.png 1024w, https:\/\/careleaverpp.org\/wp-content\/uploads\/2024\/12\/Screenshot-2024-12-04-at-12.06.18-200x143.png 200w, https:\/\/careleaverpp.org\/wp-content\/uploads\/2024\/12\/Screenshot-2024-12-04-at-12.06.18-768x549.png 768w, https:\/\/careleaverpp.org\/wp-content\/uploads\/2024\/12\/Screenshot-2024-12-04-at-12.06.18-1536x1098.png 1536w, https:\/\/careleaverpp.org\/wp-content\/uploads\/2024\/12\/Screenshot-2024-12-04-at-12.06.18-2048x1464.png 2048w, https:\/\/careleaverpp.org\/wp-content\/uploads\/2024\/12\/Screenshot-2024-12-04-at-12.06.18-18x12.png 18w\" sizes=\"auto, (max-width: 200px) 100vw, 200px\" \/><\/span><\/a><\/div><\/li><\/ul>\n<\/div><div class=\"widget widget_text sidebar__widget\"><h6>nadchodz\u0105ce wydarzenia<\/h6><ul id=\"category-posts-4-internal\" class=\"category-posts-internal\">\n<li class='cat-post-item'><div><a class=\"cat-post-title\" href=\"https:\/\/careleaverpp.org\/pl\/uca-live-online-webinars\/\" rel=\"bookmark\">UCA Live \u2013 Webinaria online<\/a><\/div><div><a class=\"cat-post-thumbnail cat-post-none\" href=\"https:\/\/careleaverpp.org\/pl\/uca-live-online-webinars\/\" title=\"UCA Live \u2013 Webinaria online\"><span class=\"cat-post-crop cat-post-format cat-post-format-standard\"><img loading=\"lazy\" decoding=\"async\" width=\"200\" height=\"200\" src=\"https:\/\/careleaverpp.org\/wp-content\/uploads\/2025\/01\/Screenshot-2025-01-22-at-10.21.07.png\" class=\"attachment- size- wp-post-image\" alt=\"\" data-cat-posts-width=\"200\" data-cat-posts-height=\"200\" srcset=\"https:\/\/careleaverpp.org\/wp-content\/uploads\/2025\/01\/Screenshot-2025-01-22-at-10.21.07.png 414w, https:\/\/careleaverpp.org\/wp-content\/uploads\/2025\/01\/Screenshot-2025-01-22-at-10.21.07-300x147.png 300w, https:\/\/careleaverpp.org\/wp-content\/uploads\/2025\/01\/Screenshot-2025-01-22-at-10.21.07-200x98.png 200w, https:\/\/careleaverpp.org\/wp-content\/uploads\/2025\/01\/Screenshot-2025-01-22-at-10.21.07-18x9.png 18w\" sizes=\"auto, (max-width: 200px) 100vw, 200px\" \/><\/span><\/a><\/div><\/li><li class='cat-post-item'><div><a class=\"cat-post-title\" href=\"https:\/\/careleaverpp.org\/pl\/ask-the-students-at-the-university-for-the-creative-arts\/\" rel=\"bookmark\">Zapytaj student\u00f3w Uniwersytetu o sztuk\u0119 kreatywn\u0105<\/a><\/div><div><a class=\"cat-post-thumbnail cat-post-none\" href=\"https:\/\/careleaverpp.org\/pl\/ask-the-students-at-the-university-for-the-creative-arts\/\" title=\"Zapytaj student\u00f3w Uniwersytetu o sztuk\u0119 kreatywn\u0105\"><span class=\"cat-post-crop cat-post-format cat-post-format-standard\"><img loading=\"lazy\" decoding=\"async\" width=\"200\" height=\"200\" src=\"https:\/\/careleaverpp.org\/wp-content\/uploads\/2025\/01\/Screenshot-2025-01-22-at-10.17.34.png\" class=\"attachment- size- wp-post-image\" alt=\"\" data-cat-posts-width=\"200\" data-cat-posts-height=\"200\" srcset=\"https:\/\/careleaverpp.org\/wp-content\/uploads\/2025\/01\/Screenshot-2025-01-22-at-10.17.34.png 543w, https:\/\/careleaverpp.org\/wp-content\/uploads\/2025\/01\/Screenshot-2025-01-22-at-10.17.34-300x166.png 300w, https:\/\/careleaverpp.org\/wp-content\/uploads\/2025\/01\/Screenshot-2025-01-22-at-10.17.34-200x110.png 200w, https:\/\/careleaverpp.org\/wp-content\/uploads\/2025\/01\/Screenshot-2025-01-22-at-10.17.34-18x10.png 18w\" sizes=\"auto, (max-width: 200px) 100vw, 200px\" \/><\/span><\/a><\/div><\/li><li class='cat-post-item'><div><a class=\"cat-post-title\" href=\"https:\/\/careleaverpp.org\/pl\/campus-tours-at-the-university-for-the-creative-arts\/\" rel=\"bookmark\">Zwiedzanie kampusu Uniwersytetu Sztuk Kreatywnych<\/a><\/div><div><a class=\"cat-post-thumbnail cat-post-none\" href=\"https:\/\/careleaverpp.org\/pl\/campus-tours-at-the-university-for-the-creative-arts\/\" title=\"Zwiedzanie kampusu Uniwersytetu Sztuk Kreatywnych\"><span class=\"cat-post-crop cat-post-format cat-post-format-standard\"><img loading=\"lazy\" decoding=\"async\" width=\"200\" height=\"200\" src=\"https:\/\/careleaverpp.org\/wp-content\/uploads\/2025\/01\/Screenshot-2025-01-22-at-10.14.03.png\" class=\"attachment- size- wp-post-image\" alt=\"\" data-cat-posts-width=\"200\" data-cat-posts-height=\"200\" srcset=\"https:\/\/careleaverpp.org\/wp-content\/uploads\/2025\/01\/Screenshot-2025-01-22-at-10.14.03.png 402w, https:\/\/careleaverpp.org\/wp-content\/uploads\/2025\/01\/Screenshot-2025-01-22-at-10.14.03-300x203.png 300w, https:\/\/careleaverpp.org\/wp-content\/uploads\/2025\/01\/Screenshot-2025-01-22-at-10.14.03-200x135.png 200w, https:\/\/careleaverpp.org\/wp-content\/uploads\/2025\/01\/Screenshot-2025-01-22-at-10.14.03-18x12.png 18w\" sizes=\"auto, (max-width: 200px) 100vw, 200px\" \/><\/span><\/a><\/div><\/li><li class='cat-post-item'><div><a class=\"cat-post-title\" href=\"https:\/\/careleaverpp.org\/pl\/undergraduate-open-days-at-the-university-for-the-creative-arts\/\" rel=\"bookmark\">Dni Otwarte dla Student\u00f3w na Uniwersytecie Sztuk Kreatywnych<\/a><\/div><div><a class=\"cat-post-thumbnail cat-post-none\" href=\"https:\/\/careleaverpp.org\/pl\/undergraduate-open-days-at-the-university-for-the-creative-arts\/\" title=\"Dni Otwarte dla Student\u00f3w na Uniwersytecie Sztuk Kreatywnych\"><span class=\"cat-post-crop cat-post-format cat-post-format-standard\"><img loading=\"lazy\" decoding=\"async\" width=\"200\" height=\"200\" src=\"https:\/\/careleaverpp.org\/wp-content\/uploads\/2025\/01\/Screenshot-2025-01-22-at-10.11.18.png\" class=\"attachment- size- wp-post-image\" alt=\"\" data-cat-posts-width=\"200\" data-cat-posts-height=\"200\" srcset=\"https:\/\/careleaverpp.org\/wp-content\/uploads\/2025\/01\/Screenshot-2025-01-22-at-10.11.18.png 461w, https:\/\/careleaverpp.org\/wp-content\/uploads\/2025\/01\/Screenshot-2025-01-22-at-10.11.18-300x170.png 300w, https:\/\/careleaverpp.org\/wp-content\/uploads\/2025\/01\/Screenshot-2025-01-22-at-10.11.18-200x113.png 200w, https:\/\/careleaverpp.org\/wp-content\/uploads\/2025\/01\/Screenshot-2025-01-22-at-10.11.18-18x10.png 18w\" sizes=\"auto, (max-width: 200px) 100vw, 200px\" \/><\/span><\/a><\/div><\/li><\/ul>\n<\/div><div class=\"widget widget_text sidebar__widget\"><h6>Nasze tweety<\/h6><div class=\"twitter-feed\"><div class=\"tweets-feed\" data-amount=\"2\" data-widget-id=\"\" data-user-name=\"CareLeaverPP\"><\/div><\/div><\/div>\n\t\t<\/div>\n\t<\/div>\n<\/div><\/div><\/div><\/div><div class=\"vc_row wpb_row vc_inner vc_row-fluid\"><div class=\"wpb_column column_container col-sm-4\"><div class=\"vc_column-inner\"><div class=\"wpb_wrapper\">\n\t\t\t<div class=\"feature feature-1 standard\">\n\t\t\t\t<i class=\"icon--pillar icon-Download\"><\/i>\n\t\t\t\t<h5>Przeczytaj wi\u0119cej o nas<\/h5>\n\t\t\t\t<p>Pobierz przegl\u0105d CLPP, nasz zakres zada\u0144 lub nasz plan na lata 2017-19 poni\u017cej:<\/p>\n<ul>\n<li><a href=\"https:\/\/careleaverpp.org\/wp-content\/uploads\/2019\/01\/CLPP-Overview.pdf\" target=\"_blank\" rel=\"noopener noreferrer\">Przegl\u0105d CLPP<\/a><a href=\"https:\/\/careleaverpp.org\/wp-content\/uploads\/2016\/11\/CLPP-Outcome-Measures-2016-17.pdf\" target=\"_blank\" rel=\"noopener noreferrer\">\u00a0<\/a><\/li>\n<li><a href=\"https:\/\/careleaverpp.org\/wp-content\/uploads\/2019\/01\/CLPP-ToR-2018-19.doc\" target=\"_blank\" rel=\"noopener noreferrer\">CLPP Tor 2018-19<\/a><\/li>\n<li><a href=\"https:\/\/careleaverpp.org\/wp-content\/uploads\/2019\/01\/Plan-and-Objectives-2017-19.pdf\" target=\"_blank\" rel=\"noopener noreferrer\">Plan i cele 2017-19<\/a><\/li>\n<\/ul>\n<p>\n\n\t\t\t<\/div>\n\t\t<\/div><\/div><\/div><div class=\"wpb_column column_container col-sm-4\"><div class=\"vc_column-inner\"><div class=\"wpb_wrapper\">\n\t\t\t<div class=\"feature feature-1 standard\">\n\t\t\t\t<i class=\"icon--pillar icon-Address-Book\"><\/i>\n\t\t\t\t<h5>Nasi partnerzy<\/h5>\n\t\t\t\t<p>Nasi partnerzy s\u0105 niezb\u0119dni w rozwoju os\u00f3b opuszczaj\u0105cych opiek\u0119. Dowiedz si\u0119, kim s\u0105 nasi partnerzy, czym si\u0119 zajmuj\u0105 i jak si\u0119 z nimi skontaktowa\u0107;<\/p>\n<p><a href=\"https:\/\/careleaverpp.org\/pl\/partners\/\">Zobacz naszych partner\u00f3w<\/a><\/p>\n\n\t\t\t<\/div>\n\t\t<\/div><\/div><\/div><div class=\"wpb_column column_container col-sm-4\"><div class=\"vc_column-inner\"><div class=\"wpb_wrapper\">\n\t\t\t<div class=\"feature feature-1 standard\">\n\t\t\t\t<i class=\"icon--pillar icon-Aerobics\"><\/i>\n\t\t\t\t<h5>Czy jeste\u015b osob\u0105 wychodz\u0105c\u0105 z opieki?<\/h5>\n\t\t\t\t<p>Je\u015bli wkr\u00f3tce opuszczasz opiek\u0119 i chcesz uzyska\u0107 wi\u0119cej informacji, odwied\u017a nasz\u0105 sekcj\u0119 Osoby opuszczaj\u0105ce opiek\u0119:<\/p>\n<p><a href=\"https:\/\/careleaverpp.org\/pl\/information-for-care-leavers\/\">Informacje dla os\u00f3b opuszczaj\u0105cych opiek\u0119<\/a><\/p>\n\n\t\t\t<\/div>\n\t\t<\/div><\/div><\/div><\/div><\/div><\/div><\/div><\/div><\/div><\/section>","protected":false},"excerpt":{"rendered":"Dni Otwarte UCA daj\u0105 mo\u017cliwo\u015b\u0107 zwiedzania kampus\u00f3w, spotkania si\u0119 z wyk\u0142adowcami i ambasadorami studenckimi, uczestnictwa w wyk\u0142adach i uzyskania odpowiedzi na pytania, a tak\u017ce uzyskania przydatnych informacji na temat zakwaterowania, op\u0142at i finansowania. Kolejny Dzie\u0144 Otwarty odb\u0119dzie si\u0119 w sobot\u0119 26 kwietnia 2025 r. w godzinach 9:30\u201315:00, a ostatni dzie\u0144 kampusu [...]","protected":false},"author":2,"featured_media":0,"parent":0,"menu_order":1,"comment_status":"closed","ping_status":"closed","template":"","meta":{"_acf_changed":false,"footnotes":""},"class_list":["post-5","page","type-page","status-publish","hentry"],"acf":[],"_links":{"self":[{"href":"https:\/\/careleaverpp.org\/pl\/wp-json\/wp\/v2\/pages\/5","targetHints":{"allow":["GET"]}}],"collection":[{"href":"https:\/\/careleaverpp.org\/pl\/wp-json\/wp\/v2\/pages"}],"about":[{"href":"https:\/\/careleaverpp.org\/pl\/wp-json\/wp\/v2\/types\/page"}],"author":[{"embeddable":true,"href":"https:\/\/careleaverpp.org\/pl\/wp-json\/wp\/v2\/users\/2"}],"replies":[{"embeddable":true,"href":"https:\/\/careleaverpp.org\/pl\/wp-json\/wp\/v2\/comments?post=5"}],"version-history":[{"count":2,"href":"https:\/\/careleaverpp.org\/pl\/wp-json\/wp\/v2\/pages\/5\/revisions"}],"predecessor-version":[{"id":2448,"href":"https:\/\/careleaverpp.org\/pl\/wp-json\/wp\/v2\/pages\/5\/revisions\/2448"}],"wp:attachment":[{"href":"https:\/\/careleaverpp.org\/pl\/wp-json\/wp\/v2\/media?parent=5"}],"curies":[{"name":"wp","href":"https:\/\/api.w.org\/{rel}","templated":true}]}}