{"id":694,"date":"2017-01-13T14:38:57","date_gmt":"2017-01-13T14:38:57","guid":{"rendered":"https:\/\/careleaverpp.org\/?page_id=694"},"modified":"2019-06-14T12:02:05","modified_gmt":"2019-06-14T11:02:05","slug":"information-for-care-leavers","status":"publish","type":"page","link":"https:\/\/careleaverpp.org\/it\/information-for-care-leavers\/","title":{"rendered":"Informazioni per i care leaver"},"content":{"rendered":"<section class=\"vc_row wpb_row vc_row-fluid\"><div class=\"container\"><div class=\"row\"><div class=\"wpb_column column_container col-sm-12\"><div class=\"vc_column-inner\"><div class=\"wpb_wrapper\"><h1 style=\"font-size: 4em;color: #676666;line-height: 1.015;text-align: center;font-family:Roboto;font-weight:400;font-style:normal\" class=\"vc_custom_heading\" >Informazioni per i care leaver<\/h1><div class=\"vc_separator wpb_content_element vc_separator_align_center vc_sep_width_100 vc_sep_pos_align_center vc_separator_no_text vc_sep_color_grey\" ><span class=\"vc_sep_holder vc_sep_holder_l\"><span  class=\"vc_sep_line\"><\/span><\/span><span class=\"vc_sep_holder vc_sep_holder_r\"><span  class=\"vc_sep_line\"><\/span><\/span>\n<\/div><div class=\"vc_row wpb_row vc_inner vc_row-fluid\"><div class=\"wpb_column column_container col-sm-8\"><div class=\"vc_column-inner\"><div class=\"wpb_wrapper\">\n\t<div class=\"wpb_text_column wpb_content_element\" >\n\t\t<div class=\"wpb_wrapper\">\n\t\t\t<p><img loading=\"lazy\" decoding=\"async\" class=\"alignright wp-image-696\" src=\"https:\/\/careleaverpp.org\/wp-content\/uploads\/2016\/11\/care-leavers-information-1024x683.jpeg\" width=\"400\" height=\"267\" srcset=\"https:\/\/careleaverpp.org\/wp-content\/uploads\/2016\/11\/care-leavers-information-1024x683.jpeg 1024w, https:\/\/careleaverpp.org\/wp-content\/uploads\/2016\/11\/care-leavers-information-300x200.jpeg 300w, https:\/\/careleaverpp.org\/wp-content\/uploads\/2016\/11\/care-leavers-information-768x512.jpeg 768w, https:\/\/careleaverpp.org\/wp-content\/uploads\/2016\/11\/care-leavers-information.jpeg 1920w\" sizes=\"auto, (max-width: 400px) 100vw, 400px\" \/><\/p>\n<p>Hai esperienza di essere in cura? Ti stai chiedendo quale supporto e consiglio potresti avere a disposizione mentre cerchi di passare dalla scuola all&#039;universit\u00e0, all&#039;universit\u00e0 o a un programma di formazione?<\/p>\n<p>Se desideri essere messo in contatto con qualcuno che potrebbe essere in grado di aiutarti, contatta Nina utilizzando il nostro <a href=\"https:\/\/careleaverpp.org\/it\/contact\/\">pagina dei contatti<\/a>.<\/p>\n<p>Sulla nostra <a href=\"https:\/\/careleaverpp.org\/it\/partners\/\">pagine partner <\/a>puoi cercare le singole istituzioni nel Kent e nel Medway per vedere cosa hanno da offrire ai care leaver.<\/p>\n<p>Potresti anche trovare utili alcune delle risorse sul nostro <a href=\"https:\/\/careleaverpp.org\/it\/resources\/\">pagina delle risorse<\/a>.<\/p>\n<p><strong>Di seguito trovi altri siti che potrebbero esserti utili:<\/strong><\/p>\n<p><strong>Scuola virtuale Kent (VSK) \u2013 <\/strong><em>VSK<\/em> lavorare con il personale delle scuole, delle universit\u00e0 e di altre istituzioni e servizi di supporto, per coordinare i servizi educativi per i bambini in accoglienza e per i giovani abbandonati. Visita il loro sito Web per saperne di pi\u00f9 su ci\u00f2 che fanno e su come possono supportarti, oppure contattali utilizzando il modulo di contatto sul loro sito \u2013 <a href=\"http:\/\/www.virtualschool.lea.kent.sch.uk\/\" target=\"_blank\" rel=\"noopener noreferrer\">Scuola virtuale Kent<\/a>.<\/p>\n<p><strong>Diventare - <\/strong><em>Diventare<\/em> \u00e8 un ente di beneficenza nazionale per i bambini in cura e in abbandono. Sul loro sito Web troverai molte informazioni su quale aiuto e supporto \u00e8 disponibile - <a href=\"http:\/\/www.becomecharity.org.uk\/\" target=\"_blank\" rel=\"noopener noreferrer\">Diventa Carit\u00e0<\/a> \u2013 o contattali sulla loro amichevole linea di consulenza Numero verde 0800 023 2033 \/ <a href=\"mailto:advice@becomecharity.org.uk\" target=\"_blank\" rel=\"noopener noreferrer\">consulenza@becomecharity.org.uk<\/a><\/p>\n<p><strong>Spingere<\/strong> <strong>&#8211;<\/strong> <em>Spingere <\/em>\u00e8 un sito web gestito da <em>Diventare <\/em>beneficenza. Fornisce informazioni su quale tipo di sostegno \u00e8 disponibile per i care leaver al college e all&#039;universit\u00e0. Sul sito troverai informazioni generali sull&#039;aiuto con la domanda, il finanziamento e l&#039;alloggio, nonch\u00e9 una struttura per cercare singoli college e universit\u00e0 per scoprire quale aiuto e supporto offrono ai care leaver - <a href=\"http:\/\/propel.org.uk\/UK\/\" target=\"_blank\" rel=\"noopener noreferrer\"><span style=\"color: #0066cc;\">Spingere<\/span><\/a>.<\/p>\n<p><strong>La Rete Nazionale per l&#039;Educazione dei Care Leavers (NNECL)<\/strong>\u00a0<strong>&#8211; <\/strong><em>NNECL<\/em> \u00e8 un&#039;organizzazione nazionale che fornisce informazioni sulle attivit\u00e0 e le risorse dell&#039;istruzione superiore per i care leaver, i bambini in affidamento e coloro che li sostengono - <a href=\"http:\/\/nnecl.org\/\" target=\"_blank\" rel=\"noopener noreferrer\"><span style=\"color: #0066cc;\">NNECL<\/span><\/a>.<\/p>\n\n\t\t<\/div>\n\t<\/div>\n<\/div><\/div><\/div><div class=\"wpb_column column_container col-sm-4\"><div class=\"vc_column-inner\"><div class=\"wpb_wrapper\"><div  class=\"wpb_widgetised_column wpb_content_element\">\n\t\t<div class=\"wpb_wrapper\">\n\t\t\t\n\t\t\t<div class=\"widget widget_text sidebar__widget\"><h6>Ultime notizie<\/h6><ul id=\"category-posts-5-internal\" class=\"category-posts-internal\">\n<li class='cat-post-item'><div><a class=\"cat-post-title\" href=\"https:\/\/careleaverpp.org\/it\/vskat-education-psychologist-and-education-provision-in-partnership-with-vsk\/\" rel=\"bookmark\">Psicologo dell&#039;educazione e dell&#039;offerta educativa VSKAT (in collaborazione con VSK)<\/a><\/div><div><a class=\"cat-post-thumbnail cat-post-none\" href=\"https:\/\/careleaverpp.org\/it\/vskat-education-psychologist-and-education-provision-in-partnership-with-vsk\/\" title=\"Psicologo dell&#039;educazione e dell&#039;offerta educativa VSKAT (in collaborazione con VSK)\"><span class=\"cat-post-crop cat-post-format cat-post-format-standard\"><img loading=\"lazy\" decoding=\"async\" width=\"200\" height=\"200\" src=\"https:\/\/careleaverpp.org\/wp-content\/uploads\/2018\/07\/Virtual-School-Kent-logo.jpg\" class=\"attachment- size- wp-post-image\" alt=\"\" data-cat-posts-width=\"200\" data-cat-posts-height=\"200\" srcset=\"https:\/\/careleaverpp.org\/wp-content\/uploads\/2018\/07\/Virtual-School-Kent-logo.jpg 750w, https:\/\/careleaverpp.org\/wp-content\/uploads\/2018\/07\/Virtual-School-Kent-logo-200x133.jpg 200w, https:\/\/careleaverpp.org\/wp-content\/uploads\/2018\/07\/Virtual-School-Kent-logo-300x200.jpg 300w\" sizes=\"auto, (max-width: 200px) 100vw, 200px\" \/><\/span><\/a><\/div><\/li><li class='cat-post-item'><div><a class=\"cat-post-title\" href=\"https:\/\/careleaverpp.org\/it\/the-dwps-commitment-to-care-leavers\/\" rel=\"bookmark\">L&#039;impegno del DWP nei confronti di chi lascia l&#039;assistenza<\/a><\/div><div><a class=\"cat-post-thumbnail cat-post-none\" href=\"https:\/\/careleaverpp.org\/it\/the-dwps-commitment-to-care-leavers\/\" title=\"L&#039;impegno del DWP nei confronti di chi lascia l&#039;assistenza\"><span class=\"cat-post-crop cat-post-format cat-post-format-standard\"><img loading=\"lazy\" decoding=\"async\" width=\"200\" height=\"200\" src=\"https:\/\/careleaverpp.org\/wp-content\/uploads\/2024\/12\/jobcentreplus.jpg\" class=\"attachment- size- wp-post-image\" alt=\"\" data-cat-posts-width=\"200\" data-cat-posts-height=\"200\" srcset=\"https:\/\/careleaverpp.org\/wp-content\/uploads\/2024\/12\/jobcentreplus.jpg 1134w, https:\/\/careleaverpp.org\/wp-content\/uploads\/2024\/12\/jobcentreplus-300x211.jpg 300w, https:\/\/careleaverpp.org\/wp-content\/uploads\/2024\/12\/jobcentreplus-1024x721.jpg 1024w, https:\/\/careleaverpp.org\/wp-content\/uploads\/2024\/12\/jobcentreplus-200x141.jpg 200w, https:\/\/careleaverpp.org\/wp-content\/uploads\/2024\/12\/jobcentreplus-768x541.jpg 768w, https:\/\/careleaverpp.org\/wp-content\/uploads\/2024\/12\/jobcentreplus-18x12.jpg 18w\" sizes=\"auto, (max-width: 200px) 100vw, 200px\" \/><\/span><\/a><\/div><\/li><li class='cat-post-item'><div><a class=\"cat-post-title\" href=\"https:\/\/careleaverpp.org\/it\/social-enterprise-kent-seks-elevate-programme\/\" rel=\"bookmark\">Programma Elevate di Social Enterprise Kent (SEK)<\/a><\/div><div><a class=\"cat-post-thumbnail cat-post-none\" href=\"https:\/\/careleaverpp.org\/it\/social-enterprise-kent-seks-elevate-programme\/\" title=\"Programma Elevate di Social Enterprise Kent (SEK)\"><span class=\"cat-post-crop cat-post-format cat-post-format-standard\"><img loading=\"lazy\" decoding=\"async\" width=\"200\" height=\"200\" src=\"https:\/\/careleaverpp.org\/wp-content\/uploads\/2024\/12\/Elevate-Success.jpg\" class=\"attachment- size- wp-post-image\" alt=\"\" data-cat-posts-width=\"200\" data-cat-posts-height=\"200\" srcset=\"https:\/\/careleaverpp.org\/wp-content\/uploads\/2024\/12\/Elevate-Success.jpg 800w, https:\/\/careleaverpp.org\/wp-content\/uploads\/2024\/12\/Elevate-Success-300x167.jpg 300w, https:\/\/careleaverpp.org\/wp-content\/uploads\/2024\/12\/Elevate-Success-200x111.jpg 200w, https:\/\/careleaverpp.org\/wp-content\/uploads\/2024\/12\/Elevate-Success-768x427.jpg 768w, https:\/\/careleaverpp.org\/wp-content\/uploads\/2024\/12\/Elevate-Success-18x10.jpg 18w\" sizes=\"auto, (max-width: 200px) 100vw, 200px\" \/><\/span><\/a><\/div><\/li><li class='cat-post-item'><div><a class=\"cat-post-title\" href=\"https:\/\/careleaverpp.org\/it\/ty-lockes-lived-experience\/\" rel=\"bookmark\">L&#039;esperienza vissuta da Ty Locke<\/a><\/div><div><a class=\"cat-post-thumbnail cat-post-none\" href=\"https:\/\/careleaverpp.org\/it\/ty-lockes-lived-experience\/\" title=\"L&#039;esperienza vissuta da Ty Locke\"><span class=\"cat-post-crop cat-post-format cat-post-format-video\"><img loading=\"lazy\" decoding=\"async\" width=\"200\" height=\"200\" src=\"https:\/\/careleaverpp.org\/wp-content\/uploads\/2024\/12\/Screenshot-2024-12-04-at-12.06.18.png\" class=\"attachment- size- wp-post-image\" alt=\"\" data-cat-posts-width=\"200\" data-cat-posts-height=\"200\" srcset=\"https:\/\/careleaverpp.org\/wp-content\/uploads\/2024\/12\/Screenshot-2024-12-04-at-12.06.18.png 2694w, https:\/\/careleaverpp.org\/wp-content\/uploads\/2024\/12\/Screenshot-2024-12-04-at-12.06.18-300x214.png 300w, https:\/\/careleaverpp.org\/wp-content\/uploads\/2024\/12\/Screenshot-2024-12-04-at-12.06.18-1024x732.png 1024w, https:\/\/careleaverpp.org\/wp-content\/uploads\/2024\/12\/Screenshot-2024-12-04-at-12.06.18-200x143.png 200w, https:\/\/careleaverpp.org\/wp-content\/uploads\/2024\/12\/Screenshot-2024-12-04-at-12.06.18-768x549.png 768w, https:\/\/careleaverpp.org\/wp-content\/uploads\/2024\/12\/Screenshot-2024-12-04-at-12.06.18-1536x1098.png 1536w, https:\/\/careleaverpp.org\/wp-content\/uploads\/2024\/12\/Screenshot-2024-12-04-at-12.06.18-2048x1464.png 2048w, https:\/\/careleaverpp.org\/wp-content\/uploads\/2024\/12\/Screenshot-2024-12-04-at-12.06.18-18x12.png 18w\" sizes=\"auto, (max-width: 200px) 100vw, 200px\" \/><\/span><\/a><\/div><\/li><\/ul>\n<\/div><div class=\"widget widget_text sidebar__widget\"><h6>Prossimi eventi<\/h6><ul id=\"category-posts-4-internal\" class=\"category-posts-internal\">\n<li class='cat-post-item'><div><a class=\"cat-post-title\" href=\"https:\/\/careleaverpp.org\/it\/uca-live-online-webinars\/\" rel=\"bookmark\">UCA Live \u2013 Webinar online<\/a><\/div><div><a class=\"cat-post-thumbnail cat-post-none\" href=\"https:\/\/careleaverpp.org\/it\/uca-live-online-webinars\/\" title=\"UCA Live \u2013 Webinar online\"><span class=\"cat-post-crop cat-post-format cat-post-format-standard\"><img loading=\"lazy\" decoding=\"async\" width=\"200\" height=\"200\" src=\"https:\/\/careleaverpp.org\/wp-content\/uploads\/2025\/01\/Screenshot-2025-01-22-at-10.21.07.png\" class=\"attachment- size- wp-post-image\" alt=\"\" data-cat-posts-width=\"200\" data-cat-posts-height=\"200\" srcset=\"https:\/\/careleaverpp.org\/wp-content\/uploads\/2025\/01\/Screenshot-2025-01-22-at-10.21.07.png 414w, https:\/\/careleaverpp.org\/wp-content\/uploads\/2025\/01\/Screenshot-2025-01-22-at-10.21.07-300x147.png 300w, https:\/\/careleaverpp.org\/wp-content\/uploads\/2025\/01\/Screenshot-2025-01-22-at-10.21.07-200x98.png 200w, https:\/\/careleaverpp.org\/wp-content\/uploads\/2025\/01\/Screenshot-2025-01-22-at-10.21.07-18x9.png 18w\" sizes=\"auto, (max-width: 200px) 100vw, 200px\" \/><\/span><\/a><\/div><\/li><li class='cat-post-item'><div><a class=\"cat-post-title\" href=\"https:\/\/careleaverpp.org\/it\/ask-the-students-at-the-university-for-the-creative-arts\/\" rel=\"bookmark\">Chiedi agli studenti dell&#039;Universit\u00e0 per le Arti Creative<\/a><\/div><div><a class=\"cat-post-thumbnail cat-post-none\" href=\"https:\/\/careleaverpp.org\/it\/ask-the-students-at-the-university-for-the-creative-arts\/\" title=\"Chiedi agli studenti dell&#039;Universit\u00e0 per le Arti Creative\"><span class=\"cat-post-crop cat-post-format cat-post-format-standard\"><img loading=\"lazy\" decoding=\"async\" width=\"200\" height=\"200\" src=\"https:\/\/careleaverpp.org\/wp-content\/uploads\/2025\/01\/Screenshot-2025-01-22-at-10.17.34.png\" class=\"attachment- size- wp-post-image\" alt=\"\" data-cat-posts-width=\"200\" data-cat-posts-height=\"200\" srcset=\"https:\/\/careleaverpp.org\/wp-content\/uploads\/2025\/01\/Screenshot-2025-01-22-at-10.17.34.png 543w, https:\/\/careleaverpp.org\/wp-content\/uploads\/2025\/01\/Screenshot-2025-01-22-at-10.17.34-300x166.png 300w, https:\/\/careleaverpp.org\/wp-content\/uploads\/2025\/01\/Screenshot-2025-01-22-at-10.17.34-200x110.png 200w, https:\/\/careleaverpp.org\/wp-content\/uploads\/2025\/01\/Screenshot-2025-01-22-at-10.17.34-18x10.png 18w\" sizes=\"auto, (max-width: 200px) 100vw, 200px\" \/><\/span><\/a><\/div><\/li><li class='cat-post-item'><div><a class=\"cat-post-title\" href=\"https:\/\/careleaverpp.org\/it\/campus-tours-at-the-university-for-the-creative-arts\/\" rel=\"bookmark\">Visite guidate al campus dell&#039;Universit\u00e0 per le arti creative<\/a><\/div><div><a class=\"cat-post-thumbnail cat-post-none\" href=\"https:\/\/careleaverpp.org\/it\/campus-tours-at-the-university-for-the-creative-arts\/\" title=\"Visite guidate al campus dell&#039;Universit\u00e0 per le arti creative\"><span class=\"cat-post-crop cat-post-format cat-post-format-standard\"><img loading=\"lazy\" decoding=\"async\" width=\"200\" height=\"200\" src=\"https:\/\/careleaverpp.org\/wp-content\/uploads\/2025\/01\/Screenshot-2025-01-22-at-10.14.03.png\" class=\"attachment- size- wp-post-image\" alt=\"\" data-cat-posts-width=\"200\" data-cat-posts-height=\"200\" srcset=\"https:\/\/careleaverpp.org\/wp-content\/uploads\/2025\/01\/Screenshot-2025-01-22-at-10.14.03.png 402w, https:\/\/careleaverpp.org\/wp-content\/uploads\/2025\/01\/Screenshot-2025-01-22-at-10.14.03-300x203.png 300w, https:\/\/careleaverpp.org\/wp-content\/uploads\/2025\/01\/Screenshot-2025-01-22-at-10.14.03-200x135.png 200w, https:\/\/careleaverpp.org\/wp-content\/uploads\/2025\/01\/Screenshot-2025-01-22-at-10.14.03-18x12.png 18w\" sizes=\"auto, (max-width: 200px) 100vw, 200px\" \/><\/span><\/a><\/div><\/li><li class='cat-post-item'><div><a class=\"cat-post-title\" href=\"https:\/\/careleaverpp.org\/it\/undergraduate-open-days-at-the-university-for-the-creative-arts\/\" rel=\"bookmark\">Giornate porte aperte per studenti universitari presso l&#039;Universit\u00e0 per le arti creative<\/a><\/div><div><a class=\"cat-post-thumbnail cat-post-none\" href=\"https:\/\/careleaverpp.org\/it\/undergraduate-open-days-at-the-university-for-the-creative-arts\/\" title=\"Giornate porte aperte per studenti universitari presso l&#039;Universit\u00e0 per le arti creative\"><span class=\"cat-post-crop cat-post-format cat-post-format-standard\"><img loading=\"lazy\" decoding=\"async\" width=\"200\" height=\"200\" src=\"https:\/\/careleaverpp.org\/wp-content\/uploads\/2025\/01\/Screenshot-2025-01-22-at-10.11.18.png\" class=\"attachment- size- wp-post-image\" alt=\"\" data-cat-posts-width=\"200\" data-cat-posts-height=\"200\" srcset=\"https:\/\/careleaverpp.org\/wp-content\/uploads\/2025\/01\/Screenshot-2025-01-22-at-10.11.18.png 461w, https:\/\/careleaverpp.org\/wp-content\/uploads\/2025\/01\/Screenshot-2025-01-22-at-10.11.18-300x170.png 300w, https:\/\/careleaverpp.org\/wp-content\/uploads\/2025\/01\/Screenshot-2025-01-22-at-10.11.18-200x113.png 200w, https:\/\/careleaverpp.org\/wp-content\/uploads\/2025\/01\/Screenshot-2025-01-22-at-10.11.18-18x10.png 18w\" sizes=\"auto, (max-width: 200px) 100vw, 200px\" \/><\/span><\/a><\/div><\/li><\/ul>\n<\/div><div class=\"widget widget_text sidebar__widget\"><h6>I nostri tweet<\/h6><div class=\"twitter-feed\"><div class=\"tweets-feed\" data-amount=\"2\" data-widget-id=\"\" data-user-name=\"CareLeaverPP\"><\/div><\/div><\/div>\n\t\t<\/div>\n\t<\/div>\n<\/div><\/div><\/div><\/div><\/div><\/div><\/div><\/div><\/div><\/section>","protected":false},"excerpt":{"rendered":"Gli Open Day dell&#039;UCA ti danno l&#039;opportunit\u00e0 di esplorare i loro campus, incontrare i loro accademici e gli studenti ambasciatori, partecipare alle lezioni e avere risposte alle tue domande, oltre a scoprire informazioni utili su alloggi, tasse e finanziamenti. Il loro prossimo Open Day \u00e8 sabato 26 aprile 2025 e si svolger\u00e0 dalle 9:30 alle 15:00, con l&#039;ultimo campus [...]","protected":false},"author":2,"featured_media":0,"parent":0,"menu_order":0,"comment_status":"closed","ping_status":"closed","template":"","meta":{"_acf_changed":false,"footnotes":""},"class_list":["post-694","page","type-page","status-publish","hentry"],"acf":[],"_links":{"self":[{"href":"https:\/\/careleaverpp.org\/it\/wp-json\/wp\/v2\/pages\/694","targetHints":{"allow":["GET"]}}],"collection":[{"href":"https:\/\/careleaverpp.org\/it\/wp-json\/wp\/v2\/pages"}],"about":[{"href":"https:\/\/careleaverpp.org\/it\/wp-json\/wp\/v2\/types\/page"}],"author":[{"embeddable":true,"href":"https:\/\/careleaverpp.org\/it\/wp-json\/wp\/v2\/users\/2"}],"replies":[{"embeddable":true,"href":"https:\/\/careleaverpp.org\/it\/wp-json\/wp\/v2\/comments?post=694"}],"version-history":[{"count":0,"href":"https:\/\/careleaverpp.org\/it\/wp-json\/wp\/v2\/pages\/694\/revisions"}],"wp:attachment":[{"href":"https:\/\/careleaverpp.org\/it\/wp-json\/wp\/v2\/media?parent=694"}],"curies":[{"name":"wp","href":"https:\/\/api.w.org\/{rel}","templated":true}]}}