{"id":7,"date":"2016-11-25T15:52:11","date_gmt":"2016-11-25T15:52:11","guid":{"rendered":"https:\/\/careleaverpp.org\/?page_id=7"},"modified":"2019-06-10T13:06:09","modified_gmt":"2019-06-10T12:06:09","slug":"home","status":"publish","type":"page","link":"https:\/\/careleaverpp.org\/hu\/","title":{"rendered":"itthon"},"content":{"rendered":"<div data-vc-full-width=\"false\" data-vc-full-width-init=\"false\" class=\"vc_row wpb_row vc_row-fluid vc_custom_1560168363302 vc_row-has-fill vc_row-o-content-bottom vc_row-flex\"><div class=\"text-center wpb_column column_container col-sm-12\"><div class=\"vc_column-inner\"><div class=\"wpb_wrapper\">\n\t\t\t<section class=\"cover cover-11 height-80 imagebg parallax\" data-overlay=\"4\">\n\t\t\t\t<div class=\"background-image-holder background--bottom\">\n\t\t\t\t\t<img loading=\"lazy\" decoding=\"async\" width=\"1920\" height=\"1280\" src=\"https:\/\/careleaverpp.org\/wp-content\/uploads\/2016\/11\/care-leavers-information.jpeg\" class=\"attachment-full size-full\" alt=\"\" srcset=\"https:\/\/careleaverpp.org\/wp-content\/uploads\/2016\/11\/care-leavers-information.jpeg 1920w, https:\/\/careleaverpp.org\/wp-content\/uploads\/2016\/11\/care-leavers-information-300x200.jpeg 300w, https:\/\/careleaverpp.org\/wp-content\/uploads\/2016\/11\/care-leavers-information-768x512.jpeg 768w, https:\/\/careleaverpp.org\/wp-content\/uploads\/2016\/11\/care-leavers-information-1024x683.jpeg 1024w\" sizes=\"auto, (max-width: 1920px) 100vw, 1920px\" \/>\n\t\t\t\t<\/div>\n\t\t\t\t<div class=\"container pos-vertical-center\">\n\t\t\t\t\t<div class=\"row\">\n\t\t\t\t\t\t<div class=\"col-sm-10 col-sm-offset-1\">\n\t\t\t\t\t\t\t\n\t<div class=\"wpb_text_column wpb_content_element\" >\n\t\t<div class=\"wpb_wrapper\">\n\t\t\t<h1 style=\"text-align: center;\"><span style=\"font-family: montserrat;\">Feln\u0151ni,<\/span> <em>Haladni el\u0151re<\/em><\/h1>\n<p class=\"lead\" style=\"text-align: center;\">Kenti \u00e9s Medway-i szervezetek partners\u00e9ge vagyunk, elk\u00f6telezettek a 16 \u00e9ven fel\u00fcliek oktat\u00e1si \u00e9s k\u00e9pz\u00e9si tapasztalatainak jav\u00edt\u00e1sa ir\u00e1nt a gondoz\u00e1sb\u00f3l \u00e9s a gondoz\u00e1sb\u00f3l elhagyott helyi gyermekek sz\u00e1m\u00e1ra.<\/p>\n\n\t\t<\/div>\n\t<\/div>\n<div class=\"vc_empty_space\"   style=\"height: 52px\"><span class=\"vc_empty_space_inner\"><\/span><\/div>\n\t\t\t\t\t\t<\/div>\n\t\t\t\t\t<\/div><!--end row-->\n\t\t\t\t<\/div><!--end container-->\n\t\t\t<\/section>\n\t\t<\/div><\/div><\/div><\/div><section class=\"vc_row wpb_row vc_row-fluid vc_custom_1484320222572\"><div class=\"container\"><div class=\"row\"><div class=\"wpb_column column_container col-sm-2\"><div class=\"vc_column-inner\"><div class=\"wpb_wrapper\"><\/div><\/div><\/div><div class=\"wpb_column column_container col-sm-8\"><div class=\"vc_column-inner\"><div class=\"wpb_wrapper\">\n\t<div class=\"wpb_text_column wpb_content_element\" >\n\t\t<div class=\"wpb_wrapper\">\n\t\t\t<h3 style=\"text-align: center;\">Care Leaver Progression Partnership<\/h3>\n<p class=\"lead\" style=\"text-align: center;\">Kollekt\u00edv t\u00f6rekv\u00e9s\u00fcnk az, hogy jobban meg\u00e9rts\u00fck \u00e9s elt\u00e1vol\u00edtsuk a 16 \u00e9v ut\u00e1ni oktat\u00e1s \u00e9s k\u00e9pz\u00e9s el\u0151tt \u00e1ll\u00f3 akad\u00e1lyokat Kentben \u00e9s Medwayben.<\/p>\n\n\t\t<\/div>\n\t<\/div>\n<\/div><\/div><\/div><div class=\"wpb_column column_container col-sm-2\"><div class=\"vc_column-inner\"><div class=\"wpb_wrapper\"><\/div><\/div><\/div><\/div><\/div><\/section><section class=\"vc_row wpb_row vc_row-fluid hp-box vc_custom_1484566963468\"><div class=\"container\"><div class=\"row\"><div class=\"wpb_column column_container col-sm-4 col-has-fill\"><div class=\"vc_column-inner vc_custom_1484318222439\"><div class=\"wpb_wrapper\">\n\t<div  class=\"wpb_single_image wpb_content_element vc_align_left\">\n\t\t\n\t\t<figure class=\"wpb_wrapper vc_figure\">\n\t\t\t<a href=\"https:\/\/careleaverpp.org\/hu\/resources\/\" target=\"_self\" class=\"vc_single_image-wrapper   vc_box_border_grey\"><img loading=\"lazy\" decoding=\"async\" class=\"vc_single_image-img\" src=\"https:\/\/careleaverpp.org\/wp-content\/uploads\/2016\/11\/1-53946-360x240.jpg\" width=\"360\" height=\"240\" alt=\"Annual budget meeting\" title=\"A CLPP-r\u0151l\" \/><\/a>\n\t\t<\/figure>\n\t<\/div>\n\n\t<div class=\"wpb_text_column wpb_content_element  vc_custom_1486655922072\" >\n\t\t<div class=\"wpb_wrapper\">\n\t\t\t<h2 style=\"text-align: center;\">R\u00f3lunk<\/h2>\n<p class=\"p1\">Egyetemek, f\u0151iskol\u00e1k, helyi hat\u00f3s\u00e1gok \u00e9s m\u00e1s szervezetek partners\u00e9ge Kentben \u00e9s Medwayben. Tudjon meg t\u00f6bbet r\u00f3lunk \u00e9s munk\u00e1nkr\u00f3l.<\/p>\n<p class=\"p1\" style=\"text-align: center;\"><a class=\"btn btn--lg btn--primary mb--1\" title=\"gondoz\u00e1sb\u00f3l kil\u00e9p\u0151 progresszi\u00f3s partners\u00e9g \u2013 CLPP\" href=\"https:\/\/careleaverpp.org\/hu\/about-us\/\">Tudj meg t\u00f6bbet<\/a><\/p>\n\n\t\t<\/div>\n\t<\/div>\n<\/div><\/div><\/div><div class=\"wpb_column column_container col-sm-4 col-has-fill\"><div class=\"vc_column-inner vc_custom_1484317640504\"><div class=\"wpb_wrapper\">\n\t<div  class=\"wpb_single_image wpb_content_element vc_align_left\">\n\t\t\n\t\t<figure class=\"wpb_wrapper vc_figure\">\n\t\t\t<a href=\"https:\/\/careleaverpp.org\/hu\/resources\/\" target=\"_self\" class=\"vc_single_image-wrapper   vc_box_border_grey\"><img loading=\"lazy\" decoding=\"async\" class=\"vc_single_image-img\" src=\"https:\/\/careleaverpp.org\/wp-content\/uploads\/2016\/11\/Lady-on-laptop-cropped-360x240.jpg\" width=\"360\" height=\"240\" alt=\"Lady on a bench using a latptop\" title=\"H\u00f6lgy a laptopon\" \/><\/a>\n\t\t<\/figure>\n\t<\/div>\n\n\t<div class=\"wpb_text_column wpb_content_element  vc_custom_1484318090196\" >\n\t\t<div class=\"wpb_wrapper\">\n\t\t\t<h2 style=\"text-align: center;\">Er\u0151forr\u00e1sok<\/h2>\n<p>L\u00e1togassa meg az Er\u0151forr\u00e1sok szakaszt, ahol hasznos dokumentumokat, vide\u00f3kat \u00e9s m\u00e1s webhelyekre mutat\u00f3 hivatkoz\u00e1sokat tal\u00e1lhat, amelyek t\u00e1mogatj\u00e1k munk\u00e1j\u00e1t.<\/p>\n<p class=\"p1\" style=\"text-align: center;\"><a class=\"btn btn--lg btn--primary mb--1\" title=\"gondoz\u00e1sb\u00f3l kil\u00e9p\u0151 el\u0151rehalad\u00e1s partners\u00e9gi forr\u00e1sok\" href=\"https:\/\/careleaverpp.org\/hu\/resources\/\">Er\u0151forr\u00e1sok megtekint\u00e9se<\/a><\/p>\n\n\t\t<\/div>\n\t<\/div>\n<\/div><\/div><\/div><div class=\"wpb_column column_container col-sm-4 col-has-fill\"><div class=\"vc_column-inner vc_custom_1484318230422\"><div class=\"wpb_wrapper\">\n\t<div  class=\"wpb_single_image wpb_content_element vc_align_left\">\n\t\t\n\t\t<figure class=\"wpb_wrapper vc_figure\">\n\t\t\t<a href=\"https:\/\/careleaverpp.org\/hu\/resources\/\" target=\"_self\" class=\"vc_single_image-wrapper   vc_box_border_grey\"><img loading=\"lazy\" decoding=\"async\" class=\"vc_single_image-img\" src=\"https:\/\/careleaverpp.org\/wp-content\/uploads\/2016\/11\/Girl-on-laptop-cropped-360x240.jpg\" width=\"360\" height=\"240\" alt=\"Girl on laptop cropped\" title=\"L\u00e1ny a laptop lev\u00e1gva\" \/><\/a>\n\t\t<\/figure>\n\t<\/div>\n\n\t<div class=\"wpb_text_column wpb_content_element  vc_custom_1484318761128\" >\n\t\t<div class=\"wpb_wrapper\">\n\t\t\t<h2 style=\"text-align: center;\">Gondoz\u00e1st elhagy\u00f3k<\/h2>\n<p>\u00d6n \u00e1pol\u00e1st elhagy\u00f3, \u00e9s seg\u00edts\u00e9gre van sz\u00fcks\u00e9ge, vagy szeretne t\u00f6bbet megtudni az el\u00e9rhet\u0151 t\u00e1mogat\u00e1sr\u00f3l? Tov\u00e1bbi inform\u00e1ci\u00f3\u00e9rt l\u00e1togassa meg oldalunkat.<\/p>\n<p class=\"p1\" style=\"text-align: center;\"><a class=\"btn btn--lg btn--primary mb--1\" title=\"gondoz\u00e1sb\u00f3l kil\u00e9p\u0151 el\u0151rehalad\u00e1s partners\u00e9gi forr\u00e1sok\" href=\"https:\/\/careleaverpp.org\/hu\/information-for-care-leavers\/\">Tudj meg t\u00f6bbet<\/a><\/p>\n\n\t\t<\/div>\n\t<\/div>\n<\/div><\/div><\/div><\/div><\/div><\/section><section class=\"vc_row wpb_row vc_row-fluid vc_custom_1484566810162\"><div class=\"container\"><div class=\"row\"><div class=\"wpb_column column_container col-sm-4\"><div class=\"vc_column-inner\"><div class=\"wpb_wrapper\">\n\t<div class=\"wpb_text_column wpb_content_element\" >\n\t\t<div class=\"wpb_wrapper\">\n\t\t\t<h3 class=\"hp-box\">Seg\u00edts\u00e9g a gondoskod\u00e1son t\u00fali \u00e9let fel\u00e9p\u00edt\u00e9s\u00e9ben<\/h3>\n<p>Azt akarjuk, hogy a Care Leavereknek ugyanolyan lehet\u0151s\u00e9geik legyenek, mint a t\u00f6bbi fiatalnak, t\u00e1mogat\u00e1st \u00e9s \u00fatmutat\u00e1st kapjanak \u00e1lmaik tervez\u00e9s\u00e9ben, megval\u00f3s\u00edt\u00e1s\u00e1ban \u00e9s megval\u00f3s\u00edt\u00e1s\u00e1ban. C\u00e9lunk, hogy a gondoz\u00e1sb\u00f3l kiker\u00fcl\u0151knek jobb lehet\u0151s\u00e9geket biztos\u00edtsunk az oktat\u00e1shoz \u00e9s kulcsfontoss\u00e1g\u00fa k\u00e9szs\u00e9geik fejleszt\u00e9s\u00e9hez, seg\u00edtve \u0151ket abban, hogy jobb \u00e9letet \u00e9p\u00edtsenek maguknak.<\/p>\n<p>A Care Leaver Progression Partnership arra t\u00f6rekszik, hogy \u00f6sszehangolja azt a t\u00e1mogat\u00e1st, amelyre a gondoz\u00e1sb\u00f3l kiker\u00fcl\u0151knek sz\u00fcks\u00e9ge van \u00e9let\u00fck egy nagyon fontos szakasz\u00e1ban. Szeretne t\u00f6bbet megtudni?<\/p>\n<p><a class=\"btn btn-sm\" href=\"https:\/\/careleaverpp.org\/hu\/contact\/\">Vegye fel vel\u00fcnk a kapcsolatot m\u00e9g ma<\/a><\/p>\n\n\t\t<\/div>\n\t<\/div>\n<\/div><\/div><\/div><div class=\"wpb_column column_container col-sm-8\"><div class=\"vc_column-inner\"><div class=\"wpb_wrapper\">\n\t<div  class=\"wpb_single_image wpb_content_element vc_align_left\">\n\t\t\n\t\t<figure class=\"wpb_wrapper vc_figure\">\n\t\t\t<div class=\"vc_single_image-wrapper   vc_box_border_grey\"><img loading=\"lazy\" decoding=\"async\" width=\"1500\" height=\"1000\" src=\"https:\/\/careleaverpp.org\/wp-content\/uploads\/2016\/11\/Boy-looking-out-at-university.jpg\" class=\"vc_single_image-img attachment-full\" alt=\"Boy looking out at university\" srcset=\"https:\/\/careleaverpp.org\/wp-content\/uploads\/2016\/11\/Boy-looking-out-at-university.jpg 1500w, https:\/\/careleaverpp.org\/wp-content\/uploads\/2016\/11\/Boy-looking-out-at-university-200x133.jpg 200w, https:\/\/careleaverpp.org\/wp-content\/uploads\/2016\/11\/Boy-looking-out-at-university-300x200.jpg 300w, https:\/\/careleaverpp.org\/wp-content\/uploads\/2016\/11\/Boy-looking-out-at-university-768x512.jpg 768w, https:\/\/careleaverpp.org\/wp-content\/uploads\/2016\/11\/Boy-looking-out-at-university-1024x683.jpg 1024w\" sizes=\"auto, (max-width: 1500px) 100vw, 1500px\" \/><\/div>\n\t\t<\/figure>\n\t<\/div>\n<\/div><\/div><\/div><\/div><\/div><\/section><section class=\"vc_row wpb_row vc_row-fluid vc_custom_1484323020513 vc_row-has-fill\"><div class=\"container\"><div class=\"row\"><div class=\"wpb_column column_container col-sm-12\"><div class=\"vc_column-inner\"><div class=\"wpb_wrapper\"><h2 style=\"color: #f49430;text-align: left;font-family:Montserrat;font-weight:400;font-style:normal\" class=\"vc_custom_heading\" >Legfrissebb h\u00edrek<\/h2><div class=\"vc_separator wpb_content_element vc_separator_align_center vc_sep_width_100 vc_sep_pos_align_center vc_separator_no_text vc_sep_color_grey\" ><span class=\"vc_sep_holder vc_sep_holder_l\"><span  class=\"vc_sep_line\"><\/span><\/span><span class=\"vc_sep_holder vc_sep_holder_r\"><span  class=\"vc_sep_line\"><\/span><\/span>\n<\/div>\n<div class=\"vc_grid-container-wrapper vc_clearfix\">\n\t<div class=\"vc_grid-container vc_clearfix wpb_content_element vc_masonry_grid\" data-initial-loading-animation=\"none\" data-vc-grid-settings=\"{&quot;page_id&quot;:7,&quot;style&quot;:&quot;all-masonry&quot;,&quot;action&quot;:&quot;vc_get_vc_grid_data&quot;,&quot;shortcode_id&quot;:&quot;1560168189116-058eb189-44d1-2&quot;,&quot;tag&quot;:&quot;vc_masonry_grid&quot;}\" data-vc-request=\"https:\/\/careleaverpp.org\/wp-admin\/admin-ajax.php\" data-vc-post-id=\"7\" data-vc-public-nonce=\"00d6d85595\">\n\t\t\n\t<\/div>\n<\/div><\/div><\/div><\/div><\/div><\/div><\/section><section class=\"vc_row wpb_row vc_row-fluid vc_custom_1484323368889 vc_row-has-fill\"><div class=\"container\"><div class=\"row\"><div class=\"wpb_column column_container col-sm-8\"><div class=\"vc_column-inner\"><div class=\"wpb_wrapper\">\n\t<div  class=\"wpb_single_image wpb_content_element vc_align_left\">\n\t\t\n\t\t<figure class=\"wpb_wrapper vc_figure\">\n\t\t\t<div class=\"vc_single_image-wrapper   vc_box_border_grey\"><img loading=\"lazy\" decoding=\"async\" width=\"1024\" height=\"682\" src=\"https:\/\/careleaverpp.org\/wp-content\/uploads\/2016\/06\/clpp-conference-2016-1024x682.jpg\" class=\"vc_single_image-img attachment-large\" alt=\"CLPP Conference 2016\" srcset=\"https:\/\/careleaverpp.org\/wp-content\/uploads\/2016\/06\/clpp-conference-2016-1024x682.jpg 1024w, https:\/\/careleaverpp.org\/wp-content\/uploads\/2016\/06\/clpp-conference-2016-300x200.jpg 300w, https:\/\/careleaverpp.org\/wp-content\/uploads\/2016\/06\/clpp-conference-2016-768x512.jpg 768w, https:\/\/careleaverpp.org\/wp-content\/uploads\/2016\/06\/clpp-conference-2016.jpg 1280w\" sizes=\"auto, (max-width: 1024px) 100vw, 1024px\" \/><\/div>\n\t\t<\/figure>\n\t<\/div>\n<\/div><\/div><\/div><div class=\"wpb_column column_container col-sm-4\"><div class=\"vc_column-inner\"><div class=\"wpb_wrapper\">\n\t<div class=\"wpb_text_column wpb_content_element\" >\n\t\t<div class=\"wpb_wrapper\">\n\t\t\t<h2 class=\"hp-box\">Esem\u00e9nyek<\/h2>\n<p>Rendezv\u00e9nyeket \u00e9s konferenci\u00e1kat tartunk, hogy el\u0151seg\u00edts\u00fck a fels\u0151oktat\u00e1si int\u00e9zm\u00e9nyek \u00e9s m\u00e1s szervezetek egy\u00fcttm\u0171k\u00f6d\u00e9s\u00e9t, k\u00e9pz\u00e9s\u00e9t \u00e9s t\u00e1mogat\u00e1s\u00e1t.<\/p>\n<p><a class=\"btn btn-sm\" href=\"https:\/\/careleaverpp.org\/hu\/events\/\">\u00d6sszes esem\u00e9ny megtekint\u00e9se<\/a><\/p>\n<p><a href=\"https:\/\/careleaverpp.org\/hu\/partners\/\">Partnereink<\/a> rendezv\u00e9nyeket, p\u00e9ld\u00e1ul m\u0171helyeket, szombati klubokat \u00e9s ny\u00edlt napokat tartsanak a gondoz\u00e1sb\u00f3l kiker\u00fcl\u0151knek, hogy n\u00e9pszer\u0171s\u00edts\u00e9k az oktat\u00e1si t\u00e1mogat\u00e1st, a munkak\u00e9szs\u00e9geket \u00e9s egyebeket.<\/p>\n<p><a class=\"btn btn-sm\" href=\"https:\/\/careleaverpp.org\/hu\/partners\/\">Tekintse meg Partnereinket<\/a><\/p>\n<h4><\/h4>\n\n\t\t<\/div>\n\t<\/div>\n<\/div><\/div><\/div><\/div><\/div><\/section>","protected":false},"excerpt":{"rendered":"Feln\u0151ni, el\u0151rehaladni Kenti \u00e9s Medway-i szervezetek partners\u00e9ge vagyunk, elk\u00f6telezettek a 16 \u00e9ven fel\u00fcliek oktat\u00e1si \u00e9s k\u00e9pz\u00e9si tapasztalatainak jav\u00edt\u00e1sa ir\u00e1nt a gondoz\u00e1sb\u00f3l \u00e9s gondoz\u00e1sb\u00f3l kiker\u00fclt helyi gyermekek sz\u00e1m\u00e1ra. Care Leaver Progression Partnership Kollekt\u00edv t\u00f6rekv\u00e9s\u00fcnk az, hogy jobban meg\u00e9rts\u00fck \u00e9s elt\u00e1vol\u00edtsuk a 16 \u00e9v ut\u00e1ni oktat\u00e1s \u00e9s k\u00e9pz\u00e9s el\u0151tt \u00e1ll\u00f3 akad\u00e1lyokat a gondoz\u00e1sban tapasztalt fiatalok sz\u00e1m\u00e1ra.","protected":false},"author":2,"featured_media":0,"parent":0,"menu_order":3,"comment_status":"closed","ping_status":"closed","template":"","meta":{"_acf_changed":false,"footnotes":""},"class_list":["post-7","page","type-page","status-publish","hentry"],"acf":[],"_links":{"self":[{"href":"https:\/\/careleaverpp.org\/hu\/wp-json\/wp\/v2\/pages\/7","targetHints":{"allow":["GET"]}}],"collection":[{"href":"https:\/\/careleaverpp.org\/hu\/wp-json\/wp\/v2\/pages"}],"about":[{"href":"https:\/\/careleaverpp.org\/hu\/wp-json\/wp\/v2\/types\/page"}],"author":[{"embeddable":true,"href":"https:\/\/careleaverpp.org\/hu\/wp-json\/wp\/v2\/users\/2"}],"replies":[{"embeddable":true,"href":"https:\/\/careleaverpp.org\/hu\/wp-json\/wp\/v2\/comments?post=7"}],"version-history":[{"count":0,"href":"https:\/\/careleaverpp.org\/hu\/wp-json\/wp\/v2\/pages\/7\/revisions"}],"wp:attachment":[{"href":"https:\/\/careleaverpp.org\/hu\/wp-json\/wp\/v2\/media?parent=7"}],"curies":[{"name":"wp","href":"https:\/\/api.w.org\/{rel}","templated":true}]}}