{"id":694,"date":"2017-01-13T14:38:57","date_gmt":"2017-01-13T14:38:57","guid":{"rendered":"https:\/\/careleaverpp.org\/?page_id=694"},"modified":"2019-06-14T12:02:05","modified_gmt":"2019-06-14T11:02:05","slug":"information-for-care-leavers","status":"publish","type":"page","link":"https:\/\/careleaverpp.org\/hu\/information-for-care-leavers\/","title":{"rendered":"T\u00e1j\u00e9koztat\u00e1s a gondoz\u00e1st elhagy\u00f3k sz\u00e1m\u00e1ra"},"content":{"rendered":"<section class=\"vc_row wpb_row vc_row-fluid\"><div class=\"container\"><div class=\"row\"><div class=\"wpb_column column_container col-sm-12\"><div class=\"vc_column-inner\"><div class=\"wpb_wrapper\"><h1 style=\"font-size: 4em;color: #676666;line-height: 1.015;text-align: center;font-family:Roboto;font-weight:400;font-style:normal\" class=\"vc_custom_heading\" >T\u00e1j\u00e9koztat\u00e1s a gondoz\u00e1st elhagy\u00f3k sz\u00e1m\u00e1ra<\/h1><div class=\"vc_separator wpb_content_element vc_separator_align_center vc_sep_width_100 vc_sep_pos_align_center vc_separator_no_text vc_sep_color_grey\" ><span class=\"vc_sep_holder vc_sep_holder_l\"><span  class=\"vc_sep_line\"><\/span><\/span><span class=\"vc_sep_holder vc_sep_holder_r\"><span  class=\"vc_sep_line\"><\/span><\/span>\n<\/div><div class=\"vc_row wpb_row vc_inner vc_row-fluid\"><div class=\"wpb_column column_container col-sm-8\"><div class=\"vc_column-inner\"><div class=\"wpb_wrapper\">\n\t<div class=\"wpb_text_column wpb_content_element\" >\n\t\t<div class=\"wpb_wrapper\">\n\t\t\t<p><img loading=\"lazy\" decoding=\"async\" class=\"alignright wp-image-696\" src=\"https:\/\/careleaverpp.org\/wp-content\/uploads\/2016\/11\/care-leavers-information-1024x683.jpeg\" width=\"400\" height=\"267\" srcset=\"https:\/\/careleaverpp.org\/wp-content\/uploads\/2016\/11\/care-leavers-information-1024x683.jpeg 1024w, https:\/\/careleaverpp.org\/wp-content\/uploads\/2016\/11\/care-leavers-information-300x200.jpeg 300w, https:\/\/careleaverpp.org\/wp-content\/uploads\/2016\/11\/care-leavers-information-768x512.jpeg 768w, https:\/\/careleaverpp.org\/wp-content\/uploads\/2016\/11\/care-leavers-information.jpeg 1920w\" sizes=\"auto, (max-width: 400px) 100vw, 400px\" \/><\/p>\n<p>Van tapasztalatod a gondoz\u00e1sban? \u00c9rdekelne, milyen t\u00e1mogat\u00e1s \u00e9s tan\u00e1cs \u00e1llhat az \u00d6n rendelkez\u00e9s\u00e9re, amikor az iskol\u00e1b\u00f3l f\u0151iskol\u00e1ra, egyetemre vagy k\u00e9pz\u00e9si programra szeretne \u00e1tt\u00e9rni?<\/p>\n<p>Ha fel szeretn\u00e9 venni a kapcsolatot valakivel, aki esetleg tud seg\u00edteni, k\u00e9rj\u00fck, l\u00e9pjen kapcsolatba Nin\u00e1val a mi seg\u00edts\u00e9g\u00fcnk\u00f6n <a href=\"https:\/\/careleaverpp.org\/hu\/contact\/\">kapcsolati oldal<\/a>.<\/p>\n<p>Mi\u00e9nken <a href=\"https:\/\/careleaverpp.org\/hu\/partners\/\">partneroldalak <\/a>megtekintheti az egyes kenti \u00e9s medwayi int\u00e9zm\u00e9nyeket, hogy megtudja, mit k\u00edn\u00e1lnak az ell\u00e1t\u00e1s elhagy\u00f3i sz\u00e1m\u00e1ra.<\/p>\n<p>N\u00e9h\u00e1ny forr\u00e1s hasznos lehet n\u00e1lunk is <a href=\"https:\/\/careleaverpp.org\/hu\/resources\/\">forr\u00e1soldal<\/a>.<\/p>\n<p><strong>Az al\u00e1bbiakban felsorolunk n\u00e9h\u00e1ny tov\u00e1bbi webhelyet, amelyek hasznosak lehetnek az \u00d6n sz\u00e1m\u00e1ra:<\/strong><\/p>\n<p><strong>Virtu\u00e1lis Iskola Kent (VSK) \u2013 <\/strong><em>VSK<\/em> egy\u00fcttm\u0171k\u00f6dik az iskol\u00e1k, f\u0151iskol\u00e1k \u00e9s egy\u00e9b int\u00e9zm\u00e9nyek \u00e9s t\u00e1mogat\u00f3 szolg\u00e1latok munkat\u00e1rsaival a gondozott gyermekek \u00e9s a gondoz\u00e1st elhagy\u00f3 fiatalok oktat\u00e1si szolg\u00e1ltat\u00e1sainak \u00f6sszehangol\u00e1sa \u00e9rdek\u00e9ben. L\u00e1togassa meg webhely\u00fcket, hogy t\u00f6bbet megtudjon arr\u00f3l, mit csin\u00e1lnak, \u00e9s hogyan tudnak t\u00e1mogatni, vagy l\u00e9pjen kapcsolatba vel\u00fck a webhely\u00fck\u00f6n tal\u00e1lhat\u00f3 kapcsolatfelv\u00e9teli \u0171rlap seg\u00edts\u00e9g\u00e9vel \u2013 <a href=\"http:\/\/www.virtualschool.lea.kent.sch.uk\/\" target=\"_blank\" rel=\"noopener noreferrer\">Virtu\u00e1lis Iskola Kent<\/a>.<\/p>\n<p><strong>Legy\u00e9l \u2013 <\/strong><em>V\u00e1lik<\/em> egy orsz\u00e1gos j\u00f3t\u00e9konys\u00e1gi szervezet a gondozott \u00e9s a gondoz\u00e1sb\u00f3l elhagyott gyermekek sz\u00e1m\u00e1ra. Weboldalukon rengeteg inform\u00e1ci\u00f3t tal\u00e1l arr\u00f3l, hogy milyen seg\u00edts\u00e9g \u00e9s t\u00e1mogat\u00e1s \u00e9rhet\u0151 el \u2013 <a href=\"http:\/\/www.becomecharity.org.uk\/\" target=\"_blank\" rel=\"noopener noreferrer\">Legy\u00e9l j\u00f3t\u00e9konys\u00e1gi szervezet<\/a> \u2013 vagy forduljon hozz\u00e1juk bar\u00e1ti tan\u00e1csad\u00f3 vonalunkon, ingyenes 0800 023 2033 \/ <a href=\"mailto:advice@becomecharity.org.uk\" target=\"_blank\" rel=\"noopener noreferrer\">tan\u00e1csad\u00e1s@becomecharity.org.uk<\/a><\/p>\n<p><strong>Hajt<\/strong> <strong>&#8211;<\/strong> <em>Hajt <\/em>egy webhely, amelyet a <em>V\u00e1lik <\/em>adom\u00e1ny. T\u00e1j\u00e9koztat\u00e1st ny\u00fajt arr\u00f3l, hogy milyen t\u00e1mogat\u00e1st kaphatnak a gondoz\u00e1sb\u00f3l kiker\u00fcl\u0151k a f\u0151iskol\u00e1n \u00e9s az egyetemen. Az oldalon \u00e1ltal\u00e1nos inform\u00e1ci\u00f3kat tal\u00e1l a jelentkez\u00e9ssel, finansz\u00edroz\u00e1ssal \u00e9s sz\u00e1ll\u00e1ssal kapcsolatos seg\u00edts\u00e9gr\u0151l, valamint egy lehet\u0151s\u00e9get, ahol az egyes f\u0151iskol\u00e1k \u00e9s egyetemek megkereshet\u0151k, hogy megtudj\u00e1k, milyen seg\u00edts\u00e9get \u00e9s t\u00e1mogat\u00e1st k\u00edn\u00e1lnak a gondoz\u00e1sb\u00f3l kiker\u00fcl\u0151knek \u2013 <a href=\"http:\/\/propel.org.uk\/UK\/\" target=\"_blank\" rel=\"noopener noreferrer\"><span style=\"color: #0066cc;\">Hajt<\/span><\/a>.<\/p>\n<p><strong>A Care Leavers oktat\u00e1s\u00e1nak nemzeti h\u00e1l\u00f3zata (NNECL)<\/strong>\u00a0<strong>&#8211; <\/strong><em>NNECL<\/em> egy orsz\u00e1gos szervezet, amely t\u00e1j\u00e9koztat\u00e1st ny\u00fajt a fels\u0151oktat\u00e1si tev\u00e9kenys\u00e9gekr\u0151l \u00e9s forr\u00e1sokr\u00f3l a gondoz\u00e1sb\u00f3l kiker\u00fcl\u0151knek, a gondozott gyermekeknek \u00e9s az \u0151ket t\u00e1mogat\u00f3knak. <a href=\"http:\/\/nnecl.org\/\" target=\"_blank\" rel=\"noopener noreferrer\"><span style=\"color: #0066cc;\">NNECL<\/span><\/a>.<\/p>\n\n\t\t<\/div>\n\t<\/div>\n<\/div><\/div><\/div><div class=\"wpb_column column_container col-sm-4\"><div class=\"vc_column-inner\"><div class=\"wpb_wrapper\"><div  class=\"wpb_widgetised_column wpb_content_element\">\n\t\t<div class=\"wpb_wrapper\">\n\t\t\t\n\t\t\t<div class=\"widget widget_text sidebar__widget\"><h6>Legfrissebb h\u00edrek<\/h6><ul id=\"category-posts-5-internal\" class=\"category-posts-internal\">\n<li class='cat-post-item'><div><a class=\"cat-post-title\" href=\"https:\/\/careleaverpp.org\/hu\/vskat-education-psychologist-and-education-provision-in-partnership-with-vsk\/\" rel=\"bookmark\">VSKAT Oktat\u00e1spszichol\u00f3gus \u00e9s Oktat\u00e1si Ell\u00e1t\u00e1s (a VSK-val egy\u00fcttm\u0171k\u00f6dve)<\/a><\/div><div><a class=\"cat-post-thumbnail cat-post-none\" href=\"https:\/\/careleaverpp.org\/hu\/vskat-education-psychologist-and-education-provision-in-partnership-with-vsk\/\" title=\"VSKAT Oktat\u00e1spszichol\u00f3gus \u00e9s Oktat\u00e1si Ell\u00e1t\u00e1s (a VSK-val egy\u00fcttm\u0171k\u00f6dve)\"><span class=\"cat-post-crop cat-post-format cat-post-format-standard\"><img loading=\"lazy\" decoding=\"async\" width=\"200\" height=\"200\" src=\"https:\/\/careleaverpp.org\/wp-content\/uploads\/2018\/07\/Virtual-School-Kent-logo.jpg\" class=\"attachment- size- wp-post-image\" alt=\"\" data-cat-posts-width=\"200\" data-cat-posts-height=\"200\" srcset=\"https:\/\/careleaverpp.org\/wp-content\/uploads\/2018\/07\/Virtual-School-Kent-logo.jpg 750w, https:\/\/careleaverpp.org\/wp-content\/uploads\/2018\/07\/Virtual-School-Kent-logo-200x133.jpg 200w, https:\/\/careleaverpp.org\/wp-content\/uploads\/2018\/07\/Virtual-School-Kent-logo-300x200.jpg 300w\" sizes=\"auto, (max-width: 200px) 100vw, 200px\" \/><\/span><\/a><\/div><\/li><li class='cat-post-item'><div><a class=\"cat-post-title\" href=\"https:\/\/careleaverpp.org\/hu\/the-dwps-commitment-to-care-leavers\/\" rel=\"bookmark\">A DWP elk\u00f6telezetts\u00e9ge a gondoz\u00e1st elhagy\u00f3k ir\u00e1nt<\/a><\/div><div><a class=\"cat-post-thumbnail cat-post-none\" href=\"https:\/\/careleaverpp.org\/hu\/the-dwps-commitment-to-care-leavers\/\" title=\"A DWP elk\u00f6telezetts\u00e9ge a gondoz\u00e1st elhagy\u00f3k ir\u00e1nt\"><span class=\"cat-post-crop cat-post-format cat-post-format-standard\"><img loading=\"lazy\" decoding=\"async\" width=\"200\" height=\"200\" src=\"https:\/\/careleaverpp.org\/wp-content\/uploads\/2024\/12\/jobcentreplus.jpg\" class=\"attachment- size- wp-post-image\" alt=\"\" data-cat-posts-width=\"200\" data-cat-posts-height=\"200\" srcset=\"https:\/\/careleaverpp.org\/wp-content\/uploads\/2024\/12\/jobcentreplus.jpg 1134w, https:\/\/careleaverpp.org\/wp-content\/uploads\/2024\/12\/jobcentreplus-300x211.jpg 300w, https:\/\/careleaverpp.org\/wp-content\/uploads\/2024\/12\/jobcentreplus-1024x721.jpg 1024w, https:\/\/careleaverpp.org\/wp-content\/uploads\/2024\/12\/jobcentreplus-200x141.jpg 200w, https:\/\/careleaverpp.org\/wp-content\/uploads\/2024\/12\/jobcentreplus-768x541.jpg 768w, https:\/\/careleaverpp.org\/wp-content\/uploads\/2024\/12\/jobcentreplus-18x12.jpg 18w\" sizes=\"auto, (max-width: 200px) 100vw, 200px\" \/><\/span><\/a><\/div><\/li><li class='cat-post-item'><div><a class=\"cat-post-title\" href=\"https:\/\/careleaverpp.org\/hu\/social-enterprise-kent-seks-elevate-programme\/\" rel=\"bookmark\">Social Enterprise Kent (SEK) Elevate programja<\/a><\/div><div><a class=\"cat-post-thumbnail cat-post-none\" href=\"https:\/\/careleaverpp.org\/hu\/social-enterprise-kent-seks-elevate-programme\/\" title=\"Social Enterprise Kent (SEK) Elevate programja\"><span class=\"cat-post-crop cat-post-format cat-post-format-standard\"><img loading=\"lazy\" decoding=\"async\" width=\"200\" height=\"200\" src=\"https:\/\/careleaverpp.org\/wp-content\/uploads\/2024\/12\/Elevate-Success.jpg\" class=\"attachment- size- wp-post-image\" alt=\"\" data-cat-posts-width=\"200\" data-cat-posts-height=\"200\" srcset=\"https:\/\/careleaverpp.org\/wp-content\/uploads\/2024\/12\/Elevate-Success.jpg 800w, https:\/\/careleaverpp.org\/wp-content\/uploads\/2024\/12\/Elevate-Success-300x167.jpg 300w, https:\/\/careleaverpp.org\/wp-content\/uploads\/2024\/12\/Elevate-Success-200x111.jpg 200w, https:\/\/careleaverpp.org\/wp-content\/uploads\/2024\/12\/Elevate-Success-768x427.jpg 768w, https:\/\/careleaverpp.org\/wp-content\/uploads\/2024\/12\/Elevate-Success-18x10.jpg 18w\" sizes=\"auto, (max-width: 200px) 100vw, 200px\" \/><\/span><\/a><\/div><\/li><li class='cat-post-item'><div><a class=\"cat-post-title\" href=\"https:\/\/careleaverpp.org\/hu\/ty-lockes-lived-experience\/\" rel=\"bookmark\">Ty Locke meg\u00e9lt \u00e9lm\u00e9nye<\/a><\/div><div><a class=\"cat-post-thumbnail cat-post-none\" href=\"https:\/\/careleaverpp.org\/hu\/ty-lockes-lived-experience\/\" title=\"Ty Locke meg\u00e9lt tapasztalata\"><span class=\"cat-post-crop cat-post-format cat-post-format-video\"><img loading=\"lazy\" decoding=\"async\" width=\"200\" height=\"200\" src=\"https:\/\/careleaverpp.org\/wp-content\/uploads\/2024\/12\/Screenshot-2024-12-04-at-12.06.18.png\" class=\"attachment- size- wp-post-image\" alt=\"\" data-cat-posts-width=\"200\" data-cat-posts-height=\"200\" srcset=\"https:\/\/careleaverpp.org\/wp-content\/uploads\/2024\/12\/Screenshot-2024-12-04-at-12.06.18.png 2694w, https:\/\/careleaverpp.org\/wp-content\/uploads\/2024\/12\/Screenshot-2024-12-04-at-12.06.18-300x214.png 300w, https:\/\/careleaverpp.org\/wp-content\/uploads\/2024\/12\/Screenshot-2024-12-04-at-12.06.18-1024x732.png 1024w, https:\/\/careleaverpp.org\/wp-content\/uploads\/2024\/12\/Screenshot-2024-12-04-at-12.06.18-200x143.png 200w, https:\/\/careleaverpp.org\/wp-content\/uploads\/2024\/12\/Screenshot-2024-12-04-at-12.06.18-768x549.png 768w, https:\/\/careleaverpp.org\/wp-content\/uploads\/2024\/12\/Screenshot-2024-12-04-at-12.06.18-1536x1098.png 1536w, https:\/\/careleaverpp.org\/wp-content\/uploads\/2024\/12\/Screenshot-2024-12-04-at-12.06.18-2048x1464.png 2048w, https:\/\/careleaverpp.org\/wp-content\/uploads\/2024\/12\/Screenshot-2024-12-04-at-12.06.18-18x12.png 18w\" sizes=\"auto, (max-width: 200px) 100vw, 200px\" \/><\/span><\/a><\/div><\/li><\/ul>\n<\/div><div class=\"widget widget_text sidebar__widget\"><h6>K\u00f6zelg\u0151 esem\u00e9nyek<\/h6><ul id=\"category-posts-4-internal\" class=\"category-posts-internal\">\n<li class='cat-post-item'><div><a class=\"cat-post-title\" href=\"https:\/\/careleaverpp.org\/hu\/uca-live-online-webinars\/\" rel=\"bookmark\">UCA Live \u2013 Online webin\u00e1riumok<\/a><\/div><div><a class=\"cat-post-thumbnail cat-post-none\" href=\"https:\/\/careleaverpp.org\/hu\/uca-live-online-webinars\/\" title=\"UCA Live \u2013 Online webin\u00e1riumok\"><span class=\"cat-post-crop cat-post-format cat-post-format-standard\"><img loading=\"lazy\" decoding=\"async\" width=\"200\" height=\"200\" src=\"https:\/\/careleaverpp.org\/wp-content\/uploads\/2025\/01\/Screenshot-2025-01-22-at-10.21.07.png\" class=\"attachment- size- wp-post-image\" alt=\"\" data-cat-posts-width=\"200\" data-cat-posts-height=\"200\" srcset=\"https:\/\/careleaverpp.org\/wp-content\/uploads\/2025\/01\/Screenshot-2025-01-22-at-10.21.07.png 414w, https:\/\/careleaverpp.org\/wp-content\/uploads\/2025\/01\/Screenshot-2025-01-22-at-10.21.07-300x147.png 300w, https:\/\/careleaverpp.org\/wp-content\/uploads\/2025\/01\/Screenshot-2025-01-22-at-10.21.07-200x98.png 200w, https:\/\/careleaverpp.org\/wp-content\/uploads\/2025\/01\/Screenshot-2025-01-22-at-10.21.07-18x9.png 18w\" sizes=\"auto, (max-width: 200px) 100vw, 200px\" \/><\/span><\/a><\/div><\/li><li class='cat-post-item'><div><a class=\"cat-post-title\" href=\"https:\/\/careleaverpp.org\/hu\/ask-the-students-at-the-university-for-the-creative-arts\/\" rel=\"bookmark\">K\u00e9rdezze meg a Kreat\u00edv M\u0171v\u00e9szeti Egyetem hallgat\u00f3it<\/a><\/div><div><a class=\"cat-post-thumbnail cat-post-none\" href=\"https:\/\/careleaverpp.org\/hu\/ask-the-students-at-the-university-for-the-creative-arts\/\" title=\"K\u00e9rdezze meg a Kreat\u00edv M\u0171v\u00e9szeti Egyetem hallgat\u00f3it\"><span class=\"cat-post-crop cat-post-format cat-post-format-standard\"><img loading=\"lazy\" decoding=\"async\" width=\"200\" height=\"200\" src=\"https:\/\/careleaverpp.org\/wp-content\/uploads\/2025\/01\/Screenshot-2025-01-22-at-10.17.34.png\" class=\"attachment- size- wp-post-image\" alt=\"\" data-cat-posts-width=\"200\" data-cat-posts-height=\"200\" srcset=\"https:\/\/careleaverpp.org\/wp-content\/uploads\/2025\/01\/Screenshot-2025-01-22-at-10.17.34.png 543w, https:\/\/careleaverpp.org\/wp-content\/uploads\/2025\/01\/Screenshot-2025-01-22-at-10.17.34-300x166.png 300w, https:\/\/careleaverpp.org\/wp-content\/uploads\/2025\/01\/Screenshot-2025-01-22-at-10.17.34-200x110.png 200w, https:\/\/careleaverpp.org\/wp-content\/uploads\/2025\/01\/Screenshot-2025-01-22-at-10.17.34-18x10.png 18w\" sizes=\"auto, (max-width: 200px) 100vw, 200px\" \/><\/span><\/a><\/div><\/li><li class='cat-post-item'><div><a class=\"cat-post-title\" href=\"https:\/\/careleaverpp.org\/hu\/campus-tours-at-the-university-for-the-creative-arts\/\" rel=\"bookmark\">Campus Tours a University for the Creative Arts-ban<\/a><\/div><div><a class=\"cat-post-thumbnail cat-post-none\" href=\"https:\/\/careleaverpp.org\/hu\/campus-tours-at-the-university-for-the-creative-arts\/\" title=\"Campus Tours a University for the Creative Arts-ban\"><span class=\"cat-post-crop cat-post-format cat-post-format-standard\"><img loading=\"lazy\" decoding=\"async\" width=\"200\" height=\"200\" src=\"https:\/\/careleaverpp.org\/wp-content\/uploads\/2025\/01\/Screenshot-2025-01-22-at-10.14.03.png\" class=\"attachment- size- wp-post-image\" alt=\"\" data-cat-posts-width=\"200\" data-cat-posts-height=\"200\" srcset=\"https:\/\/careleaverpp.org\/wp-content\/uploads\/2025\/01\/Screenshot-2025-01-22-at-10.14.03.png 402w, https:\/\/careleaverpp.org\/wp-content\/uploads\/2025\/01\/Screenshot-2025-01-22-at-10.14.03-300x203.png 300w, https:\/\/careleaverpp.org\/wp-content\/uploads\/2025\/01\/Screenshot-2025-01-22-at-10.14.03-200x135.png 200w, https:\/\/careleaverpp.org\/wp-content\/uploads\/2025\/01\/Screenshot-2025-01-22-at-10.14.03-18x12.png 18w\" sizes=\"auto, (max-width: 200px) 100vw, 200px\" \/><\/span><\/a><\/div><\/li><li class='cat-post-item'><div><a class=\"cat-post-title\" href=\"https:\/\/careleaverpp.org\/hu\/undergraduate-open-days-at-the-university-for-the-creative-arts\/\" rel=\"bookmark\">Egyetemi Ny\u00edlt Napok a Kreat\u00edv M\u0171v\u00e9szeti Egyetemen<\/a><\/div><div><a class=\"cat-post-thumbnail cat-post-none\" href=\"https:\/\/careleaverpp.org\/hu\/undergraduate-open-days-at-the-university-for-the-creative-arts\/\" title=\"Egyetemi Ny\u00edlt Napok a Kreat\u00edv M\u0171v\u00e9szeti Egyetemen\"><span class=\"cat-post-crop cat-post-format cat-post-format-standard\"><img loading=\"lazy\" decoding=\"async\" width=\"200\" height=\"200\" src=\"https:\/\/careleaverpp.org\/wp-content\/uploads\/2025\/01\/Screenshot-2025-01-22-at-10.11.18.png\" class=\"attachment- size- wp-post-image\" alt=\"\" data-cat-posts-width=\"200\" data-cat-posts-height=\"200\" srcset=\"https:\/\/careleaverpp.org\/wp-content\/uploads\/2025\/01\/Screenshot-2025-01-22-at-10.11.18.png 461w, https:\/\/careleaverpp.org\/wp-content\/uploads\/2025\/01\/Screenshot-2025-01-22-at-10.11.18-300x170.png 300w, https:\/\/careleaverpp.org\/wp-content\/uploads\/2025\/01\/Screenshot-2025-01-22-at-10.11.18-200x113.png 200w, https:\/\/careleaverpp.org\/wp-content\/uploads\/2025\/01\/Screenshot-2025-01-22-at-10.11.18-18x10.png 18w\" sizes=\"auto, (max-width: 200px) 100vw, 200px\" \/><\/span><\/a><\/div><\/li><\/ul>\n<\/div><div class=\"widget widget_text sidebar__widget\"><h6>Tweetjeink<\/h6><div class=\"twitter-feed\"><div class=\"tweets-feed\" data-amount=\"2\" data-widget-id=\"\" data-user-name=\"CareLeaverPP\"><\/div><\/div><\/div>\n\t\t<\/div>\n\t<\/div>\n<\/div><\/div><\/div><\/div><\/div><\/div><\/div><\/div><\/div><\/section>","protected":false},"excerpt":{"rendered":"Az UCA ny\u00edlt napjai lehet\u0151s\u00e9get adnak arra, hogy felfedezd a campusaikat, tal\u00e1lkozz akad\u00e9mikusaikkal \u00e9s hallgat\u00f3i nagyk\u00f6veteikkel, r\u00e9szt vegyen a tanfolyami el\u0151ad\u00e1sokon, \u00e9s v\u00e1laszt kapj k\u00e9rd\u00e9seidre, valamint hasznos inform\u00e1ci\u00f3kat tudj meg a sz\u00e1ll\u00e1sr\u00f3l, a d\u00edjakr\u00f3l \u00e9s a finansz\u00edroz\u00e1sr\u00f3l. K\u00f6vetkez\u0151 ny\u00edlt napjuk 2025. \u00e1prilis 26-\u00e1n, szombaton 9:30 \u00e9s 15:00 k\u00f6z\u00f6tt tart, az utols\u00f3 egyetemen [...]","protected":false},"author":2,"featured_media":0,"parent":0,"menu_order":0,"comment_status":"closed","ping_status":"closed","template":"","meta":{"_acf_changed":false,"footnotes":""},"class_list":["post-694","page","type-page","status-publish","hentry"],"acf":[],"_links":{"self":[{"href":"https:\/\/careleaverpp.org\/hu\/wp-json\/wp\/v2\/pages\/694","targetHints":{"allow":["GET"]}}],"collection":[{"href":"https:\/\/careleaverpp.org\/hu\/wp-json\/wp\/v2\/pages"}],"about":[{"href":"https:\/\/careleaverpp.org\/hu\/wp-json\/wp\/v2\/types\/page"}],"author":[{"embeddable":true,"href":"https:\/\/careleaverpp.org\/hu\/wp-json\/wp\/v2\/users\/2"}],"replies":[{"embeddable":true,"href":"https:\/\/careleaverpp.org\/hu\/wp-json\/wp\/v2\/comments?post=694"}],"version-history":[{"count":0,"href":"https:\/\/careleaverpp.org\/hu\/wp-json\/wp\/v2\/pages\/694\/revisions"}],"wp:attachment":[{"href":"https:\/\/careleaverpp.org\/hu\/wp-json\/wp\/v2\/media?parent=694"}],"curies":[{"name":"wp","href":"https:\/\/api.w.org\/{rel}","templated":true}]}}