{"id":5,"date":"2016-11-25T15:42:39","date_gmt":"2016-11-25T15:42:39","guid":{"rendered":"https:\/\/careleaverpp.org\/?page_id=5"},"modified":"2023-11-08T16:28:13","modified_gmt":"2023-11-08T16:28:13","slug":"about-us","status":"publish","type":"page","link":"https:\/\/careleaverpp.org\/hu\/about-us\/","title":{"rendered":"R\u00f3lunk"},"content":{"rendered":"<section class=\"vc_row wpb_row vc_row-fluid\"><div class=\"container\"><div class=\"row\"><div class=\"wpb_column column_container col-sm-12\"><div class=\"vc_column-inner\"><div class=\"wpb_wrapper\"><h1 style=\"font-size: 4em;color: #676666;line-height: 1.015;text-align: center;font-family:Roboto;font-weight:400;font-style:normal\" class=\"vc_custom_heading\" >R\u00f3lunk<\/h1><div class=\"vc_separator wpb_content_element vc_separator_align_center vc_sep_width_100 vc_sep_pos_align_center vc_separator_no_text vc_sep_color_grey\" ><span class=\"vc_sep_holder vc_sep_holder_l\"><span  class=\"vc_sep_line\"><\/span><\/span><span class=\"vc_sep_holder vc_sep_holder_r\"><span  class=\"vc_sep_line\"><\/span><\/span>\n<\/div><div class=\"vc_row wpb_row vc_inner vc_row-fluid\"><div class=\"wpb_column column_container col-sm-9\"><div class=\"vc_column-inner\"><div class=\"wpb_wrapper\">\n\t<div class=\"wpb_text_column wpb_content_element\" >\n\t\t<div class=\"wpb_wrapper\">\n\t\t\t<p><img loading=\"lazy\" decoding=\"async\" class=\"alignright wp-image-698\" src=\"https:\/\/careleaverpp.org\/wp-content\/uploads\/2016\/11\/1-53946-1024x683.jpg\" width=\"400\" height=\"267\" srcset=\"https:\/\/careleaverpp.org\/wp-content\/uploads\/2016\/11\/1-53946-1024x683.jpg 1024w, https:\/\/careleaverpp.org\/wp-content\/uploads\/2016\/11\/1-53946-300x200.jpg 300w, https:\/\/careleaverpp.org\/wp-content\/uploads\/2016\/11\/1-53946-768x512.jpg 768w, https:\/\/careleaverpp.org\/wp-content\/uploads\/2016\/11\/1-53946.jpg 1500w\" sizes=\"auto, (max-width: 400px) 100vw, 400px\" \/><\/p>\n<p>A Care Leaver Progression Partnership (CLPP) tagjaink jav\u00e1ra j\u00f6tt l\u00e9tre azon fiatalok szolg\u00e1lat\u00e1ban, akikkel Kentben \u00e9s Medwayben dolgozunk. Kollekt\u00edv t\u00f6rekv\u00e9s\u00fcnk, hogy jobban meg\u00e9rts\u00fck \u00e9s felsz\u00e1moljuk a 16 \u00e9ven fel\u00fcliek oktat\u00e1sa \u00e9s k\u00e9pz\u00e9se el\u0151tt \u00e1ll\u00f3 akad\u00e1lyokat a gondoz\u00e1sban l\u00e9v\u0151 \u00e9s a gondoz\u00e1sb\u00f3l kiker\u00fclt gyermekek sz\u00e1m\u00e1ra.<\/p>\n<p>Valamennyi tagunk az \u00e9vente fel\u00fclvizsg\u00e1lt feladatk\u00f6ri felt\u00e9telek \u00e9s c\u00e9lkit\u0171z\u00e9sek szerint dolgozik, \u00e9s h\u00e1rom \u00e9vre sz\u00f3l\u00f3 meg\u00e1llapod\u00e1st \u00edr al\u00e1. Egy ir\u00e1ny\u00edt\u00f3 csoport ir\u00e1ny\u00edt benn\u00fcnket, amely minden tagint\u00e9zm\u00e9ny egy-egy k\u00e9pvisel\u0151j\u00e9b\u0151l \u00e1ll.<\/p>\n<p>Minden \u00e9vben elk\u00e9sz\u00edt\u00fcnk egy adatjelent\u00e9st, amely megvizsg\u00e1lja a gondoz\u00e1sb\u00f3l kil\u00e9p\u0151 helyi lakoss\u00e1g profilj\u00e1t \u00e9s oktat\u00e1si eredm\u00e9nyeit, \u00e9s \u00f6sszehasonl\u00edtja az orsz\u00e1gos adatk\u00e9szletekkel. Ezt a jelent\u00e9st k\u00f6z\u00f6s munk\u00e1nk t\u00e1j\u00e9koztat\u00e1s\u00e1ra haszn\u00e1ljuk.<\/p>\n<p>Mindig sz\u00edvesen megbesz\u00e9lj\u00fck a m\u00e1sokkal val\u00f3 egy\u00fcttm\u0171k\u00f6d\u00e9si lehet\u0151s\u00e9geket c\u00e9ljaink el\u0151mozd\u00edt\u00e1sa \u00e9rdek\u00e9ben, p\u00e9ld\u00e1ul:<\/p>\n<ul>\n<li>K\u00e9pviselet m\u00e1s relev\u00e1ns csoportokban<\/li>\n<li>Munk\u00e1ink bemutat\u00e1sa rendezv\u00e9nyeken<\/li>\n<li>Egy\u00fcttm\u0171k\u00f6d\u00e9si p\u00e1ly\u00e1zatok t\u00e1mogat\u00e1sra<\/li>\n<li>Lobbiz\u00e1s<\/li>\n<li>Kutat\u00e1sban val\u00f3 r\u00e9szv\u00e9tel<\/li>\n<li>Inform\u00e1ci\u00f3k megoszt\u00e1sa \u00e9s terjeszt\u00e9se h\u00e1l\u00f3zatainkon \u00e9s k\u00f6z\u00f6ss\u00e9gi m\u00e9dia csatorn\u00e1inkon kereszt\u00fcl<\/li>\n<li>Konferenci\u00e1k \u00e9s rendezv\u00e9nyek<\/li>\n<\/ul>\n<p>A CLPP-t partners\u00e9gi tiszt\u00fcnk, Luke Daniels koordin\u00e1lja, eln\u00f6ke pedig Lucy McLeod, a Canterbury College vezet\u0151je. Ha van \u00f6tleted a vel\u00fcnk val\u00f3 egy\u00fcttm\u0171k\u00f6d\u00e9sre, vagy felvenn\u00e9l veled a kapcsolatot, <a href=\"https:\/\/careleaverpp.org\/hu\/contact\/\">l\u00e9pjen kapcsolatba vel\u00fcnk<\/a> Ma.<\/p>\n\n\t\t<\/div>\n\t<\/div>\n<\/div><\/div><\/div><div class=\"wpb_column column_container col-sm-3\"><div class=\"vc_column-inner\"><div class=\"wpb_wrapper\"><div  class=\"wpb_widgetised_column wpb_content_element\">\n\t\t<div class=\"wpb_wrapper\">\n\t\t\t\n\t\t\t<div class=\"widget widget_text sidebar__widget\"><h6>Legfrissebb h\u00edrek<\/h6><ul id=\"category-posts-5-internal\" class=\"category-posts-internal\">\n<li class='cat-post-item'><div><a class=\"cat-post-title\" href=\"https:\/\/careleaverpp.org\/hu\/vskat-education-psychologist-and-education-provision-in-partnership-with-vsk\/\" rel=\"bookmark\">VSKAT Oktat\u00e1spszichol\u00f3gus \u00e9s Oktat\u00e1si Ell\u00e1t\u00e1s (a VSK-val egy\u00fcttm\u0171k\u00f6dve)<\/a><\/div><div><a class=\"cat-post-thumbnail cat-post-none\" href=\"https:\/\/careleaverpp.org\/hu\/vskat-education-psychologist-and-education-provision-in-partnership-with-vsk\/\" title=\"VSKAT Oktat\u00e1spszichol\u00f3gus \u00e9s Oktat\u00e1si Ell\u00e1t\u00e1s (a VSK-val egy\u00fcttm\u0171k\u00f6dve)\"><span class=\"cat-post-crop cat-post-format cat-post-format-standard\"><img loading=\"lazy\" decoding=\"async\" width=\"200\" height=\"200\" src=\"https:\/\/careleaverpp.org\/wp-content\/uploads\/2018\/07\/Virtual-School-Kent-logo.jpg\" class=\"attachment- size- wp-post-image\" alt=\"\" data-cat-posts-width=\"200\" data-cat-posts-height=\"200\" srcset=\"https:\/\/careleaverpp.org\/wp-content\/uploads\/2018\/07\/Virtual-School-Kent-logo.jpg 750w, https:\/\/careleaverpp.org\/wp-content\/uploads\/2018\/07\/Virtual-School-Kent-logo-200x133.jpg 200w, https:\/\/careleaverpp.org\/wp-content\/uploads\/2018\/07\/Virtual-School-Kent-logo-300x200.jpg 300w\" sizes=\"auto, (max-width: 200px) 100vw, 200px\" \/><\/span><\/a><\/div><\/li><li class='cat-post-item'><div><a class=\"cat-post-title\" href=\"https:\/\/careleaverpp.org\/hu\/the-dwps-commitment-to-care-leavers\/\" rel=\"bookmark\">A DWP elk\u00f6telezetts\u00e9ge a gondoz\u00e1st elhagy\u00f3k ir\u00e1nt<\/a><\/div><div><a class=\"cat-post-thumbnail cat-post-none\" href=\"https:\/\/careleaverpp.org\/hu\/the-dwps-commitment-to-care-leavers\/\" title=\"A DWP elk\u00f6telezetts\u00e9ge a gondoz\u00e1st elhagy\u00f3k ir\u00e1nt\"><span class=\"cat-post-crop cat-post-format cat-post-format-standard\"><img loading=\"lazy\" decoding=\"async\" width=\"200\" height=\"200\" src=\"https:\/\/careleaverpp.org\/wp-content\/uploads\/2024\/12\/jobcentreplus.jpg\" class=\"attachment- size- wp-post-image\" alt=\"\" data-cat-posts-width=\"200\" data-cat-posts-height=\"200\" srcset=\"https:\/\/careleaverpp.org\/wp-content\/uploads\/2024\/12\/jobcentreplus.jpg 1134w, https:\/\/careleaverpp.org\/wp-content\/uploads\/2024\/12\/jobcentreplus-300x211.jpg 300w, https:\/\/careleaverpp.org\/wp-content\/uploads\/2024\/12\/jobcentreplus-1024x721.jpg 1024w, https:\/\/careleaverpp.org\/wp-content\/uploads\/2024\/12\/jobcentreplus-200x141.jpg 200w, https:\/\/careleaverpp.org\/wp-content\/uploads\/2024\/12\/jobcentreplus-768x541.jpg 768w, https:\/\/careleaverpp.org\/wp-content\/uploads\/2024\/12\/jobcentreplus-18x12.jpg 18w\" sizes=\"auto, (max-width: 200px) 100vw, 200px\" \/><\/span><\/a><\/div><\/li><li class='cat-post-item'><div><a class=\"cat-post-title\" href=\"https:\/\/careleaverpp.org\/hu\/social-enterprise-kent-seks-elevate-programme\/\" rel=\"bookmark\">Social Enterprise Kent (SEK) Elevate programja<\/a><\/div><div><a class=\"cat-post-thumbnail cat-post-none\" href=\"https:\/\/careleaverpp.org\/hu\/social-enterprise-kent-seks-elevate-programme\/\" title=\"Social Enterprise Kent (SEK) Elevate programja\"><span class=\"cat-post-crop cat-post-format cat-post-format-standard\"><img loading=\"lazy\" decoding=\"async\" width=\"200\" height=\"200\" src=\"https:\/\/careleaverpp.org\/wp-content\/uploads\/2024\/12\/Elevate-Success.jpg\" class=\"attachment- size- wp-post-image\" alt=\"\" data-cat-posts-width=\"200\" data-cat-posts-height=\"200\" srcset=\"https:\/\/careleaverpp.org\/wp-content\/uploads\/2024\/12\/Elevate-Success.jpg 800w, https:\/\/careleaverpp.org\/wp-content\/uploads\/2024\/12\/Elevate-Success-300x167.jpg 300w, https:\/\/careleaverpp.org\/wp-content\/uploads\/2024\/12\/Elevate-Success-200x111.jpg 200w, https:\/\/careleaverpp.org\/wp-content\/uploads\/2024\/12\/Elevate-Success-768x427.jpg 768w, https:\/\/careleaverpp.org\/wp-content\/uploads\/2024\/12\/Elevate-Success-18x10.jpg 18w\" sizes=\"auto, (max-width: 200px) 100vw, 200px\" \/><\/span><\/a><\/div><\/li><li class='cat-post-item'><div><a class=\"cat-post-title\" href=\"https:\/\/careleaverpp.org\/hu\/ty-lockes-lived-experience\/\" rel=\"bookmark\">Ty Locke meg\u00e9lt \u00e9lm\u00e9nye<\/a><\/div><div><a class=\"cat-post-thumbnail cat-post-none\" href=\"https:\/\/careleaverpp.org\/hu\/ty-lockes-lived-experience\/\" title=\"Ty Locke meg\u00e9lt tapasztalata\"><span class=\"cat-post-crop cat-post-format cat-post-format-video\"><img loading=\"lazy\" decoding=\"async\" width=\"200\" height=\"200\" src=\"https:\/\/careleaverpp.org\/wp-content\/uploads\/2024\/12\/Screenshot-2024-12-04-at-12.06.18.png\" class=\"attachment- size- wp-post-image\" alt=\"\" data-cat-posts-width=\"200\" data-cat-posts-height=\"200\" srcset=\"https:\/\/careleaverpp.org\/wp-content\/uploads\/2024\/12\/Screenshot-2024-12-04-at-12.06.18.png 2694w, https:\/\/careleaverpp.org\/wp-content\/uploads\/2024\/12\/Screenshot-2024-12-04-at-12.06.18-300x214.png 300w, https:\/\/careleaverpp.org\/wp-content\/uploads\/2024\/12\/Screenshot-2024-12-04-at-12.06.18-1024x732.png 1024w, https:\/\/careleaverpp.org\/wp-content\/uploads\/2024\/12\/Screenshot-2024-12-04-at-12.06.18-200x143.png 200w, https:\/\/careleaverpp.org\/wp-content\/uploads\/2024\/12\/Screenshot-2024-12-04-at-12.06.18-768x549.png 768w, https:\/\/careleaverpp.org\/wp-content\/uploads\/2024\/12\/Screenshot-2024-12-04-at-12.06.18-1536x1098.png 1536w, https:\/\/careleaverpp.org\/wp-content\/uploads\/2024\/12\/Screenshot-2024-12-04-at-12.06.18-2048x1464.png 2048w, https:\/\/careleaverpp.org\/wp-content\/uploads\/2024\/12\/Screenshot-2024-12-04-at-12.06.18-18x12.png 18w\" sizes=\"auto, (max-width: 200px) 100vw, 200px\" \/><\/span><\/a><\/div><\/li><\/ul>\n<\/div><div class=\"widget widget_text sidebar__widget\"><h6>K\u00f6zelg\u0151 esem\u00e9nyek<\/h6><ul id=\"category-posts-4-internal\" class=\"category-posts-internal\">\n<li class='cat-post-item'><div><a class=\"cat-post-title\" href=\"https:\/\/careleaverpp.org\/hu\/uca-live-online-webinars\/\" rel=\"bookmark\">UCA Live \u2013 Online webin\u00e1riumok<\/a><\/div><div><a class=\"cat-post-thumbnail cat-post-none\" href=\"https:\/\/careleaverpp.org\/hu\/uca-live-online-webinars\/\" title=\"UCA Live \u2013 Online webin\u00e1riumok\"><span class=\"cat-post-crop cat-post-format cat-post-format-standard\"><img loading=\"lazy\" decoding=\"async\" width=\"200\" height=\"200\" src=\"https:\/\/careleaverpp.org\/wp-content\/uploads\/2025\/01\/Screenshot-2025-01-22-at-10.21.07.png\" class=\"attachment- size- wp-post-image\" alt=\"\" data-cat-posts-width=\"200\" data-cat-posts-height=\"200\" srcset=\"https:\/\/careleaverpp.org\/wp-content\/uploads\/2025\/01\/Screenshot-2025-01-22-at-10.21.07.png 414w, https:\/\/careleaverpp.org\/wp-content\/uploads\/2025\/01\/Screenshot-2025-01-22-at-10.21.07-300x147.png 300w, https:\/\/careleaverpp.org\/wp-content\/uploads\/2025\/01\/Screenshot-2025-01-22-at-10.21.07-200x98.png 200w, https:\/\/careleaverpp.org\/wp-content\/uploads\/2025\/01\/Screenshot-2025-01-22-at-10.21.07-18x9.png 18w\" sizes=\"auto, (max-width: 200px) 100vw, 200px\" \/><\/span><\/a><\/div><\/li><li class='cat-post-item'><div><a class=\"cat-post-title\" href=\"https:\/\/careleaverpp.org\/hu\/ask-the-students-at-the-university-for-the-creative-arts\/\" rel=\"bookmark\">K\u00e9rdezze meg a Kreat\u00edv M\u0171v\u00e9szeti Egyetem hallgat\u00f3it<\/a><\/div><div><a class=\"cat-post-thumbnail cat-post-none\" href=\"https:\/\/careleaverpp.org\/hu\/ask-the-students-at-the-university-for-the-creative-arts\/\" title=\"K\u00e9rdezze meg a Kreat\u00edv M\u0171v\u00e9szeti Egyetem hallgat\u00f3it\"><span class=\"cat-post-crop cat-post-format cat-post-format-standard\"><img loading=\"lazy\" decoding=\"async\" width=\"200\" height=\"200\" src=\"https:\/\/careleaverpp.org\/wp-content\/uploads\/2025\/01\/Screenshot-2025-01-22-at-10.17.34.png\" class=\"attachment- size- wp-post-image\" alt=\"\" data-cat-posts-width=\"200\" data-cat-posts-height=\"200\" srcset=\"https:\/\/careleaverpp.org\/wp-content\/uploads\/2025\/01\/Screenshot-2025-01-22-at-10.17.34.png 543w, https:\/\/careleaverpp.org\/wp-content\/uploads\/2025\/01\/Screenshot-2025-01-22-at-10.17.34-300x166.png 300w, https:\/\/careleaverpp.org\/wp-content\/uploads\/2025\/01\/Screenshot-2025-01-22-at-10.17.34-200x110.png 200w, https:\/\/careleaverpp.org\/wp-content\/uploads\/2025\/01\/Screenshot-2025-01-22-at-10.17.34-18x10.png 18w\" sizes=\"auto, (max-width: 200px) 100vw, 200px\" \/><\/span><\/a><\/div><\/li><li class='cat-post-item'><div><a class=\"cat-post-title\" href=\"https:\/\/careleaverpp.org\/hu\/campus-tours-at-the-university-for-the-creative-arts\/\" rel=\"bookmark\">Campus Tours a University for the Creative Arts-ban<\/a><\/div><div><a class=\"cat-post-thumbnail cat-post-none\" href=\"https:\/\/careleaverpp.org\/hu\/campus-tours-at-the-university-for-the-creative-arts\/\" title=\"Campus Tours a University for the Creative Arts-ban\"><span class=\"cat-post-crop cat-post-format cat-post-format-standard\"><img loading=\"lazy\" decoding=\"async\" width=\"200\" height=\"200\" src=\"https:\/\/careleaverpp.org\/wp-content\/uploads\/2025\/01\/Screenshot-2025-01-22-at-10.14.03.png\" class=\"attachment- size- wp-post-image\" alt=\"\" data-cat-posts-width=\"200\" data-cat-posts-height=\"200\" srcset=\"https:\/\/careleaverpp.org\/wp-content\/uploads\/2025\/01\/Screenshot-2025-01-22-at-10.14.03.png 402w, https:\/\/careleaverpp.org\/wp-content\/uploads\/2025\/01\/Screenshot-2025-01-22-at-10.14.03-300x203.png 300w, https:\/\/careleaverpp.org\/wp-content\/uploads\/2025\/01\/Screenshot-2025-01-22-at-10.14.03-200x135.png 200w, https:\/\/careleaverpp.org\/wp-content\/uploads\/2025\/01\/Screenshot-2025-01-22-at-10.14.03-18x12.png 18w\" sizes=\"auto, (max-width: 200px) 100vw, 200px\" \/><\/span><\/a><\/div><\/li><li class='cat-post-item'><div><a class=\"cat-post-title\" href=\"https:\/\/careleaverpp.org\/hu\/undergraduate-open-days-at-the-university-for-the-creative-arts\/\" rel=\"bookmark\">Egyetemi Ny\u00edlt Napok a Kreat\u00edv M\u0171v\u00e9szeti Egyetemen<\/a><\/div><div><a class=\"cat-post-thumbnail cat-post-none\" href=\"https:\/\/careleaverpp.org\/hu\/undergraduate-open-days-at-the-university-for-the-creative-arts\/\" title=\"Egyetemi Ny\u00edlt Napok a Kreat\u00edv M\u0171v\u00e9szeti Egyetemen\"><span class=\"cat-post-crop cat-post-format cat-post-format-standard\"><img loading=\"lazy\" decoding=\"async\" width=\"200\" height=\"200\" src=\"https:\/\/careleaverpp.org\/wp-content\/uploads\/2025\/01\/Screenshot-2025-01-22-at-10.11.18.png\" class=\"attachment- size- wp-post-image\" alt=\"\" data-cat-posts-width=\"200\" data-cat-posts-height=\"200\" srcset=\"https:\/\/careleaverpp.org\/wp-content\/uploads\/2025\/01\/Screenshot-2025-01-22-at-10.11.18.png 461w, https:\/\/careleaverpp.org\/wp-content\/uploads\/2025\/01\/Screenshot-2025-01-22-at-10.11.18-300x170.png 300w, https:\/\/careleaverpp.org\/wp-content\/uploads\/2025\/01\/Screenshot-2025-01-22-at-10.11.18-200x113.png 200w, https:\/\/careleaverpp.org\/wp-content\/uploads\/2025\/01\/Screenshot-2025-01-22-at-10.11.18-18x10.png 18w\" sizes=\"auto, (max-width: 200px) 100vw, 200px\" \/><\/span><\/a><\/div><\/li><\/ul>\n<\/div><div class=\"widget widget_text sidebar__widget\"><h6>Tweetjeink<\/h6><div class=\"twitter-feed\"><div class=\"tweets-feed\" data-amount=\"2\" data-widget-id=\"\" data-user-name=\"CareLeaverPP\"><\/div><\/div><\/div>\n\t\t<\/div>\n\t<\/div>\n<\/div><\/div><\/div><\/div><div class=\"vc_row wpb_row vc_inner vc_row-fluid\"><div class=\"wpb_column column_container col-sm-4\"><div class=\"vc_column-inner\"><div class=\"wpb_wrapper\">\n\t\t\t<div class=\"feature feature-1 standard\">\n\t\t\t\t<i class=\"icon--pillar icon-Download\"><\/i>\n\t\t\t\t<h5>Tov\u00e1bbi inform\u00e1ci\u00f3 r\u00f3lunk<\/h5>\n\t\t\t\t<p>Az al\u00e1bbiakban t\u00f6ltse le a CLPP \u00e1ttekint\u00e9s\u00e9t, a megb\u00edz\u00e1si felt\u00e9teleket vagy a 2017\u20132019-es terv\u00fcnket:<\/p>\n<ul>\n<li><a href=\"https:\/\/careleaverpp.org\/wp-content\/uploads\/2019\/01\/CLPP-Overview.pdf\" target=\"_blank\" rel=\"noopener noreferrer\">CLPP \u00e1ttekint\u00e9se<\/a><a href=\"https:\/\/careleaverpp.org\/wp-content\/uploads\/2016\/11\/CLPP-Outcome-Measures-2016-17.pdf\" target=\"_blank\" rel=\"noopener noreferrer\">\u00a0<\/a><\/li>\n<li><a href=\"https:\/\/careleaverpp.org\/wp-content\/uploads\/2019\/01\/CLPP-ToR-2018-19.doc\" target=\"_blank\" rel=\"noopener noreferrer\">CLPP ToR 2018-19<\/a><\/li>\n<li><a href=\"https:\/\/careleaverpp.org\/wp-content\/uploads\/2019\/01\/Plan-and-Objectives-2017-19.pdf\" target=\"_blank\" rel=\"noopener noreferrer\">Terv \u00e9s c\u00e9lkit\u0171z\u00e9sek 2017-19<\/a><\/li>\n<\/ul>\n<p>\n\n\t\t\t<\/div>\n\t\t<\/div><\/div><\/div><div class=\"wpb_column column_container col-sm-4\"><div class=\"vc_column-inner\"><div class=\"wpb_wrapper\">\n\t\t\t<div class=\"feature feature-1 standard\">\n\t\t\t\t<i class=\"icon--pillar icon-Address-Book\"><\/i>\n\t\t\t\t<h5>Partnereink<\/h5>\n\t\t\t\t<p>Partnereink n\u00e9lk\u00fcl\u00f6zhetetlenek a gondoz\u00e1sb\u00f3l kiker\u00fcl\u0151k el\u0151rehalad\u00e1s\u00e1ban. Tudja meg, kik a partnereink, mivel foglalkoznak, \u00e9s hogyan l\u00e9phet kapcsolatba vel\u00fck;<\/p>\n<p><a href=\"https:\/\/careleaverpp.org\/hu\/partners\/\">Tekintse meg Partnereinket<\/a><\/p>\n\n\t\t\t<\/div>\n\t\t<\/div><\/div><\/div><div class=\"wpb_column column_container col-sm-4\"><div class=\"vc_column-inner\"><div class=\"wpb_wrapper\">\n\t\t\t<div class=\"feature feature-1 standard\">\n\t\t\t\t<i class=\"icon--pillar icon-Aerobics\"><\/i>\n\t\t\t\t<h5>\u00d6n gondoz\u00e1si t\u00e1voz\u00f3?<\/h5>\n\t\t\t\t<p>Ha hamarosan elhagyja a gondoz\u00e1st, \u00e9s tov\u00e1bbi inform\u00e1ci\u00f3kat szeretne megtudni, k\u00e9rj\u00fck, l\u00e1togasson el a Care Leavers rovatba:<\/p>\n<p><a href=\"https:\/\/careleaverpp.org\/hu\/information-for-care-leavers\/\">T\u00e1j\u00e9koztat\u00e1s a gondoz\u00e1st elhagy\u00f3k sz\u00e1m\u00e1ra<\/a><\/p>\n\n\t\t\t<\/div>\n\t\t<\/div><\/div><\/div><\/div><\/div><\/div><\/div><\/div><\/div><\/section>","protected":false},"excerpt":{"rendered":"Az UCA ny\u00edlt napjai lehet\u0151s\u00e9get adnak arra, hogy felfedezd a campusaikat, tal\u00e1lkozz akad\u00e9mikusaikkal \u00e9s hallgat\u00f3i nagyk\u00f6veteikkel, r\u00e9szt vegyen a tanfolyami el\u0151ad\u00e1sokon, \u00e9s v\u00e1laszt kapj k\u00e9rd\u00e9seidre, valamint hasznos inform\u00e1ci\u00f3kat tudj meg a sz\u00e1ll\u00e1sr\u00f3l, a d\u00edjakr\u00f3l \u00e9s a finansz\u00edroz\u00e1sr\u00f3l. K\u00f6vetkez\u0151 ny\u00edlt napjuk 2025. \u00e1prilis 26-\u00e1n, szombaton 9:30 \u00e9s 15:00 k\u00f6z\u00f6tt tart, az utols\u00f3 egyetemen [...]","protected":false},"author":2,"featured_media":0,"parent":0,"menu_order":1,"comment_status":"closed","ping_status":"closed","template":"","meta":{"_acf_changed":false,"footnotes":""},"class_list":["post-5","page","type-page","status-publish","hentry"],"acf":[],"_links":{"self":[{"href":"https:\/\/careleaverpp.org\/hu\/wp-json\/wp\/v2\/pages\/5","targetHints":{"allow":["GET"]}}],"collection":[{"href":"https:\/\/careleaverpp.org\/hu\/wp-json\/wp\/v2\/pages"}],"about":[{"href":"https:\/\/careleaverpp.org\/hu\/wp-json\/wp\/v2\/types\/page"}],"author":[{"embeddable":true,"href":"https:\/\/careleaverpp.org\/hu\/wp-json\/wp\/v2\/users\/2"}],"replies":[{"embeddable":true,"href":"https:\/\/careleaverpp.org\/hu\/wp-json\/wp\/v2\/comments?post=5"}],"version-history":[{"count":2,"href":"https:\/\/careleaverpp.org\/hu\/wp-json\/wp\/v2\/pages\/5\/revisions"}],"predecessor-version":[{"id":2448,"href":"https:\/\/careleaverpp.org\/hu\/wp-json\/wp\/v2\/pages\/5\/revisions\/2448"}],"wp:attachment":[{"href":"https:\/\/careleaverpp.org\/hu\/wp-json\/wp\/v2\/media?parent=5"}],"curies":[{"name":"wp","href":"https:\/\/api.w.org\/{rel}","templated":true}]}}