{"id":5,"date":"2016-11-25T15:42:39","date_gmt":"2016-11-25T15:42:39","guid":{"rendered":"https:\/\/careleaverpp.org\/?page_id=5"},"modified":"2023-11-08T16:28:13","modified_gmt":"2023-11-08T16:28:13","slug":"about-us","status":"publish","type":"page","link":"https:\/\/careleaverpp.org\/fr\/about-us\/","title":{"rendered":"\u00c0 propos de nous"},"content":{"rendered":"<section class=\"vc_row wpb_row vc_row-fluid\"><div class=\"container\"><div class=\"row\"><div class=\"wpb_column column_container col-sm-12\"><div class=\"vc_column-inner\"><div class=\"wpb_wrapper\"><h1 style=\"font-size: 4em;color: #676666;line-height: 1.015;text-align: center;font-family:Roboto;font-weight:400;font-style:normal\" class=\"vc_custom_heading\" >\u00c0 propos de nous<\/h1><div class=\"vc_separator wpb_content_element vc_separator_align_center vc_sep_width_100 vc_sep_pos_align_center vc_separator_no_text vc_sep_color_grey\" ><span class=\"vc_sep_holder vc_sep_holder_l\"><span  class=\"vc_sep_line\"><\/span><\/span><span class=\"vc_sep_holder vc_sep_holder_r\"><span  class=\"vc_sep_line\"><\/span><\/span>\n<\/div><div class=\"vc_row wpb_row vc_inner vc_row-fluid\"><div class=\"wpb_column column_container col-sm-9\"><div class=\"vc_column-inner\"><div class=\"wpb_wrapper\">\n\t<div class=\"wpb_text_column wpb_content_element\" >\n\t\t<div class=\"wpb_wrapper\">\n\t\t\t<p><img loading=\"lazy\" decoding=\"async\" class=\"alignright wp-image-698\" src=\"https:\/\/careleaverpp.org\/wp-content\/uploads\/2016\/11\/1-53946-1024x683.jpg\" width=\"400\" height=\"267\" srcset=\"https:\/\/careleaverpp.org\/wp-content\/uploads\/2016\/11\/1-53946-1024x683.jpg 1024w, https:\/\/careleaverpp.org\/wp-content\/uploads\/2016\/11\/1-53946-300x200.jpg 300w, https:\/\/careleaverpp.org\/wp-content\/uploads\/2016\/11\/1-53946-768x512.jpg 768w, https:\/\/careleaverpp.org\/wp-content\/uploads\/2016\/11\/1-53946.jpg 1500w\" sizes=\"auto, (max-width: 400px) 100vw, 400px\" \/><\/p>\n<p>Le Care Leaver Progression Partnership (CLPP) existe au profit de nos membres en servant les jeunes avec lesquels nous travaillons dans le Kent et Medway. Nous sommes un effort collectif pour mieux comprendre et \u00e9liminer les obstacles \u00e0 l&#039;\u00e9ducation et \u00e0 la formation apr\u00e8s 16 ans pour les enfants locaux pris en charge et les sortants.<\/p>\n<p>Tous nos membres travaillent selon des termes de r\u00e9f\u00e9rence et des objectifs convenus qui sont revus chaque ann\u00e9e et signent un accord qui s&#039;\u00e9tend sur trois ans \u00e0 la fois. Nous sommes r\u00e9gis par un groupe de pilotage compos\u00e9 d&#039;un repr\u00e9sentant de chaque institution membre.<\/p>\n<p>Chaque ann\u00e9e, nous commandons un rapport de donn\u00e9es qui examine le profil et les r\u00e9sultats scolaires de notre population locale de sortants de soins et fait des comparaisons avec des ensembles de donn\u00e9es nationales. Nous utilisons ce rapport pour \u00e9clairer notre travail collaboratif.<\/p>\n<p>Nous sommes toujours heureux de discuter des opportunit\u00e9s de travailler avec d&#039;autres pour faire avancer nos objectifs, par exemple\u00a0:<\/p>\n<ul>\n<li>Repr\u00e9sentation dans d&#039;autres groupes pertinents<\/li>\n<li>Pr\u00e9sentation de nos r\u00e9alisations lors d&#039;\u00e9v\u00e9nements<\/li>\n<li>Appels d&#039;offres collaboratifs pour le financement<\/li>\n<li>Pression<\/li>\n<li>Participer \u00e0 la recherche<\/li>\n<li>Partager et diffuser des informations via nos r\u00e9seaux et canaux de m\u00e9dias sociaux<\/li>\n<li>Conf\u00e9rences et \u00e9v\u00e9nements<\/li>\n<\/ul>\n<p>Le CLPP est coordonn\u00e9 par notre responsable des partenariats, Luke Daniels, et pr\u00e9sid\u00e9 par Lucy McLeod, directrice du Canterbury College. Si vous avez une id\u00e9e pour travailler avec nous ou souhaitez nous contacter, <a href=\"https:\/\/careleaverpp.org\/fr\/contact\/\">Contactez-nous<\/a> aujourd&#039;hui.<\/p>\n\n\t\t<\/div>\n\t<\/div>\n<\/div><\/div><\/div><div class=\"wpb_column column_container col-sm-3\"><div class=\"vc_column-inner\"><div class=\"wpb_wrapper\"><div  class=\"wpb_widgetised_column wpb_content_element\">\n\t\t<div class=\"wpb_wrapper\">\n\t\t\t\n\t\t\t<div class=\"widget widget_text sidebar__widget\"><h6>Derni\u00e8res nouvelles<\/h6><ul id=\"category-posts-5-internal\" class=\"category-posts-internal\">\n<li class='cat-post-item'><div><a class=\"cat-post-title\" href=\"https:\/\/careleaverpp.org\/fr\/vskat-education-psychologist-and-education-provision-in-partnership-with-vsk\/\" rel=\"bookmark\">Psychologue de l&#039;\u00e9ducation et prestataire de services \u00e9ducatifs VSKAT (en partenariat avec VSK)<\/a><\/div><div><a class=\"cat-post-thumbnail cat-post-none\" href=\"https:\/\/careleaverpp.org\/fr\/vskat-education-psychologist-and-education-provision-in-partnership-with-vsk\/\" title=\"Psychologue de l&#039;\u00e9ducation et prestataire de services \u00e9ducatifs VSKAT (en partenariat avec VSK)\"><span class=\"cat-post-crop cat-post-format cat-post-format-standard\"><img loading=\"lazy\" decoding=\"async\" width=\"200\" height=\"200\" src=\"https:\/\/careleaverpp.org\/wp-content\/uploads\/2018\/07\/Virtual-School-Kent-logo.jpg\" class=\"attachment- size- wp-post-image\" alt=\"\" data-cat-posts-width=\"200\" data-cat-posts-height=\"200\" srcset=\"https:\/\/careleaverpp.org\/wp-content\/uploads\/2018\/07\/Virtual-School-Kent-logo.jpg 750w, https:\/\/careleaverpp.org\/wp-content\/uploads\/2018\/07\/Virtual-School-Kent-logo-200x133.jpg 200w, https:\/\/careleaverpp.org\/wp-content\/uploads\/2018\/07\/Virtual-School-Kent-logo-300x200.jpg 300w\" sizes=\"auto, (max-width: 200px) 100vw, 200px\" \/><\/span><\/a><\/div><\/li><li class='cat-post-item'><div><a class=\"cat-post-title\" href=\"https:\/\/careleaverpp.org\/fr\/the-dwps-commitment-to-care-leavers\/\" rel=\"bookmark\">L&#039;engagement du DWP envers les jeunes quittant les foyers d&#039;accueil<\/a><\/div><div><a class=\"cat-post-thumbnail cat-post-none\" href=\"https:\/\/careleaverpp.org\/fr\/the-dwps-commitment-to-care-leavers\/\" title=\"L&#039;engagement du DWP envers les jeunes quittant les foyers d&#039;accueil\"><span class=\"cat-post-crop cat-post-format cat-post-format-standard\"><img loading=\"lazy\" decoding=\"async\" width=\"200\" height=\"200\" src=\"https:\/\/careleaverpp.org\/wp-content\/uploads\/2024\/12\/jobcentreplus.jpg\" class=\"attachment- size- wp-post-image\" alt=\"\" data-cat-posts-width=\"200\" data-cat-posts-height=\"200\" srcset=\"https:\/\/careleaverpp.org\/wp-content\/uploads\/2024\/12\/jobcentreplus.jpg 1134w, https:\/\/careleaverpp.org\/wp-content\/uploads\/2024\/12\/jobcentreplus-300x211.jpg 300w, https:\/\/careleaverpp.org\/wp-content\/uploads\/2024\/12\/jobcentreplus-1024x721.jpg 1024w, https:\/\/careleaverpp.org\/wp-content\/uploads\/2024\/12\/jobcentreplus-200x141.jpg 200w, https:\/\/careleaverpp.org\/wp-content\/uploads\/2024\/12\/jobcentreplus-768x541.jpg 768w, https:\/\/careleaverpp.org\/wp-content\/uploads\/2024\/12\/jobcentreplus-18x12.jpg 18w\" sizes=\"auto, (max-width: 200px) 100vw, 200px\" \/><\/span><\/a><\/div><\/li><li class='cat-post-item'><div><a class=\"cat-post-title\" href=\"https:\/\/careleaverpp.org\/fr\/social-enterprise-kent-seks-elevate-programme\/\" rel=\"bookmark\">Programme Elevate de l&#039;entreprise sociale Kent (SEK)<\/a><\/div><div><a class=\"cat-post-thumbnail cat-post-none\" href=\"https:\/\/careleaverpp.org\/fr\/social-enterprise-kent-seks-elevate-programme\/\" title=\"Programme Elevate de l&#039;entreprise sociale Kent (SEK)\"><span class=\"cat-post-crop cat-post-format cat-post-format-standard\"><img loading=\"lazy\" decoding=\"async\" width=\"200\" height=\"200\" src=\"https:\/\/careleaverpp.org\/wp-content\/uploads\/2024\/12\/Elevate-Success.jpg\" class=\"attachment- size- wp-post-image\" alt=\"\" data-cat-posts-width=\"200\" data-cat-posts-height=\"200\" srcset=\"https:\/\/careleaverpp.org\/wp-content\/uploads\/2024\/12\/Elevate-Success.jpg 800w, https:\/\/careleaverpp.org\/wp-content\/uploads\/2024\/12\/Elevate-Success-300x167.jpg 300w, https:\/\/careleaverpp.org\/wp-content\/uploads\/2024\/12\/Elevate-Success-200x111.jpg 200w, https:\/\/careleaverpp.org\/wp-content\/uploads\/2024\/12\/Elevate-Success-768x427.jpg 768w, https:\/\/careleaverpp.org\/wp-content\/uploads\/2024\/12\/Elevate-Success-18x10.jpg 18w\" sizes=\"auto, (max-width: 200px) 100vw, 200px\" \/><\/span><\/a><\/div><\/li><li class='cat-post-item'><div><a class=\"cat-post-title\" href=\"https:\/\/careleaverpp.org\/fr\/ty-lockes-lived-experience\/\" rel=\"bookmark\">L&#039;exp\u00e9rience v\u00e9cue de Ty Locke<\/a><\/div><div><a class=\"cat-post-thumbnail cat-post-none\" href=\"https:\/\/careleaverpp.org\/fr\/ty-lockes-lived-experience\/\" title=\"L&#039;exp\u00e9rience v\u00e9cue de Ty Locke\"><span class=\"cat-post-crop cat-post-format cat-post-format-video\"><img loading=\"lazy\" decoding=\"async\" width=\"200\" height=\"200\" src=\"https:\/\/careleaverpp.org\/wp-content\/uploads\/2024\/12\/Screenshot-2024-12-04-at-12.06.18.png\" class=\"attachment- size- wp-post-image\" alt=\"\" data-cat-posts-width=\"200\" data-cat-posts-height=\"200\" srcset=\"https:\/\/careleaverpp.org\/wp-content\/uploads\/2024\/12\/Screenshot-2024-12-04-at-12.06.18.png 2694w, https:\/\/careleaverpp.org\/wp-content\/uploads\/2024\/12\/Screenshot-2024-12-04-at-12.06.18-300x214.png 300w, https:\/\/careleaverpp.org\/wp-content\/uploads\/2024\/12\/Screenshot-2024-12-04-at-12.06.18-1024x732.png 1024w, https:\/\/careleaverpp.org\/wp-content\/uploads\/2024\/12\/Screenshot-2024-12-04-at-12.06.18-200x143.png 200w, https:\/\/careleaverpp.org\/wp-content\/uploads\/2024\/12\/Screenshot-2024-12-04-at-12.06.18-768x549.png 768w, https:\/\/careleaverpp.org\/wp-content\/uploads\/2024\/12\/Screenshot-2024-12-04-at-12.06.18-1536x1098.png 1536w, https:\/\/careleaverpp.org\/wp-content\/uploads\/2024\/12\/Screenshot-2024-12-04-at-12.06.18-2048x1464.png 2048w, https:\/\/careleaverpp.org\/wp-content\/uploads\/2024\/12\/Screenshot-2024-12-04-at-12.06.18-18x12.png 18w\" sizes=\"auto, (max-width: 200px) 100vw, 200px\" \/><\/span><\/a><\/div><\/li><\/ul>\n<\/div><div class=\"widget widget_text sidebar__widget\"><h6>\u00e9v\u00e8nements \u00e0 venir<\/h6><ul id=\"category-posts-4-internal\" class=\"category-posts-internal\">\n<li class='cat-post-item'><div><a class=\"cat-post-title\" href=\"https:\/\/careleaverpp.org\/fr\/uca-live-online-webinars\/\" rel=\"bookmark\">UCA Live \u2013 Webinaires en ligne<\/a><\/div><div><a class=\"cat-post-thumbnail cat-post-none\" href=\"https:\/\/careleaverpp.org\/fr\/uca-live-online-webinars\/\" title=\"UCA Live \u2013 Webinaires en ligne\"><span class=\"cat-post-crop cat-post-format cat-post-format-standard\"><img loading=\"lazy\" decoding=\"async\" width=\"200\" height=\"200\" src=\"https:\/\/careleaverpp.org\/wp-content\/uploads\/2025\/01\/Screenshot-2025-01-22-at-10.21.07.png\" class=\"attachment- size- wp-post-image\" alt=\"\" data-cat-posts-width=\"200\" data-cat-posts-height=\"200\" srcset=\"https:\/\/careleaverpp.org\/wp-content\/uploads\/2025\/01\/Screenshot-2025-01-22-at-10.21.07.png 414w, https:\/\/careleaverpp.org\/wp-content\/uploads\/2025\/01\/Screenshot-2025-01-22-at-10.21.07-300x147.png 300w, https:\/\/careleaverpp.org\/wp-content\/uploads\/2025\/01\/Screenshot-2025-01-22-at-10.21.07-200x98.png 200w, https:\/\/careleaverpp.org\/wp-content\/uploads\/2025\/01\/Screenshot-2025-01-22-at-10.21.07-18x9.png 18w\" sizes=\"auto, (max-width: 200px) 100vw, 200px\" \/><\/span><\/a><\/div><\/li><li class='cat-post-item'><div><a class=\"cat-post-title\" href=\"https:\/\/careleaverpp.org\/fr\/ask-the-students-at-the-university-for-the-creative-arts\/\" rel=\"bookmark\">Demandez aux \u00e9tudiants de l&#039;Universit\u00e9 des Arts Cr\u00e9atifs<\/a><\/div><div><a class=\"cat-post-thumbnail cat-post-none\" href=\"https:\/\/careleaverpp.org\/fr\/ask-the-students-at-the-university-for-the-creative-arts\/\" title=\"Demandez aux \u00e9tudiants de l&#039;Universit\u00e9 des Arts Cr\u00e9atifs\"><span class=\"cat-post-crop cat-post-format cat-post-format-standard\"><img loading=\"lazy\" decoding=\"async\" width=\"200\" height=\"200\" src=\"https:\/\/careleaverpp.org\/wp-content\/uploads\/2025\/01\/Screenshot-2025-01-22-at-10.17.34.png\" class=\"attachment- size- wp-post-image\" alt=\"\" data-cat-posts-width=\"200\" data-cat-posts-height=\"200\" srcset=\"https:\/\/careleaverpp.org\/wp-content\/uploads\/2025\/01\/Screenshot-2025-01-22-at-10.17.34.png 543w, https:\/\/careleaverpp.org\/wp-content\/uploads\/2025\/01\/Screenshot-2025-01-22-at-10.17.34-300x166.png 300w, https:\/\/careleaverpp.org\/wp-content\/uploads\/2025\/01\/Screenshot-2025-01-22-at-10.17.34-200x110.png 200w, https:\/\/careleaverpp.org\/wp-content\/uploads\/2025\/01\/Screenshot-2025-01-22-at-10.17.34-18x10.png 18w\" sizes=\"auto, (max-width: 200px) 100vw, 200px\" \/><\/span><\/a><\/div><\/li><li class='cat-post-item'><div><a class=\"cat-post-title\" href=\"https:\/\/careleaverpp.org\/fr\/campus-tours-at-the-university-for-the-creative-arts\/\" rel=\"bookmark\">Visites du campus de l&#039;Universit\u00e9 des Arts Cr\u00e9atifs<\/a><\/div><div><a class=\"cat-post-thumbnail cat-post-none\" href=\"https:\/\/careleaverpp.org\/fr\/campus-tours-at-the-university-for-the-creative-arts\/\" title=\"Visites du campus de l&#039;Universit\u00e9 des Arts Cr\u00e9atifs\"><span class=\"cat-post-crop cat-post-format cat-post-format-standard\"><img loading=\"lazy\" decoding=\"async\" width=\"200\" height=\"200\" src=\"https:\/\/careleaverpp.org\/wp-content\/uploads\/2025\/01\/Screenshot-2025-01-22-at-10.14.03.png\" class=\"attachment- size- wp-post-image\" alt=\"\" data-cat-posts-width=\"200\" data-cat-posts-height=\"200\" srcset=\"https:\/\/careleaverpp.org\/wp-content\/uploads\/2025\/01\/Screenshot-2025-01-22-at-10.14.03.png 402w, https:\/\/careleaverpp.org\/wp-content\/uploads\/2025\/01\/Screenshot-2025-01-22-at-10.14.03-300x203.png 300w, https:\/\/careleaverpp.org\/wp-content\/uploads\/2025\/01\/Screenshot-2025-01-22-at-10.14.03-200x135.png 200w, https:\/\/careleaverpp.org\/wp-content\/uploads\/2025\/01\/Screenshot-2025-01-22-at-10.14.03-18x12.png 18w\" sizes=\"auto, (max-width: 200px) 100vw, 200px\" \/><\/span><\/a><\/div><\/li><li class='cat-post-item'><div><a class=\"cat-post-title\" href=\"https:\/\/careleaverpp.org\/fr\/undergraduate-open-days-at-the-university-for-the-creative-arts\/\" rel=\"bookmark\">Journ\u00e9es portes ouvertes pour les \u00e9tudiants de premier cycle \u00e0 l&#039;Universit\u00e9 des Arts Cr\u00e9atifs<\/a><\/div><div><a class=\"cat-post-thumbnail cat-post-none\" href=\"https:\/\/careleaverpp.org\/fr\/undergraduate-open-days-at-the-university-for-the-creative-arts\/\" title=\"Journ\u00e9es portes ouvertes pour les \u00e9tudiants de premier cycle \u00e0 l&#039;Universit\u00e9 des Arts Cr\u00e9atifs\"><span class=\"cat-post-crop cat-post-format cat-post-format-standard\"><img loading=\"lazy\" decoding=\"async\" width=\"200\" height=\"200\" src=\"https:\/\/careleaverpp.org\/wp-content\/uploads\/2025\/01\/Screenshot-2025-01-22-at-10.11.18.png\" class=\"attachment- size- wp-post-image\" alt=\"\" data-cat-posts-width=\"200\" data-cat-posts-height=\"200\" srcset=\"https:\/\/careleaverpp.org\/wp-content\/uploads\/2025\/01\/Screenshot-2025-01-22-at-10.11.18.png 461w, https:\/\/careleaverpp.org\/wp-content\/uploads\/2025\/01\/Screenshot-2025-01-22-at-10.11.18-300x170.png 300w, https:\/\/careleaverpp.org\/wp-content\/uploads\/2025\/01\/Screenshot-2025-01-22-at-10.11.18-200x113.png 200w, https:\/\/careleaverpp.org\/wp-content\/uploads\/2025\/01\/Screenshot-2025-01-22-at-10.11.18-18x10.png 18w\" sizes=\"auto, (max-width: 200px) 100vw, 200px\" \/><\/span><\/a><\/div><\/li><\/ul>\n<\/div><div class=\"widget widget_text sidebar__widget\"><h6>Nos tweets<\/h6><div class=\"twitter-feed\"><div class=\"tweets-feed\" data-amount=\"2\" data-widget-id=\"\" data-user-name=\"CareLeaverPP\"><\/div><\/div><\/div>\n\t\t<\/div>\n\t<\/div>\n<\/div><\/div><\/div><\/div><div class=\"vc_row wpb_row vc_inner vc_row-fluid\"><div class=\"wpb_column column_container col-sm-4\"><div class=\"vc_column-inner\"><div class=\"wpb_wrapper\">\n\t\t\t<div class=\"feature feature-1 standard\">\n\t\t\t\t<i class=\"icon--pillar icon-Download\"><\/i>\n\t\t\t\t<h5>En savoir plus sur nous<\/h5>\n\t\t\t\t<p>T\u00e9l\u00e9chargez ci-dessous un aper\u00e7u du CLPP, de nos termes de r\u00e9f\u00e9rence ou de notre plan 2017-19\u00a0:<\/p>\n<ul>\n<li><a href=\"https:\/\/careleaverpp.org\/wp-content\/uploads\/2019\/01\/CLPP-Overview.pdf\" target=\"_blank\" rel=\"noopener noreferrer\">Pr\u00e9sentation de CLPP<\/a><a href=\"https:\/\/careleaverpp.org\/wp-content\/uploads\/2016\/11\/CLPP-Outcome-Measures-2016-17.pdf\" target=\"_blank\" rel=\"noopener noreferrer\">\u00a0<\/a><\/li>\n<li><a href=\"https:\/\/careleaverpp.org\/wp-content\/uploads\/2019\/01\/CLPP-ToR-2018-19.doc\" target=\"_blank\" rel=\"noopener noreferrer\">Mandat CLPP 2018-19<\/a><\/li>\n<li><a href=\"https:\/\/careleaverpp.org\/wp-content\/uploads\/2019\/01\/Plan-and-Objectives-2017-19.pdf\" target=\"_blank\" rel=\"noopener noreferrer\">Plan et objectifs 2017-19<\/a><\/li>\n<\/ul>\n<p>\n\n\t\t\t<\/div>\n\t\t<\/div><\/div><\/div><div class=\"wpb_column column_container col-sm-4\"><div class=\"vc_column-inner\"><div class=\"wpb_wrapper\">\n\t\t\t<div class=\"feature feature-1 standard\">\n\t\t\t\t<i class=\"icon--pillar icon-Address-Book\"><\/i>\n\t\t\t\t<h5>Nos partenaires<\/h5>\n\t\t\t\t<p>Nos partenaires sont essentiels \u00e0 la progression des sortants de soins. D\u00e9couvrez qui sont nos partenaires, ce qu&#039;ils font et comment les contacter ;<\/p>\n<p><a href=\"https:\/\/careleaverpp.org\/fr\/partners\/\">Voir nos partenaires<\/a><\/p>\n\n\t\t\t<\/div>\n\t\t<\/div><\/div><\/div><div class=\"wpb_column column_container col-sm-4\"><div class=\"vc_column-inner\"><div class=\"wpb_wrapper\">\n\t\t\t<div class=\"feature feature-1 standard\">\n\t\t\t\t<i class=\"icon--pillar icon-Aerobics\"><\/i>\n\t\t\t\t<h5>\u00cates-vous un sortant de soins\u00a0?<\/h5>\n\t\t\t\t<p>Si vous quittez bient\u00f4t la prise en charge et que vous souhaitez obtenir plus d&#039;informations, veuillez visiter notre section Care Leavers\u00a0:<\/p>\n<p><a href=\"https:\/\/careleaverpp.org\/fr\/information-for-care-leavers\/\">Information pour les sortants de soins<\/a><\/p>\n\n\t\t\t<\/div>\n\t\t<\/div><\/div><\/div><\/div><\/div><\/div><\/div><\/div><\/div><\/section>","protected":false},"excerpt":{"rendered":"Les journ\u00e9es portes ouvertes de l&#039;UCA vous donnent l&#039;occasion d&#039;explorer leurs campus, de rencontrer leurs universitaires et leurs ambassadeurs \u00e9tudiants, d&#039;assister \u00e0 des conf\u00e9rences de cours et d&#039;obtenir des r\u00e9ponses \u00e0 vos questions, ainsi que de trouver des informations utiles sur l&#039;h\u00e9bergement, les frais et le financement. Leur prochaine journ\u00e9e portes ouvertes aura lieu le samedi 26 avril 2025 et se d\u00e9roulera de 9h30 \u00e0 15h00, avec la derni\u00e8re visite du campus [...]","protected":false},"author":2,"featured_media":0,"parent":0,"menu_order":1,"comment_status":"closed","ping_status":"closed","template":"","meta":{"_acf_changed":false,"footnotes":""},"class_list":["post-5","page","type-page","status-publish","hentry"],"acf":[],"_links":{"self":[{"href":"https:\/\/careleaverpp.org\/fr\/wp-json\/wp\/v2\/pages\/5","targetHints":{"allow":["GET"]}}],"collection":[{"href":"https:\/\/careleaverpp.org\/fr\/wp-json\/wp\/v2\/pages"}],"about":[{"href":"https:\/\/careleaverpp.org\/fr\/wp-json\/wp\/v2\/types\/page"}],"author":[{"embeddable":true,"href":"https:\/\/careleaverpp.org\/fr\/wp-json\/wp\/v2\/users\/2"}],"replies":[{"embeddable":true,"href":"https:\/\/careleaverpp.org\/fr\/wp-json\/wp\/v2\/comments?post=5"}],"version-history":[{"count":2,"href":"https:\/\/careleaverpp.org\/fr\/wp-json\/wp\/v2\/pages\/5\/revisions"}],"predecessor-version":[{"id":2448,"href":"https:\/\/careleaverpp.org\/fr\/wp-json\/wp\/v2\/pages\/5\/revisions\/2448"}],"wp:attachment":[{"href":"https:\/\/careleaverpp.org\/fr\/wp-json\/wp\/v2\/media?parent=5"}],"curies":[{"name":"wp","href":"https:\/\/api.w.org\/{rel}","templated":true}]}}