{"id":7,"date":"2016-11-25T15:52:11","date_gmt":"2016-11-25T15:52:11","guid":{"rendered":"https:\/\/careleaverpp.org\/?page_id=7"},"modified":"2019-06-10T13:06:09","modified_gmt":"2019-06-10T12:06:09","slug":"home","status":"publish","type":"page","link":"https:\/\/careleaverpp.org\/de\/","title":{"rendered":"Heim"},"content":{"rendered":"<div data-vc-full-width=\"false\" data-vc-full-width-init=\"false\" class=\"vc_row wpb_row vc_row-fluid vc_custom_1560168363302 vc_row-has-fill vc_row-o-content-bottom vc_row-flex\"><div class=\"text-center wpb_column column_container col-sm-12\"><div class=\"vc_column-inner\"><div class=\"wpb_wrapper\">\n\t\t\t<section class=\"cover cover-11 height-80 imagebg parallax\" data-overlay=\"4\">\n\t\t\t\t<div class=\"background-image-holder background--bottom\">\n\t\t\t\t\t<img loading=\"lazy\" decoding=\"async\" width=\"1920\" height=\"1280\" src=\"https:\/\/careleaverpp.org\/wp-content\/uploads\/2016\/11\/care-leavers-information.jpeg\" class=\"attachment-full size-full\" alt=\"\" srcset=\"https:\/\/careleaverpp.org\/wp-content\/uploads\/2016\/11\/care-leavers-information.jpeg 1920w, https:\/\/careleaverpp.org\/wp-content\/uploads\/2016\/11\/care-leavers-information-300x200.jpeg 300w, https:\/\/careleaverpp.org\/wp-content\/uploads\/2016\/11\/care-leavers-information-768x512.jpeg 768w, https:\/\/careleaverpp.org\/wp-content\/uploads\/2016\/11\/care-leavers-information-1024x683.jpeg 1024w\" sizes=\"auto, (max-width: 1920px) 100vw, 1920px\" \/>\n\t\t\t\t<\/div>\n\t\t\t\t<div class=\"container pos-vertical-center\">\n\t\t\t\t\t<div class=\"row\">\n\t\t\t\t\t\t<div class=\"col-sm-10 col-sm-offset-1\">\n\t\t\t\t\t\t\t\n\t<div class=\"wpb_text_column wpb_content_element\" >\n\t\t<div class=\"wpb_wrapper\">\n\t\t\t<h1 style=\"text-align: center;\"><span style=\"font-family: montserrat;\">Aufwachsen,<\/span> <em>Vorw\u00e4rts gehen<\/em><\/h1>\n<p class=\"lead\" style=\"text-align: center;\">Wir sind eine Partnerschaft von Organisationen in Kent und Medway, die sich f\u00fcr die Verbesserung der Bildungs- und Ausbildungserfahrung f\u00fcr lokale Kinder in Pflege und Pflegebed\u00fcrftige nach dem 16. Lebensjahr einsetzen.<\/p>\n\n\t\t<\/div>\n\t<\/div>\n<div class=\"vc_empty_space\"   style=\"height: 52px\"><span class=\"vc_empty_space_inner\"><\/span><\/div>\n\t\t\t\t\t\t<\/div>\n\t\t\t\t\t<\/div><!--end row-->\n\t\t\t\t<\/div><!--end container-->\n\t\t\t<\/section>\n\t\t<\/div><\/div><\/div><\/div><section class=\"vc_row wpb_row vc_row-fluid vc_custom_1484320222572\"><div class=\"container\"><div class=\"row\"><div class=\"wpb_column column_container col-sm-2\"><div class=\"vc_column-inner\"><div class=\"wpb_wrapper\"><\/div><\/div><\/div><div class=\"wpb_column column_container col-sm-8\"><div class=\"vc_column-inner\"><div class=\"wpb_wrapper\">\n\t<div class=\"wpb_text_column wpb_content_element\" >\n\t\t<div class=\"wpb_wrapper\">\n\t\t\t<h3 style=\"text-align: center;\">Care Leaver Progression-Partnerschaft<\/h3>\n<p class=\"lead\" style=\"text-align: center;\">Unser gemeinsames Bestreben ist es, die Hindernisse f\u00fcr die Aus- und Weiterbildung f\u00fcr pflegeerfahrene junge Menschen in Kent und Medway besser zu verstehen und zu beseitigen<\/p>\n\n\t\t<\/div>\n\t<\/div>\n<\/div><\/div><\/div><div class=\"wpb_column column_container col-sm-2\"><div class=\"vc_column-inner\"><div class=\"wpb_wrapper\"><\/div><\/div><\/div><\/div><\/div><\/section><section class=\"vc_row wpb_row vc_row-fluid hp-box vc_custom_1484566963468\"><div class=\"container\"><div class=\"row\"><div class=\"wpb_column column_container col-sm-4 col-has-fill\"><div class=\"vc_column-inner vc_custom_1484318222439\"><div class=\"wpb_wrapper\">\n\t<div  class=\"wpb_single_image wpb_content_element vc_align_left\">\n\t\t\n\t\t<figure class=\"wpb_wrapper vc_figure\">\n\t\t\t<a href=\"https:\/\/careleaverpp.org\/de\/resources\/\" target=\"_self\" class=\"vc_single_image-wrapper   vc_box_border_grey\"><img loading=\"lazy\" decoding=\"async\" class=\"vc_single_image-img\" src=\"https:\/\/careleaverpp.org\/wp-content\/uploads\/2016\/11\/1-53946-360x240.jpg\" width=\"360\" height=\"240\" alt=\"Annual budget meeting\" title=\"\u00dcber die CLPP\" \/><\/a>\n\t\t<\/figure>\n\t<\/div>\n\n\t<div class=\"wpb_text_column wpb_content_element  vc_custom_1486655922072\" >\n\t\t<div class=\"wpb_wrapper\">\n\t\t\t<h2 style=\"text-align: center;\">\u00dcber uns<\/h2>\n<p class=\"p1\">Wir sind eine Partnerschaft von Universit\u00e4ten, Colleges, lokalen Beh\u00f6rden und anderen Organisationen in Kent und Medway. Informieren Sie sich \u00fcber uns und unsere Arbeit.<\/p>\n<p class=\"p1\" style=\"text-align: center;\"><a class=\"btn btn--lg btn--primary mb--1\" title=\"Care Leaver Progression Partnership \u2013 CLPP\" href=\"https:\/\/careleaverpp.org\/de\/about-us\/\">Finde mehr heraus<\/a><\/p>\n\n\t\t<\/div>\n\t<\/div>\n<\/div><\/div><\/div><div class=\"wpb_column column_container col-sm-4 col-has-fill\"><div class=\"vc_column-inner vc_custom_1484317640504\"><div class=\"wpb_wrapper\">\n\t<div  class=\"wpb_single_image wpb_content_element vc_align_left\">\n\t\t\n\t\t<figure class=\"wpb_wrapper vc_figure\">\n\t\t\t<a href=\"https:\/\/careleaverpp.org\/de\/resources\/\" target=\"_self\" class=\"vc_single_image-wrapper   vc_box_border_grey\"><img loading=\"lazy\" decoding=\"async\" class=\"vc_single_image-img\" src=\"https:\/\/careleaverpp.org\/wp-content\/uploads\/2016\/11\/Lady-on-laptop-cropped-360x240.jpg\" width=\"360\" height=\"240\" alt=\"Lady on a bench using a latptop\" title=\"Dame am Laptop\" \/><\/a>\n\t\t<\/figure>\n\t<\/div>\n\n\t<div class=\"wpb_text_column wpb_content_element  vc_custom_1484318090196\" >\n\t\t<div class=\"wpb_wrapper\">\n\t\t\t<h2 style=\"text-align: center;\">Ressourcen<\/h2>\n<p>Besuchen Sie unseren Abschnitt \u201eRessourcen\u201c f\u00fcr n\u00fctzliche Dokumente, Videos und Links zu anderen Websites, die Sie bei Ihrer Arbeit unterst\u00fctzen.<\/p>\n<p class=\"p1\" style=\"text-align: center;\"><a class=\"btn btn--lg btn--primary mb--1\" title=\"Ressourcen f\u00fcr Partnerschaften zur Weiterentwicklung von Care Leavern\" href=\"https:\/\/careleaverpp.org\/de\/resources\/\">Ressourcen anzeigen<\/a><\/p>\n\n\t\t<\/div>\n\t<\/div>\n<\/div><\/div><\/div><div class=\"wpb_column column_container col-sm-4 col-has-fill\"><div class=\"vc_column-inner vc_custom_1484318230422\"><div class=\"wpb_wrapper\">\n\t<div  class=\"wpb_single_image wpb_content_element vc_align_left\">\n\t\t\n\t\t<figure class=\"wpb_wrapper vc_figure\">\n\t\t\t<a href=\"https:\/\/careleaverpp.org\/de\/resources\/\" target=\"_self\" class=\"vc_single_image-wrapper   vc_box_border_grey\"><img loading=\"lazy\" decoding=\"async\" class=\"vc_single_image-img\" src=\"https:\/\/careleaverpp.org\/wp-content\/uploads\/2016\/11\/Girl-on-laptop-cropped-360x240.jpg\" width=\"360\" height=\"240\" alt=\"Girl on laptop cropped\" title=\"M\u00e4dchen auf Laptop beschnitten\" \/><\/a>\n\t\t<\/figure>\n\t<\/div>\n\n\t<div class=\"wpb_text_column wpb_content_element  vc_custom_1484318761128\" >\n\t\t<div class=\"wpb_wrapper\">\n\t\t\t<h2 style=\"text-align: center;\">Care Leaver<\/h2>\n<p>Sie sind Care Leaver und ben\u00f6tigen Hilfe oder m\u00f6chten mehr \u00fcber die verf\u00fcgbaren Unterst\u00fctzungsangebote erfahren? Besuchen Sie unsere Seite f\u00fcr weitere Informationen.<\/p>\n<p class=\"p1\" style=\"text-align: center;\"><a class=\"btn btn--lg btn--primary mb--1\" title=\"Ressourcen f\u00fcr Partnerschaften zur Weiterentwicklung von Care Leavern\" href=\"https:\/\/careleaverpp.org\/de\/information-for-care-leavers\/\">Finde mehr heraus<\/a><\/p>\n\n\t\t<\/div>\n\t<\/div>\n<\/div><\/div><\/div><\/div><\/div><\/section><section class=\"vc_row wpb_row vc_row-fluid vc_custom_1484566810162\"><div class=\"container\"><div class=\"row\"><div class=\"wpb_column column_container col-sm-4\"><div class=\"vc_column-inner\"><div class=\"wpb_wrapper\">\n\t<div class=\"wpb_text_column wpb_content_element\" >\n\t\t<div class=\"wpb_wrapper\">\n\t\t\t<h3 class=\"hp-box\">Helfen, ein Leben jenseits der Sorge aufzubauen<\/h3>\n<p>Wir m\u00f6chten, dass Care Leaver die gleichen Chancen haben wie andere junge Menschen, dass sie die Unterst\u00fctzung und Anleitung erhalten, die ihnen hilft, ihre Tr\u00e4ume zu planen, zu verwirklichen und zu verwirklichen. Unser Ziel ist es, Care Leavern bessere Bildungschancen zu bieten und ihre Schl\u00fcsselkompetenzen zu verbessern, um ihnen zu helfen, ein besseres Leben f\u00fcr sich selbst aufzubauen.<\/p>\n<p>Die Care Leaver Progression Partnership ist bestrebt, die Unterst\u00fctzung zu koordinieren, die Care Leaver in einer sehr entscheidenden Zeit ihres Lebens ben\u00f6tigen. M\u00f6chten Sie mehr erfahren?<\/p>\n<p><a class=\"btn btn-sm\" href=\"https:\/\/careleaverpp.org\/de\/contact\/\">Kontaktiere uns heute<\/a><\/p>\n\n\t\t<\/div>\n\t<\/div>\n<\/div><\/div><\/div><div class=\"wpb_column column_container col-sm-8\"><div class=\"vc_column-inner\"><div class=\"wpb_wrapper\">\n\t<div  class=\"wpb_single_image wpb_content_element vc_align_left\">\n\t\t\n\t\t<figure class=\"wpb_wrapper vc_figure\">\n\t\t\t<div class=\"vc_single_image-wrapper   vc_box_border_grey\"><img loading=\"lazy\" decoding=\"async\" width=\"1500\" height=\"1000\" src=\"https:\/\/careleaverpp.org\/wp-content\/uploads\/2016\/11\/Boy-looking-out-at-university.jpg\" class=\"vc_single_image-img attachment-full\" alt=\"Boy looking out at university\" srcset=\"https:\/\/careleaverpp.org\/wp-content\/uploads\/2016\/11\/Boy-looking-out-at-university.jpg 1500w, https:\/\/careleaverpp.org\/wp-content\/uploads\/2016\/11\/Boy-looking-out-at-university-200x133.jpg 200w, https:\/\/careleaverpp.org\/wp-content\/uploads\/2016\/11\/Boy-looking-out-at-university-300x200.jpg 300w, https:\/\/careleaverpp.org\/wp-content\/uploads\/2016\/11\/Boy-looking-out-at-university-768x512.jpg 768w, https:\/\/careleaverpp.org\/wp-content\/uploads\/2016\/11\/Boy-looking-out-at-university-1024x683.jpg 1024w\" sizes=\"auto, (max-width: 1500px) 100vw, 1500px\" \/><\/div>\n\t\t<\/figure>\n\t<\/div>\n<\/div><\/div><\/div><\/div><\/div><\/section><section class=\"vc_row wpb_row vc_row-fluid vc_custom_1484323020513 vc_row-has-fill\"><div class=\"container\"><div class=\"row\"><div class=\"wpb_column column_container col-sm-12\"><div class=\"vc_column-inner\"><div class=\"wpb_wrapper\"><h2 style=\"color: #f49430;text-align: left;font-family:Montserrat;font-weight:400;font-style:normal\" class=\"vc_custom_heading\" >Neuesten Nachrichten<\/h2><div class=\"vc_separator wpb_content_element vc_separator_align_center vc_sep_width_100 vc_sep_pos_align_center vc_separator_no_text vc_sep_color_grey\" ><span class=\"vc_sep_holder vc_sep_holder_l\"><span  class=\"vc_sep_line\"><\/span><\/span><span class=\"vc_sep_holder vc_sep_holder_r\"><span  class=\"vc_sep_line\"><\/span><\/span>\n<\/div>\n<div class=\"vc_grid-container-wrapper vc_clearfix\">\n\t<div class=\"vc_grid-container vc_clearfix wpb_content_element vc_masonry_grid\" data-initial-loading-animation=\"none\" data-vc-grid-settings=\"{&quot;page_id&quot;:7,&quot;style&quot;:&quot;all-masonry&quot;,&quot;action&quot;:&quot;vc_get_vc_grid_data&quot;,&quot;shortcode_id&quot;:&quot;1560168189116-058eb189-44d1-2&quot;,&quot;tag&quot;:&quot;vc_masonry_grid&quot;}\" data-vc-request=\"https:\/\/careleaverpp.org\/wp-admin\/admin-ajax.php\" data-vc-post-id=\"7\" data-vc-public-nonce=\"00d6d85595\">\n\t\t\n\t<\/div>\n<\/div><\/div><\/div><\/div><\/div><\/div><\/section><section class=\"vc_row wpb_row vc_row-fluid vc_custom_1484323368889 vc_row-has-fill\"><div class=\"container\"><div class=\"row\"><div class=\"wpb_column column_container col-sm-8\"><div class=\"vc_column-inner\"><div class=\"wpb_wrapper\">\n\t<div  class=\"wpb_single_image wpb_content_element vc_align_left\">\n\t\t\n\t\t<figure class=\"wpb_wrapper vc_figure\">\n\t\t\t<div class=\"vc_single_image-wrapper   vc_box_border_grey\"><img loading=\"lazy\" decoding=\"async\" width=\"1024\" height=\"682\" src=\"https:\/\/careleaverpp.org\/wp-content\/uploads\/2016\/06\/clpp-conference-2016-1024x682.jpg\" class=\"vc_single_image-img attachment-large\" alt=\"CLPP Conference 2016\" srcset=\"https:\/\/careleaverpp.org\/wp-content\/uploads\/2016\/06\/clpp-conference-2016-1024x682.jpg 1024w, https:\/\/careleaverpp.org\/wp-content\/uploads\/2016\/06\/clpp-conference-2016-300x200.jpg 300w, https:\/\/careleaverpp.org\/wp-content\/uploads\/2016\/06\/clpp-conference-2016-768x512.jpg 768w, https:\/\/careleaverpp.org\/wp-content\/uploads\/2016\/06\/clpp-conference-2016.jpg 1280w\" sizes=\"auto, (max-width: 1024px) 100vw, 1024px\" \/><\/div>\n\t\t<\/figure>\n\t<\/div>\n<\/div><\/div><\/div><div class=\"wpb_column column_container col-sm-4\"><div class=\"vc_column-inner\"><div class=\"wpb_wrapper\">\n\t<div class=\"wpb_text_column wpb_content_element\" >\n\t\t<div class=\"wpb_wrapper\">\n\t\t\t<h2 class=\"hp-box\">Veranstaltungen<\/h2>\n<p>Wir veranstalten Veranstaltungen und Konferenzen, um die Zusammenarbeit, Schulung und Unterst\u00fctzung von Hochschulen und anderen Organisationen zu erleichtern.<\/p>\n<p><a class=\"btn btn-sm\" href=\"https:\/\/careleaverpp.org\/de\/events\/\">Alle Veranstaltungen anzeigen<\/a><\/p>\n<p><a href=\"https:\/\/careleaverpp.org\/de\/partners\/\">Unsere Partner<\/a> Veranstalten Sie Veranstaltungen f\u00fcr Care Leaver wie Workshops, Samstagsclubs und Tage der offenen T\u00fcr, um Bildungsunterst\u00fctzung, berufliche F\u00e4higkeiten und mehr zu f\u00f6rdern.<\/p>\n<p><a class=\"btn btn-sm\" href=\"https:\/\/careleaverpp.org\/de\/partners\/\">Sehen Sie sich unsere Partner an<\/a><\/p>\n<h4><\/h4>\n\n\t\t<\/div>\n\t<\/div>\n<\/div><\/div><\/div><\/div><\/div><\/section>","protected":false},"excerpt":{"rendered":"Aufwachsen, vorw\u00e4rts gehen Wir sind eine Partnerschaft von Organisationen in Kent und Medway, die sich daf\u00fcr einsetzen, die Bildungs- und Ausbildungserfahrung nach 16 Jahren f\u00fcr einheimische Kinder in Pflege und Pflegeabg\u00e4ngern zu verbessern. Care Leaver Progression Partnership Unser gemeinsames Bestreben besteht darin, die Hindernisse f\u00fcr die allgemeine und berufliche Bildung nach 16 Jahren f\u00fcr junge Menschen mit Pflegeerfahrung besser zu verstehen und zu beseitigen.","protected":false},"author":2,"featured_media":0,"parent":0,"menu_order":3,"comment_status":"closed","ping_status":"closed","template":"","meta":{"_acf_changed":false,"footnotes":""},"class_list":["post-7","page","type-page","status-publish","hentry"],"acf":[],"_links":{"self":[{"href":"https:\/\/careleaverpp.org\/de\/wp-json\/wp\/v2\/pages\/7","targetHints":{"allow":["GET"]}}],"collection":[{"href":"https:\/\/careleaverpp.org\/de\/wp-json\/wp\/v2\/pages"}],"about":[{"href":"https:\/\/careleaverpp.org\/de\/wp-json\/wp\/v2\/types\/page"}],"author":[{"embeddable":true,"href":"https:\/\/careleaverpp.org\/de\/wp-json\/wp\/v2\/users\/2"}],"replies":[{"embeddable":true,"href":"https:\/\/careleaverpp.org\/de\/wp-json\/wp\/v2\/comments?post=7"}],"version-history":[{"count":0,"href":"https:\/\/careleaverpp.org\/de\/wp-json\/wp\/v2\/pages\/7\/revisions"}],"wp:attachment":[{"href":"https:\/\/careleaverpp.org\/de\/wp-json\/wp\/v2\/media?parent=7"}],"curies":[{"name":"wp","href":"https:\/\/api.w.org\/{rel}","templated":true}]}}