{"id":5,"date":"2016-11-25T15:42:39","date_gmt":"2016-11-25T15:42:39","guid":{"rendered":"https:\/\/careleaverpp.org\/?page_id=5"},"modified":"2023-11-08T16:28:13","modified_gmt":"2023-11-08T16:28:13","slug":"about-us","status":"publish","type":"page","link":"https:\/\/careleaverpp.org\/de\/about-us\/","title":{"rendered":"\u00dcber uns"},"content":{"rendered":"<section class=\"vc_row wpb_row vc_row-fluid\"><div class=\"container\"><div class=\"row\"><div class=\"wpb_column column_container col-sm-12\"><div class=\"vc_column-inner\"><div class=\"wpb_wrapper\"><h1 style=\"font-size: 4em;color: #676666;line-height: 1.015;text-align: center;font-family:Roboto;font-weight:400;font-style:normal\" class=\"vc_custom_heading\" >\u00dcber uns<\/h1><div class=\"vc_separator wpb_content_element vc_separator_align_center vc_sep_width_100 vc_sep_pos_align_center vc_separator_no_text vc_sep_color_grey\" ><span class=\"vc_sep_holder vc_sep_holder_l\"><span  class=\"vc_sep_line\"><\/span><\/span><span class=\"vc_sep_holder vc_sep_holder_r\"><span  class=\"vc_sep_line\"><\/span><\/span>\n<\/div><div class=\"vc_row wpb_row vc_inner vc_row-fluid\"><div class=\"wpb_column column_container col-sm-9\"><div class=\"vc_column-inner\"><div class=\"wpb_wrapper\">\n\t<div class=\"wpb_text_column wpb_content_element\" >\n\t\t<div class=\"wpb_wrapper\">\n\t\t\t<p><img loading=\"lazy\" decoding=\"async\" class=\"alignright wp-image-698\" src=\"https:\/\/careleaverpp.org\/wp-content\/uploads\/2016\/11\/1-53946-1024x683.jpg\" width=\"400\" height=\"267\" srcset=\"https:\/\/careleaverpp.org\/wp-content\/uploads\/2016\/11\/1-53946-1024x683.jpg 1024w, https:\/\/careleaverpp.org\/wp-content\/uploads\/2016\/11\/1-53946-300x200.jpg 300w, https:\/\/careleaverpp.org\/wp-content\/uploads\/2016\/11\/1-53946-768x512.jpg 768w, https:\/\/careleaverpp.org\/wp-content\/uploads\/2016\/11\/1-53946.jpg 1500w\" sizes=\"auto, (max-width: 400px) 100vw, 400px\" \/><\/p>\n<p>Die Care Leaver Progression Partnership (CLPP) existiert zum Nutzen unserer Mitglieder, indem sie den jungen Menschen dient, mit denen wir in Kent und Medway zusammenarbeiten. Wir sind ein kollektives Bestreben, die Hindernisse f\u00fcr die Bildung und Ausbildung von Kindern in Pflege und Pflegebed\u00fcrftigen vor Ort besser zu verstehen und zu beseitigen.<\/p>\n<p>Alle unsere Mitglieder arbeiten nach vereinbarten Aufgaben und Zielen, die j\u00e4hrlich \u00fcberpr\u00fcft werden, und unterzeichnen eine Vereinbarung, die jeweils drei Jahre l\u00e4uft. Wir werden von einer Lenkungsgruppe geleitet, die aus einem Vertreter jeder Mitgliedsinstitution besteht.<\/p>\n<p>Jedes Jahr geben wir einen Datenbericht in Auftrag, der das Profil und die Bildungsergebnisse unserer lokalen Care Leaver-Population untersucht und Vergleiche mit nationalen Datens\u00e4tzen anstellt. Wir verwenden diesen Bericht, um unsere Zusammenarbeit zu informieren.<\/p>\n<p>Wir freuen uns immer \u00fcber M\u00f6glichkeiten der Zusammenarbeit mit anderen, um unsere Ziele voranzutreiben, zum Beispiel:<\/p>\n<ul>\n<li>Vertretung in anderen relevanten Gruppen<\/li>\n<li>Pr\u00e4sentation unserer Arbeit auf Veranstaltungen<\/li>\n<li>Gemeinsame Angebote f\u00fcr die Finanzierung<\/li>\n<li>Lobbyarbeit<\/li>\n<li>Teilnahme an der Forschung<\/li>\n<li>Teilen und Verbreiten von Informationen \u00fcber unsere Netzwerke und Social-Media-Kan\u00e4le<\/li>\n<li>Konferenzen und Veranstaltungen<\/li>\n<\/ul>\n<p>Das CLPP wird von unserem Partnerschaftsbeauftragten Luke Daniels koordiniert und von Lucy McLeod, Leiterin des Canterbury College, geleitet. Wenn Sie eine Idee f\u00fcr eine Zusammenarbeit mit uns haben oder Kontakt mit uns aufnehmen m\u00f6chten, <a href=\"https:\/\/careleaverpp.org\/de\/contact\/\">kontaktiere uns<\/a> Heute.<\/p>\n\n\t\t<\/div>\n\t<\/div>\n<\/div><\/div><\/div><div class=\"wpb_column column_container col-sm-3\"><div class=\"vc_column-inner\"><div class=\"wpb_wrapper\"><div  class=\"wpb_widgetised_column wpb_content_element\">\n\t\t<div class=\"wpb_wrapper\">\n\t\t\t\n\t\t\t<div class=\"widget widget_text sidebar__widget\"><h6>Neuesten Nachrichten<\/h6><ul id=\"category-posts-5-internal\" class=\"category-posts-internal\">\n<li class='cat-post-item'><div><a class=\"cat-post-title\" href=\"https:\/\/careleaverpp.org\/de\/vskat-education-psychologist-and-education-provision-in-partnership-with-vsk\/\" rel=\"bookmark\">VSKAT Bildungspsychologe und Bildungsangebot (in Partnerschaft mit VSK)<\/a><\/div><div><a class=\"cat-post-thumbnail cat-post-none\" href=\"https:\/\/careleaverpp.org\/de\/vskat-education-psychologist-and-education-provision-in-partnership-with-vsk\/\" title=\"VSKAT Bildungspsychologe und Bildungsangebot (in Partnerschaft mit VSK)\"><span class=\"cat-post-crop cat-post-format cat-post-format-standard\"><img loading=\"lazy\" decoding=\"async\" width=\"200\" height=\"200\" src=\"https:\/\/careleaverpp.org\/wp-content\/uploads\/2018\/07\/Virtual-School-Kent-logo.jpg\" class=\"attachment- size- wp-post-image\" alt=\"\" data-cat-posts-width=\"200\" data-cat-posts-height=\"200\" srcset=\"https:\/\/careleaverpp.org\/wp-content\/uploads\/2018\/07\/Virtual-School-Kent-logo.jpg 750w, https:\/\/careleaverpp.org\/wp-content\/uploads\/2018\/07\/Virtual-School-Kent-logo-200x133.jpg 200w, https:\/\/careleaverpp.org\/wp-content\/uploads\/2018\/07\/Virtual-School-Kent-logo-300x200.jpg 300w\" sizes=\"auto, (max-width: 200px) 100vw, 200px\" \/><\/span><\/a><\/div><\/li><li class='cat-post-item'><div><a class=\"cat-post-title\" href=\"https:\/\/careleaverpp.org\/de\/the-dwps-commitment-to-care-leavers\/\" rel=\"bookmark\">Das Engagement des DWP f\u00fcr Care Leavers<\/a><\/div><div><a class=\"cat-post-thumbnail cat-post-none\" href=\"https:\/\/careleaverpp.org\/de\/the-dwps-commitment-to-care-leavers\/\" title=\"Das Engagement des DWP f\u00fcr Care Leavers\"><span class=\"cat-post-crop cat-post-format cat-post-format-standard\"><img loading=\"lazy\" decoding=\"async\" width=\"200\" height=\"200\" src=\"https:\/\/careleaverpp.org\/wp-content\/uploads\/2024\/12\/jobcentreplus.jpg\" class=\"attachment- size- wp-post-image\" alt=\"\" data-cat-posts-width=\"200\" data-cat-posts-height=\"200\" srcset=\"https:\/\/careleaverpp.org\/wp-content\/uploads\/2024\/12\/jobcentreplus.jpg 1134w, https:\/\/careleaverpp.org\/wp-content\/uploads\/2024\/12\/jobcentreplus-300x211.jpg 300w, https:\/\/careleaverpp.org\/wp-content\/uploads\/2024\/12\/jobcentreplus-1024x721.jpg 1024w, https:\/\/careleaverpp.org\/wp-content\/uploads\/2024\/12\/jobcentreplus-200x141.jpg 200w, https:\/\/careleaverpp.org\/wp-content\/uploads\/2024\/12\/jobcentreplus-768x541.jpg 768w, https:\/\/careleaverpp.org\/wp-content\/uploads\/2024\/12\/jobcentreplus-18x12.jpg 18w\" sizes=\"auto, (max-width: 200px) 100vw, 200px\" \/><\/span><\/a><\/div><\/li><li class='cat-post-item'><div><a class=\"cat-post-title\" href=\"https:\/\/careleaverpp.org\/de\/social-enterprise-kent-seks-elevate-programme\/\" rel=\"bookmark\">Das Elevate-Programm des Social Enterprise Kent (SEK)<\/a><\/div><div><a class=\"cat-post-thumbnail cat-post-none\" href=\"https:\/\/careleaverpp.org\/de\/social-enterprise-kent-seks-elevate-programme\/\" title=\"Das Elevate-Programm des Social Enterprise Kent (SEK)\"><span class=\"cat-post-crop cat-post-format cat-post-format-standard\"><img loading=\"lazy\" decoding=\"async\" width=\"200\" height=\"200\" src=\"https:\/\/careleaverpp.org\/wp-content\/uploads\/2024\/12\/Elevate-Success.jpg\" class=\"attachment- size- wp-post-image\" alt=\"\" data-cat-posts-width=\"200\" data-cat-posts-height=\"200\" srcset=\"https:\/\/careleaverpp.org\/wp-content\/uploads\/2024\/12\/Elevate-Success.jpg 800w, https:\/\/careleaverpp.org\/wp-content\/uploads\/2024\/12\/Elevate-Success-300x167.jpg 300w, https:\/\/careleaverpp.org\/wp-content\/uploads\/2024\/12\/Elevate-Success-200x111.jpg 200w, https:\/\/careleaverpp.org\/wp-content\/uploads\/2024\/12\/Elevate-Success-768x427.jpg 768w, https:\/\/careleaverpp.org\/wp-content\/uploads\/2024\/12\/Elevate-Success-18x10.jpg 18w\" sizes=\"auto, (max-width: 200px) 100vw, 200px\" \/><\/span><\/a><\/div><\/li><li class='cat-post-item'><div><a class=\"cat-post-title\" href=\"https:\/\/careleaverpp.org\/de\/ty-lockes-lived-experience\/\" rel=\"bookmark\">Ty Lockes gelebte Erfahrung<\/a><\/div><div><a class=\"cat-post-thumbnail cat-post-none\" href=\"https:\/\/careleaverpp.org\/de\/ty-lockes-lived-experience\/\" title=\"Ty Lockes gelebte Erfahrung\"><span class=\"cat-post-crop cat-post-format cat-post-format-video\"><img loading=\"lazy\" decoding=\"async\" width=\"200\" height=\"200\" src=\"https:\/\/careleaverpp.org\/wp-content\/uploads\/2024\/12\/Screenshot-2024-12-04-at-12.06.18.png\" class=\"attachment- size- wp-post-image\" alt=\"\" data-cat-posts-width=\"200\" data-cat-posts-height=\"200\" srcset=\"https:\/\/careleaverpp.org\/wp-content\/uploads\/2024\/12\/Screenshot-2024-12-04-at-12.06.18.png 2694w, https:\/\/careleaverpp.org\/wp-content\/uploads\/2024\/12\/Screenshot-2024-12-04-at-12.06.18-300x214.png 300w, https:\/\/careleaverpp.org\/wp-content\/uploads\/2024\/12\/Screenshot-2024-12-04-at-12.06.18-1024x732.png 1024w, https:\/\/careleaverpp.org\/wp-content\/uploads\/2024\/12\/Screenshot-2024-12-04-at-12.06.18-200x143.png 200w, https:\/\/careleaverpp.org\/wp-content\/uploads\/2024\/12\/Screenshot-2024-12-04-at-12.06.18-768x549.png 768w, https:\/\/careleaverpp.org\/wp-content\/uploads\/2024\/12\/Screenshot-2024-12-04-at-12.06.18-1536x1098.png 1536w, https:\/\/careleaverpp.org\/wp-content\/uploads\/2024\/12\/Screenshot-2024-12-04-at-12.06.18-2048x1464.png 2048w, https:\/\/careleaverpp.org\/wp-content\/uploads\/2024\/12\/Screenshot-2024-12-04-at-12.06.18-18x12.png 18w\" sizes=\"auto, (max-width: 200px) 100vw, 200px\" \/><\/span><\/a><\/div><\/li><\/ul>\n<\/div><div class=\"widget widget_text sidebar__widget\"><h6>Kommende Veranstaltungen<\/h6><ul id=\"category-posts-4-internal\" class=\"category-posts-internal\">\n<li class='cat-post-item'><div><a class=\"cat-post-title\" href=\"https:\/\/careleaverpp.org\/de\/uca-live-online-webinars\/\" rel=\"bookmark\">UCA Live \u2013 Online-Webinare<\/a><\/div><div><a class=\"cat-post-thumbnail cat-post-none\" href=\"https:\/\/careleaverpp.org\/de\/uca-live-online-webinars\/\" title=\"UCA Live \u2013 Online-Webinare\"><span class=\"cat-post-crop cat-post-format cat-post-format-standard\"><img loading=\"lazy\" decoding=\"async\" width=\"200\" height=\"200\" src=\"https:\/\/careleaverpp.org\/wp-content\/uploads\/2025\/01\/Screenshot-2025-01-22-at-10.21.07.png\" class=\"attachment- size- wp-post-image\" alt=\"\" data-cat-posts-width=\"200\" data-cat-posts-height=\"200\" srcset=\"https:\/\/careleaverpp.org\/wp-content\/uploads\/2025\/01\/Screenshot-2025-01-22-at-10.21.07.png 414w, https:\/\/careleaverpp.org\/wp-content\/uploads\/2025\/01\/Screenshot-2025-01-22-at-10.21.07-300x147.png 300w, https:\/\/careleaverpp.org\/wp-content\/uploads\/2025\/01\/Screenshot-2025-01-22-at-10.21.07-200x98.png 200w, https:\/\/careleaverpp.org\/wp-content\/uploads\/2025\/01\/Screenshot-2025-01-22-at-10.21.07-18x9.png 18w\" sizes=\"auto, (max-width: 200px) 100vw, 200px\" \/><\/span><\/a><\/div><\/li><li class='cat-post-item'><div><a class=\"cat-post-title\" href=\"https:\/\/careleaverpp.org\/de\/ask-the-students-at-the-university-for-the-creative-arts\/\" rel=\"bookmark\">Fragen Sie die Studierenden der Universit\u00e4t f\u00fcr bildende K\u00fcnste<\/a><\/div><div><a class=\"cat-post-thumbnail cat-post-none\" href=\"https:\/\/careleaverpp.org\/de\/ask-the-students-at-the-university-for-the-creative-arts\/\" title=\"Fragen Sie die Studierenden der Universit\u00e4t f\u00fcr bildende K\u00fcnste\"><span class=\"cat-post-crop cat-post-format cat-post-format-standard\"><img loading=\"lazy\" decoding=\"async\" width=\"200\" height=\"200\" src=\"https:\/\/careleaverpp.org\/wp-content\/uploads\/2025\/01\/Screenshot-2025-01-22-at-10.17.34.png\" class=\"attachment- size- wp-post-image\" alt=\"\" data-cat-posts-width=\"200\" data-cat-posts-height=\"200\" srcset=\"https:\/\/careleaverpp.org\/wp-content\/uploads\/2025\/01\/Screenshot-2025-01-22-at-10.17.34.png 543w, https:\/\/careleaverpp.org\/wp-content\/uploads\/2025\/01\/Screenshot-2025-01-22-at-10.17.34-300x166.png 300w, https:\/\/careleaverpp.org\/wp-content\/uploads\/2025\/01\/Screenshot-2025-01-22-at-10.17.34-200x110.png 200w, https:\/\/careleaverpp.org\/wp-content\/uploads\/2025\/01\/Screenshot-2025-01-22-at-10.17.34-18x10.png 18w\" sizes=\"auto, (max-width: 200px) 100vw, 200px\" \/><\/span><\/a><\/div><\/li><li class='cat-post-item'><div><a class=\"cat-post-title\" href=\"https:\/\/careleaverpp.org\/de\/campus-tours-at-the-university-for-the-creative-arts\/\" rel=\"bookmark\">Campusf\u00fchrungen an der University for the Creative Arts<\/a><\/div><div><a class=\"cat-post-thumbnail cat-post-none\" href=\"https:\/\/careleaverpp.org\/de\/campus-tours-at-the-university-for-the-creative-arts\/\" title=\"Campusf\u00fchrungen an der University for the Creative Arts\"><span class=\"cat-post-crop cat-post-format cat-post-format-standard\"><img loading=\"lazy\" decoding=\"async\" width=\"200\" height=\"200\" src=\"https:\/\/careleaverpp.org\/wp-content\/uploads\/2025\/01\/Screenshot-2025-01-22-at-10.14.03.png\" class=\"attachment- size- wp-post-image\" alt=\"\" data-cat-posts-width=\"200\" data-cat-posts-height=\"200\" srcset=\"https:\/\/careleaverpp.org\/wp-content\/uploads\/2025\/01\/Screenshot-2025-01-22-at-10.14.03.png 402w, https:\/\/careleaverpp.org\/wp-content\/uploads\/2025\/01\/Screenshot-2025-01-22-at-10.14.03-300x203.png 300w, https:\/\/careleaverpp.org\/wp-content\/uploads\/2025\/01\/Screenshot-2025-01-22-at-10.14.03-200x135.png 200w, https:\/\/careleaverpp.org\/wp-content\/uploads\/2025\/01\/Screenshot-2025-01-22-at-10.14.03-18x12.png 18w\" sizes=\"auto, (max-width: 200px) 100vw, 200px\" \/><\/span><\/a><\/div><\/li><li class='cat-post-item'><div><a class=\"cat-post-title\" href=\"https:\/\/careleaverpp.org\/de\/undergraduate-open-days-at-the-university-for-the-creative-arts\/\" rel=\"bookmark\">Tage der offenen T\u00fcr f\u00fcr Studierende an der University for the Creative Arts<\/a><\/div><div><a class=\"cat-post-thumbnail cat-post-none\" href=\"https:\/\/careleaverpp.org\/de\/undergraduate-open-days-at-the-university-for-the-creative-arts\/\" title=\"Tage der offenen T\u00fcr f\u00fcr Studierende an der University for the Creative Arts\"><span class=\"cat-post-crop cat-post-format cat-post-format-standard\"><img loading=\"lazy\" decoding=\"async\" width=\"200\" height=\"200\" src=\"https:\/\/careleaverpp.org\/wp-content\/uploads\/2025\/01\/Screenshot-2025-01-22-at-10.11.18.png\" class=\"attachment- size- wp-post-image\" alt=\"\" data-cat-posts-width=\"200\" data-cat-posts-height=\"200\" srcset=\"https:\/\/careleaverpp.org\/wp-content\/uploads\/2025\/01\/Screenshot-2025-01-22-at-10.11.18.png 461w, https:\/\/careleaverpp.org\/wp-content\/uploads\/2025\/01\/Screenshot-2025-01-22-at-10.11.18-300x170.png 300w, https:\/\/careleaverpp.org\/wp-content\/uploads\/2025\/01\/Screenshot-2025-01-22-at-10.11.18-200x113.png 200w, https:\/\/careleaverpp.org\/wp-content\/uploads\/2025\/01\/Screenshot-2025-01-22-at-10.11.18-18x10.png 18w\" sizes=\"auto, (max-width: 200px) 100vw, 200px\" \/><\/span><\/a><\/div><\/li><\/ul>\n<\/div><div class=\"widget widget_text sidebar__widget\"><h6>Unsere Tweets<\/h6><div class=\"twitter-feed\"><div class=\"tweets-feed\" data-amount=\"2\" data-widget-id=\"\" data-user-name=\"CareLeaverPP\"><\/div><\/div><\/div>\n\t\t<\/div>\n\t<\/div>\n<\/div><\/div><\/div><\/div><div class=\"vc_row wpb_row vc_inner vc_row-fluid\"><div class=\"wpb_column column_container col-sm-4\"><div class=\"vc_column-inner\"><div class=\"wpb_wrapper\">\n\t\t\t<div class=\"feature feature-1 standard\">\n\t\t\t\t<i class=\"icon--pillar icon-Download\"><\/i>\n\t\t\t\t<h5>Lesen Sie mehr \u00fcber uns<\/h5>\n\t\t\t\t<p>Laden Sie unten eine \u00dcbersicht \u00fcber das CLPP, unsere Gesch\u00e4ftsbedingungen oder unseren Plan 2017-19 herunter:<\/p>\n<ul>\n<li><a href=\"https:\/\/careleaverpp.org\/wp-content\/uploads\/2019\/01\/CLPP-Overview.pdf\" target=\"_blank\" rel=\"noopener noreferrer\">CLPP-\u00dcbersicht<\/a><a href=\"https:\/\/careleaverpp.org\/wp-content\/uploads\/2016\/11\/CLPP-Outcome-Measures-2016-17.pdf\" target=\"_blank\" rel=\"noopener noreferrer\">\u00a0<\/a><\/li>\n<li><a href=\"https:\/\/careleaverpp.org\/wp-content\/uploads\/2019\/01\/CLPP-ToR-2018-19.doc\" target=\"_blank\" rel=\"noopener noreferrer\">CLPP ToR 2018-19<\/a><\/li>\n<li><a href=\"https:\/\/careleaverpp.org\/wp-content\/uploads\/2019\/01\/Plan-and-Objectives-2017-19.pdf\" target=\"_blank\" rel=\"noopener noreferrer\">Plan und Ziele 2017-19<\/a><\/li>\n<\/ul>\n<p>\n\n\t\t\t<\/div>\n\t\t<\/div><\/div><\/div><div class=\"wpb_column column_container col-sm-4\"><div class=\"vc_column-inner\"><div class=\"wpb_wrapper\">\n\t\t\t<div class=\"feature feature-1 standard\">\n\t\t\t\t<i class=\"icon--pillar icon-Address-Book\"><\/i>\n\t\t\t\t<h5>Unsere Partner<\/h5>\n\t\t\t\t<p>Unsere Partner sind f\u00fcr die Weiterentwicklung von Care Leavern unerl\u00e4sslich. Finden Sie heraus, wer unsere Partner sind, was sie tun und wie Sie sie kontaktieren k\u00f6nnen;<\/p>\n<p><a href=\"https:\/\/careleaverpp.org\/de\/partners\/\">Sehen Sie sich unsere Partner an<\/a><\/p>\n\n\t\t\t<\/div>\n\t\t<\/div><\/div><\/div><div class=\"wpb_column column_container col-sm-4\"><div class=\"vc_column-inner\"><div class=\"wpb_wrapper\">\n\t\t\t<div class=\"feature feature-1 standard\">\n\t\t\t\t<i class=\"icon--pillar icon-Aerobics\"><\/i>\n\t\t\t\t<h5>Sind Sie ein Care Leaver?<\/h5>\n\t\t\t\t<p>Wenn Sie bald aus der Pflege entlassen werden und weitere Informationen erhalten m\u00f6chten, besuchen Sie bitte unseren Bereich Care Leaver:<\/p>\n<p><a href=\"https:\/\/careleaverpp.org\/de\/information-for-care-leavers\/\">Informationen f\u00fcr Care Leaver<\/a><\/p>\n\n\t\t\t<\/div>\n\t\t<\/div><\/div><\/div><\/div><\/div><\/div><\/div><\/div><\/div><\/section>","protected":false},"excerpt":{"rendered":"An den Tagen der offenen T\u00fcr der UCA haben Sie die M\u00f6glichkeit, die Campusse zu erkunden, ihre Akademiker und Studentenbotschafter zu treffen, an Kursvortr\u00e4gen teilzunehmen und Antworten auf Ihre Fragen zu erhalten sowie n\u00fctzliche Informationen zu Unterkunft, Geb\u00fchren und Finanzierung zu erhalten. Der n\u00e4chste Tag der offenen T\u00fcr findet am Samstag, den 26. April 2025, von 9:30 bis 15:00 Uhr statt. Der letzte Campusbesuch findet am 27. April 2025 statt.","protected":false},"author":2,"featured_media":0,"parent":0,"menu_order":1,"comment_status":"closed","ping_status":"closed","template":"","meta":{"_acf_changed":false,"footnotes":""},"class_list":["post-5","page","type-page","status-publish","hentry"],"acf":[],"_links":{"self":[{"href":"https:\/\/careleaverpp.org\/de\/wp-json\/wp\/v2\/pages\/5","targetHints":{"allow":["GET"]}}],"collection":[{"href":"https:\/\/careleaverpp.org\/de\/wp-json\/wp\/v2\/pages"}],"about":[{"href":"https:\/\/careleaverpp.org\/de\/wp-json\/wp\/v2\/types\/page"}],"author":[{"embeddable":true,"href":"https:\/\/careleaverpp.org\/de\/wp-json\/wp\/v2\/users\/2"}],"replies":[{"embeddable":true,"href":"https:\/\/careleaverpp.org\/de\/wp-json\/wp\/v2\/comments?post=5"}],"version-history":[{"count":2,"href":"https:\/\/careleaverpp.org\/de\/wp-json\/wp\/v2\/pages\/5\/revisions"}],"predecessor-version":[{"id":2448,"href":"https:\/\/careleaverpp.org\/de\/wp-json\/wp\/v2\/pages\/5\/revisions\/2448"}],"wp:attachment":[{"href":"https:\/\/careleaverpp.org\/de\/wp-json\/wp\/v2\/media?parent=5"}],"curies":[{"name":"wp","href":"https:\/\/api.w.org\/{rel}","templated":true}]}}