{"id":7,"date":"2016-11-25T15:52:11","date_gmt":"2016-11-25T15:52:11","guid":{"rendered":"https:\/\/careleaverpp.org\/?page_id=7"},"modified":"2019-06-10T13:06:09","modified_gmt":"2019-06-10T12:06:09","slug":"home","status":"publish","type":"page","link":"https:\/\/careleaverpp.org\/cs\/","title":{"rendered":"Domov"},"content":{"rendered":"<div data-vc-full-width=\"false\" data-vc-full-width-init=\"false\" class=\"vc_row wpb_row vc_row-fluid vc_custom_1560168363302 vc_row-has-fill vc_row-o-content-bottom vc_row-flex\"><div class=\"text-center wpb_column column_container col-sm-12\"><div class=\"vc_column-inner\"><div class=\"wpb_wrapper\">\n\t\t\t<section class=\"cover cover-11 height-80 imagebg parallax\" data-overlay=\"4\">\n\t\t\t\t<div class=\"background-image-holder background--bottom\">\n\t\t\t\t\t<img loading=\"lazy\" decoding=\"async\" width=\"1920\" height=\"1280\" src=\"https:\/\/careleaverpp.org\/wp-content\/uploads\/2016\/11\/care-leavers-information.jpeg\" class=\"attachment-full size-full\" alt=\"\" srcset=\"https:\/\/careleaverpp.org\/wp-content\/uploads\/2016\/11\/care-leavers-information.jpeg 1920w, https:\/\/careleaverpp.org\/wp-content\/uploads\/2016\/11\/care-leavers-information-300x200.jpeg 300w, https:\/\/careleaverpp.org\/wp-content\/uploads\/2016\/11\/care-leavers-information-768x512.jpeg 768w, https:\/\/careleaverpp.org\/wp-content\/uploads\/2016\/11\/care-leavers-information-1024x683.jpeg 1024w\" sizes=\"auto, (max-width: 1920px) 100vw, 1920px\" \/>\n\t\t\t\t<\/div>\n\t\t\t\t<div class=\"container pos-vertical-center\">\n\t\t\t\t\t<div class=\"row\">\n\t\t\t\t\t\t<div class=\"col-sm-10 col-sm-offset-1\">\n\t\t\t\t\t\t\t\n\t<div class=\"wpb_text_column wpb_content_element\" >\n\t\t<div class=\"wpb_wrapper\">\n\t\t\t<h1 style=\"text-align: center;\"><span style=\"font-family: montserrat;\">Vyr\u016fst\u00e1n\u00ed,<\/span> <em>Pohyb vp\u0159ed<\/em><\/h1>\n<p class=\"lead\" style=\"text-align: center;\">Jsme partnerstv\u00edm organizac\u00ed v Kentu a Medway, kter\u00e9 se zav\u00e1zaly zlep\u0161ovat vzd\u011bl\u00e1v\u00e1n\u00ed a \u0161kolen\u00ed m\u00edstn\u00edch d\u011bt\u00ed v p\u00e9\u010di a opou\u0161t\u011bj\u00edc\u00edch p\u00e9\u010di po 16 letech.<\/p>\n\n\t\t<\/div>\n\t<\/div>\n<div class=\"vc_empty_space\"   style=\"height: 52px\"><span class=\"vc_empty_space_inner\"><\/span><\/div>\n\t\t\t\t\t\t<\/div>\n\t\t\t\t\t<\/div><!--end row-->\n\t\t\t\t<\/div><!--end container-->\n\t\t\t<\/section>\n\t\t<\/div><\/div><\/div><\/div><section class=\"vc_row wpb_row vc_row-fluid vc_custom_1484320222572\"><div class=\"container\"><div class=\"row\"><div class=\"wpb_column column_container col-sm-2\"><div class=\"vc_column-inner\"><div class=\"wpb_wrapper\"><\/div><\/div><\/div><div class=\"wpb_column column_container col-sm-8\"><div class=\"vc_column-inner\"><div class=\"wpb_wrapper\">\n\t<div class=\"wpb_text_column wpb_content_element\" >\n\t\t<div class=\"wpb_wrapper\">\n\t\t\t<h3 style=\"text-align: center;\">Care Leaver Progression Partnership<\/h3>\n<p class=\"lead\" style=\"text-align: center;\">Na\u0161\u00edm spole\u010dn\u00fdm \u00fasil\u00edm je l\u00e9pe porozum\u011bt a odstranit p\u0159ek\u00e1\u017eky vzd\u011bl\u00e1v\u00e1n\u00ed a \u0161kolen\u00ed po 16 letech pro mlad\u00e9 lidi se zku\u0161enostmi v p\u00e9\u010di v Kentu a Medway.<\/p>\n\n\t\t<\/div>\n\t<\/div>\n<\/div><\/div><\/div><div class=\"wpb_column column_container col-sm-2\"><div class=\"vc_column-inner\"><div class=\"wpb_wrapper\"><\/div><\/div><\/div><\/div><\/div><\/section><section class=\"vc_row wpb_row vc_row-fluid hp-box vc_custom_1484566963468\"><div class=\"container\"><div class=\"row\"><div class=\"wpb_column column_container col-sm-4 col-has-fill\"><div class=\"vc_column-inner vc_custom_1484318222439\"><div class=\"wpb_wrapper\">\n\t<div  class=\"wpb_single_image wpb_content_element vc_align_left\">\n\t\t\n\t\t<figure class=\"wpb_wrapper vc_figure\">\n\t\t\t<a href=\"https:\/\/careleaverpp.org\/cs\/resources\/\" target=\"_self\" class=\"vc_single_image-wrapper   vc_box_border_grey\"><img loading=\"lazy\" decoding=\"async\" class=\"vc_single_image-img\" src=\"https:\/\/careleaverpp.org\/wp-content\/uploads\/2016\/11\/1-53946-360x240.jpg\" width=\"360\" height=\"240\" alt=\"Annual budget meeting\" title=\"O CLPP\" \/><\/a>\n\t\t<\/figure>\n\t<\/div>\n\n\t<div class=\"wpb_text_column wpb_content_element  vc_custom_1486655922072\" >\n\t\t<div class=\"wpb_wrapper\">\n\t\t\t<h2 style=\"text-align: center;\">O n\u00e1s<\/h2>\n<p class=\"p1\">Jsme partnerstv\u00edm univerzit, vysok\u00fdch \u0161kol, m\u00edstn\u00edch \u00fa\u0159ad\u016f a dal\u0161\u00edch organizac\u00ed v Kentu a Medway. Zjist\u011bte o n\u00e1s a na\u0161\u00ed pr\u00e1ci.<\/p>\n<p class=\"p1\" style=\"text-align: center;\"><a class=\"btn btn--lg btn--primary mb--1\" title=\"p\u00e9\u010de opou\u0161t\u011bj\u00edc\u00ed progrese partnerstv\u00ed - CLPP\" href=\"https:\/\/careleaverpp.org\/cs\/about-us\/\">Zjistit v\u00edce<\/a><\/p>\n\n\t\t<\/div>\n\t<\/div>\n<\/div><\/div><\/div><div class=\"wpb_column column_container col-sm-4 col-has-fill\"><div class=\"vc_column-inner vc_custom_1484317640504\"><div class=\"wpb_wrapper\">\n\t<div  class=\"wpb_single_image wpb_content_element vc_align_left\">\n\t\t\n\t\t<figure class=\"wpb_wrapper vc_figure\">\n\t\t\t<a href=\"https:\/\/careleaverpp.org\/cs\/resources\/\" target=\"_self\" class=\"vc_single_image-wrapper   vc_box_border_grey\"><img loading=\"lazy\" decoding=\"async\" class=\"vc_single_image-img\" src=\"https:\/\/careleaverpp.org\/wp-content\/uploads\/2016\/11\/Lady-on-laptop-cropped-360x240.jpg\" width=\"360\" height=\"240\" alt=\"Lady on a bench using a latptop\" title=\"D\u00e1ma na notebooku\" \/><\/a>\n\t\t<\/figure>\n\t<\/div>\n\n\t<div class=\"wpb_text_column wpb_content_element  vc_custom_1484318090196\" >\n\t\t<div class=\"wpb_wrapper\">\n\t\t\t<h2 style=\"text-align: center;\">Zdroje<\/h2>\n<p>Nav\u0161tivte na\u0161i sekci Zdroje, kde najdete u\u017eite\u010dn\u00e9 dokumenty, videa a odkazy na dal\u0161\u00ed webov\u00e9 str\u00e1nky, kter\u00e9 v\u00e1m pomohou ve va\u0161\u00ed pr\u00e1ci.<\/p>\n<p class=\"p1\" style=\"text-align: center;\"><a class=\"btn btn--lg btn--primary mb--1\" title=\"p\u00e9\u010de opou\u0161t\u011bj\u00edc\u00ed progrese partnersk\u00e9 zdroje\" href=\"https:\/\/careleaverpp.org\/cs\/resources\/\">Zobrazit zdroje<\/a><\/p>\n\n\t\t<\/div>\n\t<\/div>\n<\/div><\/div><\/div><div class=\"wpb_column column_container col-sm-4 col-has-fill\"><div class=\"vc_column-inner vc_custom_1484318230422\"><div class=\"wpb_wrapper\">\n\t<div  class=\"wpb_single_image wpb_content_element vc_align_left\">\n\t\t\n\t\t<figure class=\"wpb_wrapper vc_figure\">\n\t\t\t<a href=\"https:\/\/careleaverpp.org\/cs\/resources\/\" target=\"_self\" class=\"vc_single_image-wrapper   vc_box_border_grey\"><img loading=\"lazy\" decoding=\"async\" class=\"vc_single_image-img\" src=\"https:\/\/careleaverpp.org\/wp-content\/uploads\/2016\/11\/Girl-on-laptop-cropped-360x240.jpg\" width=\"360\" height=\"240\" alt=\"Girl on laptop cropped\" title=\"D\u00edvka na notebooku o\u0159\u00edznut\u00e9\" \/><\/a>\n\t\t<\/figure>\n\t<\/div>\n\n\t<div class=\"wpb_text_column wpb_content_element  vc_custom_1484318761128\" >\n\t\t<div class=\"wpb_wrapper\">\n\t\t\t<h2 style=\"text-align: center;\">P\u00e9\u010de opou\u0161t\u00ed<\/h2>\n<p>Opou\u0161t\u00edte p\u00e9\u010di a pot\u0159ebujete pomoc nebo se chcete dozv\u011bd\u011bt v\u00edce o podpo\u0159e, kter\u00e1 je k dispozici? Nav\u0161tivte na\u0161i str\u00e1nku pro v\u00edce informac\u00ed.<\/p>\n<p class=\"p1\" style=\"text-align: center;\"><a class=\"btn btn--lg btn--primary mb--1\" title=\"p\u00e9\u010de opou\u0161t\u011bj\u00edc\u00ed progrese partnersk\u00e9 zdroje\" href=\"https:\/\/careleaverpp.org\/cs\/information-for-care-leavers\/\">Zjistit v\u00edce<\/a><\/p>\n\n\t\t<\/div>\n\t<\/div>\n<\/div><\/div><\/div><\/div><\/div><\/section><section class=\"vc_row wpb_row vc_row-fluid vc_custom_1484566810162\"><div class=\"container\"><div class=\"row\"><div class=\"wpb_column column_container col-sm-4\"><div class=\"vc_column-inner\"><div class=\"wpb_wrapper\">\n\t<div class=\"wpb_text_column wpb_content_element\" >\n\t\t<div class=\"wpb_wrapper\">\n\t\t\t<h3 class=\"hp-box\">Pom\u00e1h\u00e1me budovat \u017eivot mimo p\u00e9\u010di<\/h3>\n<p>Chceme, aby Care Leavers m\u011bli stejn\u00e9 p\u0159\u00edle\u017eitosti jako ostatn\u00ed mlad\u00ed lid\u00e9, aby m\u011bli podporu a veden\u00ed, kter\u00e9 jim pom\u016f\u017ee pl\u00e1novat, dosahovat a realizovat jejich sny. Na\u0161\u00edm c\u00edlem je poskytnout osob\u00e1m opou\u0161t\u011bj\u00edc\u00edm p\u00e9\u010di lep\u0161\u00ed p\u0159\u00edle\u017eitosti ke vzd\u011bl\u00e1n\u00ed a zlep\u0161en\u00ed jejich kl\u00ed\u010dov\u00fdch dovednost\u00ed a pomoci jim vybudovat si lep\u0161\u00ed \u017eivot.<\/p>\n<p>Care Leaver Progression Partnership usiluje o koordinaci podpory, kterou osoby opou\u0161t\u011bj\u00edc\u00ed p\u00e9\u010di pot\u0159ebuj\u00ed ve velmi kl\u00ed\u010dov\u00e9m obdob\u00ed sv\u00e9ho \u017eivota. Chcete se dozv\u011bd\u011bt v\u00edce?<\/p>\n<p><a class=\"btn btn-sm\" href=\"https:\/\/careleaverpp.org\/cs\/contact\/\">Kontaktujte n\u00e1s je\u0161t\u011b dnes<\/a><\/p>\n\n\t\t<\/div>\n\t<\/div>\n<\/div><\/div><\/div><div class=\"wpb_column column_container col-sm-8\"><div class=\"vc_column-inner\"><div class=\"wpb_wrapper\">\n\t<div  class=\"wpb_single_image wpb_content_element vc_align_left\">\n\t\t\n\t\t<figure class=\"wpb_wrapper vc_figure\">\n\t\t\t<div class=\"vc_single_image-wrapper   vc_box_border_grey\"><img loading=\"lazy\" decoding=\"async\" width=\"1500\" height=\"1000\" src=\"https:\/\/careleaverpp.org\/wp-content\/uploads\/2016\/11\/Boy-looking-out-at-university.jpg\" class=\"vc_single_image-img attachment-full\" alt=\"Boy looking out at university\" srcset=\"https:\/\/careleaverpp.org\/wp-content\/uploads\/2016\/11\/Boy-looking-out-at-university.jpg 1500w, https:\/\/careleaverpp.org\/wp-content\/uploads\/2016\/11\/Boy-looking-out-at-university-200x133.jpg 200w, https:\/\/careleaverpp.org\/wp-content\/uploads\/2016\/11\/Boy-looking-out-at-university-300x200.jpg 300w, https:\/\/careleaverpp.org\/wp-content\/uploads\/2016\/11\/Boy-looking-out-at-university-768x512.jpg 768w, https:\/\/careleaverpp.org\/wp-content\/uploads\/2016\/11\/Boy-looking-out-at-university-1024x683.jpg 1024w\" sizes=\"auto, (max-width: 1500px) 100vw, 1500px\" \/><\/div>\n\t\t<\/figure>\n\t<\/div>\n<\/div><\/div><\/div><\/div><\/div><\/section><section class=\"vc_row wpb_row vc_row-fluid vc_custom_1484323020513 vc_row-has-fill\"><div class=\"container\"><div class=\"row\"><div class=\"wpb_column column_container col-sm-12\"><div class=\"vc_column-inner\"><div class=\"wpb_wrapper\"><h2 style=\"color: #f49430;text-align: left;font-family:Montserrat;font-weight:400;font-style:normal\" class=\"vc_custom_heading\" >Posledn\u00ed zpr\u00e1vy<\/h2><div class=\"vc_separator wpb_content_element vc_separator_align_center vc_sep_width_100 vc_sep_pos_align_center vc_separator_no_text vc_sep_color_grey\" ><span class=\"vc_sep_holder vc_sep_holder_l\"><span  class=\"vc_sep_line\"><\/span><\/span><span class=\"vc_sep_holder vc_sep_holder_r\"><span  class=\"vc_sep_line\"><\/span><\/span>\n<\/div>\n<div class=\"vc_grid-container-wrapper vc_clearfix\">\n\t<div class=\"vc_grid-container vc_clearfix wpb_content_element vc_masonry_grid\" data-initial-loading-animation=\"none\" data-vc-grid-settings=\"{&quot;page_id&quot;:7,&quot;style&quot;:&quot;all-masonry&quot;,&quot;action&quot;:&quot;vc_get_vc_grid_data&quot;,&quot;shortcode_id&quot;:&quot;1560168189116-058eb189-44d1-2&quot;,&quot;tag&quot;:&quot;vc_masonry_grid&quot;}\" data-vc-request=\"https:\/\/careleaverpp.org\/wp-admin\/admin-ajax.php\" data-vc-post-id=\"7\" data-vc-public-nonce=\"4822f6cbee\">\n\t\t\n\t<\/div>\n<\/div><\/div><\/div><\/div><\/div><\/div><\/section><section class=\"vc_row wpb_row vc_row-fluid vc_custom_1484323368889 vc_row-has-fill\"><div class=\"container\"><div class=\"row\"><div class=\"wpb_column column_container col-sm-8\"><div class=\"vc_column-inner\"><div class=\"wpb_wrapper\">\n\t<div  class=\"wpb_single_image wpb_content_element vc_align_left\">\n\t\t\n\t\t<figure class=\"wpb_wrapper vc_figure\">\n\t\t\t<div class=\"vc_single_image-wrapper   vc_box_border_grey\"><img loading=\"lazy\" decoding=\"async\" width=\"1024\" height=\"682\" src=\"https:\/\/careleaverpp.org\/wp-content\/uploads\/2016\/06\/clpp-conference-2016-1024x682.jpg\" class=\"vc_single_image-img attachment-large\" alt=\"CLPP Conference 2016\" srcset=\"https:\/\/careleaverpp.org\/wp-content\/uploads\/2016\/06\/clpp-conference-2016-1024x682.jpg 1024w, https:\/\/careleaverpp.org\/wp-content\/uploads\/2016\/06\/clpp-conference-2016-300x200.jpg 300w, https:\/\/careleaverpp.org\/wp-content\/uploads\/2016\/06\/clpp-conference-2016-768x512.jpg 768w, https:\/\/careleaverpp.org\/wp-content\/uploads\/2016\/06\/clpp-conference-2016.jpg 1280w\" sizes=\"auto, (max-width: 1024px) 100vw, 1024px\" \/><\/div>\n\t\t<\/figure>\n\t<\/div>\n<\/div><\/div><\/div><div class=\"wpb_column column_container col-sm-4\"><div class=\"vc_column-inner\"><div class=\"wpb_wrapper\">\n\t<div class=\"wpb_text_column wpb_content_element\" >\n\t\t<div class=\"wpb_wrapper\">\n\t\t\t<h2 class=\"hp-box\">Ud\u00e1losti<\/h2>\n<p>Po\u0159\u00e1d\u00e1me akce a konference, abychom usnadnili spolupr\u00e1ci, \u0161kolen\u00ed a podporu instituc\u00edm vysoko\u0161kolsk\u00e9ho vzd\u011bl\u00e1v\u00e1n\u00ed a dal\u0161\u00edm organizac\u00edm.<\/p>\n<p><a class=\"btn btn-sm\" href=\"https:\/\/careleaverpp.org\/cs\/events\/\">Zobrazit v\u0161echny ud\u00e1losti<\/a><\/p>\n<p><a href=\"https:\/\/careleaverpp.org\/cs\/partners\/\">Na\u0161i partne\u0159i<\/a> po\u0159\u00e1dat akce pro opou\u0161t\u011bj\u00edc\u00ed osoby, jako jsou workshopy, sobotn\u00ed kluby a dny otev\u0159en\u00fdch dve\u0159\u00ed na podporu vzd\u011bl\u00e1v\u00e1n\u00ed, pracovn\u00edch dovednost\u00ed a dal\u0161\u00ed.<\/p>\n<p><a class=\"btn btn-sm\" href=\"https:\/\/careleaverpp.org\/cs\/partners\/\">Pod\u00edvejte se na na\u0161e partnery<\/a><\/p>\n<h4><\/h4>\n\n\t\t<\/div>\n\t<\/div>\n<\/div><\/div><\/div><\/div><\/div><\/section>","protected":false},"excerpt":{"rendered":"Rosteme, posouv\u00e1me se vp\u0159ed Jsme partnerstv\u00edm organizac\u00ed v Kentu a Medway, kter\u00e9 se zav\u00e1zalo zlep\u0161ovat vzd\u011bl\u00e1vac\u00ed a \u0161kolic\u00ed zku\u0161enosti m\u00edstn\u00edch d\u011bt\u00ed v p\u00e9\u010di a opou\u0161t\u011bj\u00edc\u00edch p\u00e9\u010di po 16 letech. Care Leaver Progression Partnership Na\u0161\u00edm spole\u010dn\u00fdm \u00fasil\u00edm je l\u00e9pe porozum\u011bt a odstranit p\u0159ek\u00e1\u017eky ve vzd\u011bl\u00e1v\u00e1n\u00ed a \u0161kolen\u00ed po 16 letech pro mlad\u00e9 lidi se zku\u0161enostmi v p\u00e9\u010di [...]","protected":false},"author":2,"featured_media":0,"parent":0,"menu_order":3,"comment_status":"closed","ping_status":"closed","template":"","meta":{"_acf_changed":false,"footnotes":""},"class_list":["post-7","page","type-page","status-publish","hentry"],"acf":[],"_links":{"self":[{"href":"https:\/\/careleaverpp.org\/cs\/wp-json\/wp\/v2\/pages\/7","targetHints":{"allow":["GET"]}}],"collection":[{"href":"https:\/\/careleaverpp.org\/cs\/wp-json\/wp\/v2\/pages"}],"about":[{"href":"https:\/\/careleaverpp.org\/cs\/wp-json\/wp\/v2\/types\/page"}],"author":[{"embeddable":true,"href":"https:\/\/careleaverpp.org\/cs\/wp-json\/wp\/v2\/users\/2"}],"replies":[{"embeddable":true,"href":"https:\/\/careleaverpp.org\/cs\/wp-json\/wp\/v2\/comments?post=7"}],"version-history":[{"count":0,"href":"https:\/\/careleaverpp.org\/cs\/wp-json\/wp\/v2\/pages\/7\/revisions"}],"wp:attachment":[{"href":"https:\/\/careleaverpp.org\/cs\/wp-json\/wp\/v2\/media?parent=7"}],"curies":[{"name":"wp","href":"https:\/\/api.w.org\/{rel}","templated":true}]}}