{"id":694,"date":"2017-01-13T14:38:57","date_gmt":"2017-01-13T14:38:57","guid":{"rendered":"https:\/\/careleaverpp.org\/?page_id=694"},"modified":"2019-06-14T12:02:05","modified_gmt":"2019-06-14T11:02:05","slug":"information-for-care-leavers","status":"publish","type":"page","link":"https:\/\/careleaverpp.org\/cs\/information-for-care-leavers\/","title":{"rendered":"Informace pro absolventy p\u00e9\u010de"},"content":{"rendered":"<section class=\"vc_row wpb_row vc_row-fluid\"><div class=\"container\"><div class=\"row\"><div class=\"wpb_column column_container col-sm-12\"><div class=\"vc_column-inner\"><div class=\"wpb_wrapper\"><h1 style=\"font-size: 4em;color: #676666;line-height: 1.015;text-align: center;font-family:Roboto;font-weight:400;font-style:normal\" class=\"vc_custom_heading\" >Informace pro absolventy p\u00e9\u010de<\/h1><div class=\"vc_separator wpb_content_element vc_separator_align_center vc_sep_width_100 vc_sep_pos_align_center vc_separator_no_text vc_sep_color_grey\" ><span class=\"vc_sep_holder vc_sep_holder_l\"><span  class=\"vc_sep_line\"><\/span><\/span><span class=\"vc_sep_holder vc_sep_holder_r\"><span  class=\"vc_sep_line\"><\/span><\/span>\n<\/div><div class=\"vc_row wpb_row vc_inner vc_row-fluid\"><div class=\"wpb_column column_container col-sm-8\"><div class=\"vc_column-inner\"><div class=\"wpb_wrapper\">\n\t<div class=\"wpb_text_column wpb_content_element\" >\n\t\t<div class=\"wpb_wrapper\">\n\t\t\t<p><img loading=\"lazy\" decoding=\"async\" class=\"alignright wp-image-696\" src=\"https:\/\/careleaverpp.org\/wp-content\/uploads\/2016\/11\/care-leavers-information-1024x683.jpeg\" width=\"400\" height=\"267\" srcset=\"https:\/\/careleaverpp.org\/wp-content\/uploads\/2016\/11\/care-leavers-information-1024x683.jpeg 1024w, https:\/\/careleaverpp.org\/wp-content\/uploads\/2016\/11\/care-leavers-information-300x200.jpeg 300w, https:\/\/careleaverpp.org\/wp-content\/uploads\/2016\/11\/care-leavers-information-768x512.jpeg 768w, https:\/\/careleaverpp.org\/wp-content\/uploads\/2016\/11\/care-leavers-information.jpeg 1920w\" sizes=\"auto, (max-width: 400px) 100vw, 400px\" \/><\/p>\n<p>M\u00e1te zku\u0161enost s pobytem v p\u00e9\u010di? Zaj\u00edm\u00e1 v\u00e1s, jak\u00e1 podpora a rady v\u00e1m mohou b\u00fdt k dispozici, kdy\u017e se chyst\u00e1te p\u0159ej\u00edt ze \u0161koly na vysokou \u0161kolu, univerzitu nebo do \u0161kol\u00edc\u00edho programu?<\/p>\n<p>Pokud byste cht\u011bli b\u00fdt v kontaktu s n\u011bk\u00fdm, kdo by mohl b\u00fdt schopen pomoci, kontaktujte pros\u00edm Ninu pomoc\u00ed na\u0161eho <a href=\"https:\/\/careleaverpp.org\/cs\/contact\/\">kontaktn\u00ed str\u00e1nku<\/a>.<\/p>\n<p>Na na\u0161em <a href=\"https:\/\/careleaverpp.org\/cs\/partners\/\">partnersk\u00e9 str\u00e1nky <\/a>m\u016f\u017eete si vyhledat jednotliv\u00e9 instituce v Kentu a Medway, abyste vid\u011bli, co nab\u00edzej\u00ed opou\u0161t\u011bj\u00edc\u00edm p\u00e9\u010di.<\/p>\n<p>N\u011bkter\u00e9 zdroje v\u00e1m mohou pomoci tak\u00e9 na na\u0161em webu <a href=\"https:\/\/careleaverpp.org\/cs\/resources\/\">str\u00e1nka zdroj\u016f<\/a>.<\/p>\n<p><strong>N\u00ed\u017ee jsou uvedeny n\u011bkter\u00e9 dal\u0161\u00ed str\u00e1nky, kter\u00e9 by v\u00e1m mohly b\u00fdt u\u017eite\u010dn\u00e9:<\/strong><\/p>\n<p><strong>Virtu\u00e1ln\u00ed \u0161kola Kent (VSK) \u2013 <\/strong><em>VSK<\/em> spolupracovat s pracovn\u00edky \u0161kol, vysok\u00fdch \u0161kol a dal\u0161\u00edch instituc\u00ed a podp\u016frn\u00fdch slu\u017eeb p\u0159i koordinaci vzd\u011bl\u00e1vac\u00edch slu\u017eeb pro d\u011bti v p\u00e9\u010di a mlad\u00e9 opou\u0161t\u011bj\u00edc\u00ed osoby. Nav\u0161tivte jejich webov\u00e9 str\u00e1nky a zjist\u011bte v\u00edce o tom, co d\u011blaj\u00ed a jak v\u00e1s mohou podpo\u0159it, nebo je kontaktujte pomoc\u00ed kontaktn\u00edho formul\u00e1\u0159e na jejich webu \u2013 <a href=\"http:\/\/www.virtualschool.lea.kent.sch.uk\/\" target=\"_blank\" rel=\"noopener noreferrer\">Virtu\u00e1ln\u00ed \u0161kola v Kentu<\/a>.<\/p>\n<p><strong>Sta\u0148te se \u2013 <\/strong><em>Sta\u0148te se<\/em> je n\u00e1rodn\u00ed charita pro d\u011bti v p\u00e9\u010di a opou\u0161t\u011bj\u00edc\u00ed d\u011bti. Na jejich webov\u00fdch str\u00e1nk\u00e1ch najdete spoustu informac\u00ed o tom, jak\u00e1 pomoc a podpora je k dispozici \u2013 <a href=\"http:\/\/www.becomecharity.org.uk\/\" target=\"_blank\" rel=\"noopener noreferrer\">Sta\u0148te se charitou<\/a> \u2013 nebo je kontaktujte na jejich p\u0159\u00e1telsk\u00e9 poradensk\u00e9 lince Bezplatn\u00fd telefon 0800 023 2033 \/ <a href=\"mailto:advice@becomecharity.org.uk\" target=\"_blank\" rel=\"noopener noreferrer\">Poradna@becomecharity.org.uk<\/a><\/p>\n<p><strong>Poh\u00e1n\u011bt<\/strong> <strong>&#8211;<\/strong> <em>Poh\u00e1n\u011bt <\/em>je webov\u00e1 str\u00e1nka, kterou provozuje spole\u010dnost <em>Sta\u0148te se <\/em>charita. Poskytuje informace o tom, jak\u00e1 podpora je k dispozici absolvent\u016fm p\u00e9\u010de na vysok\u00fdch \u0161kol\u00e1ch a univerzit\u00e1ch. Na str\u00e1nce najdete obecn\u00e9 informace o pomoci s \u017e\u00e1dost\u00ed, financov\u00e1n\u00ed a ubytov\u00e1n\u00ed, stejn\u011b jako mo\u017enost vyhled\u00e1vat jednotliv\u00e9 vysok\u00e9 \u0161koly a univerzity a zjistit, jakou pomoc a podporu nab\u00edzej\u00ed absolvent\u016fm p\u00e9\u010de \u2013 <a href=\"http:\/\/propel.org.uk\/UK\/\" target=\"_blank\" rel=\"noopener noreferrer\"><span style=\"color: #0066cc;\">Poh\u00e1n\u011bt<\/span><\/a>.<\/p>\n<p><strong>N\u00e1rodn\u00ed s\u00ed\u0165 pro vzd\u011bl\u00e1v\u00e1n\u00ed absolvent\u016f p\u00e9\u010de (NNECL)<\/strong>\u00a0<strong>&#8211; <\/strong><em>NNECL<\/em> je n\u00e1rodn\u00ed organizace, kter\u00e1 poskytuje informace o vysoko\u0161kolsk\u00fdch aktivit\u00e1ch a zdroj\u00edch pro opu\u0161t\u011bn\u00e9, d\u011bti v p\u00e9\u010di a ty, kte\u0159\u00ed je podporuj\u00ed \u2013 <a href=\"http:\/\/nnecl.org\/\" target=\"_blank\" rel=\"noopener noreferrer\"><span style=\"color: #0066cc;\">NNECL<\/span><\/a>.<\/p>\n\n\t\t<\/div>\n\t<\/div>\n<\/div><\/div><\/div><div class=\"wpb_column column_container col-sm-4\"><div class=\"vc_column-inner\"><div class=\"wpb_wrapper\"><div  class=\"wpb_widgetised_column wpb_content_element\">\n\t\t<div class=\"wpb_wrapper\">\n\t\t\t\n\t\t\t<div class=\"widget widget_text sidebar__widget\"><h6>Posledn\u00ed zpr\u00e1vy<\/h6><ul id=\"category-posts-5-internal\" class=\"category-posts-internal\">\n<li class='cat-post-item'><div><a class=\"cat-post-title\" href=\"https:\/\/careleaverpp.org\/cs\/vskat-education-psychologist-and-education-provision-in-partnership-with-vsk\/\" rel=\"bookmark\">Vzd\u011bl\u00e1vac\u00ed psycholog VSKAT a poskytov\u00e1n\u00ed vzd\u011bl\u00e1v\u00e1n\u00ed (ve spolupr\u00e1ci s VSK)<\/a><\/div><div><a class=\"cat-post-thumbnail cat-post-none\" href=\"https:\/\/careleaverpp.org\/cs\/vskat-education-psychologist-and-education-provision-in-partnership-with-vsk\/\" title=\"Vzd\u011bl\u00e1vac\u00ed psycholog VSKAT a poskytov\u00e1n\u00ed vzd\u011bl\u00e1v\u00e1n\u00ed (ve spolupr\u00e1ci s VSK)\"><span class=\"cat-post-crop cat-post-format cat-post-format-standard\"><img loading=\"lazy\" decoding=\"async\" width=\"200\" height=\"200\" src=\"https:\/\/careleaverpp.org\/wp-content\/uploads\/2018\/07\/Virtual-School-Kent-logo.jpg\" class=\"attachment- size- wp-post-image\" alt=\"\" data-cat-posts-width=\"200\" data-cat-posts-height=\"200\" srcset=\"https:\/\/careleaverpp.org\/wp-content\/uploads\/2018\/07\/Virtual-School-Kent-logo.jpg 750w, https:\/\/careleaverpp.org\/wp-content\/uploads\/2018\/07\/Virtual-School-Kent-logo-200x133.jpg 200w, https:\/\/careleaverpp.org\/wp-content\/uploads\/2018\/07\/Virtual-School-Kent-logo-300x200.jpg 300w\" sizes=\"auto, (max-width: 200px) 100vw, 200px\" \/><\/span><\/a><\/div><\/li><li class='cat-post-item'><div><a class=\"cat-post-title\" href=\"https:\/\/careleaverpp.org\/cs\/the-dwps-commitment-to-care-leavers\/\" rel=\"bookmark\">Z\u00e1vazek DWP k p\u00e9\u010di o absolventy<\/a><\/div><div><a class=\"cat-post-thumbnail cat-post-none\" href=\"https:\/\/careleaverpp.org\/cs\/the-dwps-commitment-to-care-leavers\/\" title=\"Z\u00e1vazek DWP k p\u00e9\u010di o absolventy\"><span class=\"cat-post-crop cat-post-format cat-post-format-standard\"><img loading=\"lazy\" decoding=\"async\" width=\"200\" height=\"200\" src=\"https:\/\/careleaverpp.org\/wp-content\/uploads\/2024\/12\/jobcentreplus.jpg\" class=\"attachment- size- wp-post-image\" alt=\"\" data-cat-posts-width=\"200\" data-cat-posts-height=\"200\" srcset=\"https:\/\/careleaverpp.org\/wp-content\/uploads\/2024\/12\/jobcentreplus.jpg 1134w, https:\/\/careleaverpp.org\/wp-content\/uploads\/2024\/12\/jobcentreplus-300x211.jpg 300w, https:\/\/careleaverpp.org\/wp-content\/uploads\/2024\/12\/jobcentreplus-1024x721.jpg 1024w, https:\/\/careleaverpp.org\/wp-content\/uploads\/2024\/12\/jobcentreplus-200x141.jpg 200w, https:\/\/careleaverpp.org\/wp-content\/uploads\/2024\/12\/jobcentreplus-768x541.jpg 768w, https:\/\/careleaverpp.org\/wp-content\/uploads\/2024\/12\/jobcentreplus-18x12.jpg 18w\" sizes=\"auto, (max-width: 200px) 100vw, 200px\" \/><\/span><\/a><\/div><\/li><li class='cat-post-item'><div><a class=\"cat-post-title\" href=\"https:\/\/careleaverpp.org\/cs\/social-enterprise-kent-seks-elevate-programme\/\" rel=\"bookmark\">Program Elevate Social Enterprise Kent (SEK).<\/a><\/div><div><a class=\"cat-post-thumbnail cat-post-none\" href=\"https:\/\/careleaverpp.org\/cs\/social-enterprise-kent-seks-elevate-programme\/\" title=\"Program Elevate Social Enterprise Kent (SEK).\"><span class=\"cat-post-crop cat-post-format cat-post-format-standard\"><img loading=\"lazy\" decoding=\"async\" width=\"200\" height=\"200\" src=\"https:\/\/careleaverpp.org\/wp-content\/uploads\/2024\/12\/Elevate-Success.jpg\" class=\"attachment- size- wp-post-image\" alt=\"\" data-cat-posts-width=\"200\" data-cat-posts-height=\"200\" srcset=\"https:\/\/careleaverpp.org\/wp-content\/uploads\/2024\/12\/Elevate-Success.jpg 800w, https:\/\/careleaverpp.org\/wp-content\/uploads\/2024\/12\/Elevate-Success-300x167.jpg 300w, https:\/\/careleaverpp.org\/wp-content\/uploads\/2024\/12\/Elevate-Success-200x111.jpg 200w, https:\/\/careleaverpp.org\/wp-content\/uploads\/2024\/12\/Elevate-Success-768x427.jpg 768w, https:\/\/careleaverpp.org\/wp-content\/uploads\/2024\/12\/Elevate-Success-18x10.jpg 18w\" sizes=\"auto, (max-width: 200px) 100vw, 200px\" \/><\/span><\/a><\/div><\/li><li class='cat-post-item'><div><a class=\"cat-post-title\" href=\"https:\/\/careleaverpp.org\/cs\/ty-lockes-lived-experience\/\" rel=\"bookmark\">Pro\u017eit\u00e1 zku\u0161enost Ty Locka<\/a><\/div><div><a class=\"cat-post-thumbnail cat-post-none\" href=\"https:\/\/careleaverpp.org\/cs\/ty-lockes-lived-experience\/\" title=\"Pro\u017eit\u00e1 zku\u0161enost Ty Locka\"><span class=\"cat-post-crop cat-post-format cat-post-format-video\"><img loading=\"lazy\" decoding=\"async\" width=\"200\" height=\"200\" src=\"https:\/\/careleaverpp.org\/wp-content\/uploads\/2024\/12\/Screenshot-2024-12-04-at-12.06.18.png\" class=\"attachment- size- wp-post-image\" alt=\"\" data-cat-posts-width=\"200\" data-cat-posts-height=\"200\" srcset=\"https:\/\/careleaverpp.org\/wp-content\/uploads\/2024\/12\/Screenshot-2024-12-04-at-12.06.18.png 2694w, https:\/\/careleaverpp.org\/wp-content\/uploads\/2024\/12\/Screenshot-2024-12-04-at-12.06.18-300x214.png 300w, https:\/\/careleaverpp.org\/wp-content\/uploads\/2024\/12\/Screenshot-2024-12-04-at-12.06.18-1024x732.png 1024w, https:\/\/careleaverpp.org\/wp-content\/uploads\/2024\/12\/Screenshot-2024-12-04-at-12.06.18-200x143.png 200w, https:\/\/careleaverpp.org\/wp-content\/uploads\/2024\/12\/Screenshot-2024-12-04-at-12.06.18-768x549.png 768w, https:\/\/careleaverpp.org\/wp-content\/uploads\/2024\/12\/Screenshot-2024-12-04-at-12.06.18-1536x1098.png 1536w, https:\/\/careleaverpp.org\/wp-content\/uploads\/2024\/12\/Screenshot-2024-12-04-at-12.06.18-2048x1464.png 2048w, https:\/\/careleaverpp.org\/wp-content\/uploads\/2024\/12\/Screenshot-2024-12-04-at-12.06.18-18x12.png 18w\" sizes=\"auto, (max-width: 200px) 100vw, 200px\" \/><\/span><\/a><\/div><\/li><\/ul>\n<\/div><div class=\"widget widget_text sidebar__widget\"><h6>P\u0159ipravovan\u00e9 akce<\/h6><ul id=\"category-posts-4-internal\" class=\"category-posts-internal\">\n<li class='cat-post-item'><div><a class=\"cat-post-title\" href=\"https:\/\/careleaverpp.org\/cs\/uca-live-online-webinars\/\" rel=\"bookmark\">UCA Live \u2013 online webin\u00e1\u0159e<\/a><\/div><div><a class=\"cat-post-thumbnail cat-post-none\" href=\"https:\/\/careleaverpp.org\/cs\/uca-live-online-webinars\/\" title=\"UCA Live \u2013 online webin\u00e1\u0159e\"><span class=\"cat-post-crop cat-post-format cat-post-format-standard\"><img loading=\"lazy\" decoding=\"async\" width=\"200\" height=\"200\" src=\"https:\/\/careleaverpp.org\/wp-content\/uploads\/2025\/01\/Screenshot-2025-01-22-at-10.21.07.png\" class=\"attachment- size- wp-post-image\" alt=\"\" data-cat-posts-width=\"200\" data-cat-posts-height=\"200\" srcset=\"https:\/\/careleaverpp.org\/wp-content\/uploads\/2025\/01\/Screenshot-2025-01-22-at-10.21.07.png 414w, https:\/\/careleaverpp.org\/wp-content\/uploads\/2025\/01\/Screenshot-2025-01-22-at-10.21.07-300x147.png 300w, https:\/\/careleaverpp.org\/wp-content\/uploads\/2025\/01\/Screenshot-2025-01-22-at-10.21.07-200x98.png 200w, https:\/\/careleaverpp.org\/wp-content\/uploads\/2025\/01\/Screenshot-2025-01-22-at-10.21.07-18x9.png 18w\" sizes=\"auto, (max-width: 200px) 100vw, 200px\" \/><\/span><\/a><\/div><\/li><li class='cat-post-item'><div><a class=\"cat-post-title\" href=\"https:\/\/careleaverpp.org\/cs\/ask-the-students-at-the-university-for-the-creative-arts\/\" rel=\"bookmark\">Zeptejte se student\u016f na Univerzit\u011b v\u00fdtvarn\u00fdch um\u011bn\u00ed<\/a><\/div><div><a class=\"cat-post-thumbnail cat-post-none\" href=\"https:\/\/careleaverpp.org\/cs\/ask-the-students-at-the-university-for-the-creative-arts\/\" title=\"Zeptejte se student\u016f na Univerzit\u011b v\u00fdtvarn\u00fdch um\u011bn\u00ed\"><span class=\"cat-post-crop cat-post-format cat-post-format-standard\"><img loading=\"lazy\" decoding=\"async\" width=\"200\" height=\"200\" src=\"https:\/\/careleaverpp.org\/wp-content\/uploads\/2025\/01\/Screenshot-2025-01-22-at-10.17.34.png\" class=\"attachment- size- wp-post-image\" alt=\"\" data-cat-posts-width=\"200\" data-cat-posts-height=\"200\" srcset=\"https:\/\/careleaverpp.org\/wp-content\/uploads\/2025\/01\/Screenshot-2025-01-22-at-10.17.34.png 543w, https:\/\/careleaverpp.org\/wp-content\/uploads\/2025\/01\/Screenshot-2025-01-22-at-10.17.34-300x166.png 300w, https:\/\/careleaverpp.org\/wp-content\/uploads\/2025\/01\/Screenshot-2025-01-22-at-10.17.34-200x110.png 200w, https:\/\/careleaverpp.org\/wp-content\/uploads\/2025\/01\/Screenshot-2025-01-22-at-10.17.34-18x10.png 18w\" sizes=\"auto, (max-width: 200px) 100vw, 200px\" \/><\/span><\/a><\/div><\/li><li class='cat-post-item'><div><a class=\"cat-post-title\" href=\"https:\/\/careleaverpp.org\/cs\/campus-tours-at-the-university-for-the-creative-arts\/\" rel=\"bookmark\">Campus Tours na Univerzit\u011b pro v\u00fdtvarn\u00e1 um\u011bn\u00ed<\/a><\/div><div><a class=\"cat-post-thumbnail cat-post-none\" href=\"https:\/\/careleaverpp.org\/cs\/campus-tours-at-the-university-for-the-creative-arts\/\" title=\"Campus Tours na Univerzit\u011b pro v\u00fdtvarn\u00e1 um\u011bn\u00ed\"><span class=\"cat-post-crop cat-post-format cat-post-format-standard\"><img loading=\"lazy\" decoding=\"async\" width=\"200\" height=\"200\" src=\"https:\/\/careleaverpp.org\/wp-content\/uploads\/2025\/01\/Screenshot-2025-01-22-at-10.14.03.png\" class=\"attachment- size- wp-post-image\" alt=\"\" data-cat-posts-width=\"200\" data-cat-posts-height=\"200\" srcset=\"https:\/\/careleaverpp.org\/wp-content\/uploads\/2025\/01\/Screenshot-2025-01-22-at-10.14.03.png 402w, https:\/\/careleaverpp.org\/wp-content\/uploads\/2025\/01\/Screenshot-2025-01-22-at-10.14.03-300x203.png 300w, https:\/\/careleaverpp.org\/wp-content\/uploads\/2025\/01\/Screenshot-2025-01-22-at-10.14.03-200x135.png 200w, https:\/\/careleaverpp.org\/wp-content\/uploads\/2025\/01\/Screenshot-2025-01-22-at-10.14.03-18x12.png 18w\" sizes=\"auto, (max-width: 200px) 100vw, 200px\" \/><\/span><\/a><\/div><\/li><li class='cat-post-item'><div><a class=\"cat-post-title\" href=\"https:\/\/careleaverpp.org\/cs\/undergraduate-open-days-at-the-university-for-the-creative-arts\/\" rel=\"bookmark\">Bakal\u00e1\u0159sk\u00e9 dny otev\u0159en\u00fdch dve\u0159\u00ed na Vysok\u00e9 \u0161kole v\u00fdtvarn\u00fdch um\u011bn\u00ed<\/a><\/div><div><a class=\"cat-post-thumbnail cat-post-none\" href=\"https:\/\/careleaverpp.org\/cs\/undergraduate-open-days-at-the-university-for-the-creative-arts\/\" title=\"Bakal\u00e1\u0159sk\u00e9 dny otev\u0159en\u00fdch dve\u0159\u00ed na Vysok\u00e9 \u0161kole v\u00fdtvarn\u00fdch um\u011bn\u00ed\"><span class=\"cat-post-crop cat-post-format cat-post-format-standard\"><img loading=\"lazy\" decoding=\"async\" width=\"200\" height=\"200\" src=\"https:\/\/careleaverpp.org\/wp-content\/uploads\/2025\/01\/Screenshot-2025-01-22-at-10.11.18.png\" class=\"attachment- size- wp-post-image\" alt=\"\" data-cat-posts-width=\"200\" data-cat-posts-height=\"200\" srcset=\"https:\/\/careleaverpp.org\/wp-content\/uploads\/2025\/01\/Screenshot-2025-01-22-at-10.11.18.png 461w, https:\/\/careleaverpp.org\/wp-content\/uploads\/2025\/01\/Screenshot-2025-01-22-at-10.11.18-300x170.png 300w, https:\/\/careleaverpp.org\/wp-content\/uploads\/2025\/01\/Screenshot-2025-01-22-at-10.11.18-200x113.png 200w, https:\/\/careleaverpp.org\/wp-content\/uploads\/2025\/01\/Screenshot-2025-01-22-at-10.11.18-18x10.png 18w\" sizes=\"auto, (max-width: 200px) 100vw, 200px\" \/><\/span><\/a><\/div><\/li><\/ul>\n<\/div><div class=\"widget widget_text sidebar__widget\"><h6>Na\u0161e tweety<\/h6><div class=\"twitter-feed\"><div class=\"tweets-feed\" data-amount=\"2\" data-widget-id=\"\" data-user-name=\"CareLeaverPP\"><\/div><\/div><\/div>\n\t\t<\/div>\n\t<\/div>\n<\/div><\/div><\/div><\/div><\/div><\/div><\/div><\/div><\/div><\/section>","protected":false},"excerpt":{"rendered":"Dny otev\u0159en\u00fdch dve\u0159\u00ed UCA v\u00e1m d\u00e1vaj\u00ed p\u0159\u00edle\u017eitost prozkoumat jejich are\u00e1ly, setkat se s jejich akademiky a ambasadory student\u016f, z\u00fa\u010dastnit se p\u0159edn\u00e1\u0161ek o kurzech a z\u00edskat odpov\u011bdi na va\u0161e ot\u00e1zky, stejn\u011b jako zjistit u\u017eite\u010dn\u00e9 informace o ubytov\u00e1n\u00ed, poplatc\u00edch a financov\u00e1n\u00ed. Jejich dal\u0161\u00ed Den otev\u0159en\u00fdch dve\u0159\u00ed je v sobotu 26. dubna 2025 a potrv\u00e1 od 9:30 do 15:00, p\u0159i\u010dem\u017e posledn\u00ed kampus [...]","protected":false},"author":2,"featured_media":0,"parent":0,"menu_order":0,"comment_status":"closed","ping_status":"closed","template":"","meta":{"_acf_changed":false,"footnotes":""},"class_list":["post-694","page","type-page","status-publish","hentry"],"acf":[],"_links":{"self":[{"href":"https:\/\/careleaverpp.org\/cs\/wp-json\/wp\/v2\/pages\/694","targetHints":{"allow":["GET"]}}],"collection":[{"href":"https:\/\/careleaverpp.org\/cs\/wp-json\/wp\/v2\/pages"}],"about":[{"href":"https:\/\/careleaverpp.org\/cs\/wp-json\/wp\/v2\/types\/page"}],"author":[{"embeddable":true,"href":"https:\/\/careleaverpp.org\/cs\/wp-json\/wp\/v2\/users\/2"}],"replies":[{"embeddable":true,"href":"https:\/\/careleaverpp.org\/cs\/wp-json\/wp\/v2\/comments?post=694"}],"version-history":[{"count":0,"href":"https:\/\/careleaverpp.org\/cs\/wp-json\/wp\/v2\/pages\/694\/revisions"}],"wp:attachment":[{"href":"https:\/\/careleaverpp.org\/cs\/wp-json\/wp\/v2\/media?parent=694"}],"curies":[{"name":"wp","href":"https:\/\/api.w.org\/{rel}","templated":true}]}}