{"id":5,"date":"2016-11-25T15:42:39","date_gmt":"2016-11-25T15:42:39","guid":{"rendered":"https:\/\/careleaverpp.org\/?page_id=5"},"modified":"2023-11-08T16:28:13","modified_gmt":"2023-11-08T16:28:13","slug":"about-us","status":"publish","type":"page","link":"https:\/\/careleaverpp.org\/cs\/about-us\/","title":{"rendered":"O n\u00e1s"},"content":{"rendered":"<section class=\"vc_row wpb_row vc_row-fluid\"><div class=\"container\"><div class=\"row\"><div class=\"wpb_column column_container col-sm-12\"><div class=\"vc_column-inner\"><div class=\"wpb_wrapper\"><h1 style=\"font-size: 4em;color: #676666;line-height: 1.015;text-align: center;font-family:Roboto;font-weight:400;font-style:normal\" class=\"vc_custom_heading\" >O n\u00e1s<\/h1><div class=\"vc_separator wpb_content_element vc_separator_align_center vc_sep_width_100 vc_sep_pos_align_center vc_separator_no_text vc_sep_color_grey\" ><span class=\"vc_sep_holder vc_sep_holder_l\"><span  class=\"vc_sep_line\"><\/span><\/span><span class=\"vc_sep_holder vc_sep_holder_r\"><span  class=\"vc_sep_line\"><\/span><\/span>\n<\/div><div class=\"vc_row wpb_row vc_inner vc_row-fluid\"><div class=\"wpb_column column_container col-sm-9\"><div class=\"vc_column-inner\"><div class=\"wpb_wrapper\">\n\t<div class=\"wpb_text_column wpb_content_element\" >\n\t\t<div class=\"wpb_wrapper\">\n\t\t\t<p><img loading=\"lazy\" decoding=\"async\" class=\"alignright wp-image-698\" src=\"https:\/\/careleaverpp.org\/wp-content\/uploads\/2016\/11\/1-53946-1024x683.jpg\" width=\"400\" height=\"267\" srcset=\"https:\/\/careleaverpp.org\/wp-content\/uploads\/2016\/11\/1-53946-1024x683.jpg 1024w, https:\/\/careleaverpp.org\/wp-content\/uploads\/2016\/11\/1-53946-300x200.jpg 300w, https:\/\/careleaverpp.org\/wp-content\/uploads\/2016\/11\/1-53946-768x512.jpg 768w, https:\/\/careleaverpp.org\/wp-content\/uploads\/2016\/11\/1-53946.jpg 1500w\" sizes=\"auto, (max-width: 400px) 100vw, 400px\" \/><\/p>\n<p>Care Leaver Progression Partnership (CLPP) existuje ve prosp\u011bch na\u0161ich \u010dlen\u016f p\u0159i poskytov\u00e1n\u00ed slu\u017eeb mlad\u00fdm lidem, se kter\u00fdmi pracujeme v Kentu a Medway. Sna\u017e\u00edme se o to, abychom l\u00e9pe porozum\u011bli a odstranili p\u0159ek\u00e1\u017eky vzd\u011bl\u00e1v\u00e1n\u00ed a \u0161kolen\u00ed po 16 letech pro m\u00edstn\u00ed d\u011bti v p\u00e9\u010di a opou\u0161t\u011bj\u00edc\u00ed p\u00e9\u010di.<\/p>\n<p>V\u0161ichni na\u0161i \u010dlenov\u00e9 pracuj\u00ed podle dohodnut\u00fdch podm\u00ednek a c\u00edl\u016f, kter\u00e9 jsou ka\u017edoro\u010dn\u011b revidov\u00e1ny, a podepisuj\u00ed smlouvu, kter\u00e1 trv\u00e1 v\u017edy t\u0159i roky. \u0158\u00edd\u00ed n\u00e1s \u0159\u00edd\u00edc\u00ed skupina slo\u017een\u00e1 ze z\u00e1stupc\u016f ka\u017ed\u00e9 \u010dlensk\u00e9 instituce.<\/p>\n<p>Ka\u017ed\u00fd rok zad\u00e1v\u00e1me datovou zpr\u00e1vu, kter\u00e1 se zab\u00fdv\u00e1 profilem a vzd\u011bl\u00e1vac\u00edmi v\u00fdsledky na\u0161\u00ed m\u00edstn\u00ed populace opou\u0161t\u011bj\u00edc\u00ed p\u00e9\u010di a prov\u00e1d\u00ed srovn\u00e1n\u00ed s n\u00e1rodn\u00edmi datov\u00fdmi soubory. Tuto zpr\u00e1vu pou\u017e\u00edv\u00e1me k informov\u00e1n\u00ed o na\u0161\u00ed spole\u010dn\u00e9 pr\u00e1ci.<\/p>\n<p>V\u017edy r\u00e1di prodiskutujeme p\u0159\u00edle\u017eitosti pro spolupr\u00e1ci s ostatn\u00edmi p\u0159i prosazov\u00e1n\u00ed na\u0161ich c\u00edl\u016f, nap\u0159\u00edklad:<\/p>\n<ul>\n<li>Zastoupen\u00ed v dal\u0161\u00edch relevantn\u00edch skupin\u00e1ch<\/li>\n<li>Prezentace na\u0161\u00ed pr\u00e1ce na akc\u00edch<\/li>\n<li>Spole\u010dn\u00e9 nab\u00eddky na financov\u00e1n\u00ed<\/li>\n<li>Lobbov\u00e1n\u00ed<\/li>\n<li>\u00da\u010dast na v\u00fdzkumu<\/li>\n<li>Sd\u00edlen\u00ed a \u0161\u00ed\u0159en\u00ed informac\u00ed prost\u0159ednictv\u00edm na\u0161ich s\u00edt\u00ed a kan\u00e1l\u016f soci\u00e1ln\u00edch m\u00e9di\u00ed<\/li>\n<li>Konference a akce<\/li>\n<\/ul>\n<p>CLPP koordinuje n\u00e1\u0161 \u0159editel pro partnerstv\u00ed, Luke Daniels, a p\u0159edsed\u00e1 Lucy McLeod, vedouc\u00ed Canterbury College. Pokud m\u00e1te n\u00e1pad na spolupr\u00e1ci s n\u00e1mi, nebo byste se cht\u011bli s n\u00e1mi spojit, <a href=\"https:\/\/careleaverpp.org\/cs\/contact\/\">kontaktujte n\u00e1s<\/a> dnes.<\/p>\n\n\t\t<\/div>\n\t<\/div>\n<\/div><\/div><\/div><div class=\"wpb_column column_container col-sm-3\"><div class=\"vc_column-inner\"><div class=\"wpb_wrapper\"><div  class=\"wpb_widgetised_column wpb_content_element\">\n\t\t<div class=\"wpb_wrapper\">\n\t\t\t\n\t\t\t<div class=\"widget widget_text sidebar__widget\"><h6>Posledn\u00ed zpr\u00e1vy<\/h6><ul id=\"category-posts-5-internal\" class=\"category-posts-internal\">\n<li class='cat-post-item'><div><a class=\"cat-post-title\" href=\"https:\/\/careleaverpp.org\/cs\/vskat-education-psychologist-and-education-provision-in-partnership-with-vsk\/\" rel=\"bookmark\">Vzd\u011bl\u00e1vac\u00ed psycholog VSKAT a poskytov\u00e1n\u00ed vzd\u011bl\u00e1v\u00e1n\u00ed (ve spolupr\u00e1ci s VSK)<\/a><\/div><div><a class=\"cat-post-thumbnail cat-post-none\" href=\"https:\/\/careleaverpp.org\/cs\/vskat-education-psychologist-and-education-provision-in-partnership-with-vsk\/\" title=\"Vzd\u011bl\u00e1vac\u00ed psycholog VSKAT a poskytov\u00e1n\u00ed vzd\u011bl\u00e1v\u00e1n\u00ed (ve spolupr\u00e1ci s VSK)\"><span class=\"cat-post-crop cat-post-format cat-post-format-standard\"><img loading=\"lazy\" decoding=\"async\" width=\"200\" height=\"200\" src=\"https:\/\/careleaverpp.org\/wp-content\/uploads\/2018\/07\/Virtual-School-Kent-logo.jpg\" class=\"attachment- size- wp-post-image\" alt=\"\" data-cat-posts-width=\"200\" data-cat-posts-height=\"200\" srcset=\"https:\/\/careleaverpp.org\/wp-content\/uploads\/2018\/07\/Virtual-School-Kent-logo.jpg 750w, https:\/\/careleaverpp.org\/wp-content\/uploads\/2018\/07\/Virtual-School-Kent-logo-200x133.jpg 200w, https:\/\/careleaverpp.org\/wp-content\/uploads\/2018\/07\/Virtual-School-Kent-logo-300x200.jpg 300w\" sizes=\"auto, (max-width: 200px) 100vw, 200px\" \/><\/span><\/a><\/div><\/li><li class='cat-post-item'><div><a class=\"cat-post-title\" href=\"https:\/\/careleaverpp.org\/cs\/the-dwps-commitment-to-care-leavers\/\" rel=\"bookmark\">Z\u00e1vazek DWP k p\u00e9\u010di o absolventy<\/a><\/div><div><a class=\"cat-post-thumbnail cat-post-none\" href=\"https:\/\/careleaverpp.org\/cs\/the-dwps-commitment-to-care-leavers\/\" title=\"Z\u00e1vazek DWP k p\u00e9\u010di o absolventy\"><span class=\"cat-post-crop cat-post-format cat-post-format-standard\"><img loading=\"lazy\" decoding=\"async\" width=\"200\" height=\"200\" src=\"https:\/\/careleaverpp.org\/wp-content\/uploads\/2024\/12\/jobcentreplus.jpg\" class=\"attachment- size- wp-post-image\" alt=\"\" data-cat-posts-width=\"200\" data-cat-posts-height=\"200\" srcset=\"https:\/\/careleaverpp.org\/wp-content\/uploads\/2024\/12\/jobcentreplus.jpg 1134w, https:\/\/careleaverpp.org\/wp-content\/uploads\/2024\/12\/jobcentreplus-300x211.jpg 300w, https:\/\/careleaverpp.org\/wp-content\/uploads\/2024\/12\/jobcentreplus-1024x721.jpg 1024w, https:\/\/careleaverpp.org\/wp-content\/uploads\/2024\/12\/jobcentreplus-200x141.jpg 200w, https:\/\/careleaverpp.org\/wp-content\/uploads\/2024\/12\/jobcentreplus-768x541.jpg 768w, https:\/\/careleaverpp.org\/wp-content\/uploads\/2024\/12\/jobcentreplus-18x12.jpg 18w\" sizes=\"auto, (max-width: 200px) 100vw, 200px\" \/><\/span><\/a><\/div><\/li><li class='cat-post-item'><div><a class=\"cat-post-title\" href=\"https:\/\/careleaverpp.org\/cs\/social-enterprise-kent-seks-elevate-programme\/\" rel=\"bookmark\">Program Elevate Social Enterprise Kent (SEK).<\/a><\/div><div><a class=\"cat-post-thumbnail cat-post-none\" href=\"https:\/\/careleaverpp.org\/cs\/social-enterprise-kent-seks-elevate-programme\/\" title=\"Program Elevate Social Enterprise Kent (SEK).\"><span class=\"cat-post-crop cat-post-format cat-post-format-standard\"><img loading=\"lazy\" decoding=\"async\" width=\"200\" height=\"200\" src=\"https:\/\/careleaverpp.org\/wp-content\/uploads\/2024\/12\/Elevate-Success.jpg\" class=\"attachment- size- wp-post-image\" alt=\"\" data-cat-posts-width=\"200\" data-cat-posts-height=\"200\" srcset=\"https:\/\/careleaverpp.org\/wp-content\/uploads\/2024\/12\/Elevate-Success.jpg 800w, https:\/\/careleaverpp.org\/wp-content\/uploads\/2024\/12\/Elevate-Success-300x167.jpg 300w, https:\/\/careleaverpp.org\/wp-content\/uploads\/2024\/12\/Elevate-Success-200x111.jpg 200w, https:\/\/careleaverpp.org\/wp-content\/uploads\/2024\/12\/Elevate-Success-768x427.jpg 768w, https:\/\/careleaverpp.org\/wp-content\/uploads\/2024\/12\/Elevate-Success-18x10.jpg 18w\" sizes=\"auto, (max-width: 200px) 100vw, 200px\" \/><\/span><\/a><\/div><\/li><li class='cat-post-item'><div><a class=\"cat-post-title\" href=\"https:\/\/careleaverpp.org\/cs\/ty-lockes-lived-experience\/\" rel=\"bookmark\">Pro\u017eit\u00e1 zku\u0161enost Ty Locka<\/a><\/div><div><a class=\"cat-post-thumbnail cat-post-none\" href=\"https:\/\/careleaverpp.org\/cs\/ty-lockes-lived-experience\/\" title=\"Pro\u017eit\u00e1 zku\u0161enost Ty Locka\"><span class=\"cat-post-crop cat-post-format cat-post-format-video\"><img loading=\"lazy\" decoding=\"async\" width=\"200\" height=\"200\" src=\"https:\/\/careleaverpp.org\/wp-content\/uploads\/2024\/12\/Screenshot-2024-12-04-at-12.06.18.png\" class=\"attachment- size- wp-post-image\" alt=\"\" data-cat-posts-width=\"200\" data-cat-posts-height=\"200\" srcset=\"https:\/\/careleaverpp.org\/wp-content\/uploads\/2024\/12\/Screenshot-2024-12-04-at-12.06.18.png 2694w, https:\/\/careleaverpp.org\/wp-content\/uploads\/2024\/12\/Screenshot-2024-12-04-at-12.06.18-300x214.png 300w, https:\/\/careleaverpp.org\/wp-content\/uploads\/2024\/12\/Screenshot-2024-12-04-at-12.06.18-1024x732.png 1024w, https:\/\/careleaverpp.org\/wp-content\/uploads\/2024\/12\/Screenshot-2024-12-04-at-12.06.18-200x143.png 200w, https:\/\/careleaverpp.org\/wp-content\/uploads\/2024\/12\/Screenshot-2024-12-04-at-12.06.18-768x549.png 768w, https:\/\/careleaverpp.org\/wp-content\/uploads\/2024\/12\/Screenshot-2024-12-04-at-12.06.18-1536x1098.png 1536w, https:\/\/careleaverpp.org\/wp-content\/uploads\/2024\/12\/Screenshot-2024-12-04-at-12.06.18-2048x1464.png 2048w, https:\/\/careleaverpp.org\/wp-content\/uploads\/2024\/12\/Screenshot-2024-12-04-at-12.06.18-18x12.png 18w\" sizes=\"auto, (max-width: 200px) 100vw, 200px\" \/><\/span><\/a><\/div><\/li><\/ul>\n<\/div><div class=\"widget widget_text sidebar__widget\"><h6>P\u0159ipravovan\u00e9 akce<\/h6><ul id=\"category-posts-4-internal\" class=\"category-posts-internal\">\n<li class='cat-post-item'><div><a class=\"cat-post-title\" href=\"https:\/\/careleaverpp.org\/cs\/uca-live-online-webinars\/\" rel=\"bookmark\">UCA Live \u2013 online webin\u00e1\u0159e<\/a><\/div><div><a class=\"cat-post-thumbnail cat-post-none\" href=\"https:\/\/careleaverpp.org\/cs\/uca-live-online-webinars\/\" title=\"UCA Live \u2013 online webin\u00e1\u0159e\"><span class=\"cat-post-crop cat-post-format cat-post-format-standard\"><img loading=\"lazy\" decoding=\"async\" width=\"200\" height=\"200\" src=\"https:\/\/careleaverpp.org\/wp-content\/uploads\/2025\/01\/Screenshot-2025-01-22-at-10.21.07.png\" class=\"attachment- size- wp-post-image\" alt=\"\" data-cat-posts-width=\"200\" data-cat-posts-height=\"200\" srcset=\"https:\/\/careleaverpp.org\/wp-content\/uploads\/2025\/01\/Screenshot-2025-01-22-at-10.21.07.png 414w, https:\/\/careleaverpp.org\/wp-content\/uploads\/2025\/01\/Screenshot-2025-01-22-at-10.21.07-300x147.png 300w, https:\/\/careleaverpp.org\/wp-content\/uploads\/2025\/01\/Screenshot-2025-01-22-at-10.21.07-200x98.png 200w, https:\/\/careleaverpp.org\/wp-content\/uploads\/2025\/01\/Screenshot-2025-01-22-at-10.21.07-18x9.png 18w\" sizes=\"auto, (max-width: 200px) 100vw, 200px\" \/><\/span><\/a><\/div><\/li><li class='cat-post-item'><div><a class=\"cat-post-title\" href=\"https:\/\/careleaverpp.org\/cs\/ask-the-students-at-the-university-for-the-creative-arts\/\" rel=\"bookmark\">Zeptejte se student\u016f na Univerzit\u011b v\u00fdtvarn\u00fdch um\u011bn\u00ed<\/a><\/div><div><a class=\"cat-post-thumbnail cat-post-none\" href=\"https:\/\/careleaverpp.org\/cs\/ask-the-students-at-the-university-for-the-creative-arts\/\" title=\"Zeptejte se student\u016f na Univerzit\u011b v\u00fdtvarn\u00fdch um\u011bn\u00ed\"><span class=\"cat-post-crop cat-post-format cat-post-format-standard\"><img loading=\"lazy\" decoding=\"async\" width=\"200\" height=\"200\" src=\"https:\/\/careleaverpp.org\/wp-content\/uploads\/2025\/01\/Screenshot-2025-01-22-at-10.17.34.png\" class=\"attachment- size- wp-post-image\" alt=\"\" data-cat-posts-width=\"200\" data-cat-posts-height=\"200\" srcset=\"https:\/\/careleaverpp.org\/wp-content\/uploads\/2025\/01\/Screenshot-2025-01-22-at-10.17.34.png 543w, https:\/\/careleaverpp.org\/wp-content\/uploads\/2025\/01\/Screenshot-2025-01-22-at-10.17.34-300x166.png 300w, https:\/\/careleaverpp.org\/wp-content\/uploads\/2025\/01\/Screenshot-2025-01-22-at-10.17.34-200x110.png 200w, https:\/\/careleaverpp.org\/wp-content\/uploads\/2025\/01\/Screenshot-2025-01-22-at-10.17.34-18x10.png 18w\" sizes=\"auto, (max-width: 200px) 100vw, 200px\" \/><\/span><\/a><\/div><\/li><li class='cat-post-item'><div><a class=\"cat-post-title\" href=\"https:\/\/careleaverpp.org\/cs\/campus-tours-at-the-university-for-the-creative-arts\/\" rel=\"bookmark\">Campus Tours na Univerzit\u011b pro v\u00fdtvarn\u00e1 um\u011bn\u00ed<\/a><\/div><div><a class=\"cat-post-thumbnail cat-post-none\" href=\"https:\/\/careleaverpp.org\/cs\/campus-tours-at-the-university-for-the-creative-arts\/\" title=\"Campus Tours na Univerzit\u011b pro v\u00fdtvarn\u00e1 um\u011bn\u00ed\"><span class=\"cat-post-crop cat-post-format cat-post-format-standard\"><img loading=\"lazy\" decoding=\"async\" width=\"200\" height=\"200\" src=\"https:\/\/careleaverpp.org\/wp-content\/uploads\/2025\/01\/Screenshot-2025-01-22-at-10.14.03.png\" class=\"attachment- size- wp-post-image\" alt=\"\" data-cat-posts-width=\"200\" data-cat-posts-height=\"200\" srcset=\"https:\/\/careleaverpp.org\/wp-content\/uploads\/2025\/01\/Screenshot-2025-01-22-at-10.14.03.png 402w, https:\/\/careleaverpp.org\/wp-content\/uploads\/2025\/01\/Screenshot-2025-01-22-at-10.14.03-300x203.png 300w, https:\/\/careleaverpp.org\/wp-content\/uploads\/2025\/01\/Screenshot-2025-01-22-at-10.14.03-200x135.png 200w, https:\/\/careleaverpp.org\/wp-content\/uploads\/2025\/01\/Screenshot-2025-01-22-at-10.14.03-18x12.png 18w\" sizes=\"auto, (max-width: 200px) 100vw, 200px\" \/><\/span><\/a><\/div><\/li><li class='cat-post-item'><div><a class=\"cat-post-title\" href=\"https:\/\/careleaverpp.org\/cs\/undergraduate-open-days-at-the-university-for-the-creative-arts\/\" rel=\"bookmark\">Bakal\u00e1\u0159sk\u00e9 dny otev\u0159en\u00fdch dve\u0159\u00ed na Vysok\u00e9 \u0161kole v\u00fdtvarn\u00fdch um\u011bn\u00ed<\/a><\/div><div><a class=\"cat-post-thumbnail cat-post-none\" href=\"https:\/\/careleaverpp.org\/cs\/undergraduate-open-days-at-the-university-for-the-creative-arts\/\" title=\"Bakal\u00e1\u0159sk\u00e9 dny otev\u0159en\u00fdch dve\u0159\u00ed na Vysok\u00e9 \u0161kole v\u00fdtvarn\u00fdch um\u011bn\u00ed\"><span class=\"cat-post-crop cat-post-format cat-post-format-standard\"><img loading=\"lazy\" decoding=\"async\" width=\"200\" height=\"200\" src=\"https:\/\/careleaverpp.org\/wp-content\/uploads\/2025\/01\/Screenshot-2025-01-22-at-10.11.18.png\" class=\"attachment- size- wp-post-image\" alt=\"\" data-cat-posts-width=\"200\" data-cat-posts-height=\"200\" srcset=\"https:\/\/careleaverpp.org\/wp-content\/uploads\/2025\/01\/Screenshot-2025-01-22-at-10.11.18.png 461w, https:\/\/careleaverpp.org\/wp-content\/uploads\/2025\/01\/Screenshot-2025-01-22-at-10.11.18-300x170.png 300w, https:\/\/careleaverpp.org\/wp-content\/uploads\/2025\/01\/Screenshot-2025-01-22-at-10.11.18-200x113.png 200w, https:\/\/careleaverpp.org\/wp-content\/uploads\/2025\/01\/Screenshot-2025-01-22-at-10.11.18-18x10.png 18w\" sizes=\"auto, (max-width: 200px) 100vw, 200px\" \/><\/span><\/a><\/div><\/li><\/ul>\n<\/div><div class=\"widget widget_text sidebar__widget\"><h6>Na\u0161e tweety<\/h6><div class=\"twitter-feed\"><div class=\"tweets-feed\" data-amount=\"2\" data-widget-id=\"\" data-user-name=\"CareLeaverPP\"><\/div><\/div><\/div>\n\t\t<\/div>\n\t<\/div>\n<\/div><\/div><\/div><\/div><div class=\"vc_row wpb_row vc_inner vc_row-fluid\"><div class=\"wpb_column column_container col-sm-4\"><div class=\"vc_column-inner\"><div class=\"wpb_wrapper\">\n\t\t\t<div class=\"feature feature-1 standard\">\n\t\t\t\t<i class=\"icon--pillar icon-Download\"><\/i>\n\t\t\t\t<h5>P\u0159e\u010dt\u011bte si v\u00edce o n\u00e1s<\/h5>\n\t\t\t\t<p>N\u00ed\u017ee si st\u00e1hn\u011bte p\u0159ehled CLPP, na\u0161e referen\u010dn\u00ed podm\u00ednky nebo n\u00e1\u0161 pl\u00e1n 2017-19:<\/p>\n<ul>\n<li><a href=\"https:\/\/careleaverpp.org\/wp-content\/uploads\/2019\/01\/CLPP-Overview.pdf\" target=\"_blank\" rel=\"noopener noreferrer\">P\u0159ehled CLPP<\/a><a href=\"https:\/\/careleaverpp.org\/wp-content\/uploads\/2016\/11\/CLPP-Outcome-Measures-2016-17.pdf\" target=\"_blank\" rel=\"noopener noreferrer\">\u00a0<\/a><\/li>\n<li><a href=\"https:\/\/careleaverpp.org\/wp-content\/uploads\/2019\/01\/CLPP-ToR-2018-19.doc\" target=\"_blank\" rel=\"noopener noreferrer\">CLPP ToR 2018-19<\/a><\/li>\n<li><a href=\"https:\/\/careleaverpp.org\/wp-content\/uploads\/2019\/01\/Plan-and-Objectives-2017-19.pdf\" target=\"_blank\" rel=\"noopener noreferrer\">Pl\u00e1n a c\u00edle 2017-19<\/a><\/li>\n<\/ul>\n<p>\n\n\t\t\t<\/div>\n\t\t<\/div><\/div><\/div><div class=\"wpb_column column_container col-sm-4\"><div class=\"vc_column-inner\"><div class=\"wpb_wrapper\">\n\t\t\t<div class=\"feature feature-1 standard\">\n\t\t\t\t<i class=\"icon--pillar icon-Address-Book\"><\/i>\n\t\t\t\t<h5>Na\u0161i partne\u0159i<\/h5>\n\t\t\t\t<p>Na\u0161i partne\u0159i jsou nezbytn\u00ed p\u0159i postupu opou\u0161t\u011bj\u00edc\u00edch pe\u010dovatelsk\u00e9 slu\u017eby. Zjist\u011bte, kdo jsou na\u0161i partne\u0159i, co d\u011blaj\u00ed a jak je kontaktovat;<\/p>\n<p><a href=\"https:\/\/careleaverpp.org\/cs\/partners\/\">Pod\u00edvejte se na na\u0161e partnery<\/a><\/p>\n\n\t\t\t<\/div>\n\t\t<\/div><\/div><\/div><div class=\"wpb_column column_container col-sm-4\"><div class=\"vc_column-inner\"><div class=\"wpb_wrapper\">\n\t\t\t<div class=\"feature feature-1 standard\">\n\t\t\t\t<i class=\"icon--pillar icon-Aerobics\"><\/i>\n\t\t\t\t<h5>Jste absolventem p\u00e9\u010de?<\/h5>\n\t\t\t\t<p>Pokud brzy odch\u00e1z\u00edte z p\u00e9\u010de a chcete se dozv\u011bd\u011bt v\u00edce informac\u00ed, nav\u0161tivte na\u0161i sekci Pe\u010dovatelsk\u00e9 slu\u017eby:<\/p>\n<p><a href=\"https:\/\/careleaverpp.org\/cs\/information-for-care-leavers\/\">Informace pro absolventy p\u00e9\u010de<\/a><\/p>\n\n\t\t\t<\/div>\n\t\t<\/div><\/div><\/div><\/div><\/div><\/div><\/div><\/div><\/div><\/section>","protected":false},"excerpt":{"rendered":"Dny otev\u0159en\u00fdch dve\u0159\u00ed UCA v\u00e1m d\u00e1vaj\u00ed p\u0159\u00edle\u017eitost prozkoumat jejich are\u00e1ly, setkat se s jejich akademiky a ambasadory student\u016f, z\u00fa\u010dastnit se p\u0159edn\u00e1\u0161ek o kurzech a z\u00edskat odpov\u011bdi na va\u0161e ot\u00e1zky, stejn\u011b jako zjistit u\u017eite\u010dn\u00e9 informace o ubytov\u00e1n\u00ed, poplatc\u00edch a financov\u00e1n\u00ed. Jejich dal\u0161\u00ed Den otev\u0159en\u00fdch dve\u0159\u00ed je v sobotu 26. dubna 2025 a potrv\u00e1 od 9:30 do 15:00, p\u0159i\u010dem\u017e posledn\u00ed kampus [...]","protected":false},"author":2,"featured_media":0,"parent":0,"menu_order":1,"comment_status":"closed","ping_status":"closed","template":"","meta":{"_acf_changed":false,"footnotes":""},"class_list":["post-5","page","type-page","status-publish","hentry"],"acf":[],"_links":{"self":[{"href":"https:\/\/careleaverpp.org\/cs\/wp-json\/wp\/v2\/pages\/5","targetHints":{"allow":["GET"]}}],"collection":[{"href":"https:\/\/careleaverpp.org\/cs\/wp-json\/wp\/v2\/pages"}],"about":[{"href":"https:\/\/careleaverpp.org\/cs\/wp-json\/wp\/v2\/types\/page"}],"author":[{"embeddable":true,"href":"https:\/\/careleaverpp.org\/cs\/wp-json\/wp\/v2\/users\/2"}],"replies":[{"embeddable":true,"href":"https:\/\/careleaverpp.org\/cs\/wp-json\/wp\/v2\/comments?post=5"}],"version-history":[{"count":2,"href":"https:\/\/careleaverpp.org\/cs\/wp-json\/wp\/v2\/pages\/5\/revisions"}],"predecessor-version":[{"id":2448,"href":"https:\/\/careleaverpp.org\/cs\/wp-json\/wp\/v2\/pages\/5\/revisions\/2448"}],"wp:attachment":[{"href":"https:\/\/careleaverpp.org\/cs\/wp-json\/wp\/v2\/media?parent=5"}],"curies":[{"name":"wp","href":"https:\/\/api.w.org\/{rel}","templated":true}]}}